{"id":10451,"date":"2021-07-18T16:44:03","date_gmt":"2021-07-18T13:44:03","guid":{"rendered":"https:\/\/mysnack.ee\/?post_type=product&#038;p=10451"},"modified":"2025-10-09T12:58:10","modified_gmt":"2025-10-09T09:58:10","slug":"soft-dried-guava","status":"publish","type":"product","link":"https:\/\/mysnack.ee\/en\/product\/pehme-kuivatatud-guajaav\/","title":{"rendered":"Soft dried guava (guava) 80g"},"content":{"rendered":"<div style=\"width: 1920px;\" class=\"wp-video\"><video class=\"wp-video-shortcode\" id=\"video-10451-1\" width=\"1920\" height=\"1080\" preload=\"metadata\" controls=\"controls\"><source type=\"video\/mp4\" src=\"https:\/\/mysnack.ee\/wp-content\/uploads\/2024\/06\/Guava.mp4?_=1\" \/><a href=\"https:\/\/mysnack.ee\/wp-content\/uploads\/2024\/06\/Guava.mp4\">https:\/\/mysnack.ee\/wp-content\/uploads\/2024\/06\/Guava.mp4<\/a><\/video><\/div>\n<p>&nbsp;<\/p>\n<p><strong>Quantity:<\/strong> 80g<\/p>\n<p><strong>100 g of product contains on average:<\/strong><\/p>\n<table>\n<tbody>\n<tr>\n<td>Energy content<\/td>\n<td>332 kcal \/ 1390 kJ<\/td>\n<\/tr>\n<tr>\n<td>Fats<\/td>\n<td>0.2g<\/td>\n<\/tr>\n<tr>\n<td>\u00a0 \u00a0 of which saturated fatty acids<\/td>\n<td>0.15g<\/td>\n<\/tr>\n<tr>\n<td>Carbohydrates<\/td>\n<td>80.9g<\/td>\n<\/tr>\n<tr>\n<td>\u00a0 \u00a0 of which sugars<\/td>\n<td>56.3g<\/td>\n<\/tr>\n<tr>\n<td>Fiber<\/td>\n<td>11.7g<\/td>\n<\/tr>\n<tr>\n<td>Proteins<\/td>\n<td>1.5g<\/td>\n<\/tr>\n<tr>\n<td>Salt<\/td>\n<td>0.2g<\/td>\n<\/tr>\n<\/tbody>\n<\/table>\n<div id=\"accel-snackbar\" style=\"left: 50%; top: 50px;\"><\/div>","protected":false},"excerpt":{"rendered":"<p>Fresh guavas have a pleasantly tart taste and are very aromatic. Their importance among fruits increased significantly after it was discovered that the fruit contains a lot of vitamins C and A. In addition to vitamin C, it also contains a significant amount of fiber.<\/p>\n<ul>\n<li style=\"list-style-type: none;\">\n<ul>\n<li>High in vitamin C (100g contains 30% of the daily vitamin C requirement, 2% of the daily calcium requirement and 3% of the daily potassium requirement)<\/li>\n<li>High fiber content<\/li>\n<li>Gluten-free<\/li>\n<li>We add a minimum amount of cane sugar<\/li>\n<li>Naturally sweet, containing naturally occurring fruit sugar<\/li>\n<li>Our fruit may naturally darken over time in the packaging. This is due to the very minimal amount of sulfites, which we add only the necessary amount (0.01%) compared to the sulfites normally added, in order to keep the fruit fresh and prevent mold.<\/li>\n<li>533g of fresh and ripe guava is used to make 80g of dried product<\/li>\n<li>Suitable for vegans<\/li>\n<\/ul>\n<\/li>\n<\/ul>\n<p><strong>Ingredients:<\/strong> guava 95%, cane sugar, acidity regulator: citric acid, preservative: sodium disulfite.<\/p>\n<p>Keep cool and dry.<\/p>\n<div id=\"accel-snackbar\" style=\"left: 50%; top: 50px;\"><\/div>","protected":false},"featured_media":27039,"template":"","meta":{"inline_featured_image":false},"product_brand":[],"product_cat":[428,171],"product_tag":[],"class_list":{"0":"post-10451","1":"product","2":"type-product","3":"status-publish","4":"has-post-thumbnail","6":"product_cat-pehmed-kuivatatud-puuviljad","7":"product_cat-magusad-snakid","8":"pa_kogus-kast","9":"pa_kogus-tukk","10":"pa_sisaldab-gluteenivaba","11":"pa_sisaldab-laktoosivaba","12":"pa_sisaldab-mysnacki-farmist","13":"pa_sisaldab-vegan","15":"first","16":"instock","17":"taxable","18":"shipping-taxable","19":"purchasable","20":"product-type-variable","21":"has-default-attributes"},"yoast_head":"<!-- This site is optimized with the Yoast SEO plugin v27.1.1 - https:\/\/yoast.com\/product\/yoast-seo-wordpress\/ -->\n<title>Pehme kuivatatud guajaav (guava) | Patuvabad sn\u00e4kid<\/title>\n<meta name=\"description\" content=\"V\u00e4rskete guajaavide maitse on meeldivalt hapukas ja v\u00e4ga aromaatne. Viljad sisaldavad rohkesti C- ja A-vitamiini ning ka kiudaineid. Vaata l\u00e4hemalt!\" \/>\n<meta name=\"robots\" content=\"index, follow, max-snippet:-1, max-image-preview:large, max-video-preview:-1\" \/>\n<link rel=\"canonical\" href=\"https:\/\/mysnack.ee\/en\/product\/soft-dried-guava\/\" \/>\n<meta property=\"og:locale\" content=\"en_US\" \/>\n<meta property=\"og:type\" content=\"article\" \/>\n<meta property=\"og:title\" content=\"Pehme kuivatatud guajaav (guava) | Patuvabad sn\u00e4kid\" \/>\n<meta property=\"og:description\" content=\"V\u00e4rskete guajaavide maitse on meeldivalt hapukas ja v\u00e4ga aromaatne. Viljad sisaldavad rohkesti C- ja A-vitamiini ning ka kiudaineid. Vaata l\u00e4hemalt!\" \/>\n<meta property=\"og:url\" content=\"https:\/\/mysnack.ee\/en\/product\/soft-dried-guava\/\" \/>\n<meta property=\"og:site_name\" content=\"MySnack\" \/>\n<meta property=\"article:publisher\" content=\"https:\/\/www.facebook.com\/MySnack.ee\/\" \/>\n<meta property=\"article:modified_time\" content=\"2025-10-09T09:58:10+00:00\" \/>\n<meta property=\"og:image\" content=\"https:\/\/mysnack.ee\/wp-content\/uploads\/2023\/11\/Mocuk-up_Guava_front_v2.png\" \/>\n\t<meta property=\"og:image:width\" content=\"1432\" \/>\n\t<meta property=\"og:image:height\" content=\"1432\" \/>\n\t<meta property=\"og:image:type\" content=\"image\/png\" \/>\n<meta name=\"twitter:card\" content=\"summary_large_image\" \/>\n<meta name=\"twitter:label1\" content=\"Est. reading time\" \/>\n\t<meta name=\"twitter:data1\" content=\"1 minute\" \/>\n<script type=\"application\/ld+json\" class=\"yoast-schema-graph\">{\"@context\":\"https:\/\/schema.org\",\"@graph\":[{\"@type\":\"WebPage\",\"@id\":\"https:\/\/mysnack.ee\/toode\/pehme-kuivatatud-guajaav\/\",\"url\":\"https:\/\/mysnack.ee\/toode\/pehme-kuivatatud-guajaav\/\",\"name\":\"Pehme kuivatatud guajaav (guava) | Patuvabad sn\u00e4kid\",\"isPartOf\":{\"@id\":\"https:\/\/mysnack.shop\/#website\"},\"primaryImageOfPage\":{\"@id\":\"https:\/\/mysnack.ee\/toode\/pehme-kuivatatud-guajaav\/#primaryimage\"},\"image\":{\"@id\":\"https:\/\/mysnack.ee\/toode\/pehme-kuivatatud-guajaav\/#primaryimage\"},\"thumbnailUrl\":\"https:\/\/mysnack.ee\/wp-content\/uploads\/2023\/11\/Mocuk-up_Guava_front_v2.png\",\"datePublished\":\"2021-07-18T13:44:03+00:00\",\"dateModified\":\"2025-10-09T09:58:10+00:00\",\"description\":\"V\u00e4rskete guajaavide maitse on meeldivalt hapukas ja v\u00e4ga aromaatne. Viljad sisaldavad rohkesti C- ja A-vitamiini ning ka kiudaineid. Vaata l\u00e4hemalt!\",\"breadcrumb\":{\"@id\":\"https:\/\/mysnack.ee\/toode\/pehme-kuivatatud-guajaav\/#breadcrumb\"},\"inLanguage\":\"en-US\",\"potentialAction\":[{\"@type\":\"ReadAction\",\"target\":[\"https:\/\/mysnack.ee\/toode\/pehme-kuivatatud-guajaav\/\"]}]},{\"@type\":\"ImageObject\",\"inLanguage\":\"en-US\",\"@id\":\"https:\/\/mysnack.ee\/toode\/pehme-kuivatatud-guajaav\/#primaryimage\",\"url\":\"https:\/\/mysnack.ee\/wp-content\/uploads\/2023\/11\/Mocuk-up_Guava_front_v2.png\",\"contentUrl\":\"https:\/\/mysnack.ee\/wp-content\/uploads\/2023\/11\/Mocuk-up_Guava_front_v2.png\",\"width\":1432,\"height\":1432,\"caption\":\"Guava snack pack front\"},{\"@type\":\"BreadcrumbList\",\"@id\":\"https:\/\/mysnack.ee\/toode\/pehme-kuivatatud-guajaav\/#breadcrumb\",\"itemListElement\":[{\"@type\":\"ListItem\",\"position\":1,\"name\":\"Esileht\",\"item\":\"https:\/\/mysnack.ee\/\"},{\"@type\":\"ListItem\",\"position\":2,\"name\":\"Pood\",\"item\":\"https:\/\/mysnack.ee\/pood\/\"},{\"@type\":\"ListItem\",\"position\":3,\"name\":\"Pehme kuivatatud guajaav (guava) 80g\"}]},{\"@type\":\"WebSite\",\"@id\":\"https:\/\/mysnack.shop\/#website\",\"url\":\"https:\/\/mysnack.shop\/\",\"name\":\"MySnack\",\"description\":\"MySnack E-Pood\",\"publisher\":{\"@id\":\"https:\/\/mysnack.shop\/#organization\"},\"potentialAction\":[{\"@type\":\"SearchAction\",\"target\":{\"@type\":\"EntryPoint\",\"urlTemplate\":\"https:\/\/mysnack.shop\/?s={search_term_string}\"},\"query-input\":{\"@type\":\"PropertyValueSpecification\",\"valueRequired\":true,\"valueName\":\"search_term_string\"}}],\"inLanguage\":\"en-US\"},{\"@type\":\"Organization\",\"@id\":\"https:\/\/mysnack.shop\/#organization\",\"name\":\"MySnack\",\"url\":\"https:\/\/mysnack.shop\/\",\"logo\":{\"@type\":\"ImageObject\",\"inLanguage\":\"en-US\",\"@id\":\"https:\/\/mysnack.shop\/#\/schema\/logo\/image\/\",\"url\":\"https:\/\/mysnack.shop\/wp-content\/uploads\/2023\/09\/MySnack_logo.png\",\"contentUrl\":\"https:\/\/mysnack.shop\/wp-content\/uploads\/2023\/09\/MySnack_logo.png\",\"width\":400,\"height\":148,\"caption\":\"MySnack\"},\"image\":{\"@id\":\"https:\/\/mysnack.shop\/#\/schema\/logo\/image\/\"},\"sameAs\":[\"https:\/\/www.facebook.com\/MySnack.ee\/\",\"https:\/\/www.instagram.com\/mysnack_eesti\/\"]}]}<\/script>\n<!-- \/ Yoast SEO plugin. -->","yoast_head_json":{"title":"Soft dried guava (guava) | Sin-free snacks","description":"Fresh guavas have a pleasantly tart taste and are very aromatic. The fruits are rich in vitamins C and A, as well as fiber. Take a closer look!","robots":{"index":"index","follow":"follow","max-snippet":"max-snippet:-1","max-image-preview":"max-image-preview:large","max-video-preview":"max-video-preview:-1"},"canonical":"https:\/\/mysnack.ee\/en\/product\/soft-dried-guava\/","og_locale":"en_US","og_type":"article","og_title":"Pehme kuivatatud guajaav (guava) | Patuvabad sn\u00e4kid","og_description":"V\u00e4rskete guajaavide maitse on meeldivalt hapukas ja v\u00e4ga aromaatne. Viljad sisaldavad rohkesti C- ja A-vitamiini ning ka kiudaineid. Vaata l\u00e4hemalt!","og_url":"https:\/\/mysnack.ee\/en\/product\/soft-dried-guava\/","og_site_name":"MySnack","article_publisher":"https:\/\/www.facebook.com\/MySnack.ee\/","article_modified_time":"2025-10-09T09:58:10+00:00","og_image":[{"width":1432,"height":1432,"url":"https:\/\/mysnack.ee\/wp-content\/uploads\/2023\/11\/Mocuk-up_Guava_front_v2.png","type":"image\/png"}],"twitter_card":"summary_large_image","twitter_misc":{"Est. reading time":"1 minute"},"schema":{"@context":"https:\/\/schema.org","@graph":[{"@type":"WebPage","@id":"https:\/\/mysnack.ee\/toode\/pehme-kuivatatud-guajaav\/","url":"https:\/\/mysnack.ee\/toode\/pehme-kuivatatud-guajaav\/","name":"Soft dried guava (guava) | Sin-free snacks","isPartOf":{"@id":"https:\/\/mysnack.shop\/#website"},"primaryImageOfPage":{"@id":"https:\/\/mysnack.ee\/toode\/pehme-kuivatatud-guajaav\/#primaryimage"},"image":{"@id":"https:\/\/mysnack.ee\/toode\/pehme-kuivatatud-guajaav\/#primaryimage"},"thumbnailUrl":"https:\/\/mysnack.ee\/wp-content\/uploads\/2023\/11\/Mocuk-up_Guava_front_v2.png","datePublished":"2021-07-18T13:44:03+00:00","dateModified":"2025-10-09T09:58:10+00:00","description":"Fresh guavas have a pleasantly tart taste and are very aromatic. The fruits are rich in vitamins C and A, as well as fiber. Take a closer look!","breadcrumb":{"@id":"https:\/\/mysnack.ee\/toode\/pehme-kuivatatud-guajaav\/#breadcrumb"},"inLanguage":"en-US","potentialAction":[{"@type":"ReadAction","target":["https:\/\/mysnack.ee\/toode\/pehme-kuivatatud-guajaav\/"]}]},{"@type":"ImageObject","inLanguage":"en-US","@id":"https:\/\/mysnack.ee\/toode\/pehme-kuivatatud-guajaav\/#primaryimage","url":"https:\/\/mysnack.ee\/wp-content\/uploads\/2023\/11\/Mocuk-up_Guava_front_v2.png","contentUrl":"https:\/\/mysnack.ee\/wp-content\/uploads\/2023\/11\/Mocuk-up_Guava_front_v2.png","width":1432,"height":1432,"caption":"Guava snack pack front"},{"@type":"BreadcrumbList","@id":"https:\/\/mysnack.ee\/toode\/pehme-kuivatatud-guajaav\/#breadcrumb","itemListElement":[{"@type":"ListItem","position":1,"name":"Esileht","item":"https:\/\/mysnack.ee\/"},{"@type":"ListItem","position":2,"name":"Pood","item":"https:\/\/mysnack.ee\/pood\/"},{"@type":"ListItem","position":3,"name":"Pehme kuivatatud guajaav (guava) 80g"}]},{"@type":"WebSite","@id":"https:\/\/mysnack.shop\/#website","url":"https:\/\/mysnack.shop\/","name":"MySnack","description":"MySnack E-Shop","publisher":{"@id":"https:\/\/mysnack.shop\/#organization"},"potentialAction":[{"@type":"SearchAction","target":{"@type":"EntryPoint","urlTemplate":"https:\/\/mysnack.shop\/?s={search_term_string}"},"query-input":{"@type":"PropertyValueSpecification","valueRequired":true,"valueName":"search_term_string"}}],"inLanguage":"en-US"},{"@type":"Organization","@id":"https:\/\/mysnack.shop\/#organization","name":"MySnack","url":"https:\/\/mysnack.shop\/","logo":{"@type":"ImageObject","inLanguage":"en-US","@id":"https:\/\/mysnack.shop\/#\/schema\/logo\/image\/","url":"https:\/\/mysnack.shop\/wp-content\/uploads\/2023\/09\/MySnack_logo.png","contentUrl":"https:\/\/mysnack.shop\/wp-content\/uploads\/2023\/09\/MySnack_logo.png","width":400,"height":148,"caption":"MySnack"},"image":{"@id":"https:\/\/mysnack.shop\/#\/schema\/logo\/image\/"},"sameAs":["https:\/\/www.facebook.com\/MySnack.ee\/","https:\/\/www.instagram.com\/mysnack_eesti\/"]}]}},"_links":{"self":[{"href":"https:\/\/mysnack.ee\/en\/wp-json\/wp\/v2\/product\/10451","targetHints":{"allow":["GET"]}}],"collection":[{"href":"https:\/\/mysnack.ee\/en\/wp-json\/wp\/v2\/product"}],"about":[{"href":"https:\/\/mysnack.ee\/en\/wp-json\/wp\/v2\/types\/product"}],"wp:featuredmedia":[{"embeddable":true,"href":"https:\/\/mysnack.ee\/en\/wp-json\/wp\/v2\/media\/27039"}],"wp:attachment":[{"href":"https:\/\/mysnack.ee\/en\/wp-json\/wp\/v2\/media?parent=10451"}],"wp:term":[{"taxonomy":"product_brand","embeddable":true,"href":"https:\/\/mysnack.ee\/en\/wp-json\/wp\/v2\/product_brand?post=10451"},{"taxonomy":"product_cat","embeddable":true,"href":"https:\/\/mysnack.ee\/en\/wp-json\/wp\/v2\/product_cat?post=10451"},{"taxonomy":"product_tag","embeddable":true,"href":"https:\/\/mysnack.ee\/en\/wp-json\/wp\/v2\/product_tag?post=10451"}],"curies":[{"name":"wp","href":"https:\/\/api.w.org\/{rel}","templated":true}]}}