{"id":10834,"date":"2021-08-13T13:06:08","date_gmt":"2021-08-13T10:06:08","guid":{"rendered":"https:\/\/mysnack.ee\/?post_type=product&#038;p=10834"},"modified":"2025-07-21T18:18:47","modified_gmt":"2025-07-21T15:18:47","slug":"organic-pea-nuggets-with-sea-salt","status":"publish","type":"product","link":"https:\/\/mysnack.ee\/en\/product\/mahe-hernesnakid-meresoolaga\/","title":{"rendered":"Organic green pea snacks with sea salt 80 g"},"content":{"rendered":"<p><strong>Quantity:<\/strong> 80g<\/p>\n<p><strong>100 g of product contains on average:<\/strong><\/p>\n<table>\n<tbody>\n<tr>\n<td>Energy content<\/td>\n<td>341 kcal \/ 1441 kJ<\/td>\n<\/tr>\n<tr>\n<td>Fats<\/td>\n<td>4.5 grams<\/td>\n<\/tr>\n<tr>\n<td>\u00a0 \u00a0 of which saturated fatty acids<\/td>\n<td>0.4g<\/td>\n<\/tr>\n<tr>\n<td>Carbohydrates<\/td>\n<td>49.2g<\/td>\n<\/tr>\n<tr>\n<td>\u00a0 \u00a0 of which sugars<\/td>\n<td>2.7g<\/td>\n<\/tr>\n<tr>\n<td>Fiber<\/td>\n<td>8.9g<\/td>\n<\/tr>\n<tr>\n<td>Proteins<\/td>\n<td>21.9g<\/td>\n<\/tr>\n<tr>\n<td>Salt<\/td>\n<td>1.48 grams<\/td>\n<\/tr>\n<\/tbody>\n<\/table>\n<div id=\"accel-snackbar\" style=\"left: 50%;top: 50px\"><\/div>","protected":false},"excerpt":{"rendered":"<p>Did you know that peas are the most easily absorbed plant protein for the body? In addition to their high protein content, pea snacks are rich in fiber and antioxidants, which support digestion and help the body fight free radicals.<\/p>\n<p>Our organic pea snacks with sea salt are not only high in protein, but also low in calories and baked in the oven.<\/p>\n<ul>\n<li style=\"list-style-type: none\">\n<ul>\n<li>High in protein 21.9g per 100g<\/li>\n<li>50% less fat*<\/li>\n<li>Without added sugar<\/li>\n<li>Baked not fried<\/li>\n<li>Gluten-free; suitable for vegans<\/li>\n<\/ul>\n<\/li>\n<\/ul>\n<p>This product is also suitable for the Fitlap.ee diet plan!<\/p>\n<p>Ingredients: pea flour*95.5%, sunflower oil*(high oleic acid) 3%, sea salt 1.48%. *from controlled organic farming. High protein content; gluten-free; suitable for vegans; 50% less fat**; no added sugar. Store in a cool, dry place. Best before: see packaging. May contain allergens: MILK, SOY<\/p>\n<p>Contains naturally occurring sugars.<\/p>\n<p>Store in a cool and dry place.<\/p>\n<p>*compared to common potato chips<\/p>\n<p><a href=\"https:\/\/mysnack.ee\/wp-content\/uploads\/2021\/08\/Fitlap.ee-soovitab.png\"><img loading=\"lazy\" decoding=\"async\" class=\"alignnone wp-image-24887\" src=\"https:\/\/mysnack.ee\/wp-content\/uploads\/2021\/08\/Fitlap.ee-soovitab-300x300.png\" alt=\"\" width=\"125\" height=\"125\" srcset=\"https:\/\/mysnack.ee\/wp-content\/uploads\/2021\/08\/Fitlap.ee-soovitab-300x300.png 300w, https:\/\/mysnack.ee\/wp-content\/uploads\/2021\/08\/Fitlap.ee-soovitab-150x150.png 150w, https:\/\/mysnack.ee\/wp-content\/uploads\/2021\/08\/Fitlap.ee-soovitab-430x430.png 430w, https:\/\/mysnack.ee\/wp-content\/uploads\/2021\/08\/Fitlap.ee-soovitab-700x700.png 700w, https:\/\/mysnack.ee\/wp-content\/uploads\/2021\/08\/Fitlap.ee-soovitab.png 750w\" sizes=\"auto, (max-width: 125px) 100vw, 125px\" \/><\/a><\/p>\n<div id=\"accel-snackbar\" style=\"left: 50%;top: 50px\"><\/div>","protected":false},"featured_media":24817,"template":"","meta":{"inline_featured_image":false},"product_brand":[],"product_cat":[418,172],"product_tag":[],"class_list":{"0":"post-10834","1":"product","2":"type-product","3":"status-publish","4":"has-post-thumbnail","6":"product_cat-hernekropsud","7":"product_cat-soolased-snakid","8":"pa_kogus-kast","9":"pa_kogus-tukk","10":"pa_sisaldab-gluteenivaba","11":"pa_sisaldab-laktoosivaba","12":"pa_sisaldab-mysnacki-farmist","13":"pa_sisaldab-vegan","15":"first","16":"instock","17":"taxable","18":"shipping-taxable","19":"purchasable","20":"product-type-variable","21":"has-default-attributes"},"yoast_head":"<!-- This site is optimized with the Yoast SEO plugin v27.1.1 - https:\/\/yoast.com\/product\/yoast-seo-wordpress\/ -->\n<title>Mahe hernesn\u00e4kid meresoolaga | Patuvabad sn\u00e4kid<\/title>\n<meta name=\"description\" content=\"Ahjus k\u00fcpsetatud mahedamaitselised ja kr\u00f5bedad hernekauna sn\u00e4kid sobivad h\u00e4sti kr\u00f5psu asemel sn\u00e4kkimiseks. Vaata l\u00e4hemalt!\" \/>\n<meta name=\"robots\" content=\"index, follow, max-snippet:-1, max-image-preview:large, max-video-preview:-1\" \/>\n<link rel=\"canonical\" href=\"https:\/\/mysnack.ee\/en\/product\/organic-pea-nuggets-with-sea-salt\/\" \/>\n<meta property=\"og:locale\" content=\"en_US\" \/>\n<meta property=\"og:type\" content=\"article\" \/>\n<meta property=\"og:title\" content=\"Mahe hernesn\u00e4kid meresoolaga | Patuvabad sn\u00e4kid\" \/>\n<meta property=\"og:description\" content=\"Ahjus k\u00fcpsetatud mahedamaitselised ja kr\u00f5bedad hernekauna sn\u00e4kid sobivad h\u00e4sti kr\u00f5psu asemel sn\u00e4kkimiseks. Vaata l\u00e4hemalt!\" \/>\n<meta property=\"og:url\" content=\"https:\/\/mysnack.ee\/en\/product\/organic-pea-nuggets-with-sea-salt\/\" \/>\n<meta property=\"og:site_name\" content=\"MySnack\" \/>\n<meta property=\"article:publisher\" content=\"https:\/\/www.facebook.com\/MySnack.ee\/\" \/>\n<meta property=\"article:modified_time\" content=\"2025-07-21T15:18:47+00:00\" \/>\n<meta property=\"og:image\" content=\"https:\/\/mysnack.ee\/wp-content\/uploads\/2021\/08\/Hernesnakk-maheda-meresoolaga-1.png\" \/>\n\t<meta property=\"og:image:width\" content=\"1080\" \/>\n\t<meta property=\"og:image:height\" content=\"1080\" \/>\n\t<meta property=\"og:image:type\" content=\"image\/png\" \/>\n<meta name=\"twitter:card\" content=\"summary_large_image\" \/>\n<meta name=\"twitter:label1\" content=\"Est. reading time\" \/>\n\t<meta name=\"twitter:data1\" content=\"1 minute\" \/>\n<script type=\"application\/ld+json\" class=\"yoast-schema-graph\">{\"@context\":\"https:\/\/schema.org\",\"@graph\":[{\"@type\":\"WebPage\",\"@id\":\"https:\/\/mysnack.ee\/toode\/mahe-hernesnakid-meresoolaga\/\",\"url\":\"https:\/\/mysnack.ee\/toode\/mahe-hernesnakid-meresoolaga\/\",\"name\":\"Mahe hernesn\u00e4kid meresoolaga | Patuvabad sn\u00e4kid\",\"isPartOf\":{\"@id\":\"https:\/\/mysnack.shop\/#website\"},\"primaryImageOfPage\":{\"@id\":\"https:\/\/mysnack.ee\/toode\/mahe-hernesnakid-meresoolaga\/#primaryimage\"},\"image\":{\"@id\":\"https:\/\/mysnack.ee\/toode\/mahe-hernesnakid-meresoolaga\/#primaryimage\"},\"thumbnailUrl\":\"https:\/\/mysnack.ee\/wp-content\/uploads\/2021\/08\/Hernesnakk-maheda-meresoolaga-1.png\",\"datePublished\":\"2021-08-13T10:06:08+00:00\",\"dateModified\":\"2025-07-21T15:18:47+00:00\",\"description\":\"Ahjus k\u00fcpsetatud mahedamaitselised ja kr\u00f5bedad hernekauna sn\u00e4kid sobivad h\u00e4sti kr\u00f5psu asemel sn\u00e4kkimiseks. Vaata l\u00e4hemalt!\",\"breadcrumb\":{\"@id\":\"https:\/\/mysnack.ee\/toode\/mahe-hernesnakid-meresoolaga\/#breadcrumb\"},\"inLanguage\":\"en-US\",\"potentialAction\":[{\"@type\":\"ReadAction\",\"target\":[\"https:\/\/mysnack.ee\/toode\/mahe-hernesnakid-meresoolaga\/\"]}]},{\"@type\":\"ImageObject\",\"inLanguage\":\"en-US\",\"@id\":\"https:\/\/mysnack.ee\/toode\/mahe-hernesnakid-meresoolaga\/#primaryimage\",\"url\":\"https:\/\/mysnack.ee\/wp-content\/uploads\/2021\/08\/Hernesnakk-maheda-meresoolaga-1.png\",\"contentUrl\":\"https:\/\/mysnack.ee\/wp-content\/uploads\/2021\/08\/Hernesnakk-maheda-meresoolaga-1.png\",\"width\":1080,\"height\":1080,\"caption\":\"Hernesn\u00e4kk maheda meresoolaga\"},{\"@type\":\"BreadcrumbList\",\"@id\":\"https:\/\/mysnack.ee\/toode\/mahe-hernesnakid-meresoolaga\/#breadcrumb\",\"itemListElement\":[{\"@type\":\"ListItem\",\"position\":1,\"name\":\"Esileht\",\"item\":\"https:\/\/mysnack.ee\/\"},{\"@type\":\"ListItem\",\"position\":2,\"name\":\"Pood\",\"item\":\"https:\/\/mysnack.ee\/pood\/\"},{\"@type\":\"ListItem\",\"position\":3,\"name\":\"Mahe hernesn\u00e4kid meresoolaga 80 g\"}]},{\"@type\":\"WebSite\",\"@id\":\"https:\/\/mysnack.shop\/#website\",\"url\":\"https:\/\/mysnack.shop\/\",\"name\":\"MySnack\",\"description\":\"MySnack E-Pood\",\"publisher\":{\"@id\":\"https:\/\/mysnack.shop\/#organization\"},\"potentialAction\":[{\"@type\":\"SearchAction\",\"target\":{\"@type\":\"EntryPoint\",\"urlTemplate\":\"https:\/\/mysnack.shop\/?s={search_term_string}\"},\"query-input\":{\"@type\":\"PropertyValueSpecification\",\"valueRequired\":true,\"valueName\":\"search_term_string\"}}],\"inLanguage\":\"en-US\"},{\"@type\":\"Organization\",\"@id\":\"https:\/\/mysnack.shop\/#organization\",\"name\":\"MySnack\",\"url\":\"https:\/\/mysnack.shop\/\",\"logo\":{\"@type\":\"ImageObject\",\"inLanguage\":\"en-US\",\"@id\":\"https:\/\/mysnack.shop\/#\/schema\/logo\/image\/\",\"url\":\"https:\/\/mysnack.shop\/wp-content\/uploads\/2023\/09\/MySnack_logo.png\",\"contentUrl\":\"https:\/\/mysnack.shop\/wp-content\/uploads\/2023\/09\/MySnack_logo.png\",\"width\":400,\"height\":148,\"caption\":\"MySnack\"},\"image\":{\"@id\":\"https:\/\/mysnack.shop\/#\/schema\/logo\/image\/\"},\"sameAs\":[\"https:\/\/www.facebook.com\/MySnack.ee\/\",\"https:\/\/www.instagram.com\/mysnack_eesti\/\"]}]}<\/script>\n<!-- \/ Yoast SEO plugin. -->","yoast_head_json":{"title":"Organic pea snacks with sea salt | Sin-free snacks","description":"Oven-baked, mild-tasting and crispy pea pod snacks are a great alternative to chips. Take a closer look!","robots":{"index":"index","follow":"follow","max-snippet":"max-snippet:-1","max-image-preview":"max-image-preview:large","max-video-preview":"max-video-preview:-1"},"canonical":"https:\/\/mysnack.ee\/en\/product\/organic-pea-nuggets-with-sea-salt\/","og_locale":"en_US","og_type":"article","og_title":"Mahe hernesn\u00e4kid meresoolaga | Patuvabad sn\u00e4kid","og_description":"Ahjus k\u00fcpsetatud mahedamaitselised ja kr\u00f5bedad hernekauna sn\u00e4kid sobivad h\u00e4sti kr\u00f5psu asemel sn\u00e4kkimiseks. Vaata l\u00e4hemalt!","og_url":"https:\/\/mysnack.ee\/en\/product\/organic-pea-nuggets-with-sea-salt\/","og_site_name":"MySnack","article_publisher":"https:\/\/www.facebook.com\/MySnack.ee\/","article_modified_time":"2025-07-21T15:18:47+00:00","og_image":[{"width":1080,"height":1080,"url":"https:\/\/mysnack.ee\/wp-content\/uploads\/2021\/08\/Hernesnakk-maheda-meresoolaga-1.png","type":"image\/png"}],"twitter_card":"summary_large_image","twitter_misc":{"Est. reading time":"1 minute"},"schema":{"@context":"https:\/\/schema.org","@graph":[{"@type":"WebPage","@id":"https:\/\/mysnack.ee\/toode\/mahe-hernesnakid-meresoolaga\/","url":"https:\/\/mysnack.ee\/toode\/mahe-hernesnakid-meresoolaga\/","name":"Organic pea snacks with sea salt | Sin-free snacks","isPartOf":{"@id":"https:\/\/mysnack.shop\/#website"},"primaryImageOfPage":{"@id":"https:\/\/mysnack.ee\/toode\/mahe-hernesnakid-meresoolaga\/#primaryimage"},"image":{"@id":"https:\/\/mysnack.ee\/toode\/mahe-hernesnakid-meresoolaga\/#primaryimage"},"thumbnailUrl":"https:\/\/mysnack.ee\/wp-content\/uploads\/2021\/08\/Hernesnakk-maheda-meresoolaga-1.png","datePublished":"2021-08-13T10:06:08+00:00","dateModified":"2025-07-21T15:18:47+00:00","description":"Oven-baked, mild-tasting and crispy pea pod snacks are a great alternative to chips. Take a closer look!","breadcrumb":{"@id":"https:\/\/mysnack.ee\/toode\/mahe-hernesnakid-meresoolaga\/#breadcrumb"},"inLanguage":"en-US","potentialAction":[{"@type":"ReadAction","target":["https:\/\/mysnack.ee\/toode\/mahe-hernesnakid-meresoolaga\/"]}]},{"@type":"ImageObject","inLanguage":"en-US","@id":"https:\/\/mysnack.ee\/toode\/mahe-hernesnakid-meresoolaga\/#primaryimage","url":"https:\/\/mysnack.ee\/wp-content\/uploads\/2021\/08\/Hernesnakk-maheda-meresoolaga-1.png","contentUrl":"https:\/\/mysnack.ee\/wp-content\/uploads\/2021\/08\/Hernesnakk-maheda-meresoolaga-1.png","width":1080,"height":1080,"caption":"Hernesn\u00e4kk maheda meresoolaga"},{"@type":"BreadcrumbList","@id":"https:\/\/mysnack.ee\/toode\/mahe-hernesnakid-meresoolaga\/#breadcrumb","itemListElement":[{"@type":"ListItem","position":1,"name":"Esileht","item":"https:\/\/mysnack.ee\/"},{"@type":"ListItem","position":2,"name":"Pood","item":"https:\/\/mysnack.ee\/pood\/"},{"@type":"ListItem","position":3,"name":"Mahe hernesn\u00e4kid meresoolaga 80 g"}]},{"@type":"WebSite","@id":"https:\/\/mysnack.shop\/#website","url":"https:\/\/mysnack.shop\/","name":"MySnack","description":"MySnack E-Shop","publisher":{"@id":"https:\/\/mysnack.shop\/#organization"},"potentialAction":[{"@type":"SearchAction","target":{"@type":"EntryPoint","urlTemplate":"https:\/\/mysnack.shop\/?s={search_term_string}"},"query-input":{"@type":"PropertyValueSpecification","valueRequired":true,"valueName":"search_term_string"}}],"inLanguage":"en-US"},{"@type":"Organization","@id":"https:\/\/mysnack.shop\/#organization","name":"MySnack","url":"https:\/\/mysnack.shop\/","logo":{"@type":"ImageObject","inLanguage":"en-US","@id":"https:\/\/mysnack.shop\/#\/schema\/logo\/image\/","url":"https:\/\/mysnack.shop\/wp-content\/uploads\/2023\/09\/MySnack_logo.png","contentUrl":"https:\/\/mysnack.shop\/wp-content\/uploads\/2023\/09\/MySnack_logo.png","width":400,"height":148,"caption":"MySnack"},"image":{"@id":"https:\/\/mysnack.shop\/#\/schema\/logo\/image\/"},"sameAs":["https:\/\/www.facebook.com\/MySnack.ee\/","https:\/\/www.instagram.com\/mysnack_eesti\/"]}]}},"_links":{"self":[{"href":"https:\/\/mysnack.ee\/en\/wp-json\/wp\/v2\/product\/10834","targetHints":{"allow":["GET"]}}],"collection":[{"href":"https:\/\/mysnack.ee\/en\/wp-json\/wp\/v2\/product"}],"about":[{"href":"https:\/\/mysnack.ee\/en\/wp-json\/wp\/v2\/types\/product"}],"wp:featuredmedia":[{"embeddable":true,"href":"https:\/\/mysnack.ee\/en\/wp-json\/wp\/v2\/media\/24817"}],"wp:attachment":[{"href":"https:\/\/mysnack.ee\/en\/wp-json\/wp\/v2\/media?parent=10834"}],"wp:term":[{"taxonomy":"product_brand","embeddable":true,"href":"https:\/\/mysnack.ee\/en\/wp-json\/wp\/v2\/product_brand?post=10834"},{"taxonomy":"product_cat","embeddable":true,"href":"https:\/\/mysnack.ee\/en\/wp-json\/wp\/v2\/product_cat?post=10834"},{"taxonomy":"product_tag","embeddable":true,"href":"https:\/\/mysnack.ee\/en\/wp-json\/wp\/v2\/product_tag?post=10834"}],"curies":[{"name":"wp","href":"https:\/\/api.w.org\/{rel}","templated":true}]}}