{"id":23116,"date":"2024-06-03T17:37:45","date_gmt":"2024-06-03T14:37:45","guid":{"rendered":"https:\/\/mysnack.ee\/?post_type=product&#038;p=23116"},"modified":"2025-12-14T00:43:59","modified_gmt":"2025-12-13T22:43:59","slug":"passion-fruit-bar","status":"publish","type":"product","link":"https:\/\/mysnack.ee\/en\/product\/passioni-puuviljabatoon\/","title":{"rendered":"95% passion fruit bar 30g"},"content":{"rendered":"<p><strong>Quantity:<\/strong> 30g<\/p>\n<p><strong>100 g of product contains on average:<\/strong><\/p>\n<table style=\"height: 206px;\" width=\"346\">\n<tbody>\n<tr>\n<td>Energy content<\/td>\n<td>320 kcal \/ 1339 kJ<\/td>\n<\/tr>\n<tr>\n<td>Fats<\/td>\n<td>0.44g<\/td>\n<\/tr>\n<tr>\n<td>\u00a0 \u00a0 of which saturated fatty acids<\/td>\n<td>0 g<\/td>\n<\/tr>\n<tr>\n<td>Carbohydrates<\/td>\n<td>78.2g<\/td>\n<\/tr>\n<tr>\n<td>\u00a0 \u00a0 of which sugars<\/td>\n<td>72.5g<\/td>\n<\/tr>\n<tr>\n<td>Fiber<\/td>\n<td>8.54 grams<\/td>\n<\/tr>\n<tr>\n<td>Proteins<\/td>\n<td>0.7g<\/td>\n<\/tr>\n<tr>\n<td>Salt<\/td>\n<td>0.14g<\/td>\n<\/tr>\n<\/tbody>\n<\/table>\n<div id=\"accel-snackbar\" style=\"left: 50%; top: 50px;\"><\/div>","protected":false},"excerpt":{"rendered":"<p>Passion fruit bars contain only ripe, sweet passion fruit. It&#039;s a good idea to throw in your bag to give yourself a little boost before a workout or an important meeting. The delicious tropical granadilla tones the body, has a positive effect on brain function and protects the nervous system from stress. Passion fruit is also p<span data-scheme-color=\"@2E5712,,\" data-usefontface=\"true\" data-contrast=\"none\">with anti-stinging effect, <\/span><span data-scheme-color=\"@2E5712,,\" data-usefontface=\"true\" data-contrast=\"none\">rich in antioxidants<\/span> and has a very beneficial effect on digestion.<\/p>\n<p>All MySnack fruit bars are made according to our own recipes and are completely handmade, from peeling to shaping to packaging. There is not a single gram of concentrate or useless additives in the bars. They are made directly on or near our farms, so that we do not have to transport half-picked fruits around the world. This way, we can bring you the highest nutritional value of the fruits and reduce the harmful impact on the environment.<\/p>\n<ul>\n<li style=\"list-style-type: none;\">\n<ul>\n<li>High fiber content<\/li>\n<li>Gluten-free<\/li>\n<li>We add a minimum amount of cane sugar to ensure the texture of the bar and extend the shelf life of the fruit (only 1.5 g per bar)<\/li>\n<li>Naturally sweet, containing naturally occurring fruit sugar<\/li>\n<li>Our fruit may naturally darken over time in the packaging. This is due to the very minimal amount of sulfites, which we add only the necessary amount (0.01%) compared to the sulfites normally added, in order to keep the fruit bar fresh and prevent mold.<\/li>\n<li>200 g of ripe passion fruit is used to make one bar<\/li>\n<li>Suitable for vegans<\/li>\n<\/ul>\n<\/li>\n<\/ul>\n<p><strong>Ingredients:<\/strong> passion fruit 95%, cane sugar, acidity regulator: citric acid, antioxidant: sodium disulfite.<\/p>\n<p>Keep cool and dry.<\/p>\n<div id=\"accel-snackbar\" style=\"left: 50%; top: 50px;\"><\/div>","protected":false},"featured_media":22672,"template":"","meta":{"inline_featured_image":false},"product_brand":[],"product_cat":[675],"product_tag":[],"class_list":{"0":"post-23116","1":"product","2":"type-product","3":"status-publish","4":"has-post-thumbnail","6":"product_cat-puuviljabatoonid","7":"pa_kogus-kast","8":"pa_kogus-tukk","9":"pa_sisaldab-mysnacki-farmist","10":"pa_sisaldab-vegan","12":"first","13":"instock","14":"taxable","15":"shipping-taxable","16":"purchasable","17":"product-type-variable","18":"has-default-attributes"},"yoast_head":"<!-- This site is optimized with the Yoast SEO plugin v27.1.1 - https:\/\/yoast.com\/product\/yoast-seo-wordpress\/ -->\n<title>95% passioni puuviljabatoon 30g | Patuvabad sn\u00e4kid<\/title>\n<meta name=\"description\" content=\"95% passioni ehk granadilli puuviljabatoonid on kiudaineterikkad ning valmistatud k\u00f5ige mahlakamatest, p\u00e4ikesek\u00fcpsetest kireviljadest. Vaata l\u00e4hemalt!\" \/>\n<meta name=\"robots\" content=\"index, follow, max-snippet:-1, max-image-preview:large, max-video-preview:-1\" \/>\n<link rel=\"canonical\" href=\"https:\/\/mysnack.ee\/en\/product\/passion-fruit-bar\/\" \/>\n<meta property=\"og:locale\" content=\"en_US\" \/>\n<meta property=\"og:type\" content=\"article\" \/>\n<meta property=\"og:title\" content=\"95% passioni puuviljabatoon 30g | Patuvabad sn\u00e4kid\" \/>\n<meta property=\"og:description\" content=\"95% passioni ehk granadilli puuviljabatoonid on kiudaineterikkad ning valmistatud k\u00f5ige mahlakamatest, p\u00e4ikesek\u00fcpsetest kireviljadest. Vaata l\u00e4hemalt!\" \/>\n<meta property=\"og:url\" content=\"https:\/\/mysnack.ee\/en\/product\/passion-fruit-bar\/\" \/>\n<meta property=\"og:site_name\" content=\"MySnack\" \/>\n<meta property=\"article:publisher\" content=\"https:\/\/www.facebook.com\/MySnack.ee\/\" \/>\n<meta property=\"article:modified_time\" content=\"2025-12-13T22:43:59+00:00\" \/>\n<meta property=\"og:image\" content=\"https:\/\/mysnack.ee\/wp-content\/uploads\/2024\/05\/Passionviljabatoon.png\" \/>\n\t<meta property=\"og:image:width\" content=\"1080\" \/>\n\t<meta property=\"og:image:height\" content=\"1080\" \/>\n\t<meta property=\"og:image:type\" content=\"image\/png\" \/>\n<meta name=\"twitter:card\" content=\"summary_large_image\" \/>\n<meta name=\"twitter:label1\" content=\"Est. reading time\" \/>\n\t<meta name=\"twitter:data1\" content=\"1 minute\" \/>\n<script type=\"application\/ld+json\" class=\"yoast-schema-graph\">{\"@context\":\"https:\/\/schema.org\",\"@graph\":[{\"@type\":\"WebPage\",\"@id\":\"https:\/\/mysnack.ee\/toode\/passioni-puuviljabatoon\/\",\"url\":\"https:\/\/mysnack.ee\/toode\/passioni-puuviljabatoon\/\",\"name\":\"95% passioni puuviljabatoon 30g | Patuvabad sn\u00e4kid\",\"isPartOf\":{\"@id\":\"https:\/\/mysnack.shop\/#website\"},\"primaryImageOfPage\":{\"@id\":\"https:\/\/mysnack.ee\/toode\/passioni-puuviljabatoon\/#primaryimage\"},\"image\":{\"@id\":\"https:\/\/mysnack.ee\/toode\/passioni-puuviljabatoon\/#primaryimage\"},\"thumbnailUrl\":\"https:\/\/mysnack.ee\/wp-content\/uploads\/2024\/05\/Passionviljabatoon.png\",\"datePublished\":\"2024-06-03T14:37:45+00:00\",\"dateModified\":\"2025-12-13T22:43:59+00:00\",\"description\":\"95% passioni ehk granadilli puuviljabatoonid on kiudaineterikkad ning valmistatud k\u00f5ige mahlakamatest, p\u00e4ikesek\u00fcpsetest kireviljadest. Vaata l\u00e4hemalt!\",\"breadcrumb\":{\"@id\":\"https:\/\/mysnack.ee\/toode\/passioni-puuviljabatoon\/#breadcrumb\"},\"inLanguage\":\"en-US\",\"potentialAction\":[{\"@type\":\"ReadAction\",\"target\":[\"https:\/\/mysnack.ee\/toode\/passioni-puuviljabatoon\/\"]}]},{\"@type\":\"ImageObject\",\"inLanguage\":\"en-US\",\"@id\":\"https:\/\/mysnack.ee\/toode\/passioni-puuviljabatoon\/#primaryimage\",\"url\":\"https:\/\/mysnack.ee\/wp-content\/uploads\/2024\/05\/Passionviljabatoon.png\",\"contentUrl\":\"https:\/\/mysnack.ee\/wp-content\/uploads\/2024\/05\/Passionviljabatoon.png\",\"width\":1080,\"height\":1080,\"caption\":\"Passioni puuviljabatoon\"},{\"@type\":\"BreadcrumbList\",\"@id\":\"https:\/\/mysnack.ee\/toode\/passioni-puuviljabatoon\/#breadcrumb\",\"itemListElement\":[{\"@type\":\"ListItem\",\"position\":1,\"name\":\"Esileht\",\"item\":\"https:\/\/mysnack.ee\/\"},{\"@type\":\"ListItem\",\"position\":2,\"name\":\"Pood\",\"item\":\"https:\/\/mysnack.ee\/pood\/\"},{\"@type\":\"ListItem\",\"position\":3,\"name\":\"95% passioni puuviljabatoon 30g\"}]},{\"@type\":\"WebSite\",\"@id\":\"https:\/\/mysnack.shop\/#website\",\"url\":\"https:\/\/mysnack.shop\/\",\"name\":\"MySnack\",\"description\":\"MySnack E-Pood\",\"publisher\":{\"@id\":\"https:\/\/mysnack.shop\/#organization\"},\"potentialAction\":[{\"@type\":\"SearchAction\",\"target\":{\"@type\":\"EntryPoint\",\"urlTemplate\":\"https:\/\/mysnack.shop\/?s={search_term_string}\"},\"query-input\":{\"@type\":\"PropertyValueSpecification\",\"valueRequired\":true,\"valueName\":\"search_term_string\"}}],\"inLanguage\":\"en-US\"},{\"@type\":\"Organization\",\"@id\":\"https:\/\/mysnack.shop\/#organization\",\"name\":\"MySnack\",\"url\":\"https:\/\/mysnack.shop\/\",\"logo\":{\"@type\":\"ImageObject\",\"inLanguage\":\"en-US\",\"@id\":\"https:\/\/mysnack.shop\/#\/schema\/logo\/image\/\",\"url\":\"https:\/\/mysnack.shop\/wp-content\/uploads\/2023\/09\/MySnack_logo.png\",\"contentUrl\":\"https:\/\/mysnack.shop\/wp-content\/uploads\/2023\/09\/MySnack_logo.png\",\"width\":400,\"height\":148,\"caption\":\"MySnack\"},\"image\":{\"@id\":\"https:\/\/mysnack.shop\/#\/schema\/logo\/image\/\"},\"sameAs\":[\"https:\/\/www.facebook.com\/MySnack.ee\/\",\"https:\/\/www.instagram.com\/mysnack_eesti\/\"]}]}<\/script>\n<!-- \/ Yoast SEO plugin. -->","yoast_head_json":{"title":"95% passion fruit bar 30g | Sinless snacks","description":"95% passion fruit bars are high in fiber and made from the juiciest, sun-ripened passion fruit. Take a closer look!","robots":{"index":"index","follow":"follow","max-snippet":"max-snippet:-1","max-image-preview":"max-image-preview:large","max-video-preview":"max-video-preview:-1"},"canonical":"https:\/\/mysnack.ee\/en\/product\/passion-fruit-bar\/","og_locale":"en_US","og_type":"article","og_title":"95% passioni puuviljabatoon 30g | Patuvabad sn\u00e4kid","og_description":"95% passioni ehk granadilli puuviljabatoonid on kiudaineterikkad ning valmistatud k\u00f5ige mahlakamatest, p\u00e4ikesek\u00fcpsetest kireviljadest. Vaata l\u00e4hemalt!","og_url":"https:\/\/mysnack.ee\/en\/product\/passion-fruit-bar\/","og_site_name":"MySnack","article_publisher":"https:\/\/www.facebook.com\/MySnack.ee\/","article_modified_time":"2025-12-13T22:43:59+00:00","og_image":[{"width":1080,"height":1080,"url":"https:\/\/mysnack.ee\/wp-content\/uploads\/2024\/05\/Passionviljabatoon.png","type":"image\/png"}],"twitter_card":"summary_large_image","twitter_misc":{"Est. reading time":"1 minute"},"schema":{"@context":"https:\/\/schema.org","@graph":[{"@type":"WebPage","@id":"https:\/\/mysnack.ee\/toode\/passioni-puuviljabatoon\/","url":"https:\/\/mysnack.ee\/toode\/passioni-puuviljabatoon\/","name":"95% passion fruit bar 30g | Sinless snacks","isPartOf":{"@id":"https:\/\/mysnack.shop\/#website"},"primaryImageOfPage":{"@id":"https:\/\/mysnack.ee\/toode\/passioni-puuviljabatoon\/#primaryimage"},"image":{"@id":"https:\/\/mysnack.ee\/toode\/passioni-puuviljabatoon\/#primaryimage"},"thumbnailUrl":"https:\/\/mysnack.ee\/wp-content\/uploads\/2024\/05\/Passionviljabatoon.png","datePublished":"2024-06-03T14:37:45+00:00","dateModified":"2025-12-13T22:43:59+00:00","description":"95% passion fruit bars are high in fiber and made from the juiciest, sun-ripened passion fruit. Take a closer look!","breadcrumb":{"@id":"https:\/\/mysnack.ee\/toode\/passioni-puuviljabatoon\/#breadcrumb"},"inLanguage":"en-US","potentialAction":[{"@type":"ReadAction","target":["https:\/\/mysnack.ee\/toode\/passioni-puuviljabatoon\/"]}]},{"@type":"ImageObject","inLanguage":"en-US","@id":"https:\/\/mysnack.ee\/toode\/passioni-puuviljabatoon\/#primaryimage","url":"https:\/\/mysnack.ee\/wp-content\/uploads\/2024\/05\/Passionviljabatoon.png","contentUrl":"https:\/\/mysnack.ee\/wp-content\/uploads\/2024\/05\/Passionviljabatoon.png","width":1080,"height":1080,"caption":"Passioni puuviljabatoon"},{"@type":"BreadcrumbList","@id":"https:\/\/mysnack.ee\/toode\/passioni-puuviljabatoon\/#breadcrumb","itemListElement":[{"@type":"ListItem","position":1,"name":"Esileht","item":"https:\/\/mysnack.ee\/"},{"@type":"ListItem","position":2,"name":"Pood","item":"https:\/\/mysnack.ee\/pood\/"},{"@type":"ListItem","position":3,"name":"95% passioni puuviljabatoon 30g"}]},{"@type":"WebSite","@id":"https:\/\/mysnack.shop\/#website","url":"https:\/\/mysnack.shop\/","name":"MySnack","description":"MySnack E-Shop","publisher":{"@id":"https:\/\/mysnack.shop\/#organization"},"potentialAction":[{"@type":"SearchAction","target":{"@type":"EntryPoint","urlTemplate":"https:\/\/mysnack.shop\/?s={search_term_string}"},"query-input":{"@type":"PropertyValueSpecification","valueRequired":true,"valueName":"search_term_string"}}],"inLanguage":"en-US"},{"@type":"Organization","@id":"https:\/\/mysnack.shop\/#organization","name":"MySnack","url":"https:\/\/mysnack.shop\/","logo":{"@type":"ImageObject","inLanguage":"en-US","@id":"https:\/\/mysnack.shop\/#\/schema\/logo\/image\/","url":"https:\/\/mysnack.shop\/wp-content\/uploads\/2023\/09\/MySnack_logo.png","contentUrl":"https:\/\/mysnack.shop\/wp-content\/uploads\/2023\/09\/MySnack_logo.png","width":400,"height":148,"caption":"MySnack"},"image":{"@id":"https:\/\/mysnack.shop\/#\/schema\/logo\/image\/"},"sameAs":["https:\/\/www.facebook.com\/MySnack.ee\/","https:\/\/www.instagram.com\/mysnack_eesti\/"]}]}},"_links":{"self":[{"href":"https:\/\/mysnack.ee\/en\/wp-json\/wp\/v2\/product\/23116","targetHints":{"allow":["GET"]}}],"collection":[{"href":"https:\/\/mysnack.ee\/en\/wp-json\/wp\/v2\/product"}],"about":[{"href":"https:\/\/mysnack.ee\/en\/wp-json\/wp\/v2\/types\/product"}],"wp:featuredmedia":[{"embeddable":true,"href":"https:\/\/mysnack.ee\/en\/wp-json\/wp\/v2\/media\/22672"}],"wp:attachment":[{"href":"https:\/\/mysnack.ee\/en\/wp-json\/wp\/v2\/media?parent=23116"}],"wp:term":[{"taxonomy":"product_brand","embeddable":true,"href":"https:\/\/mysnack.ee\/en\/wp-json\/wp\/v2\/product_brand?post=23116"},{"taxonomy":"product_cat","embeddable":true,"href":"https:\/\/mysnack.ee\/en\/wp-json\/wp\/v2\/product_cat?post=23116"},{"taxonomy":"product_tag","embeddable":true,"href":"https:\/\/mysnack.ee\/en\/wp-json\/wp\/v2\/product_tag?post=23116"}],"curies":[{"name":"wp","href":"https:\/\/api.w.org\/{rel}","templated":true}]}}