{"id":23119,"date":"2024-06-03T18:17:36","date_gmt":"2024-06-03T15:17:36","guid":{"rendered":"https:\/\/mysnack.ee\/?post_type=product&#038;p=23119"},"modified":"2025-12-02T12:38:47","modified_gmt":"2025-12-02T10:38:47","slug":"papaya-fruit-bar","status":"publish","type":"product","link":"https:\/\/mysnack.ee\/en\/product\/papaia-puuviljabatoon\/","title":{"rendered":"99% papaya fruit bar 30g"},"content":{"rendered":"<div style=\"width: 1920px;\" class=\"wp-video\"><video class=\"wp-video-shortcode\" id=\"video-23119-1\" width=\"1920\" height=\"1080\" poster=\"https:\/\/mysnack.ee\/wp-content\/uploads\/2024\/06\/MySnack-papaia.jpg\" preload=\"metadata\" controls=\"controls\"><source type=\"video\/mp4\" src=\"https:\/\/mysnack.ee\/wp-content\/uploads\/2024\/06\/Papaia.mp4?_=1\" \/><a href=\"https:\/\/mysnack.ee\/wp-content\/uploads\/2024\/06\/Papaia.mp4\">https:\/\/mysnack.ee\/wp-content\/uploads\/2024\/06\/Papaia.mp4<\/a><\/video><\/div>\n<p>&nbsp;<\/p>\n<p><strong>Quantity:<\/strong> 30g<\/p>\n<p><strong>100 g of product contains on average:<\/strong><\/p>\n<table style=\"height: 206px;\" width=\"346\">\n<tbody>\n<tr>\n<td>Energy content<\/td>\n<td>330 kcal \/ 1381 kJ<\/td>\n<\/tr>\n<tr>\n<td>Fats<\/td>\n<td>0.32g<\/td>\n<\/tr>\n<tr>\n<td>\u00a0 \u00a0 of which saturated fatty acids<\/td>\n<td>0 g<\/td>\n<\/tr>\n<tr>\n<td>Carbohydrates<\/td>\n<td>78.5g<\/td>\n<\/tr>\n<tr>\n<td>\u00a0 \u00a0 of which sugars<\/td>\n<td>67.2g<\/td>\n<\/tr>\n<tr>\n<td>Fiber<\/td>\n<td>11.5g<\/td>\n<\/tr>\n<tr>\n<td>Proteins<\/td>\n<td>3.3g<\/td>\n<\/tr>\n<tr>\n<td>Salt<\/td>\n<td>1.16 grams<\/td>\n<\/tr>\n<\/tbody>\n<\/table>\n<div id=\"accel-snackbar\" style=\"left: 50%; top: 50px;\"><\/div>","protected":false},"excerpt":{"rendered":"<p>Papaya fruit bars contain only ripe, sweet fruits and natural vitamins. It&#039;s a good idea to put a fruit bar in your bag to boost your body and mind before important tasks. For example, papaya contains magnesium, which is important for the heart because it helps ensure normal blood circulation. In addition, papaya stimulates digestion and helps speed up metabolism.<\/p>\n<p>All MySnack fruit bars are made according to our own recipes. There is not a single gram of concentrate or useless additives in the bars. They are made directly on or near our farms so that we do not have to transport half-picked fruits around the world. This way we can bring you the highest nutritional value of the fruits and reduce the harmful impact on the environment.<\/p>\n<ul>\n<li style=\"list-style-type: none;\">\n<ul>\n<li>High iron content (bar contains 11% of the daily iron requirement)<\/li>\n<li>Source of magnesium (bar contains 61% of the daily magnesium requirement)<\/li>\n<li>Without added sugar<\/li>\n<li>Naturally sweet, containing naturally occurring fruit sugar<\/li>\n<li>Gluten-free<\/li>\n<li>Our fruit may naturally darken over time in the packaging. This is due to the very minimal amount of sulfites, which we add only the necessary amount (0.01%) compared to the sulfites normally added, in order to keep the fruit bar fresh and prevent mold.<\/li>\n<li>200 g of ripe papaya is used to make one bar<\/li>\n<li>Suitable for vegans<\/li>\n<\/ul>\n<\/li>\n<\/ul>\n<p><strong>Ingredients:<\/strong> papaya 99.98%, acidity regulator: citric acid, antioxidant: sodium disulfite.<\/p>\n<p>Keep cool and dry.<\/p>\n<div id=\"accel-snackbar\" style=\"left: 50%; top: 50px;\"><\/div>","protected":false},"featured_media":22666,"template":"","meta":{"inline_featured_image":false},"product_brand":[],"product_cat":[675],"product_tag":[],"class_list":{"0":"post-23119","1":"product","2":"type-product","3":"status-publish","4":"has-post-thumbnail","6":"product_cat-puuviljabatoonid","7":"pa_kogus-kast","8":"pa_kogus-tukk","9":"pa_sisaldab-mysnacki-farmist","10":"pa_sisaldab-vegan","12":"first","13":"instock","14":"taxable","15":"shipping-taxable","16":"purchasable","17":"product-type-variable","18":"has-default-attributes"},"yoast_head":"<!-- This site is optimized with the Yoast SEO plugin v27.1.1 - https:\/\/yoast.com\/product\/yoast-seo-wordpress\/ -->\n<title>99% papaia puuviljabatoon 30g | Patuvabad sn\u00e4kid<\/title>\n<meta name=\"description\" content=\"99% papaia puuviljabatoon on valmistatud k\u00f5ige mahlakamatest, p\u00e4ikesek\u00fcpsetest viljadest ning neis on rohkelt rauda ja magneesiumi. Vaata l\u00e4hemalt!\" \/>\n<meta name=\"robots\" content=\"index, follow, max-snippet:-1, max-image-preview:large, max-video-preview:-1\" \/>\n<link rel=\"canonical\" href=\"https:\/\/mysnack.ee\/en\/product\/papaya-fruit-bar\/\" \/>\n<meta property=\"og:locale\" content=\"en_US\" \/>\n<meta property=\"og:type\" content=\"article\" \/>\n<meta property=\"og:title\" content=\"99% papaia puuviljabatoon 30g | Patuvabad sn\u00e4kid\" \/>\n<meta property=\"og:description\" content=\"99% papaia puuviljabatoon on valmistatud k\u00f5ige mahlakamatest, p\u00e4ikesek\u00fcpsetest viljadest ning neis on rohkelt rauda ja magneesiumi. Vaata l\u00e4hemalt!\" \/>\n<meta property=\"og:url\" content=\"https:\/\/mysnack.ee\/en\/product\/papaya-fruit-bar\/\" \/>\n<meta property=\"og:site_name\" content=\"MySnack\" \/>\n<meta property=\"article:publisher\" content=\"https:\/\/www.facebook.com\/MySnack.ee\/\" \/>\n<meta property=\"article:modified_time\" content=\"2025-12-02T10:38:47+00:00\" \/>\n<meta property=\"og:image\" content=\"https:\/\/mysnack.ee\/wp-content\/uploads\/2024\/05\/Papaiabatoon.png\" \/>\n\t<meta property=\"og:image:width\" content=\"1080\" \/>\n\t<meta property=\"og:image:height\" content=\"1080\" \/>\n\t<meta property=\"og:image:type\" content=\"image\/png\" \/>\n<meta name=\"twitter:card\" content=\"summary_large_image\" \/>\n<meta name=\"twitter:label1\" content=\"Est. reading time\" \/>\n\t<meta name=\"twitter:data1\" content=\"1 minute\" \/>\n<script type=\"application\/ld+json\" class=\"yoast-schema-graph\">{\"@context\":\"https:\/\/schema.org\",\"@graph\":[{\"@type\":\"WebPage\",\"@id\":\"https:\/\/mysnack.ee\/toode\/papaia-puuviljabatoon\/\",\"url\":\"https:\/\/mysnack.ee\/toode\/papaia-puuviljabatoon\/\",\"name\":\"99% papaia puuviljabatoon 30g | Patuvabad sn\u00e4kid\",\"isPartOf\":{\"@id\":\"https:\/\/mysnack.shop\/#website\"},\"primaryImageOfPage\":{\"@id\":\"https:\/\/mysnack.ee\/toode\/papaia-puuviljabatoon\/#primaryimage\"},\"image\":{\"@id\":\"https:\/\/mysnack.ee\/toode\/papaia-puuviljabatoon\/#primaryimage\"},\"thumbnailUrl\":\"https:\/\/mysnack.ee\/wp-content\/uploads\/2024\/05\/Papaiabatoon.png\",\"datePublished\":\"2024-06-03T15:17:36+00:00\",\"dateModified\":\"2025-12-02T10:38:47+00:00\",\"description\":\"99% papaia puuviljabatoon on valmistatud k\u00f5ige mahlakamatest, p\u00e4ikesek\u00fcpsetest viljadest ning neis on rohkelt rauda ja magneesiumi. Vaata l\u00e4hemalt!\",\"breadcrumb\":{\"@id\":\"https:\/\/mysnack.ee\/toode\/papaia-puuviljabatoon\/#breadcrumb\"},\"inLanguage\":\"en-US\",\"potentialAction\":[{\"@type\":\"ReadAction\",\"target\":[\"https:\/\/mysnack.ee\/toode\/papaia-puuviljabatoon\/\"]}]},{\"@type\":\"ImageObject\",\"inLanguage\":\"en-US\",\"@id\":\"https:\/\/mysnack.ee\/toode\/papaia-puuviljabatoon\/#primaryimage\",\"url\":\"https:\/\/mysnack.ee\/wp-content\/uploads\/2024\/05\/Papaiabatoon.png\",\"contentUrl\":\"https:\/\/mysnack.ee\/wp-content\/uploads\/2024\/05\/Papaiabatoon.png\",\"width\":1080,\"height\":1080,\"caption\":\"Papaia puuviljabatoon\"},{\"@type\":\"BreadcrumbList\",\"@id\":\"https:\/\/mysnack.ee\/toode\/papaia-puuviljabatoon\/#breadcrumb\",\"itemListElement\":[{\"@type\":\"ListItem\",\"position\":1,\"name\":\"Esileht\",\"item\":\"https:\/\/mysnack.ee\/\"},{\"@type\":\"ListItem\",\"position\":2,\"name\":\"Pood\",\"item\":\"https:\/\/mysnack.ee\/pood\/\"},{\"@type\":\"ListItem\",\"position\":3,\"name\":\"99% papaia puuviljabatoon 30g\"}]},{\"@type\":\"WebSite\",\"@id\":\"https:\/\/mysnack.shop\/#website\",\"url\":\"https:\/\/mysnack.shop\/\",\"name\":\"MySnack\",\"description\":\"MySnack E-Pood\",\"publisher\":{\"@id\":\"https:\/\/mysnack.shop\/#organization\"},\"potentialAction\":[{\"@type\":\"SearchAction\",\"target\":{\"@type\":\"EntryPoint\",\"urlTemplate\":\"https:\/\/mysnack.shop\/?s={search_term_string}\"},\"query-input\":{\"@type\":\"PropertyValueSpecification\",\"valueRequired\":true,\"valueName\":\"search_term_string\"}}],\"inLanguage\":\"en-US\"},{\"@type\":\"Organization\",\"@id\":\"https:\/\/mysnack.shop\/#organization\",\"name\":\"MySnack\",\"url\":\"https:\/\/mysnack.shop\/\",\"logo\":{\"@type\":\"ImageObject\",\"inLanguage\":\"en-US\",\"@id\":\"https:\/\/mysnack.shop\/#\/schema\/logo\/image\/\",\"url\":\"https:\/\/mysnack.shop\/wp-content\/uploads\/2023\/09\/MySnack_logo.png\",\"contentUrl\":\"https:\/\/mysnack.shop\/wp-content\/uploads\/2023\/09\/MySnack_logo.png\",\"width\":400,\"height\":148,\"caption\":\"MySnack\"},\"image\":{\"@id\":\"https:\/\/mysnack.shop\/#\/schema\/logo\/image\/\"},\"sameAs\":[\"https:\/\/www.facebook.com\/MySnack.ee\/\",\"https:\/\/www.instagram.com\/mysnack_eesti\/\"]}]}<\/script>\n<!-- \/ Yoast SEO plugin. -->","yoast_head_json":{"title":"99% papaya fruit bar 30g | Sinless snacks","description":"99% Papaya Fruit Bar is made from the juiciest, sun-ripened fruits and is rich in iron and magnesium. Take a closer look!","robots":{"index":"index","follow":"follow","max-snippet":"max-snippet:-1","max-image-preview":"max-image-preview:large","max-video-preview":"max-video-preview:-1"},"canonical":"https:\/\/mysnack.ee\/en\/product\/papaya-fruit-bar\/","og_locale":"en_US","og_type":"article","og_title":"99% papaia puuviljabatoon 30g | Patuvabad sn\u00e4kid","og_description":"99% papaia puuviljabatoon on valmistatud k\u00f5ige mahlakamatest, p\u00e4ikesek\u00fcpsetest viljadest ning neis on rohkelt rauda ja magneesiumi. Vaata l\u00e4hemalt!","og_url":"https:\/\/mysnack.ee\/en\/product\/papaya-fruit-bar\/","og_site_name":"MySnack","article_publisher":"https:\/\/www.facebook.com\/MySnack.ee\/","article_modified_time":"2025-12-02T10:38:47+00:00","og_image":[{"width":1080,"height":1080,"url":"https:\/\/mysnack.ee\/wp-content\/uploads\/2024\/05\/Papaiabatoon.png","type":"image\/png"}],"twitter_card":"summary_large_image","twitter_misc":{"Est. reading time":"1 minute"},"schema":{"@context":"https:\/\/schema.org","@graph":[{"@type":"WebPage","@id":"https:\/\/mysnack.ee\/toode\/papaia-puuviljabatoon\/","url":"https:\/\/mysnack.ee\/toode\/papaia-puuviljabatoon\/","name":"99% papaya fruit bar 30g | Sinless snacks","isPartOf":{"@id":"https:\/\/mysnack.shop\/#website"},"primaryImageOfPage":{"@id":"https:\/\/mysnack.ee\/toode\/papaia-puuviljabatoon\/#primaryimage"},"image":{"@id":"https:\/\/mysnack.ee\/toode\/papaia-puuviljabatoon\/#primaryimage"},"thumbnailUrl":"https:\/\/mysnack.ee\/wp-content\/uploads\/2024\/05\/Papaiabatoon.png","datePublished":"2024-06-03T15:17:36+00:00","dateModified":"2025-12-02T10:38:47+00:00","description":"99% Papaya Fruit Bar is made from the juiciest, sun-ripened fruits and is rich in iron and magnesium. Take a closer look!","breadcrumb":{"@id":"https:\/\/mysnack.ee\/toode\/papaia-puuviljabatoon\/#breadcrumb"},"inLanguage":"en-US","potentialAction":[{"@type":"ReadAction","target":["https:\/\/mysnack.ee\/toode\/papaia-puuviljabatoon\/"]}]},{"@type":"ImageObject","inLanguage":"en-US","@id":"https:\/\/mysnack.ee\/toode\/papaia-puuviljabatoon\/#primaryimage","url":"https:\/\/mysnack.ee\/wp-content\/uploads\/2024\/05\/Papaiabatoon.png","contentUrl":"https:\/\/mysnack.ee\/wp-content\/uploads\/2024\/05\/Papaiabatoon.png","width":1080,"height":1080,"caption":"Papaia puuviljabatoon"},{"@type":"BreadcrumbList","@id":"https:\/\/mysnack.ee\/toode\/papaia-puuviljabatoon\/#breadcrumb","itemListElement":[{"@type":"ListItem","position":1,"name":"Esileht","item":"https:\/\/mysnack.ee\/"},{"@type":"ListItem","position":2,"name":"Pood","item":"https:\/\/mysnack.ee\/pood\/"},{"@type":"ListItem","position":3,"name":"99% papaia puuviljabatoon 30g"}]},{"@type":"WebSite","@id":"https:\/\/mysnack.shop\/#website","url":"https:\/\/mysnack.shop\/","name":"MySnack","description":"MySnack E-Shop","publisher":{"@id":"https:\/\/mysnack.shop\/#organization"},"potentialAction":[{"@type":"SearchAction","target":{"@type":"EntryPoint","urlTemplate":"https:\/\/mysnack.shop\/?s={search_term_string}"},"query-input":{"@type":"PropertyValueSpecification","valueRequired":true,"valueName":"search_term_string"}}],"inLanguage":"en-US"},{"@type":"Organization","@id":"https:\/\/mysnack.shop\/#organization","name":"MySnack","url":"https:\/\/mysnack.shop\/","logo":{"@type":"ImageObject","inLanguage":"en-US","@id":"https:\/\/mysnack.shop\/#\/schema\/logo\/image\/","url":"https:\/\/mysnack.shop\/wp-content\/uploads\/2023\/09\/MySnack_logo.png","contentUrl":"https:\/\/mysnack.shop\/wp-content\/uploads\/2023\/09\/MySnack_logo.png","width":400,"height":148,"caption":"MySnack"},"image":{"@id":"https:\/\/mysnack.shop\/#\/schema\/logo\/image\/"},"sameAs":["https:\/\/www.facebook.com\/MySnack.ee\/","https:\/\/www.instagram.com\/mysnack_eesti\/"]}]}},"_links":{"self":[{"href":"https:\/\/mysnack.ee\/en\/wp-json\/wp\/v2\/product\/23119","targetHints":{"allow":["GET"]}}],"collection":[{"href":"https:\/\/mysnack.ee\/en\/wp-json\/wp\/v2\/product"}],"about":[{"href":"https:\/\/mysnack.ee\/en\/wp-json\/wp\/v2\/types\/product"}],"wp:featuredmedia":[{"embeddable":true,"href":"https:\/\/mysnack.ee\/en\/wp-json\/wp\/v2\/media\/22666"}],"wp:attachment":[{"href":"https:\/\/mysnack.ee\/en\/wp-json\/wp\/v2\/media?parent=23119"}],"wp:term":[{"taxonomy":"product_brand","embeddable":true,"href":"https:\/\/mysnack.ee\/en\/wp-json\/wp\/v2\/product_brand?post=23119"},{"taxonomy":"product_cat","embeddable":true,"href":"https:\/\/mysnack.ee\/en\/wp-json\/wp\/v2\/product_cat?post=23119"},{"taxonomy":"product_tag","embeddable":true,"href":"https:\/\/mysnack.ee\/en\/wp-json\/wp\/v2\/product_tag?post=23119"}],"curies":[{"name":"wp","href":"https:\/\/api.w.org\/{rel}","templated":true}]}}