{"id":25179,"date":"2024-10-21T23:16:13","date_gmt":"2024-10-21T20:16:13","guid":{"rendered":"https:\/\/mysnack.ee\/?post_type=product&#038;p=25179"},"modified":"2025-09-25T11:31:25","modified_gmt":"2025-09-25T08:31:25","slug":"fruit-bars-in-a-slipper-or-gift-box","status":"publish","type":"product","link":"https:\/\/mysnack.ee\/en\/product\/puuviljabatoonid-sussi-voi-kinkepaki-sisse\/","title":{"rendered":"Fruit bars in a slipper or gift box"},"content":{"rendered":"","protected":false},"excerpt":{"rendered":"<p>A great and convenient way to fill a gift box as you wish, with a MySnack fruit bar as an especially sweet and memorable treat.<\/p>\n<p>A box of bars (12 in total) contains 2x dragon fruit, 2x jackfruit, 2x mango, 2x guava, 2x passion fruit, 2x papaya 30g bars.<\/p>\n<p>Fruit bars contain only ripe, sweet fruits and natural vitamins. We dry the fruits using a special technology that can preserve the maximum nutritional value of ripe fruits. A fruit bar is good to put in your bag to boost your body and mind before important tasks.<\/p>\n<p>All MySnack fruit bars are made according to our own recipes. There is not a single gram of concentrate or useless additives in the bars. They are made directly on or near our farms so that we do not have to transport half-picked fruits around the world. This way we can bring you the highest nutritional value of the fruits and reduce the harmful impact on the environment.<\/p>\n<ul>\n<li style=\"list-style-type: none;\">\n<ul>\n<li>Without added white sugar, some bars have at least 1.5g of cane sugar added per bar!<\/li>\n<li>Naturally sweet, containing naturally occurring fruit sugar<\/li>\n<li>Gluten-free<\/li>\n<li>Our fruit may naturally darken over time in the packaging. This is due to the very minimal amount of sulfites, which we add only the necessary amount (0.01%) compared to the sulfites normally added, in order to keep the fruit bar fresh and prevent mold.<\/li>\n<\/ul>\n<\/li>\n<\/ul>\n<p>The product can only be ordered by picking it up at the office, as we hand-pack them with care and love on site!<br \/>\nOur address is Siduri 9, Tallinn. Let us know you&#039;re coming by calling +372 5855 4410. You can pick up your order on weekdays between 10:00 and 16:00, or at other times by arrangement.<\/p>","protected":false},"featured_media":25541,"template":"","meta":{"inline_featured_image":false},"product_brand":[],"product_cat":[687],"product_tag":[],"class_list":{"0":"post-25179","1":"product","2":"type-product","3":"status-publish","4":"has-post-thumbnail","6":"product_cat-kinkekarbid","7":"product_shipping_class-varsked-marjad","9":"first","10":"instock","11":"taxable","12":"shipping-taxable","13":"purchasable","14":"product-type-simple"},"yoast_head":"<!-- This site is optimized with the Yoast SEO plugin v27.1.1 - https:\/\/yoast.com\/product\/yoast-seo-wordpress\/ -->\n<title>Puuviljabatoonid sussi v\u00f5i kinkepaki sisse - MySnack<\/title>\n<meta name=\"description\" content=\"Kastit\u00e4is MySnack puuviljabatoone p\u00fchadeks! Tervislik magus amps kommi asemel sussi v\u00f5i kinkepaki sisse. Vali naturaalne, looduslik kingitus.\" \/>\n<meta name=\"robots\" content=\"index, follow, max-snippet:-1, max-image-preview:large, max-video-preview:-1\" \/>\n<link rel=\"canonical\" href=\"https:\/\/mysnack.ee\/en\/product\/fruit-bars-in-a-slipper-or-gift-box\/\" \/>\n<meta property=\"og:locale\" content=\"en_US\" \/>\n<meta property=\"og:type\" content=\"article\" \/>\n<meta property=\"og:title\" content=\"Puuviljabatoonid sussi v\u00f5i kinkepaki sisse - MySnack\" \/>\n<meta property=\"og:description\" content=\"Kastit\u00e4is MySnack puuviljabatoone p\u00fchadeks! Tervislik magus amps kommi asemel sussi v\u00f5i kinkepaki sisse. Vali naturaalne, looduslik kingitus.\" \/>\n<meta property=\"og:url\" content=\"https:\/\/mysnack.ee\/en\/product\/fruit-bars-in-a-slipper-or-gift-box\/\" \/>\n<meta property=\"og:site_name\" content=\"MySnack\" \/>\n<meta property=\"article:publisher\" content=\"https:\/\/www.facebook.com\/MySnack.ee\/\" \/>\n<meta property=\"article:modified_time\" content=\"2025-09-25T08:31:25+00:00\" \/>\n<meta property=\"og:image\" content=\"https:\/\/mysnack.ee\/wp-content\/uploads\/2024\/10\/Kodulehele-tootepildid-800x800.png\" \/>\n\t<meta property=\"og:image:width\" content=\"800\" \/>\n\t<meta property=\"og:image:height\" content=\"800\" \/>\n\t<meta property=\"og:image:type\" content=\"image\/png\" \/>\n<meta name=\"twitter:card\" content=\"summary_large_image\" \/>\n<meta name=\"twitter:label1\" content=\"Est. reading time\" \/>\n\t<meta name=\"twitter:data1\" content=\"1 minute\" \/>\n<script type=\"application\/ld+json\" class=\"yoast-schema-graph\">{\"@context\":\"https:\/\/schema.org\",\"@graph\":[{\"@type\":\"WebPage\",\"@id\":\"https:\/\/mysnack.ee\/toode\/puuviljabatoonid-sussi-voi-kinkepaki-sisse\/\",\"url\":\"https:\/\/mysnack.ee\/toode\/puuviljabatoonid-sussi-voi-kinkepaki-sisse\/\",\"name\":\"Puuviljabatoonid sussi v\u00f5i kinkepaki sisse - MySnack\",\"isPartOf\":{\"@id\":\"https:\/\/mysnack.shop\/#website\"},\"primaryImageOfPage\":{\"@id\":\"https:\/\/mysnack.ee\/toode\/puuviljabatoonid-sussi-voi-kinkepaki-sisse\/#primaryimage\"},\"image\":{\"@id\":\"https:\/\/mysnack.ee\/toode\/puuviljabatoonid-sussi-voi-kinkepaki-sisse\/#primaryimage\"},\"thumbnailUrl\":\"https:\/\/mysnack.ee\/wp-content\/uploads\/2024\/10\/Kodulehele-tootepildid.png\",\"datePublished\":\"2024-10-21T20:16:13+00:00\",\"dateModified\":\"2025-09-25T08:31:25+00:00\",\"description\":\"Kastit\u00e4is MySnack puuviljabatoone p\u00fchadeks! Tervislik magus amps kommi asemel sussi v\u00f5i kinkepaki sisse. Vali naturaalne, looduslik kingitus.\",\"breadcrumb\":{\"@id\":\"https:\/\/mysnack.ee\/toode\/puuviljabatoonid-sussi-voi-kinkepaki-sisse\/#breadcrumb\"},\"inLanguage\":\"en-US\",\"potentialAction\":[{\"@type\":\"ReadAction\",\"target\":[\"https:\/\/mysnack.ee\/toode\/puuviljabatoonid-sussi-voi-kinkepaki-sisse\/\"]}]},{\"@type\":\"ImageObject\",\"inLanguage\":\"en-US\",\"@id\":\"https:\/\/mysnack.ee\/toode\/puuviljabatoonid-sussi-voi-kinkepaki-sisse\/#primaryimage\",\"url\":\"https:\/\/mysnack.ee\/wp-content\/uploads\/2024\/10\/Kodulehele-tootepildid.png\",\"contentUrl\":\"https:\/\/mysnack.ee\/wp-content\/uploads\/2024\/10\/Kodulehele-tootepildid.png\",\"width\":1080,\"height\":1080,\"caption\":\"Puuviljabatoonid sussi sisse v\u00f5i kinkepaki sisse\"},{\"@type\":\"BreadcrumbList\",\"@id\":\"https:\/\/mysnack.ee\/toode\/puuviljabatoonid-sussi-voi-kinkepaki-sisse\/#breadcrumb\",\"itemListElement\":[{\"@type\":\"ListItem\",\"position\":1,\"name\":\"Esileht\",\"item\":\"https:\/\/mysnack.ee\/\"},{\"@type\":\"ListItem\",\"position\":2,\"name\":\"Pood\",\"item\":\"https:\/\/mysnack.ee\/pood\/\"},{\"@type\":\"ListItem\",\"position\":3,\"name\":\"Puuviljabatoonid sussi v\u00f5i kinkepaki sisse\"}]},{\"@type\":\"WebSite\",\"@id\":\"https:\/\/mysnack.shop\/#website\",\"url\":\"https:\/\/mysnack.shop\/\",\"name\":\"MySnack\",\"description\":\"MySnack E-Pood\",\"publisher\":{\"@id\":\"https:\/\/mysnack.shop\/#organization\"},\"potentialAction\":[{\"@type\":\"SearchAction\",\"target\":{\"@type\":\"EntryPoint\",\"urlTemplate\":\"https:\/\/mysnack.shop\/?s={search_term_string}\"},\"query-input\":{\"@type\":\"PropertyValueSpecification\",\"valueRequired\":true,\"valueName\":\"search_term_string\"}}],\"inLanguage\":\"en-US\"},{\"@type\":\"Organization\",\"@id\":\"https:\/\/mysnack.shop\/#organization\",\"name\":\"MySnack\",\"url\":\"https:\/\/mysnack.shop\/\",\"logo\":{\"@type\":\"ImageObject\",\"inLanguage\":\"en-US\",\"@id\":\"https:\/\/mysnack.shop\/#\/schema\/logo\/image\/\",\"url\":\"https:\/\/mysnack.shop\/wp-content\/uploads\/2023\/09\/MySnack_logo.png\",\"contentUrl\":\"https:\/\/mysnack.shop\/wp-content\/uploads\/2023\/09\/MySnack_logo.png\",\"width\":400,\"height\":148,\"caption\":\"MySnack\"},\"image\":{\"@id\":\"https:\/\/mysnack.shop\/#\/schema\/logo\/image\/\"},\"sameAs\":[\"https:\/\/www.facebook.com\/MySnack.ee\/\",\"https:\/\/www.instagram.com\/mysnack_eesti\/\"]}]}<\/script>\n<!-- \/ Yoast SEO plugin. -->","yoast_head_json":{"title":"Fruit bars in a slipper or gift box - MySnack","description":"A box full of MySnack fruit bars for the holidays! A healthy sweet bite to put in a slipper or gift box instead of candy. Choose a natural, organic gift.","robots":{"index":"index","follow":"follow","max-snippet":"max-snippet:-1","max-image-preview":"max-image-preview:large","max-video-preview":"max-video-preview:-1"},"canonical":"https:\/\/mysnack.ee\/en\/product\/fruit-bars-in-a-slipper-or-gift-box\/","og_locale":"en_US","og_type":"article","og_title":"Puuviljabatoonid sussi v\u00f5i kinkepaki sisse - MySnack","og_description":"Kastit\u00e4is MySnack puuviljabatoone p\u00fchadeks! Tervislik magus amps kommi asemel sussi v\u00f5i kinkepaki sisse. Vali naturaalne, looduslik kingitus.","og_url":"https:\/\/mysnack.ee\/en\/product\/fruit-bars-in-a-slipper-or-gift-box\/","og_site_name":"MySnack","article_publisher":"https:\/\/www.facebook.com\/MySnack.ee\/","article_modified_time":"2025-09-25T08:31:25+00:00","og_image":[{"width":800,"height":800,"url":"https:\/\/mysnack.ee\/wp-content\/uploads\/2024\/10\/Kodulehele-tootepildid-800x800.png","type":"image\/png"}],"twitter_card":"summary_large_image","twitter_misc":{"Est. reading time":"1 minute"},"schema":{"@context":"https:\/\/schema.org","@graph":[{"@type":"WebPage","@id":"https:\/\/mysnack.ee\/toode\/puuviljabatoonid-sussi-voi-kinkepaki-sisse\/","url":"https:\/\/mysnack.ee\/toode\/puuviljabatoonid-sussi-voi-kinkepaki-sisse\/","name":"Fruit bars in a slipper or gift box - MySnack","isPartOf":{"@id":"https:\/\/mysnack.shop\/#website"},"primaryImageOfPage":{"@id":"https:\/\/mysnack.ee\/toode\/puuviljabatoonid-sussi-voi-kinkepaki-sisse\/#primaryimage"},"image":{"@id":"https:\/\/mysnack.ee\/toode\/puuviljabatoonid-sussi-voi-kinkepaki-sisse\/#primaryimage"},"thumbnailUrl":"https:\/\/mysnack.ee\/wp-content\/uploads\/2024\/10\/Kodulehele-tootepildid.png","datePublished":"2024-10-21T20:16:13+00:00","dateModified":"2025-09-25T08:31:25+00:00","description":"A box full of MySnack fruit bars for the holidays! A healthy sweet bite to put in a slipper or gift box instead of candy. Choose a natural, organic gift.","breadcrumb":{"@id":"https:\/\/mysnack.ee\/toode\/puuviljabatoonid-sussi-voi-kinkepaki-sisse\/#breadcrumb"},"inLanguage":"en-US","potentialAction":[{"@type":"ReadAction","target":["https:\/\/mysnack.ee\/toode\/puuviljabatoonid-sussi-voi-kinkepaki-sisse\/"]}]},{"@type":"ImageObject","inLanguage":"en-US","@id":"https:\/\/mysnack.ee\/toode\/puuviljabatoonid-sussi-voi-kinkepaki-sisse\/#primaryimage","url":"https:\/\/mysnack.ee\/wp-content\/uploads\/2024\/10\/Kodulehele-tootepildid.png","contentUrl":"https:\/\/mysnack.ee\/wp-content\/uploads\/2024\/10\/Kodulehele-tootepildid.png","width":1080,"height":1080,"caption":"Puuviljabatoonid sussi sisse v\u00f5i kinkepaki sisse"},{"@type":"BreadcrumbList","@id":"https:\/\/mysnack.ee\/toode\/puuviljabatoonid-sussi-voi-kinkepaki-sisse\/#breadcrumb","itemListElement":[{"@type":"ListItem","position":1,"name":"Esileht","item":"https:\/\/mysnack.ee\/"},{"@type":"ListItem","position":2,"name":"Pood","item":"https:\/\/mysnack.ee\/pood\/"},{"@type":"ListItem","position":3,"name":"Puuviljabatoonid sussi v\u00f5i kinkepaki sisse"}]},{"@type":"WebSite","@id":"https:\/\/mysnack.shop\/#website","url":"https:\/\/mysnack.shop\/","name":"MySnack","description":"MySnack E-Shop","publisher":{"@id":"https:\/\/mysnack.shop\/#organization"},"potentialAction":[{"@type":"SearchAction","target":{"@type":"EntryPoint","urlTemplate":"https:\/\/mysnack.shop\/?s={search_term_string}"},"query-input":{"@type":"PropertyValueSpecification","valueRequired":true,"valueName":"search_term_string"}}],"inLanguage":"en-US"},{"@type":"Organization","@id":"https:\/\/mysnack.shop\/#organization","name":"MySnack","url":"https:\/\/mysnack.shop\/","logo":{"@type":"ImageObject","inLanguage":"en-US","@id":"https:\/\/mysnack.shop\/#\/schema\/logo\/image\/","url":"https:\/\/mysnack.shop\/wp-content\/uploads\/2023\/09\/MySnack_logo.png","contentUrl":"https:\/\/mysnack.shop\/wp-content\/uploads\/2023\/09\/MySnack_logo.png","width":400,"height":148,"caption":"MySnack"},"image":{"@id":"https:\/\/mysnack.shop\/#\/schema\/logo\/image\/"},"sameAs":["https:\/\/www.facebook.com\/MySnack.ee\/","https:\/\/www.instagram.com\/mysnack_eesti\/"]}]}},"_links":{"self":[{"href":"https:\/\/mysnack.ee\/en\/wp-json\/wp\/v2\/product\/25179","targetHints":{"allow":["GET"]}}],"collection":[{"href":"https:\/\/mysnack.ee\/en\/wp-json\/wp\/v2\/product"}],"about":[{"href":"https:\/\/mysnack.ee\/en\/wp-json\/wp\/v2\/types\/product"}],"wp:featuredmedia":[{"embeddable":true,"href":"https:\/\/mysnack.ee\/en\/wp-json\/wp\/v2\/media\/25541"}],"wp:attachment":[{"href":"https:\/\/mysnack.ee\/en\/wp-json\/wp\/v2\/media?parent=25179"}],"wp:term":[{"taxonomy":"product_brand","embeddable":true,"href":"https:\/\/mysnack.ee\/en\/wp-json\/wp\/v2\/product_brand?post=25179"},{"taxonomy":"product_cat","embeddable":true,"href":"https:\/\/mysnack.ee\/en\/wp-json\/wp\/v2\/product_cat?post=25179"},{"taxonomy":"product_tag","embeddable":true,"href":"https:\/\/mysnack.ee\/en\/wp-json\/wp\/v2\/product_tag?post=25179"}],"curies":[{"name":"wp","href":"https:\/\/api.w.org\/{rel}","templated":true}]}}