{"id":28745,"date":"2024-12-19T08:52:50","date_gmt":"2024-12-19T06:52:50","guid":{"rendered":"https:\/\/mysnack.ee\/?post_type=product&#038;p=28745"},"modified":"2025-10-08T15:08:09","modified_gmt":"2025-10-08T12:08:09","slug":"soft-dried-mango-500g","status":"publish","type":"product","link":"https:\/\/mysnack.ee\/en\/product\/pehme-kuivatatud-mango-500g\/","title":{"rendered":"Soft dried mango 500g"},"content":{"rendered":"<p><strong>Quantity:<\/strong> 500g<\/p>\n<p><strong>100 g of product contains on average:<\/strong><\/p>\n<table style=\"height: 206px;\" width=\"346\">\n<tbody>\n<tr>\n<td>Energy content<\/td>\n<td>339 kcal \/ 1418 kJ<\/td>\n<\/tr>\n<tr>\n<td>Fats<\/td>\n<td>0.2g<\/td>\n<\/tr>\n<tr>\n<td>\u00a0 \u00a0 of which saturated fatty acids<\/td>\n<td>0.2g<\/td>\n<\/tr>\n<tr>\n<td>Carbohydrates<\/td>\n<td>82.2g<\/td>\n<\/tr>\n<tr>\n<td>\u00a0 \u00a0 of which sugars<\/td>\n<td>68.0g<\/td>\n<\/tr>\n<tr>\n<td>Fiber<\/td>\n<td>3.7g<\/td>\n<\/tr>\n<tr>\n<td>Proteins<\/td>\n<td>2.0g<\/td>\n<\/tr>\n<tr>\n<td>Salt<\/td>\n<td>0.16g<\/td>\n<\/tr>\n<\/tbody>\n<\/table>\n<div id=\"accel-snackbar\" style=\"left: 50%; top: 50px;\"><\/div>","protected":false},"excerpt":{"rendered":"<p>Keo Vang mango with the best degree of ripeness in a nice large 500g package!<\/p>\n<p>The best ripe Keo Vang mango variety is carefully selected and processed according to the company&#039;s own method. This gives the product a special aroma and taste that distinguishes it from other dried mango products. Rich in flavor, juicy, aromatic. Rich in vitamin C and high in fiber.<\/p>\n<p>Got an important exam or meeting coming up? Grab a pack of dried mangoes, because mangoes are<span style=\"font-weight: 400;\">\u00a0is rich in glutamic acid, which is an important substance that supports concentration and memory.<\/span><\/p>\n<ul>\n<li style=\"list-style-type: none;\">\n<ul>\n<li>Flavorful<\/li>\n<li>Juicy<\/li>\n<li>Rich in vitamin C and fiber<\/li>\n<li>Suitable for vegans<\/li>\n<\/ul>\n<\/li>\n<\/ul>\n<p><strong>Ingredients:<\/strong> mango 97%, cane sugar, acidity regulator: citric acid, preservative: sodium disulfite.<\/p>\n<p>Keep cool and dry.<\/p>","protected":false},"featured_media":22386,"template":"","meta":{"inline_featured_image":false},"product_brand":[],"product_cat":[428,171],"product_tag":[],"class_list":{"0":"post-28745","1":"product","2":"type-product","3":"status-publish","4":"has-post-thumbnail","6":"product_cat-pehmed-kuivatatud-puuviljad","7":"product_cat-magusad-snakid","8":"pa_kogus-kast","9":"pa_kogus-tukk","10":"pa_sisaldab-gluteenivaba","11":"pa_sisaldab-laktoosivaba","12":"pa_sisaldab-mysnacki-farmist","13":"pa_sisaldab-vegan","15":"first","16":"instock","17":"taxable","18":"shipping-taxable","19":"purchasable","20":"product-type-variable","21":"has-default-attributes"},"yoast_head":"<!-- This site is optimized with the Yoast SEO plugin v27.1.1 - https:\/\/yoast.com\/product\/yoast-seo-wordpress\/ -->\n<title>Pehme kuivatatud mango (suur pakk) | Patuvabad sn\u00e4kid<\/title>\n<meta name=\"description\" content=\"Maitserikas, mahlane ja aromaatne kuivatatud pehme mango on ka laste lemmik. Sobib ka veganitele. N\u00fc\u00fcd suures pakis! Vaata l\u00e4hemalt!\" \/>\n<meta name=\"robots\" content=\"index, follow, max-snippet:-1, max-image-preview:large, max-video-preview:-1\" \/>\n<link rel=\"canonical\" href=\"https:\/\/mysnack.ee\/en\/product\/soft-dried-mango-500g\/\" \/>\n<meta property=\"og:locale\" content=\"en_US\" \/>\n<meta property=\"og:type\" content=\"article\" \/>\n<meta property=\"og:title\" content=\"Pehme kuivatatud mango (suur pakk) | Patuvabad sn\u00e4kid\" \/>\n<meta property=\"og:description\" content=\"Maitserikas, mahlane ja aromaatne kuivatatud pehme mango on ka laste lemmik. Sobib ka veganitele. N\u00fc\u00fcd suures pakis! Vaata l\u00e4hemalt!\" \/>\n<meta property=\"og:url\" content=\"https:\/\/mysnack.ee\/en\/product\/soft-dried-mango-500g\/\" \/>\n<meta property=\"og:site_name\" content=\"MySnack\" \/>\n<meta property=\"article:publisher\" content=\"https:\/\/www.facebook.com\/MySnack.ee\/\" \/>\n<meta property=\"article:modified_time\" content=\"2025-10-08T12:08:09+00:00\" \/>\n<meta property=\"og:image\" content=\"https:\/\/mysnack.ee\/wp-content\/uploads\/2023\/11\/Pehme-kuivatatud-mango-suur-pakk.png\" \/>\n\t<meta property=\"og:image:width\" content=\"1080\" \/>\n\t<meta property=\"og:image:height\" content=\"1080\" \/>\n\t<meta property=\"og:image:type\" content=\"image\/png\" \/>\n<meta name=\"twitter:card\" content=\"summary_large_image\" \/>\n<meta name=\"twitter:label1\" content=\"Est. reading time\" \/>\n\t<meta name=\"twitter:data1\" content=\"1 minute\" \/>\n<script type=\"application\/ld+json\" class=\"yoast-schema-graph\">{\"@context\":\"https:\/\/schema.org\",\"@graph\":[{\"@type\":\"WebPage\",\"@id\":\"https:\/\/mysnack.ee\/toode\/pehme-kuivatatud-mango-500g\/\",\"url\":\"https:\/\/mysnack.ee\/toode\/pehme-kuivatatud-mango-500g\/\",\"name\":\"Pehme kuivatatud mango (suur pakk) | Patuvabad sn\u00e4kid\",\"isPartOf\":{\"@id\":\"https:\/\/mysnack.shop\/#website\"},\"primaryImageOfPage\":{\"@id\":\"https:\/\/mysnack.ee\/toode\/pehme-kuivatatud-mango-500g\/#primaryimage\"},\"image\":{\"@id\":\"https:\/\/mysnack.ee\/toode\/pehme-kuivatatud-mango-500g\/#primaryimage\"},\"thumbnailUrl\":\"https:\/\/mysnack.ee\/wp-content\/uploads\/2023\/11\/Pehme-kuivatatud-mango-suur-pakk.png\",\"datePublished\":\"2024-12-19T06:52:50+00:00\",\"dateModified\":\"2025-10-08T12:08:09+00:00\",\"description\":\"Maitserikas, mahlane ja aromaatne kuivatatud pehme mango on ka laste lemmik. Sobib ka veganitele. N\u00fc\u00fcd suures pakis! Vaata l\u00e4hemalt!\",\"breadcrumb\":{\"@id\":\"https:\/\/mysnack.ee\/toode\/pehme-kuivatatud-mango-500g\/#breadcrumb\"},\"inLanguage\":\"en-US\",\"potentialAction\":[{\"@type\":\"ReadAction\",\"target\":[\"https:\/\/mysnack.ee\/toode\/pehme-kuivatatud-mango-500g\/\"]}]},{\"@type\":\"ImageObject\",\"inLanguage\":\"en-US\",\"@id\":\"https:\/\/mysnack.ee\/toode\/pehme-kuivatatud-mango-500g\/#primaryimage\",\"url\":\"https:\/\/mysnack.ee\/wp-content\/uploads\/2023\/11\/Pehme-kuivatatud-mango-suur-pakk.png\",\"contentUrl\":\"https:\/\/mysnack.ee\/wp-content\/uploads\/2023\/11\/Pehme-kuivatatud-mango-suur-pakk.png\",\"width\":1080,\"height\":1080,\"caption\":\"Pehme kuivatatud mango 250 g pakis\"},{\"@type\":\"BreadcrumbList\",\"@id\":\"https:\/\/mysnack.ee\/toode\/pehme-kuivatatud-mango-500g\/#breadcrumb\",\"itemListElement\":[{\"@type\":\"ListItem\",\"position\":1,\"name\":\"Esileht\",\"item\":\"https:\/\/mysnack.ee\/\"},{\"@type\":\"ListItem\",\"position\":2,\"name\":\"Pood\",\"item\":\"https:\/\/mysnack.ee\/pood\/\"},{\"@type\":\"ListItem\",\"position\":3,\"name\":\"Pehme kuivatatud mango 500g\"}]},{\"@type\":\"WebSite\",\"@id\":\"https:\/\/mysnack.shop\/#website\",\"url\":\"https:\/\/mysnack.shop\/\",\"name\":\"MySnack\",\"description\":\"MySnack E-Pood\",\"publisher\":{\"@id\":\"https:\/\/mysnack.shop\/#organization\"},\"potentialAction\":[{\"@type\":\"SearchAction\",\"target\":{\"@type\":\"EntryPoint\",\"urlTemplate\":\"https:\/\/mysnack.shop\/?s={search_term_string}\"},\"query-input\":{\"@type\":\"PropertyValueSpecification\",\"valueRequired\":true,\"valueName\":\"search_term_string\"}}],\"inLanguage\":\"en-US\"},{\"@type\":\"Organization\",\"@id\":\"https:\/\/mysnack.shop\/#organization\",\"name\":\"MySnack\",\"url\":\"https:\/\/mysnack.shop\/\",\"logo\":{\"@type\":\"ImageObject\",\"inLanguage\":\"en-US\",\"@id\":\"https:\/\/mysnack.shop\/#\/schema\/logo\/image\/\",\"url\":\"https:\/\/mysnack.shop\/wp-content\/uploads\/2023\/09\/MySnack_logo.png\",\"contentUrl\":\"https:\/\/mysnack.shop\/wp-content\/uploads\/2023\/09\/MySnack_logo.png\",\"width\":400,\"height\":148,\"caption\":\"MySnack\"},\"image\":{\"@id\":\"https:\/\/mysnack.shop\/#\/schema\/logo\/image\/\"},\"sameAs\":[\"https:\/\/www.facebook.com\/MySnack.ee\/\",\"https:\/\/www.instagram.com\/mysnack_eesti\/\"]}]}<\/script>\n<!-- \/ Yoast SEO plugin. -->","yoast_head_json":{"title":"Soft dried mango (large pack) | Sinless snacks","description":"Delicious, juicy and aromatic dried soft mango is also a favorite of children. Also suitable for vegans. Now in a large pack! Take a closer look!","robots":{"index":"index","follow":"follow","max-snippet":"max-snippet:-1","max-image-preview":"max-image-preview:large","max-video-preview":"max-video-preview:-1"},"canonical":"https:\/\/mysnack.ee\/en\/product\/soft-dried-mango-500g\/","og_locale":"en_US","og_type":"article","og_title":"Pehme kuivatatud mango (suur pakk) | Patuvabad sn\u00e4kid","og_description":"Maitserikas, mahlane ja aromaatne kuivatatud pehme mango on ka laste lemmik. Sobib ka veganitele. N\u00fc\u00fcd suures pakis! Vaata l\u00e4hemalt!","og_url":"https:\/\/mysnack.ee\/en\/product\/soft-dried-mango-500g\/","og_site_name":"MySnack","article_publisher":"https:\/\/www.facebook.com\/MySnack.ee\/","article_modified_time":"2025-10-08T12:08:09+00:00","og_image":[{"width":1080,"height":1080,"url":"https:\/\/mysnack.ee\/wp-content\/uploads\/2023\/11\/Pehme-kuivatatud-mango-suur-pakk.png","type":"image\/png"}],"twitter_card":"summary_large_image","twitter_misc":{"Est. reading time":"1 minute"},"schema":{"@context":"https:\/\/schema.org","@graph":[{"@type":"WebPage","@id":"https:\/\/mysnack.ee\/toode\/pehme-kuivatatud-mango-500g\/","url":"https:\/\/mysnack.ee\/toode\/pehme-kuivatatud-mango-500g\/","name":"Soft dried mango (large pack) | Sinless snacks","isPartOf":{"@id":"https:\/\/mysnack.shop\/#website"},"primaryImageOfPage":{"@id":"https:\/\/mysnack.ee\/toode\/pehme-kuivatatud-mango-500g\/#primaryimage"},"image":{"@id":"https:\/\/mysnack.ee\/toode\/pehme-kuivatatud-mango-500g\/#primaryimage"},"thumbnailUrl":"https:\/\/mysnack.ee\/wp-content\/uploads\/2023\/11\/Pehme-kuivatatud-mango-suur-pakk.png","datePublished":"2024-12-19T06:52:50+00:00","dateModified":"2025-10-08T12:08:09+00:00","description":"Delicious, juicy and aromatic dried soft mango is also a favorite of children. Also suitable for vegans. Now in a large pack! Take a closer look!","breadcrumb":{"@id":"https:\/\/mysnack.ee\/toode\/pehme-kuivatatud-mango-500g\/#breadcrumb"},"inLanguage":"en-US","potentialAction":[{"@type":"ReadAction","target":["https:\/\/mysnack.ee\/toode\/pehme-kuivatatud-mango-500g\/"]}]},{"@type":"ImageObject","inLanguage":"en-US","@id":"https:\/\/mysnack.ee\/toode\/pehme-kuivatatud-mango-500g\/#primaryimage","url":"https:\/\/mysnack.ee\/wp-content\/uploads\/2023\/11\/Pehme-kuivatatud-mango-suur-pakk.png","contentUrl":"https:\/\/mysnack.ee\/wp-content\/uploads\/2023\/11\/Pehme-kuivatatud-mango-suur-pakk.png","width":1080,"height":1080,"caption":"Pehme kuivatatud mango 250 g pakis"},{"@type":"BreadcrumbList","@id":"https:\/\/mysnack.ee\/toode\/pehme-kuivatatud-mango-500g\/#breadcrumb","itemListElement":[{"@type":"ListItem","position":1,"name":"Esileht","item":"https:\/\/mysnack.ee\/"},{"@type":"ListItem","position":2,"name":"Pood","item":"https:\/\/mysnack.ee\/pood\/"},{"@type":"ListItem","position":3,"name":"Pehme kuivatatud mango 500g"}]},{"@type":"WebSite","@id":"https:\/\/mysnack.shop\/#website","url":"https:\/\/mysnack.shop\/","name":"MySnack","description":"MySnack E-Shop","publisher":{"@id":"https:\/\/mysnack.shop\/#organization"},"potentialAction":[{"@type":"SearchAction","target":{"@type":"EntryPoint","urlTemplate":"https:\/\/mysnack.shop\/?s={search_term_string}"},"query-input":{"@type":"PropertyValueSpecification","valueRequired":true,"valueName":"search_term_string"}}],"inLanguage":"en-US"},{"@type":"Organization","@id":"https:\/\/mysnack.shop\/#organization","name":"MySnack","url":"https:\/\/mysnack.shop\/","logo":{"@type":"ImageObject","inLanguage":"en-US","@id":"https:\/\/mysnack.shop\/#\/schema\/logo\/image\/","url":"https:\/\/mysnack.shop\/wp-content\/uploads\/2023\/09\/MySnack_logo.png","contentUrl":"https:\/\/mysnack.shop\/wp-content\/uploads\/2023\/09\/MySnack_logo.png","width":400,"height":148,"caption":"MySnack"},"image":{"@id":"https:\/\/mysnack.shop\/#\/schema\/logo\/image\/"},"sameAs":["https:\/\/www.facebook.com\/MySnack.ee\/","https:\/\/www.instagram.com\/mysnack_eesti\/"]}]}},"_links":{"self":[{"href":"https:\/\/mysnack.ee\/en\/wp-json\/wp\/v2\/product\/28745","targetHints":{"allow":["GET"]}}],"collection":[{"href":"https:\/\/mysnack.ee\/en\/wp-json\/wp\/v2\/product"}],"about":[{"href":"https:\/\/mysnack.ee\/en\/wp-json\/wp\/v2\/types\/product"}],"wp:featuredmedia":[{"embeddable":true,"href":"https:\/\/mysnack.ee\/en\/wp-json\/wp\/v2\/media\/22386"}],"wp:attachment":[{"href":"https:\/\/mysnack.ee\/en\/wp-json\/wp\/v2\/media?parent=28745"}],"wp:term":[{"taxonomy":"product_brand","embeddable":true,"href":"https:\/\/mysnack.ee\/en\/wp-json\/wp\/v2\/product_brand?post=28745"},{"taxonomy":"product_cat","embeddable":true,"href":"https:\/\/mysnack.ee\/en\/wp-json\/wp\/v2\/product_cat?post=28745"},{"taxonomy":"product_tag","embeddable":true,"href":"https:\/\/mysnack.ee\/en\/wp-json\/wp\/v2\/product_tag?post=28745"}],"curies":[{"name":"wp","href":"https:\/\/api.w.org\/{rel}","templated":true}]}}