{"id":29315,"date":"2026-01-15T13:12:57","date_gmt":"2026-01-15T11:12:57","guid":{"rendered":"https:\/\/mysnack.ee\/?page_id=29315"},"modified":"2026-02-12T14:44:16","modified_gmt":"2026-02-12T12:44:16","slug":"yritysten-valinen","status":"publish","type":"page","link":"https:\/\/mysnack.ee\/fi\/b2b\/","title":{"rendered":""},"content":{"rendered":"<div class=\"wpb-content-wrapper\"><div data-vc-full-width=\"true\" data-vc-full-width-temp=\"true\" data-vc-full-width-init=\"false\" data-vc-stretch-content=\"true\" class=\"vc_row wpb_row vc_row-fluid vc_custom_1769086669804 vc_row-no-padding wd-bg-center-center wd-rs-69721ea10526a wd-section-stretch-content-no-pd\"><div class=\"wpb_column vc_column_container vc_col-sm-12\"><div class=\"vc_column-inner\"><div class=\"wpb_wrapper\">\n\t<div  class=\"wpb_single_image wpb_content_element vc_align_center\">\n\t\t\n\t\t<figure class=\"wpb_wrapper vc_figure\">\n\t\t\t<div class=\"vc_single_image-wrapper   vc_box_border_grey\"><img loading=\"lazy\" decoding=\"async\" width=\"1280\" height=\"487\" src=\"https:\/\/mysnack.ee\/wp-content\/uploads\/2026\/01\/WhatsApp-Image-2026-01-22-at-20.16.12.jpeg\" class=\"vc_single_image-img attachment-full\" alt=\"\" title=\"liity maukkaaseen\" srcset=\"https:\/\/mysnack.ee\/wp-content\/uploads\/2026\/01\/WhatsApp-Image-2026-01-22-at-20.16.12.jpeg 1280w, https:\/\/mysnack.ee\/wp-content\/uploads\/2026\/01\/WhatsApp-Image-2026-01-22-at-20.16.12-400x152.jpeg 400w, https:\/\/mysnack.ee\/wp-content\/uploads\/2026\/01\/WhatsApp-Image-2026-01-22-at-20.16.12-768x292.jpeg 768w, https:\/\/mysnack.ee\/wp-content\/uploads\/2026\/01\/WhatsApp-Image-2026-01-22-at-20.16.12-18x7.jpeg 18w, https:\/\/mysnack.ee\/wp-content\/uploads\/2026\/01\/WhatsApp-Image-2026-01-22-at-20.16.12-700x266.jpeg 700w, https:\/\/mysnack.ee\/wp-content\/uploads\/2026\/01\/WhatsApp-Image-2026-01-22-at-20.16.12-150x57.jpeg 150w\" sizes=\"auto, (max-width: 1280px) 100vw, 1280px\" \/><\/div>\n\t\t<\/figure>\n\t<\/div>\n<\/div><\/div><\/div><\/div><div class=\"vc_row-full-width vc_clearfix\"><\/div><div class=\"vc_row wpb_row vc_row-fluid contact-row\"><div class=\"wpb_column vc_column_container vc_col-sm-6\"><div class=\"vc_column-inner\"><div class=\"wpb_wrapper\"><div class=\"vc_btn3-container vc_btn3-center vc_do_btn\" ><a style=\"background-color:#81D742; color:#FFFFFF;\" class=\"vc_general vc_btn3 vc_btn3-size-md vc_btn3-shape-round vc_btn3-style-custom vc_btn3-icon-right\" href=\"https:\/\/mysnack.ee\/wp-content\/uploads\/2026\/02\/Ellyt-Export-ENG-Catalogue.pdf\" title=\"\">TUOTEKATALOGI EN <i class=\"vc_btn3-icon fa fa-solid fa-file\"><\/i><\/a><\/div>\n\t<div  class=\"wpb_single_image wpb_content_element vc_align_left\">\n\t\t\n\t\t<figure class=\"wpb_wrapper vc_figure\">\n\t\t\t<div class=\"vc_single_image-wrapper   vc_box_border_grey\"><img loading=\"lazy\" decoding=\"async\" width=\"744\" height=\"86\" src=\"https:\/\/mysnack.ee\/wp-content\/uploads\/2026\/01\/Screenshot-2026-01-22-at-18.41.51.png\" class=\"vc_single_image-img attachment-full\" alt=\"\" title=\"Kuvakaappaus 22.1.2026 klo 18.41.51\" srcset=\"https:\/\/mysnack.ee\/wp-content\/uploads\/2026\/01\/Screenshot-2026-01-22-at-18.41.51.png 744w, https:\/\/mysnack.ee\/wp-content\/uploads\/2026\/01\/Screenshot-2026-01-22-at-18.41.51-400x46.png 400w, https:\/\/mysnack.ee\/wp-content\/uploads\/2026\/01\/Screenshot-2026-01-22-at-18.41.51-18x2.png 18w, https:\/\/mysnack.ee\/wp-content\/uploads\/2026\/01\/Screenshot-2026-01-22-at-18.41.51-700x81.png 700w, https:\/\/mysnack.ee\/wp-content\/uploads\/2026\/01\/Screenshot-2026-01-22-at-18.41.51-150x17.png 150w\" sizes=\"auto, (max-width: 744px) 100vw, 744px\" \/><\/div>\n\t\t<\/figure>\n\t<\/div>\n\n\t<div  class=\"wpb_single_image wpb_content_element vc_align_left\">\n\t\t\n\t\t<figure class=\"wpb_wrapper vc_figure\">\n\t\t\t<div class=\"vc_single_image-wrapper   vc_box_border_grey\"><img loading=\"lazy\" decoding=\"async\" width=\"1640\" height=\"624\" src=\"https:\/\/mysnack.ee\/wp-content\/uploads\/2024\/11\/FB-kaanefoto.png\" class=\"vc_single_image-img attachment-full\" alt=\"Maatilakuva tiimin j\u00e4senten kanssa\" title=\"Maatilakuva tiimin j\u00e4senten kanssa\" srcset=\"https:\/\/mysnack.ee\/wp-content\/uploads\/2024\/11\/FB-kaanefoto.png 1640w, https:\/\/mysnack.ee\/wp-content\/uploads\/2024\/11\/FB-kaanefoto-400x152.png 400w, https:\/\/mysnack.ee\/wp-content\/uploads\/2024\/11\/FB-kaanefoto-1300x495.png 1300w, https:\/\/mysnack.ee\/wp-content\/uploads\/2024\/11\/FB-kaanefoto-768x292.png 768w, https:\/\/mysnack.ee\/wp-content\/uploads\/2024\/11\/FB-kaanefoto-1536x584.png 1536w, https:\/\/mysnack.ee\/wp-content\/uploads\/2024\/11\/FB-kaanefoto-700x266.png 700w, https:\/\/mysnack.ee\/wp-content\/uploads\/2024\/11\/FB-kaanefoto-150x57.png 150w\" sizes=\"auto, (max-width: 1640px) 100vw, 1640px\" \/><\/div>\n\t\t<\/figure>\n\t<\/div>\n<\/div><\/div><\/div><div class=\"wpb_column tab-block vc_column_container vc_col-sm-6\"><div class=\"vc_column-inner\"><div class=\"wpb_wrapper\">\n\t<div class=\"wpb_text_column wpb_content_element\" >\n\t\t<div class=\"wpb_wrapper\">\n\t\t\t<h3><b>Ota yhteytt\u00e4 kumppanuutta varten<\/b><\/h3>\n\n\t\t<\/div>\n\t<\/div>\n\n\t<div class=\"wpb_text_column wpb_content_element\" >\n\t\t<div class=\"wpb_wrapper\">\n\t\t\t\n<div class=\"wpcf7 no-js\" id=\"wpcf7-f29314-o1\" lang=\"et\" dir=\"ltr\" data-wpcf7-id=\"29314\">\n<div class=\"screen-reader-response\"><p role=\"status\" aria-live=\"polite\" aria-atomic=\"true\"><\/p> <ul><\/ul><\/div>\n<form action=\"\/fi\/wp-json\/wp\/v2\/pages\/29315#wpcf7-f29314-o1\" method=\"post\" class=\"wpcf7-form init\" aria-label=\"Contact form\" novalidate=\"novalidate\" data-status=\"init\" data-trp-original-action=\"\/fi\/wp-json\/wp\/v2\/pages\/29315#wpcf7-f29314-o1\">\n<fieldset class=\"hidden-fields-container\"><input type=\"hidden\" name=\"_wpcf7\" value=\"29314\" \/><input type=\"hidden\" name=\"_wpcf7_version\" value=\"6.1.5\" \/><input type=\"hidden\" name=\"_wpcf7_locale\" value=\"et\" \/><input type=\"hidden\" name=\"_wpcf7_unit_tag\" value=\"wpcf7-f29314-o1\" \/><input type=\"hidden\" name=\"_wpcf7_container_post\" value=\"0\" \/><input type=\"hidden\" name=\"_wpcf7_posted_data_hash\" value=\"\" \/><input type=\"hidden\" name=\"_wpcf7_recaptcha_response\" value=\"\" \/>\n<\/fieldset>\n<p><label> Yrityksen nimi*<br \/>\n<span class=\"wpcf7-form-control-wrap\" data-name=\"your-name\"><input size=\"40\" maxlength=\"400\" class=\"wpcf7-form-control wpcf7-text wpcf7-validates-as-required\" aria-required=\"true\" aria-invalid=\"false\" value=\"\" type=\"text\" name=\"your-name\" \/><\/span> <\/label>\n<\/p>\n<p><label> S\u00e4hk\u00f6posti*<br \/>\n<span class=\"wpcf7-form-control-wrap\" data-name=\"your-email\"><input size=\"40\" maxlength=\"400\" class=\"wpcf7-form-control wpcf7-email wpcf7-validates-as-required wpcf7-text wpcf7-validates-as-email\" aria-required=\"true\" aria-invalid=\"false\" value=\"\" type=\"email\" name=\"your-email\" \/><\/span> <\/label>\n<\/p>\n<p><label> Miss\u00e4 me tapasimme?<br \/>\n<span class=\"wpcf7-form-control-wrap\" data-name=\"text-266\"><input size=\"40\" maxlength=\"400\" class=\"wpcf7-form-control wpcf7-text\" aria-invalid=\"false\" value=\"\" type=\"text\" name=\"text-266\" \/><\/span><\/label>\n<\/p>\n<p><label> Mist\u00e4 olet kotoisin?<br \/>\n<span class=\"wpcf7-form-control-wrap\" data-name=\"text-266\"><input size=\"40\" maxlength=\"400\" class=\"wpcf7-form-control wpcf7-text\" aria-invalid=\"false\" value=\"\" type=\"text\" name=\"text-266\" \/><\/span><\/label>\n<\/p>\n<p><label> J\u00e4t\u00e4 kommenttisi<br \/>\n<span class=\"wpcf7-form-control-wrap\" data-name=\"text-266\"><input size=\"40\" maxlength=\"700\" class=\"wpcf7-form-control wpcf7-text\" aria-invalid=\"false\" value=\"\" type=\"text\" name=\"text-266\" \/><\/span><\/label>\n<\/p>\n<p><span class=\"wpcf7-form-control-wrap\" data-name=\"acceptance-638\"><span class=\"wpcf7-form-control wpcf7-acceptance optional\"><span class=\"wpcf7-list-item\"><label><input type=\"checkbox\" name=\"acceptance-638\" value=\"1\" aria-invalid=\"false\" \/><span class=\"wpcf7-list-item-label\">Haluaisin saada n\u00e4ytev\u00e4lipalapaketin -&gt; anna mieltymyksesi alla<\/span><\/label><\/span><\/span><\/span><br \/>\n<span class=\"wpcf7-form-control-wrap\" data-name=\"text-957\"><input size=\"40\" maxlength=\"400\" class=\"wpcf7-form-control wpcf7-text\" aria-invalid=\"false\" value=\"\" type=\"text\" name=\"text-957\" \/><\/span><br \/>\n<div class=\"cf7-cf-turnstile\" style=\"margin-top: 0px; margin-bottom: -15px;\"> <div id=\"cf-turnstile-cf7-525651666\" class=\"cf-turnstile\" data-sitekey=\"0x4AAAAAACOJdKNPDkDXE_y4\" data-theme=\"light\" data-language=\"auto\" data-size=\"normal\" data-retry=\"auto\" data-retry-interval=\"1000\" data-refresh-expired=\"auto\" data-action=\"contact-form-7\" data-appearance=\"always\"><\/div> <script>document.addEventListener(\"DOMContentLoaded\", function() { setTimeout(function(){ var e=document.getElementById(\"cf-turnstile-cf7-525651666\"); e&&!e.innerHTML.trim()&&(turnstile.remove(\"#cf-turnstile-cf7-525651666\"), turnstile.render(\"#cf-turnstile-cf7-525651666\", {sitekey:\"0x4AAAAAACOJdKNPDkDXE_y4\"})); }, 100); });<\/script> <br class=\"cf-turnstile-br cf-turnstile-br-cf7-525651666\"> <style>#cf-turnstile-cf7-525651666 { margin-left: -15px; }<\/style> <script>document.addEventListener(\"DOMContentLoaded\",function(){document.querySelectorAll('.wpcf7-form').forEach(function(e){e.addEventListener('submit',function(){if(document.getElementById('cf-turnstile-cf7-525651666')){setTimeout(function(){turnstile.reset('#cf-turnstile-cf7-525651666');},1000)}})})});<\/script> <\/div><br\/><input class=\"wpcf7-form-control wpcf7-submit has-spinner\" type=\"submit\" value=\"L\u00e4het\u00e4\" \/>\n<\/p><div class=\"wpcf7-response-output\" aria-hidden=\"true\"><\/div>\n<input type=\"hidden\" name=\"trp-form-language\" value=\"fi\"\/><\/form>\n<\/div>\n\n\n\t\t<\/div>\n\t<\/div>\n\n\t<div class=\"wpb_text_column wpb_content_element\" >\n\t\t<div class=\"wpb_wrapper\">\n\t\t\t<h2>Lis\u00e4tietoja<\/h2>\n\n\t\t<\/div>\n\t<\/div>\n<div class=\"vc_icon_element vc_icon_element-outer vc_custom_1769094028138 vc_do_icon vc_icon_element-align-left\"><div class=\"vc_icon_element-inner vc_icon_element-color-custom vc_icon_element-size-md vc_icon_element-style- vc_icon_element-background-color-grey\" ><span class=\"vc_icon_element-icon fa fa-brands fa-square-facebook\" style=\"color:#000000 !important\"><\/span><a class=\"vc_icon_element-link\" href=\"https:\/\/www.facebook.com\/MySnack.ee\/\"  title=\"\" target=\"_self\"><\/a><\/div><\/div><div class=\"vc_icon_element vc_icon_element-outer vc_custom_1769094162308 vc_do_icon vc_icon_element-align-left\"><div class=\"vc_icon_element-inner vc_icon_element-color-custom vc_icon_element-size-md vc_icon_element-style- vc_icon_element-background-color-grey\" ><span class=\"vc_icon_element-icon fa fa-brands fa-instagram\" style=\"color:#000000 !important\"><\/span><a class=\"vc_icon_element-link\" href=\"https:\/\/www.instagram.com\/mysnack_eesti?igsh=OTJ0eHZtZzkyZTN6\"  title=\"\" target=\"_self\"><\/a><\/div><\/div><div class=\"vc_tta-container\" data-vc-action=\"collapseAll\"><div class=\"vc_general vc_tta vc_tta-accordion vc_tta-color-white vc_tta-style-classic vc_tta-shape-rounded vc_tta-spacing-15 vc_tta-gap-15 vc_tta-controls-align-default vc_tta-o-all-clickable\"><div class=\"vc_tta-panels-container\"><div class=\"vc_tta-panels\"><div class=\"vc_tta-panel\" id=\"1769086065657-d9e9e8f9-d4dd\" data-vc-content=\".vc_tta-panel-body\"><div class=\"vc_tta-panel-heading\"><h4 class=\"vc_tta-panel-title vc_tta-controls-icon-position-right\"><a href=\"#1769086065657-d9e9e8f9-d4dd\" data-vc-accordion data-vc-container=\".vc_tta-container\"><span class=\"vc_tta-title-text\">Osoite<\/span><i class=\"vc_tta-controls-icon vc_tta-controls-icon-plus\"><\/i><\/a><\/h4><\/div><div class=\"vc_tta-panel-body\">\n\t<div class=\"wpb_text_column wpb_content_element\" >\n\t\t<div class=\"wpb_wrapper\">\n\t\t\t<p class=\"translation-block\">Premium Brands O\u00dc<br> Rek.: 12472885<br> Vae 4<br> Laagri 76401 Harjumaa<\/p>\n\n\t\t<\/div>\n\t<\/div>\n<\/div><\/div><div class=\"vc_tta-panel\" id=\"1769086065658-82e9d39c-a444\" data-vc-content=\".vc_tta-panel-body\"><div class=\"vc_tta-panel-heading\"><h4 class=\"vc_tta-panel-title vc_tta-controls-icon-position-right\"><a href=\"#1769086065658-82e9d39c-a444\" data-vc-accordion data-vc-container=\".vc_tta-container\"><span class=\"vc_tta-title-text\">Asiakastuki<\/span><i class=\"vc_tta-controls-icon vc_tta-controls-icon-plus\"><\/i><\/a><\/h4><\/div><div class=\"vc_tta-panel-body\">\n\t<div class=\"wpb_text_column wpb_content_element\" >\n\t\t<div class=\"wpb_wrapper\">\n\t\t\t<p>Ma-pe 10:00 \u2013 15:00<\/p>\n<p><a href=\"tel:37258554410\">+372 58554410<\/a><\/p>\n<p><a href=\"mailto:info@premiumbrands.ee\">b2b@ellyt.eu<\/a><\/p>\n\n\t\t<\/div>\n\t<\/div>\n<\/div><\/div><div class=\"vc_tta-panel\" id=\"1769086065658-3a19c7aa-e608\" data-vc-content=\".vc_tta-panel-body\"><div class=\"vc_tta-panel-heading\"><h4 class=\"vc_tta-panel-title vc_tta-controls-icon-position-right\"><a href=\"#1769086065658-3a19c7aa-e608\" data-vc-accordion data-vc-container=\".vc_tta-container\"><span class=\"vc_tta-title-text\">Laskutus<\/span><i class=\"vc_tta-controls-icon vc_tta-controls-icon-plus\"><\/i><\/a><\/h4><\/div><div class=\"vc_tta-panel-body\">\n\t<div class=\"wpb_text_column wpb_content_element\" >\n\t\t<div class=\"wpb_wrapper\">\n\t\t\t<p>IBAN: EE22 2200 2210 5955 0089<br \/>\n<b>(SWEDBANK AS)<\/b><\/p>\n\n\t\t<\/div>\n\t<\/div>\n<\/div><\/div><\/div><\/div><\/div><\/div><\/div><\/div><\/div><\/div><div data-vc-full-width=\"true\" data-vc-full-width-temp=\"true\" data-vc-full-width-init=\"false\" data-vc-stretch-content=\"true\" class=\"vc_row wpb_row vc_row-fluid vc_custom_1715722484556 vc_row-has-fill vc_row-no-padding wd-rs-6643d8d73f704\"><div class=\"wpb_column vc_column_container vc_col-sm-12\"><div class=\"vc_column-inner vc_custom_1514273768525\"><div class=\"wpb_wrapper\">\t\t\t<div id=\"wd-697234fc1ac7d\" class=\"wd-row-divider wd-697234fc1ac7d dvr-position-bottom dvr-style-curved-line\">\n\t\t\t\t<svg xmlns=\"http:\/\/www.w3.org\/2000\/svg\" xmlns:xlink=\"http:\/\/www.w3.org\/1999\/xlink\" x=\"0px\" y=\"0px\"\n\t viewbox=\"0 0 100 100\" width=\"100%\" height=\"50px\" preserveaspectratio=\"none\">\n<path display=\"none\" d=\"M100,25.8V100H0V52.5c-4.9-6.8-9.5-13.8-15-19.7V101h125V20.9C106.3,22,103,23.7,100,25.8z\"\/>\n<path d=\"M100,100V0.8C77.8,21.4,71.3,70.5,38.6,70.5c-18.8,0-29.1-16.2-38.6-34V100H100z\"\/>\n<\/svg>\n\t\t\t\t\t\t\t<\/div>\n\t\t<\/div><\/div><\/div><\/div><div class=\"vc_row-full-width vc_clearfix\"><\/div><div data-vc-full-width=\"true\" data-vc-full-width-temp=\"true\" data-vc-full-width-init=\"false\" class=\"vc_row wpb_row vc_row-fluid vc_custom_1769092252434 vc_row-has-fill wd-rs-6972348324bfe\"><div class=\"wpb_column vc_column_container vc_col-sm-12\"><div class=\"vc_column-inner\"><div class=\"wpb_wrapper\">\n\t\t<div id=\"wd-69724653bef55\" class=\"title-wrapper wd-wpb wd-set-mb reset-last-child  wd-rs-69724653bef55 wd-title-color-default wd-title-style-image text-center  wd-underline-colored\">\n\t\t\t\n\t\t\t<div class=\"liner-continer\">\n\t\t\t\t<h2 class=\"woodmart-title-container title  wd-font-weight-700 wd-fontsize-xxl\" >Aitoja hedelm\u00e4snackseja, jotka myyv\u00e4t \u2013 arvoilla, joiden takana j\u00e4lleenmyyj\u00e4t voivat seist\u00e4<\/h2>\n\t\t\t\t\t\t\t<\/div>\n\t\t\t\n\t\t\t\n\t\t\t\n\t\t<\/div>\n\t\t\n\t\t\n\t<div class=\"wpb_text_column wpb_content_element\" >\n\t\t<div class=\"wpb_wrapper\">\n\t\t\t<p style=\"font-weight: 400; text-align: center;\">ELLYT on terveellinen v\u00e4lipalamerkki, joka on valmistettu vain aidoista hedelmist\u00e4 ilman tarpeettomia lis\u00e4aineita tai gluteenia.<br \/>\nTuotteemme auttavat kumppaneitaan laajentamaan valikoimaansa korkealaatuisella ja terveellisill\u00e4 v\u00e4lipaloilla, jotka vastaavat nykyaikaisten ja tietoisten kuluttajien odotuksiin.<\/p>\n<p style=\"font-weight: 400; text-align: center;\">Yhteisty\u00f6 kanssamme tarkoittaa erottuvan ja luotettavan tuotteen lis\u00e4\u00e4mist\u00e4, joka tukee sek\u00e4 br\u00e4ndin arvoa ett\u00e4 myynnin kasvua.<\/p>\n<h3 style=\"text-align: center;\"><b>Miksi j\u00e4lleenmyyj\u00e4t ty\u00f6skentelev\u00e4t ELLYT:n kanssa<\/b><\/h3>\n<div style=\"text-align: center;\">\n<p class=\"elementToProof\">V\u00e4lipalatuotteemme vahvistavat valikoimaamme erottuvalla ja korkealaatuisella tarjonnalla, joka toimii hyvin v\u00e4hitt\u00e4iskaupassa, ravitsemuspalveluissa ja noutokanavissa. Yhteisty\u00f6 Ellytin kanssa tarkoittaa luotettavaa toimitusta, vahvoja br\u00e4ndiarvoja ja tuotteita, jotka tukevat pitk\u00e4n aikav\u00e4lin tuoteryhm\u00e4n kasvua.<\/p>\n<h3 style=\"text-align: center;\">Hyv\u00e4ntekev\u00e4isyys Skandinaviassa<\/h3>\n<div style=\"text-align: center;\">\n<div class=\"elementToProof\" style=\"text-align: center;\">Skandinaviassa tuemme yhteis\u00f6j\u00e4 lahjoittamalla tuotteitamme tapahtumiin ja aloitteisiin, jotka edist\u00e4v\u00e4t terveellisi\u00e4 ja aktiivisia el\u00e4m\u00e4ntapoja. Keskitymme erityisesti nuorisokasvatukseen, ruohonjuuritason urheiluun ja virkistystoimintaan kannustaen parempiin el\u00e4m\u00e4ntapoihin jo varhain.<\/div>\n<div class=\"elementToProof\" style=\"text-align: center;\">N\u00e4ill\u00e4 toimilla Ellyt pyrkii luomaan positiivisen vaikutuksen itse tuotteen lis\u00e4ksi.<\/div>\n<p style=\"text-align: center;\"><\/div>\n<p>&nbsp;\n<\/p><\/div>\n\n\t\t<\/div>\n\t<\/div>\n<\/div><\/div><\/div><\/div><div class=\"vc_row-full-width vc_clearfix\"><\/div><div data-vc-full-width=\"true\" data-vc-full-width-temp=\"true\" data-vc-full-width-init=\"false\" data-vc-stretch-content=\"true\" class=\"vc_row wpb_row vc_row-fluid vc_custom_1715722538561 vc_row-has-fill vc_row-no-padding wd-rs-6643d9249c3e5\"><div class=\"wpb_column vc_column_container vc_col-sm-12 wd-rs-697239d3e7e48\"><div class=\"vc_column-inner vc_custom_1769093626139\"><div class=\"wpb_wrapper\">\t\t\t<div id=\"wd-697235f0d5cb7\" class=\"wd-row-divider wd-697235f0d5cb7 dvr-position-top dvr-style-curved-line\">\n\t\t\t\t<svg xmlns=\"http:\/\/www.w3.org\/2000\/svg\" class=\"wd-divider\" xmlns:xlink=\"http:\/\/www.w3.org\/1999\/xlink\" x=\"0px\" y=\"0px\"\n\t viewbox=\"0 0 100 100\" width=\"100%\" height=\"50px\" preserveaspectratio=\"none\">\n<path class=\"elementor-shape-fill\" display=\"none\" d=\"M100,25.8V100H0V52.5c-4.9-6.8-9.5-13.8-15-19.7V101h125V20.9C106.3,22,103,23.7,100,25.8z\"\/>\n<path class=\"elementor-shape-fill\" d=\"M0,0v99c22-20.6,28.7-69.7,61.4-69.7c18.8,0,29.1,16.2,38.6,34V0L0,0z\"\/>\n<\/svg>\n\t\t\t\t\t\t\t<\/div>\n\t\t<\/div><\/div><\/div><\/div><div class=\"vc_row-full-width vc_clearfix\"><\/div>\n<\/div>","protected":false},"excerpt":{"rendered":"PRODUCT CATALOGUE EN Contact us for partnership Business name* E-mail* Where did we meet? Where are you from? Leave your","protected":false},"author":5330,"featured_media":0,"parent":0,"menu_order":0,"comment_status":"closed","ping_status":"closed","template":"","meta":{"inline_featured_image":false,"footnotes":""},"class_list":["post-29315","page","type-page","status-publish","hentry"],"yoast_head":"<!-- This site is optimized with the Yoast SEO plugin v27.1.1 - https:\/\/yoast.com\/product\/yoast-seo-wordpress\/ -->\n<title>B2B - MySnack<\/title>\n<meta name=\"description\" content=\"V\u00f5ta meiega \u00fchendust \u2013 MySnacki tiim on valmis vastama su k\u00fcsimustele ja aitama sobiva lahenduse leidmisel.\" \/>\n<meta name=\"robots\" content=\"index, follow, max-snippet:-1, max-image-preview:large, max-video-preview:-1\" \/>\n<link rel=\"canonical\" href=\"https:\/\/mysnack.ee\/fi\/yritysten-valinen\/\" \/>\n<meta property=\"og:locale\" content=\"fi_FI\" \/>\n<meta property=\"og:type\" content=\"article\" \/>\n<meta property=\"og:title\" content=\"B2B - MySnack\" \/>\n<meta property=\"og:description\" content=\"V\u00f5ta meiega \u00fchendust \u2013 MySnacki tiim on valmis vastama su k\u00fcsimustele ja aitama sobiva lahenduse leidmisel.\" \/>\n<meta property=\"og:url\" content=\"https:\/\/mysnack.ee\/fi\/yritysten-valinen\/\" \/>\n<meta property=\"og:site_name\" content=\"MySnack\" \/>\n<meta property=\"article:publisher\" content=\"https:\/\/www.facebook.com\/MySnack.ee\/\" \/>\n<meta property=\"article:modified_time\" content=\"2026-02-12T12:44:16+00:00\" \/>\n<meta property=\"og:image\" content=\"https:\/\/mysnack.ee\/wp-content\/uploads\/2024\/11\/Facebook-cover-pic-.png\" \/>\n\t<meta property=\"og:image:width\" content=\"1640\" \/>\n\t<meta property=\"og:image:height\" content=\"624\" \/>\n\t<meta property=\"og:image:type\" content=\"image\/png\" \/>\n<meta name=\"twitter:card\" content=\"summary_large_image\" \/>\n<meta name=\"twitter:label1\" content=\"Arvioitu lukuaika\" \/>\n\t<meta name=\"twitter:data1\" content=\"1 minuutti\" \/>\n<script type=\"application\/ld+json\" class=\"yoast-schema-graph\">{\"@context\":\"https:\/\/schema.org\",\"@graph\":[{\"@type\":\"WebPage\",\"@id\":\"https:\/\/mysnack.ee\/b2b\/\",\"url\":\"https:\/\/mysnack.ee\/b2b\/\",\"name\":\"B2B - MySnack\",\"isPartOf\":{\"@id\":\"https:\/\/mysnack.shop\/#website\"},\"datePublished\":\"2026-01-15T11:12:57+00:00\",\"dateModified\":\"2026-02-12T12:44:16+00:00\",\"description\":\"V\u00f5ta meiega \u00fchendust \u2013 MySnacki tiim on valmis vastama su k\u00fcsimustele ja aitama sobiva lahenduse leidmisel.\",\"inLanguage\":\"fi\",\"potentialAction\":[{\"@type\":\"ReadAction\",\"target\":[\"https:\/\/mysnack.ee\/b2b\/\"]}]},{\"@type\":\"WebSite\",\"@id\":\"https:\/\/mysnack.shop\/#website\",\"url\":\"https:\/\/mysnack.shop\/\",\"name\":\"MySnack\",\"description\":\"MySnack E-Pood\",\"publisher\":{\"@id\":\"https:\/\/mysnack.shop\/#organization\"},\"potentialAction\":[{\"@type\":\"SearchAction\",\"target\":{\"@type\":\"EntryPoint\",\"urlTemplate\":\"https:\/\/mysnack.shop\/?s={search_term_string}\"},\"query-input\":{\"@type\":\"PropertyValueSpecification\",\"valueRequired\":true,\"valueName\":\"search_term_string\"}}],\"inLanguage\":\"fi\"},{\"@type\":\"Organization\",\"@id\":\"https:\/\/mysnack.shop\/#organization\",\"name\":\"MySnack\",\"url\":\"https:\/\/mysnack.shop\/\",\"logo\":{\"@type\":\"ImageObject\",\"inLanguage\":\"fi\",\"@id\":\"https:\/\/mysnack.shop\/#\/schema\/logo\/image\/\",\"url\":\"https:\/\/mysnack.shop\/wp-content\/uploads\/2023\/09\/MySnack_logo.png\",\"contentUrl\":\"https:\/\/mysnack.shop\/wp-content\/uploads\/2023\/09\/MySnack_logo.png\",\"width\":400,\"height\":148,\"caption\":\"MySnack\"},\"image\":{\"@id\":\"https:\/\/mysnack.shop\/#\/schema\/logo\/image\/\"},\"sameAs\":[\"https:\/\/www.facebook.com\/MySnack.ee\/\",\"https:\/\/www.instagram.com\/mysnack_eesti\/\"]}]}<\/script>\n<!-- \/ Yoast SEO plugin. -->","yoast_head_json":{"title":"B2B - MySnack","description":"Ota yhteytt\u00e4 \u2013 MySnack-tiimi on valmiina vastaamaan kysymyksiisi ja auttamaan sinua l\u00f6yt\u00e4m\u00e4\u00e4n sopivan ratkaisun.","robots":{"index":"index","follow":"follow","max-snippet":"max-snippet:-1","max-image-preview":"max-image-preview:large","max-video-preview":"max-video-preview:-1"},"canonical":"https:\/\/mysnack.ee\/fi\/yritysten-valinen\/","og_locale":"fi_FI","og_type":"article","og_title":"B2B - MySnack","og_description":"V\u00f5ta meiega \u00fchendust \u2013 MySnacki tiim on valmis vastama su k\u00fcsimustele ja aitama sobiva lahenduse leidmisel.","og_url":"https:\/\/mysnack.ee\/fi\/yritysten-valinen\/","og_site_name":"MySnack","article_publisher":"https:\/\/www.facebook.com\/MySnack.ee\/","article_modified_time":"2026-02-12T12:44:16+00:00","og_image":[{"width":1640,"height":624,"url":"https:\/\/mysnack.ee\/wp-content\/uploads\/2024\/11\/Facebook-cover-pic-.png","type":"image\/png"}],"twitter_card":"summary_large_image","twitter_misc":{"Arvioitu lukuaika":"1 minuutti"},"schema":{"@context":"https:\/\/schema.org","@graph":[{"@type":"WebPage","@id":"https:\/\/mysnack.ee\/b2b\/","url":"https:\/\/mysnack.ee\/b2b\/","name":"B2B - MySnack","isPartOf":{"@id":"https:\/\/mysnack.shop\/#website"},"datePublished":"2026-01-15T11:12:57+00:00","dateModified":"2026-02-12T12:44:16+00:00","description":"Ota yhteytt\u00e4 \u2013 MySnack-tiimi on valmiina vastaamaan kysymyksiisi ja auttamaan sinua l\u00f6yt\u00e4m\u00e4\u00e4n sopivan ratkaisun.","inLanguage":"fi","potentialAction":[{"@type":"ReadAction","target":["https:\/\/mysnack.ee\/b2b\/"]}]},{"@type":"WebSite","@id":"https:\/\/mysnack.shop\/#website","url":"https:\/\/mysnack.shop\/","name":"MySnack","description":"MySnack-verkkokauppa","publisher":{"@id":"https:\/\/mysnack.shop\/#organization"},"potentialAction":[{"@type":"SearchAction","target":{"@type":"EntryPoint","urlTemplate":"https:\/\/mysnack.shop\/?s={search_term_string}"},"query-input":{"@type":"PropertyValueSpecification","valueRequired":true,"valueName":"search_term_string"}}],"inLanguage":"fi"},{"@type":"Organization","@id":"https:\/\/mysnack.shop\/#organization","name":"MySnack","url":"https:\/\/mysnack.shop\/","logo":{"@type":"ImageObject","inLanguage":"fi","@id":"https:\/\/mysnack.shop\/#\/schema\/logo\/image\/","url":"https:\/\/mysnack.shop\/wp-content\/uploads\/2023\/09\/MySnack_logo.png","contentUrl":"https:\/\/mysnack.shop\/wp-content\/uploads\/2023\/09\/MySnack_logo.png","width":400,"height":148,"caption":"MySnack"},"image":{"@id":"https:\/\/mysnack.shop\/#\/schema\/logo\/image\/"},"sameAs":["https:\/\/www.facebook.com\/MySnack.ee\/","https:\/\/www.instagram.com\/mysnack_eesti\/"]}]}},"_links":{"self":[{"href":"https:\/\/mysnack.ee\/fi\/wp-json\/wp\/v2\/pages\/29315","targetHints":{"allow":["GET"]}}],"collection":[{"href":"https:\/\/mysnack.ee\/fi\/wp-json\/wp\/v2\/pages"}],"about":[{"href":"https:\/\/mysnack.ee\/fi\/wp-json\/wp\/v2\/types\/page"}],"author":[{"embeddable":true,"href":"https:\/\/mysnack.ee\/fi\/wp-json\/wp\/v2\/users\/5330"}],"replies":[{"embeddable":true,"href":"https:\/\/mysnack.ee\/fi\/wp-json\/wp\/v2\/comments?post=29315"}],"version-history":[{"count":16,"href":"https:\/\/mysnack.ee\/fi\/wp-json\/wp\/v2\/pages\/29315\/revisions"}],"predecessor-version":[{"id":29531,"href":"https:\/\/mysnack.ee\/fi\/wp-json\/wp\/v2\/pages\/29315\/revisions\/29531"}],"wp:attachment":[{"href":"https:\/\/mysnack.ee\/fi\/wp-json\/wp\/v2\/media?parent=29315"}],"curies":[{"name":"wp","href":"https:\/\/api.w.org\/{rel}","templated":true}]}}