{"id":10455,"date":"2021-07-18T16:51:49","date_gmt":"2021-07-18T13:51:49","guid":{"rendered":"https:\/\/mysnack.ee\/?post_type=product&#038;p=10455"},"modified":"2025-04-28T15:06:27","modified_gmt":"2025-04-28T12:06:27","slug":"pehmea-kuivattu-ananas","status":"publish","type":"product","link":"https:\/\/mysnack.ee\/fi\/product\/pehme-kuivatatud-ananass\/","title":{"rendered":"Pehme\u00e4 kuivattu ananas 80 g"},"content":{"rendered":"<div style=\"width: 1920px;\" class=\"wp-video\"><video class=\"wp-video-shortcode\" id=\"video-10455-1\" width=\"1920\" height=\"1080\" preload=\"metadata\" controls=\"controls\"><source type=\"video\/mp4\" src=\"https:\/\/mysnack.ee\/wp-content\/uploads\/2024\/06\/MS-ananass.mp4?_=1\" \/><a href=\"https:\/\/mysnack.ee\/wp-content\/uploads\/2024\/06\/MS-ananass.mp4\">https:\/\/mysnack.ee\/wp-content\/uploads\/2024\/06\/MS-ananass.mp4<\/a><\/video><\/div>\n<p>&nbsp;<\/p>\n<p><strong>M\u00e4\u00e4r\u00e4<\/strong>80 g<\/p>\n<p><strong>100 g tuotetta sis\u00e4lt\u00e4\u00e4 keskim\u00e4\u00e4rin:<\/strong><\/p>\n<table>\n<tbody>\n<tr>\n<td>Energiasis\u00e4lt\u00f6<\/td>\n<td>362 kcal \/ 1516 kJ<\/td>\n<\/tr>\n<tr>\n<td>Rasvat<\/td>\n<td>0,36 g<\/td>\n<\/tr>\n<tr>\n<td>\u00a0 \u00a0 josta tyydyttyneit\u00e4 rasvahappoja<\/td>\n<td>0 grammaa<\/td>\n<\/tr>\n<tr>\n<td>Hiilihydraatit<\/td>\n<td>88,4 g<\/td>\n<\/tr>\n<tr>\n<td>\u00a0 \u00a0 josta sokereita<\/td>\n<td>71,9 g<\/td>\n<\/tr>\n<tr>\n<td>Kuitu<\/td>\n<td>3 grammaa<\/td>\n<\/tr>\n<tr>\n<td>Proteiinit<\/td>\n<td>1,35 grammaa<\/td>\n<\/tr>\n<tr>\n<td>Suolaa<\/td>\n<td>0,175 g<\/td>\n<\/tr>\n<\/tbody>\n<\/table>\n<div id=\"accel-snackbar\" style=\"left: 50%; top: 50px;\"><\/div>","protected":false},"excerpt":{"rendered":"<p>Mehukkaita ananasviipaleita, joiden ihanaa makua on yksinkertaisesti vaikea sanoin kuvailla!<\/p>\n<p><span style=\"font-weight: 400;\">Nyky\u00e4\u00e4n ananaksella on monia hy\u00f6dyllisi\u00e4 terveysvaikutuksia, esimerkiksi se yhdistet\u00e4\u00e4n ruoansulatuksen tukemiseen, vastustuskyvyn vahvistamiseen ja sairauksien torjuntaan.<\/span><\/p>\n<ul>\n<li style=\"list-style-type: none;\">\n<ul>\n<li>Korkea C-vitamiinipitoisuus<\/li>\n<li>100 g tuotetta sis\u00e4lt\u00e4\u00e4 451,3 % C-vitamiinin p\u00e4ivitt\u00e4isest\u00e4 tarpeesta, 41,3 % kaliumin p\u00e4ivitt\u00e4isest\u00e4 tarpeesta ja 1,21 % kalsiumin p\u00e4ivitt\u00e4isest\u00e4 tarpeesta.<\/li>\n<li>Korkea kuitupitoisuus<\/li>\n<li>Lis\u00e4\u00e4mme v\u00e4himm\u00e4ism\u00e4\u00e4r\u00e4n ruokosokeria<\/li>\n<li>Luonnostaan makea, sis\u00e4lt\u00e4\u00e4 luonnostaan hedelm\u00e4sokeria<\/li>\n<li>Hedelm\u00e4mme saattavat luonnostaan tummua ajan my\u00f6t\u00e4 pakkauksessa. T\u00e4m\u00e4 johtuu eritt\u00e4in pienest\u00e4 sulfiittim\u00e4\u00e4r\u00e4st\u00e4, jota lis\u00e4\u00e4mme vain tarvittavan m\u00e4\u00e4r\u00e4n (0,01%) verrattuna normaalisti lis\u00e4tt\u00e4viin sulfiitteihin pit\u00e4\u00e4ksemme hedelm\u00e4t tuoreina ja est\u00e4\u00e4ksemme homeen muodostumisen.<\/li>\n<li>1000 g kyps\u00e4\u00e4 ananasta k\u00e4ytet\u00e4\u00e4n 100 g:n kuivatuotteen valmistukseen.<\/li>\n<li>Sopii vegaaneille<\/li>\n<\/ul>\n<\/li>\n<\/ul>\n<p><strong>Ainesosat:<\/strong> ananas 95%, ruokosokeri, happamuudens\u00e4\u00e4t\u00f6aine: sitruunahappo, s\u00e4il\u00f6nt\u00e4aine: natriumdisulfiitti.<\/p>\n<p>S\u00e4ilyt\u00e4 viile\u00e4ss\u00e4 ja kuivassa paikassa.<\/p>\n<div id=\"accel-snackbar\" style=\"left: 50%; top: 50px;\"><\/div>","protected":false},"featured_media":27021,"template":"","meta":{"inline_featured_image":false},"product_brand":[],"product_cat":[428,171],"product_tag":[],"class_list":{"0":"post-10455","1":"product","2":"type-product","3":"status-publish","4":"has-post-thumbnail","6":"product_cat-pehmed-kuivatatud-puuviljad","7":"product_cat-magusad-snakid","8":"pa_kogus-kast","9":"pa_kogus-tukk","10":"pa_sisaldab-gluteenivaba","11":"pa_sisaldab-laktoosivaba","12":"pa_sisaldab-mysnacki-farmist","13":"pa_sisaldab-vegan","15":"first","16":"instock","17":"taxable","18":"shipping-taxable","19":"purchasable","20":"product-type-variable","21":"has-default-attributes"},"yoast_head":"<!-- This site is optimized with the Yoast SEO plugin v27.1.1 - https:\/\/yoast.com\/product\/yoast-seo-wordpress\/ -->\n<title>Pehme kuivatatud ananass | Patuvabad sn\u00e4kid<\/title>\n<meta name=\"description\" content=\"Pehmed mahlased maitserikkad ananassiviilud, mis sisaldavad C-vitamiini, on head tervisele ning sobivad ka veganitele. Vaata l\u00e4hemalt!\" \/>\n<meta name=\"robots\" content=\"index, follow, max-snippet:-1, max-image-preview:large, max-video-preview:-1\" \/>\n<link rel=\"canonical\" href=\"https:\/\/mysnack.ee\/fi\/tuote\/pehmea-kuivattu-ananas\/\" \/>\n<meta property=\"og:locale\" content=\"fi_FI\" \/>\n<meta property=\"og:type\" content=\"article\" \/>\n<meta property=\"og:title\" content=\"Pehme kuivatatud ananass | Patuvabad sn\u00e4kid\" \/>\n<meta property=\"og:description\" content=\"Pehmed mahlased maitserikkad ananassiviilud, mis sisaldavad C-vitamiini, on head tervisele ning sobivad ka veganitele. Vaata l\u00e4hemalt!\" \/>\n<meta property=\"og:url\" content=\"https:\/\/mysnack.ee\/fi\/tuote\/pehmea-kuivattu-ananas\/\" \/>\n<meta property=\"og:site_name\" content=\"MySnack\" \/>\n<meta property=\"article:publisher\" content=\"https:\/\/www.facebook.com\/MySnack.ee\/\" \/>\n<meta property=\"article:modified_time\" content=\"2025-04-28T12:06:27+00:00\" \/>\n<meta property=\"og:image\" content=\"https:\/\/mysnack.ee\/wp-content\/uploads\/2023\/11\/Mocuk-up_Pineapple_front_v2-copy.png\" \/>\n\t<meta property=\"og:image:width\" content=\"1432\" \/>\n\t<meta property=\"og:image:height\" content=\"1432\" \/>\n\t<meta property=\"og:image:type\" content=\"image\/png\" \/>\n<meta name=\"twitter:card\" content=\"summary_large_image\" \/>\n<meta name=\"twitter:label1\" content=\"Arvioitu lukuaika\" \/>\n\t<meta name=\"twitter:data1\" content=\"1 minuutti\" \/>\n<script type=\"application\/ld+json\" class=\"yoast-schema-graph\">{\"@context\":\"https:\/\/schema.org\",\"@graph\":[{\"@type\":\"WebPage\",\"@id\":\"https:\/\/mysnack.ee\/toode\/pehme-kuivatatud-ananass\/\",\"url\":\"https:\/\/mysnack.ee\/toode\/pehme-kuivatatud-ananass\/\",\"name\":\"Pehme kuivatatud ananass | Patuvabad sn\u00e4kid\",\"isPartOf\":{\"@id\":\"https:\/\/mysnack.shop\/#website\"},\"primaryImageOfPage\":{\"@id\":\"https:\/\/mysnack.ee\/toode\/pehme-kuivatatud-ananass\/#primaryimage\"},\"image\":{\"@id\":\"https:\/\/mysnack.ee\/toode\/pehme-kuivatatud-ananass\/#primaryimage\"},\"thumbnailUrl\":\"https:\/\/mysnack.ee\/wp-content\/uploads\/2023\/11\/Mocuk-up_Pineapple_front_v2-copy.png\",\"datePublished\":\"2021-07-18T13:51:49+00:00\",\"dateModified\":\"2025-04-28T12:06:27+00:00\",\"description\":\"Pehmed mahlased maitserikkad ananassiviilud, mis sisaldavad C-vitamiini, on head tervisele ning sobivad ka veganitele. Vaata l\u00e4hemalt!\",\"breadcrumb\":{\"@id\":\"https:\/\/mysnack.ee\/toode\/pehme-kuivatatud-ananass\/#breadcrumb\"},\"inLanguage\":\"fi\",\"potentialAction\":[{\"@type\":\"ReadAction\",\"target\":[\"https:\/\/mysnack.ee\/toode\/pehme-kuivatatud-ananass\/\"]}]},{\"@type\":\"ImageObject\",\"inLanguage\":\"fi\",\"@id\":\"https:\/\/mysnack.ee\/toode\/pehme-kuivatatud-ananass\/#primaryimage\",\"url\":\"https:\/\/mysnack.ee\/wp-content\/uploads\/2023\/11\/Mocuk-up_Pineapple_front_v2-copy.png\",\"contentUrl\":\"https:\/\/mysnack.ee\/wp-content\/uploads\/2023\/11\/Mocuk-up_Pineapple_front_v2-copy.png\",\"width\":1432,\"height\":1432,\"caption\":\"Pineapple snack pack front\"},{\"@type\":\"BreadcrumbList\",\"@id\":\"https:\/\/mysnack.ee\/toode\/pehme-kuivatatud-ananass\/#breadcrumb\",\"itemListElement\":[{\"@type\":\"ListItem\",\"position\":1,\"name\":\"Esileht\",\"item\":\"https:\/\/mysnack.ee\/\"},{\"@type\":\"ListItem\",\"position\":2,\"name\":\"Pood\",\"item\":\"https:\/\/mysnack.ee\/pood\/\"},{\"@type\":\"ListItem\",\"position\":3,\"name\":\"Pehme kuivatatud ananass 80g\"}]},{\"@type\":\"WebSite\",\"@id\":\"https:\/\/mysnack.shop\/#website\",\"url\":\"https:\/\/mysnack.shop\/\",\"name\":\"MySnack\",\"description\":\"MySnack E-Pood\",\"publisher\":{\"@id\":\"https:\/\/mysnack.shop\/#organization\"},\"potentialAction\":[{\"@type\":\"SearchAction\",\"target\":{\"@type\":\"EntryPoint\",\"urlTemplate\":\"https:\/\/mysnack.shop\/?s={search_term_string}\"},\"query-input\":{\"@type\":\"PropertyValueSpecification\",\"valueRequired\":true,\"valueName\":\"search_term_string\"}}],\"inLanguage\":\"fi\"},{\"@type\":\"Organization\",\"@id\":\"https:\/\/mysnack.shop\/#organization\",\"name\":\"MySnack\",\"url\":\"https:\/\/mysnack.shop\/\",\"logo\":{\"@type\":\"ImageObject\",\"inLanguage\":\"fi\",\"@id\":\"https:\/\/mysnack.shop\/#\/schema\/logo\/image\/\",\"url\":\"https:\/\/mysnack.shop\/wp-content\/uploads\/2023\/09\/MySnack_logo.png\",\"contentUrl\":\"https:\/\/mysnack.shop\/wp-content\/uploads\/2023\/09\/MySnack_logo.png\",\"width\":400,\"height\":148,\"caption\":\"MySnack\"},\"image\":{\"@id\":\"https:\/\/mysnack.shop\/#\/schema\/logo\/image\/\"},\"sameAs\":[\"https:\/\/www.facebook.com\/MySnack.ee\/\",\"https:\/\/www.instagram.com\/mysnack_eesti\/\"]}]}<\/script>\n<!-- \/ Yoast SEO plugin. -->","yoast_head_json":{"title":"Pehme\u00e4 kuivattu ananas | Synnitt\u00f6m\u00e4t v\u00e4lipalat","description":"Pehme\u00e4t, mehukkaat ja maukkaat ananasviipaleet, jotka ovat runsaasti C-vitamiinia, ovat terveellisi\u00e4 ja sopivat my\u00f6s vegaaneille. Katso tarkemmin!","robots":{"index":"index","follow":"follow","max-snippet":"max-snippet:-1","max-image-preview":"max-image-preview:large","max-video-preview":"max-video-preview:-1"},"canonical":"https:\/\/mysnack.ee\/fi\/tuote\/pehmea-kuivattu-ananas\/","og_locale":"fi_FI","og_type":"article","og_title":"Pehme kuivatatud ananass | Patuvabad sn\u00e4kid","og_description":"Pehmed mahlased maitserikkad ananassiviilud, mis sisaldavad C-vitamiini, on head tervisele ning sobivad ka veganitele. Vaata l\u00e4hemalt!","og_url":"https:\/\/mysnack.ee\/fi\/tuote\/pehmea-kuivattu-ananas\/","og_site_name":"MySnack","article_publisher":"https:\/\/www.facebook.com\/MySnack.ee\/","article_modified_time":"2025-04-28T12:06:27+00:00","og_image":[{"width":1432,"height":1432,"url":"https:\/\/mysnack.ee\/wp-content\/uploads\/2023\/11\/Mocuk-up_Pineapple_front_v2-copy.png","type":"image\/png"}],"twitter_card":"summary_large_image","twitter_misc":{"Arvioitu lukuaika":"1 minuutti"},"schema":{"@context":"https:\/\/schema.org","@graph":[{"@type":"WebPage","@id":"https:\/\/mysnack.ee\/toode\/pehme-kuivatatud-ananass\/","url":"https:\/\/mysnack.ee\/toode\/pehme-kuivatatud-ananass\/","name":"Pehme\u00e4 kuivattu ananas | Synnitt\u00f6m\u00e4t v\u00e4lipalat","isPartOf":{"@id":"https:\/\/mysnack.shop\/#website"},"primaryImageOfPage":{"@id":"https:\/\/mysnack.ee\/toode\/pehme-kuivatatud-ananass\/#primaryimage"},"image":{"@id":"https:\/\/mysnack.ee\/toode\/pehme-kuivatatud-ananass\/#primaryimage"},"thumbnailUrl":"https:\/\/mysnack.ee\/wp-content\/uploads\/2023\/11\/Mocuk-up_Pineapple_front_v2-copy.png","datePublished":"2021-07-18T13:51:49+00:00","dateModified":"2025-04-28T12:06:27+00:00","description":"Pehme\u00e4t, mehukkaat ja maukkaat ananasviipaleet, jotka ovat runsaasti C-vitamiinia, ovat terveellisi\u00e4 ja sopivat my\u00f6s vegaaneille. Katso tarkemmin!","breadcrumb":{"@id":"https:\/\/mysnack.ee\/toode\/pehme-kuivatatud-ananass\/#breadcrumb"},"inLanguage":"fi","potentialAction":[{"@type":"ReadAction","target":["https:\/\/mysnack.ee\/toode\/pehme-kuivatatud-ananass\/"]}]},{"@type":"ImageObject","inLanguage":"fi","@id":"https:\/\/mysnack.ee\/toode\/pehme-kuivatatud-ananass\/#primaryimage","url":"https:\/\/mysnack.ee\/wp-content\/uploads\/2023\/11\/Mocuk-up_Pineapple_front_v2-copy.png","contentUrl":"https:\/\/mysnack.ee\/wp-content\/uploads\/2023\/11\/Mocuk-up_Pineapple_front_v2-copy.png","width":1432,"height":1432,"caption":"Pineapple snack pack front"},{"@type":"BreadcrumbList","@id":"https:\/\/mysnack.ee\/toode\/pehme-kuivatatud-ananass\/#breadcrumb","itemListElement":[{"@type":"ListItem","position":1,"name":"Esileht","item":"https:\/\/mysnack.ee\/"},{"@type":"ListItem","position":2,"name":"Pood","item":"https:\/\/mysnack.ee\/pood\/"},{"@type":"ListItem","position":3,"name":"Pehme kuivatatud ananass 80g"}]},{"@type":"WebSite","@id":"https:\/\/mysnack.shop\/#website","url":"https:\/\/mysnack.shop\/","name":"MySnack","description":"MySnack-verkkokauppa","publisher":{"@id":"https:\/\/mysnack.shop\/#organization"},"potentialAction":[{"@type":"SearchAction","target":{"@type":"EntryPoint","urlTemplate":"https:\/\/mysnack.shop\/?s={search_term_string}"},"query-input":{"@type":"PropertyValueSpecification","valueRequired":true,"valueName":"search_term_string"}}],"inLanguage":"fi"},{"@type":"Organization","@id":"https:\/\/mysnack.shop\/#organization","name":"MySnack","url":"https:\/\/mysnack.shop\/","logo":{"@type":"ImageObject","inLanguage":"fi","@id":"https:\/\/mysnack.shop\/#\/schema\/logo\/image\/","url":"https:\/\/mysnack.shop\/wp-content\/uploads\/2023\/09\/MySnack_logo.png","contentUrl":"https:\/\/mysnack.shop\/wp-content\/uploads\/2023\/09\/MySnack_logo.png","width":400,"height":148,"caption":"MySnack"},"image":{"@id":"https:\/\/mysnack.shop\/#\/schema\/logo\/image\/"},"sameAs":["https:\/\/www.facebook.com\/MySnack.ee\/","https:\/\/www.instagram.com\/mysnack_eesti\/"]}]}},"_links":{"self":[{"href":"https:\/\/mysnack.ee\/fi\/wp-json\/wp\/v2\/product\/10455","targetHints":{"allow":["GET"]}}],"collection":[{"href":"https:\/\/mysnack.ee\/fi\/wp-json\/wp\/v2\/product"}],"about":[{"href":"https:\/\/mysnack.ee\/fi\/wp-json\/wp\/v2\/types\/product"}],"wp:featuredmedia":[{"embeddable":true,"href":"https:\/\/mysnack.ee\/fi\/wp-json\/wp\/v2\/media\/27021"}],"wp:attachment":[{"href":"https:\/\/mysnack.ee\/fi\/wp-json\/wp\/v2\/media?parent=10455"}],"wp:term":[{"taxonomy":"product_brand","embeddable":true,"href":"https:\/\/mysnack.ee\/fi\/wp-json\/wp\/v2\/product_brand?post=10455"},{"taxonomy":"product_cat","embeddable":true,"href":"https:\/\/mysnack.ee\/fi\/wp-json\/wp\/v2\/product_cat?post=10455"},{"taxonomy":"product_tag","embeddable":true,"href":"https:\/\/mysnack.ee\/fi\/wp-json\/wp\/v2\/product_tag?post=10455"}],"curies":[{"name":"wp","href":"https:\/\/api.w.org\/{rel}","templated":true}]}}