{"id":10834,"date":"2021-08-13T13:06:08","date_gmt":"2021-08-13T10:06:08","guid":{"rendered":"https:\/\/mysnack.ee\/?post_type=product&#038;p=10834"},"modified":"2025-07-21T18:18:47","modified_gmt":"2025-07-21T15:18:47","slug":"luomuherneenuggetteja-merisuolalla","status":"publish","type":"product","link":"https:\/\/mysnack.ee\/fi\/product\/mahe-hernesnakid-meresoolaga\/","title":{"rendered":"Luomuherneenpaloja merisuolalla 80 g"},"content":{"rendered":"<p><strong>M\u00e4\u00e4r\u00e4:<\/strong> 80 g<\/p>\n<p><strong>100 g tuotetta sis\u00e4lt\u00e4\u00e4 keskim\u00e4\u00e4rin:<\/strong><\/p>\n<table>\n<tbody>\n<tr>\n<td>Energiasis\u00e4lt\u00f6<\/td>\n<td>341 kcal \/ 1441 kJ<\/td>\n<\/tr>\n<tr>\n<td>Rasvat<\/td>\n<td>4,5 grammaa<\/td>\n<\/tr>\n<tr>\n<td>\u00a0 \u00a0 josta tyydyttyneit\u00e4 rasvahappoja<\/td>\n<td>0,4 g<\/td>\n<\/tr>\n<tr>\n<td>Hiilihydraatit<\/td>\n<td>49,2 g<\/td>\n<\/tr>\n<tr>\n<td>\u00a0 \u00a0 josta sokereita<\/td>\n<td>2,7 g<\/td>\n<\/tr>\n<tr>\n<td>Kuitu<\/td>\n<td>8,9 g<\/td>\n<\/tr>\n<tr>\n<td>Proteiinit<\/td>\n<td>21,9 g<\/td>\n<\/tr>\n<tr>\n<td>Suolaa<\/td>\n<td>1,48 grammaa<\/td>\n<\/tr>\n<\/tbody>\n<\/table>\n<div id=\"accel-snackbar\" style=\"left: 50%;top: 50px\"><\/div>","protected":false},"excerpt":{"rendered":"<p>Tiesitk\u00f6, ett\u00e4 herneet ovat elimist\u00f6n helpoimmin imeytyv\u00e4\u00e4 kasviproteiinia? Korkean proteiinipitoisuutensa lis\u00e4ksi herneenpaloja on runsaasti kuitua ja antioksidantteja, jotka tukevat ruoansulatusta ja auttavat kehoa torjumaan vapaita radikaaleja.<\/p>\n<p>Luomuherneenpalojamme merisuolalla ovat paitsi runsasproteiinisia, my\u00f6s v\u00e4h\u00e4kalorisia ja uunissa paistettuja.<\/p>\n<ul>\n<li style=\"list-style-type: none\">\n<ul>\n<li>Runsasproteiininen 21,9 g \/ 100 g<\/li>\n<li>50% v\u00e4hemm\u00e4n rasvaa*<\/li>\n<li>Ilman lis\u00e4tty\u00e4 sokeria<\/li>\n<li>Paistettu, ei friteerattu<\/li>\n<li>Gluteeniton; sopii vegaaneille<\/li>\n<\/ul>\n<\/li>\n<\/ul>\n<p>T\u00e4m\u00e4 tuote sopii my\u00f6s Fitlap.ee-ruokavalioon!<\/p>\n<p>Ainesosat: hernejauho*95,5%, auringonkukka\u00f6ljy*(korkea \u00f6ljyhappopitoisuus) 3%, merisuola 1,48%. *valvotusta luomuviljelyst\u00e4. Korkea proteiinipitoisuus; gluteeniton; sopii vegaaneille; 50% v\u00e4hemm\u00e4n rasvaa**; ei lis\u00e4tty\u00e4 sokeria. S\u00e4ilyt\u00e4 viile\u00e4ss\u00e4 ja kuivassa paikassa. Parasta ennen: katso pakkaus. Saattaa sis\u00e4lt\u00e4\u00e4 allergeeneja: MAITOA, SOIJAA<\/p>\n<p>Sis\u00e4lt\u00e4\u00e4 luonnostaan esiintyvi\u00e4 sokereita.<\/p>\n<p>S\u00e4ilyt\u00e4 viile\u00e4ss\u00e4 ja kuivassa paikassa.<\/p>\n<p>*verrattuna tavallisiin perunalastuihin<\/p>\n<p><a href=\"https:\/\/mysnack.ee\/wp-content\/uploads\/2021\/08\/Fitlap.ee-soovitab.png\"><img loading=\"lazy\" decoding=\"async\" class=\"alignnone wp-image-24887\" src=\"https:\/\/mysnack.ee\/wp-content\/uploads\/2021\/08\/Fitlap.ee-soovitab-300x300.png\" alt=\"\" width=\"125\" height=\"125\" srcset=\"https:\/\/mysnack.ee\/wp-content\/uploads\/2021\/08\/Fitlap.ee-soovitab-300x300.png 300w, https:\/\/mysnack.ee\/wp-content\/uploads\/2021\/08\/Fitlap.ee-soovitab-150x150.png 150w, https:\/\/mysnack.ee\/wp-content\/uploads\/2021\/08\/Fitlap.ee-soovitab-430x430.png 430w, https:\/\/mysnack.ee\/wp-content\/uploads\/2021\/08\/Fitlap.ee-soovitab-700x700.png 700w, https:\/\/mysnack.ee\/wp-content\/uploads\/2021\/08\/Fitlap.ee-soovitab.png 750w\" sizes=\"auto, (max-width: 125px) 100vw, 125px\" \/><\/a><\/p>\n<div id=\"accel-snackbar\" style=\"left: 50%;top: 50px\"><\/div>","protected":false},"featured_media":24817,"template":"","meta":{"inline_featured_image":false},"product_brand":[],"product_cat":[418,172],"product_tag":[],"class_list":{"0":"post-10834","1":"product","2":"type-product","3":"status-publish","4":"has-post-thumbnail","6":"product_cat-hernekropsud","7":"product_cat-soolased-snakid","8":"pa_kogus-kast","9":"pa_kogus-tukk","10":"pa_sisaldab-gluteenivaba","11":"pa_sisaldab-laktoosivaba","12":"pa_sisaldab-mysnacki-farmist","13":"pa_sisaldab-vegan","15":"first","16":"instock","17":"taxable","18":"shipping-taxable","19":"purchasable","20":"product-type-variable","21":"has-default-attributes"},"yoast_head":"<!-- This site is optimized with the Yoast SEO plugin v27.1.1 - https:\/\/yoast.com\/product\/yoast-seo-wordpress\/ -->\n<title>Mahe hernesn\u00e4kid meresoolaga | Patuvabad sn\u00e4kid<\/title>\n<meta name=\"description\" content=\"Ahjus k\u00fcpsetatud mahedamaitselised ja kr\u00f5bedad hernekauna sn\u00e4kid sobivad h\u00e4sti kr\u00f5psu asemel sn\u00e4kkimiseks. Vaata l\u00e4hemalt!\" \/>\n<meta name=\"robots\" content=\"index, follow, max-snippet:-1, max-image-preview:large, max-video-preview:-1\" \/>\n<link rel=\"canonical\" href=\"https:\/\/mysnack.ee\/fi\/tuote\/luomuherneenuggetteja-merisuolalla\/\" \/>\n<meta property=\"og:locale\" content=\"fi_FI\" \/>\n<meta property=\"og:type\" content=\"article\" \/>\n<meta property=\"og:title\" content=\"Mahe hernesn\u00e4kid meresoolaga | Patuvabad sn\u00e4kid\" \/>\n<meta property=\"og:description\" content=\"Ahjus k\u00fcpsetatud mahedamaitselised ja kr\u00f5bedad hernekauna sn\u00e4kid sobivad h\u00e4sti kr\u00f5psu asemel sn\u00e4kkimiseks. Vaata l\u00e4hemalt!\" \/>\n<meta property=\"og:url\" content=\"https:\/\/mysnack.ee\/fi\/tuote\/luomuherneenuggetteja-merisuolalla\/\" \/>\n<meta property=\"og:site_name\" content=\"MySnack\" \/>\n<meta property=\"article:publisher\" content=\"https:\/\/www.facebook.com\/MySnack.ee\/\" \/>\n<meta property=\"article:modified_time\" content=\"2025-07-21T15:18:47+00:00\" \/>\n<meta property=\"og:image\" content=\"https:\/\/mysnack.ee\/wp-content\/uploads\/2021\/08\/Hernesnakk-maheda-meresoolaga-1.png\" \/>\n\t<meta property=\"og:image:width\" content=\"1080\" \/>\n\t<meta property=\"og:image:height\" content=\"1080\" \/>\n\t<meta property=\"og:image:type\" content=\"image\/png\" \/>\n<meta name=\"twitter:card\" content=\"summary_large_image\" \/>\n<meta name=\"twitter:label1\" content=\"Arvioitu lukuaika\" \/>\n\t<meta name=\"twitter:data1\" content=\"1 minuutti\" \/>\n<script type=\"application\/ld+json\" class=\"yoast-schema-graph\">{\"@context\":\"https:\/\/schema.org\",\"@graph\":[{\"@type\":\"WebPage\",\"@id\":\"https:\/\/mysnack.ee\/toode\/mahe-hernesnakid-meresoolaga\/\",\"url\":\"https:\/\/mysnack.ee\/toode\/mahe-hernesnakid-meresoolaga\/\",\"name\":\"Mahe hernesn\u00e4kid meresoolaga | Patuvabad sn\u00e4kid\",\"isPartOf\":{\"@id\":\"https:\/\/mysnack.shop\/#website\"},\"primaryImageOfPage\":{\"@id\":\"https:\/\/mysnack.ee\/toode\/mahe-hernesnakid-meresoolaga\/#primaryimage\"},\"image\":{\"@id\":\"https:\/\/mysnack.ee\/toode\/mahe-hernesnakid-meresoolaga\/#primaryimage\"},\"thumbnailUrl\":\"https:\/\/mysnack.ee\/wp-content\/uploads\/2021\/08\/Hernesnakk-maheda-meresoolaga-1.png\",\"datePublished\":\"2021-08-13T10:06:08+00:00\",\"dateModified\":\"2025-07-21T15:18:47+00:00\",\"description\":\"Ahjus k\u00fcpsetatud mahedamaitselised ja kr\u00f5bedad hernekauna sn\u00e4kid sobivad h\u00e4sti kr\u00f5psu asemel sn\u00e4kkimiseks. Vaata l\u00e4hemalt!\",\"breadcrumb\":{\"@id\":\"https:\/\/mysnack.ee\/toode\/mahe-hernesnakid-meresoolaga\/#breadcrumb\"},\"inLanguage\":\"fi\",\"potentialAction\":[{\"@type\":\"ReadAction\",\"target\":[\"https:\/\/mysnack.ee\/toode\/mahe-hernesnakid-meresoolaga\/\"]}]},{\"@type\":\"ImageObject\",\"inLanguage\":\"fi\",\"@id\":\"https:\/\/mysnack.ee\/toode\/mahe-hernesnakid-meresoolaga\/#primaryimage\",\"url\":\"https:\/\/mysnack.ee\/wp-content\/uploads\/2021\/08\/Hernesnakk-maheda-meresoolaga-1.png\",\"contentUrl\":\"https:\/\/mysnack.ee\/wp-content\/uploads\/2021\/08\/Hernesnakk-maheda-meresoolaga-1.png\",\"width\":1080,\"height\":1080,\"caption\":\"Hernesn\u00e4kk maheda meresoolaga\"},{\"@type\":\"BreadcrumbList\",\"@id\":\"https:\/\/mysnack.ee\/toode\/mahe-hernesnakid-meresoolaga\/#breadcrumb\",\"itemListElement\":[{\"@type\":\"ListItem\",\"position\":1,\"name\":\"Esileht\",\"item\":\"https:\/\/mysnack.ee\/\"},{\"@type\":\"ListItem\",\"position\":2,\"name\":\"Pood\",\"item\":\"https:\/\/mysnack.ee\/pood\/\"},{\"@type\":\"ListItem\",\"position\":3,\"name\":\"Mahe hernesn\u00e4kid meresoolaga 80 g\"}]},{\"@type\":\"WebSite\",\"@id\":\"https:\/\/mysnack.shop\/#website\",\"url\":\"https:\/\/mysnack.shop\/\",\"name\":\"MySnack\",\"description\":\"MySnack E-Pood\",\"publisher\":{\"@id\":\"https:\/\/mysnack.shop\/#organization\"},\"potentialAction\":[{\"@type\":\"SearchAction\",\"target\":{\"@type\":\"EntryPoint\",\"urlTemplate\":\"https:\/\/mysnack.shop\/?s={search_term_string}\"},\"query-input\":{\"@type\":\"PropertyValueSpecification\",\"valueRequired\":true,\"valueName\":\"search_term_string\"}}],\"inLanguage\":\"fi\"},{\"@type\":\"Organization\",\"@id\":\"https:\/\/mysnack.shop\/#organization\",\"name\":\"MySnack\",\"url\":\"https:\/\/mysnack.shop\/\",\"logo\":{\"@type\":\"ImageObject\",\"inLanguage\":\"fi\",\"@id\":\"https:\/\/mysnack.shop\/#\/schema\/logo\/image\/\",\"url\":\"https:\/\/mysnack.shop\/wp-content\/uploads\/2023\/09\/MySnack_logo.png\",\"contentUrl\":\"https:\/\/mysnack.shop\/wp-content\/uploads\/2023\/09\/MySnack_logo.png\",\"width\":400,\"height\":148,\"caption\":\"MySnack\"},\"image\":{\"@id\":\"https:\/\/mysnack.shop\/#\/schema\/logo\/image\/\"},\"sameAs\":[\"https:\/\/www.facebook.com\/MySnack.ee\/\",\"https:\/\/www.instagram.com\/mysnack_eesti\/\"]}]}<\/script>\n<!-- \/ Yoast SEO plugin. -->","yoast_head_json":{"title":"Luomuherneenpaloja merisuolalla | Synnitt\u00f6m\u00e4t naposteltavat","description":"Uunissa paistetut, miedon makuiset ja rapeat herneenpalkov\u00e4lipalat ovat loistava vaihtoehto sipseille. Katso tarkemmin!","robots":{"index":"index","follow":"follow","max-snippet":"max-snippet:-1","max-image-preview":"max-image-preview:large","max-video-preview":"max-video-preview:-1"},"canonical":"https:\/\/mysnack.ee\/fi\/tuote\/luomuherneenuggetteja-merisuolalla\/","og_locale":"fi_FI","og_type":"article","og_title":"Mahe hernesn\u00e4kid meresoolaga | Patuvabad sn\u00e4kid","og_description":"Ahjus k\u00fcpsetatud mahedamaitselised ja kr\u00f5bedad hernekauna sn\u00e4kid sobivad h\u00e4sti kr\u00f5psu asemel sn\u00e4kkimiseks. Vaata l\u00e4hemalt!","og_url":"https:\/\/mysnack.ee\/fi\/tuote\/luomuherneenuggetteja-merisuolalla\/","og_site_name":"MySnack","article_publisher":"https:\/\/www.facebook.com\/MySnack.ee\/","article_modified_time":"2025-07-21T15:18:47+00:00","og_image":[{"width":1080,"height":1080,"url":"https:\/\/mysnack.ee\/wp-content\/uploads\/2021\/08\/Hernesnakk-maheda-meresoolaga-1.png","type":"image\/png"}],"twitter_card":"summary_large_image","twitter_misc":{"Arvioitu lukuaika":"1 minuutti"},"schema":{"@context":"https:\/\/schema.org","@graph":[{"@type":"WebPage","@id":"https:\/\/mysnack.ee\/toode\/mahe-hernesnakid-meresoolaga\/","url":"https:\/\/mysnack.ee\/toode\/mahe-hernesnakid-meresoolaga\/","name":"Luomuherneenpaloja merisuolalla | Synnitt\u00f6m\u00e4t naposteltavat","isPartOf":{"@id":"https:\/\/mysnack.shop\/#website"},"primaryImageOfPage":{"@id":"https:\/\/mysnack.ee\/toode\/mahe-hernesnakid-meresoolaga\/#primaryimage"},"image":{"@id":"https:\/\/mysnack.ee\/toode\/mahe-hernesnakid-meresoolaga\/#primaryimage"},"thumbnailUrl":"https:\/\/mysnack.ee\/wp-content\/uploads\/2021\/08\/Hernesnakk-maheda-meresoolaga-1.png","datePublished":"2021-08-13T10:06:08+00:00","dateModified":"2025-07-21T15:18:47+00:00","description":"Uunissa paistetut, miedon makuiset ja rapeat herneenpalkov\u00e4lipalat ovat loistava vaihtoehto sipseille. Katso tarkemmin!","breadcrumb":{"@id":"https:\/\/mysnack.ee\/toode\/mahe-hernesnakid-meresoolaga\/#breadcrumb"},"inLanguage":"fi","potentialAction":[{"@type":"ReadAction","target":["https:\/\/mysnack.ee\/toode\/mahe-hernesnakid-meresoolaga\/"]}]},{"@type":"ImageObject","inLanguage":"fi","@id":"https:\/\/mysnack.ee\/toode\/mahe-hernesnakid-meresoolaga\/#primaryimage","url":"https:\/\/mysnack.ee\/wp-content\/uploads\/2021\/08\/Hernesnakk-maheda-meresoolaga-1.png","contentUrl":"https:\/\/mysnack.ee\/wp-content\/uploads\/2021\/08\/Hernesnakk-maheda-meresoolaga-1.png","width":1080,"height":1080,"caption":"Hernesn\u00e4kk maheda meresoolaga"},{"@type":"BreadcrumbList","@id":"https:\/\/mysnack.ee\/toode\/mahe-hernesnakid-meresoolaga\/#breadcrumb","itemListElement":[{"@type":"ListItem","position":1,"name":"Esileht","item":"https:\/\/mysnack.ee\/"},{"@type":"ListItem","position":2,"name":"Pood","item":"https:\/\/mysnack.ee\/pood\/"},{"@type":"ListItem","position":3,"name":"Mahe hernesn\u00e4kid meresoolaga 80 g"}]},{"@type":"WebSite","@id":"https:\/\/mysnack.shop\/#website","url":"https:\/\/mysnack.shop\/","name":"MySnack","description":"MySnack-verkkokauppa","publisher":{"@id":"https:\/\/mysnack.shop\/#organization"},"potentialAction":[{"@type":"SearchAction","target":{"@type":"EntryPoint","urlTemplate":"https:\/\/mysnack.shop\/?s={search_term_string}"},"query-input":{"@type":"PropertyValueSpecification","valueRequired":true,"valueName":"search_term_string"}}],"inLanguage":"fi"},{"@type":"Organization","@id":"https:\/\/mysnack.shop\/#organization","name":"MySnack","url":"https:\/\/mysnack.shop\/","logo":{"@type":"ImageObject","inLanguage":"fi","@id":"https:\/\/mysnack.shop\/#\/schema\/logo\/image\/","url":"https:\/\/mysnack.shop\/wp-content\/uploads\/2023\/09\/MySnack_logo.png","contentUrl":"https:\/\/mysnack.shop\/wp-content\/uploads\/2023\/09\/MySnack_logo.png","width":400,"height":148,"caption":"MySnack"},"image":{"@id":"https:\/\/mysnack.shop\/#\/schema\/logo\/image\/"},"sameAs":["https:\/\/www.facebook.com\/MySnack.ee\/","https:\/\/www.instagram.com\/mysnack_eesti\/"]}]}},"_links":{"self":[{"href":"https:\/\/mysnack.ee\/fi\/wp-json\/wp\/v2\/product\/10834","targetHints":{"allow":["GET"]}}],"collection":[{"href":"https:\/\/mysnack.ee\/fi\/wp-json\/wp\/v2\/product"}],"about":[{"href":"https:\/\/mysnack.ee\/fi\/wp-json\/wp\/v2\/types\/product"}],"wp:featuredmedia":[{"embeddable":true,"href":"https:\/\/mysnack.ee\/fi\/wp-json\/wp\/v2\/media\/24817"}],"wp:attachment":[{"href":"https:\/\/mysnack.ee\/fi\/wp-json\/wp\/v2\/media?parent=10834"}],"wp:term":[{"taxonomy":"product_brand","embeddable":true,"href":"https:\/\/mysnack.ee\/fi\/wp-json\/wp\/v2\/product_brand?post=10834"},{"taxonomy":"product_cat","embeddable":true,"href":"https:\/\/mysnack.ee\/fi\/wp-json\/wp\/v2\/product_cat?post=10834"},{"taxonomy":"product_tag","embeddable":true,"href":"https:\/\/mysnack.ee\/fi\/wp-json\/wp\/v2\/product_tag?post=10834"}],"curies":[{"name":"wp","href":"https:\/\/api.w.org\/{rel}","templated":true}]}}