{"id":10838,"date":"2021-08-13T13:09:50","date_gmt":"2021-08-13T10:09:50","guid":{"rendered":"https:\/\/mysnack.ee\/?post_type=product&#038;p=10838"},"modified":"2025-07-21T18:12:21","modified_gmt":"2025-07-21T15:12:21","slug":"herneen-naposteltavat-juustolla","status":"publish","type":"product","link":"https:\/\/mysnack.ee\/fi\/product\/hernesnakid-juustuga\/","title":{"rendered":"Herneenpaloja juustolla 80 g"},"content":{"rendered":"<p><strong>M\u00e4\u00e4r\u00e4:<\/strong> 80 g<\/p>\n<p><strong>100 g tuotetta sis\u00e4lt\u00e4\u00e4 keskim\u00e4\u00e4rin:<\/strong><\/p>\n<table>\n<tbody>\n<tr>\n<td>Energiasis\u00e4lt\u00f6<\/td>\n<td>361 kcal \/ 1519 kJ<\/td>\n<\/tr>\n<tr>\n<td>Rasvat<\/td>\n<td>8,1 g<\/td>\n<\/tr>\n<tr>\n<td>\u00a0 \u00a0 josta tyydyttyneit\u00e4 rasvahappoja<\/td>\n<td>1,4 g<\/td>\n<\/tr>\n<tr>\n<td>Hiilihydraatit<\/td>\n<td>45,8 g<\/td>\n<\/tr>\n<tr>\n<td>\u00a0 \u00a0 josta sokereita<\/td>\n<td>4,2 g<\/td>\n<\/tr>\n<tr>\n<td>Kuitu<\/td>\n<td>9,7 g<\/td>\n<\/tr>\n<tr>\n<td>Proteiinit<\/td>\n<td>21,0 g<\/td>\n<\/tr>\n<tr>\n<td>Suolaa<\/td>\n<td>1,9 g<\/td>\n<\/tr>\n<\/tbody>\n<\/table>\n<div id=\"accel-snackbar\" style=\"left: 50%;top: 50px\"><\/div>","protected":false},"excerpt":{"rendered":"<p><span style=\"font-weight: 400\">Tiesitk\u00f6, ett\u00e4 herneet ovat elimist\u00f6n helpoimmin imeytyv\u00e4\u00e4 kasviproteiinia? Korkean proteiinipitoisuutensa lis\u00e4ksi herneenpaloja on runsaasti kuitua ja antioksidantteja, jotka tukevat ruoansulatusta ja auttavat kehoa torjumaan vapaita radikaaleja.<\/span><\/p>\n<p>Juustolla maustetut herneenpalat maistuvat Cheetosilta, mutta ovat niin terveellisi\u00e4! Uunissa paistetut ja v\u00e4h\u00e4kaloriset herneenpalat sopivat erinomaisesti v\u00e4lipalaksi elokuvan katselun lomassa tai syyllisyytt\u00e4 tuntemattomaksi v\u00e4lipalaksi treenin j\u00e4lkeen sipsien sijaan.<\/p>\n<ul>\n<li style=\"list-style-type: none\">\n<ul>\n<li>Runsaasti proteiinia 21 g \/ 100 g<\/li>\n<li>50% v\u00e4hemm\u00e4n rasvaa*<\/li>\n<li>Paistettu, ei friteerattu<\/li>\n<li>Ilman lis\u00e4tty\u00e4 sokeria<\/li>\n<li>Gluteeniton<\/li>\n<\/ul>\n<\/li>\n<\/ul>\n<p><strong>Ainesosat: <\/strong>Hernejauho 89%, auringonkukka\u00f6ljy (korkea \u00f6ljyhappopitoisuus) 6%, juustojauhe 4% (herajauhe 34%, juustojauhe 34% (maito), suola, hyytel\u00f6imisaine E508, paakkuuntumisenestoaine E551, happamuudens\u00e4\u00e4t\u00f6aineet E339; E340; sitruunahappo, sakeuttamisaine arabikumi); merisuola (1%).<\/p>\n<p>Sis\u00e4lt\u00e4\u00e4 allergeenia: maitoa. Saattaa sis\u00e4lt\u00e4\u00e4 allergeeneja soijaa ja p\u00e4hkin\u00f6it\u00e4.<\/p>\n<p>Sis\u00e4lt\u00e4\u00e4 luonnostaan esiintyvi\u00e4 sokereita.<\/p>\n<p>S\u00e4ilyt\u00e4 viile\u00e4ss\u00e4 ja kuivassa paikassa.<\/p>\n<p>*verrattuna tavallisiin perunalastuihin<\/p>\n<div id=\"accel-snackbar\" style=\"left: 50%;top: 50px\"><\/div>","protected":false},"featured_media":24864,"template":"","meta":{"inline_featured_image":false},"product_brand":[],"product_cat":[418,172],"product_tag":[],"class_list":{"0":"post-10838","1":"product","2":"type-product","3":"status-publish","4":"has-post-thumbnail","6":"product_cat-hernekropsud","7":"product_cat-soolased-snakid","8":"pa_kogus-kast","9":"pa_kogus-tukk","10":"pa_sisaldab-gluteenivaba","11":"pa_sisaldab-mysnacki-farmist","13":"first","14":"instock","15":"taxable","16":"shipping-taxable","17":"purchasable","18":"product-type-variable","19":"has-default-attributes"},"yoast_head":"<!-- This site is optimized with the Yoast SEO plugin v27.1.1 - https:\/\/yoast.com\/product\/yoast-seo-wordpress\/ -->\n<title>Hernesn\u00e4kid juustuga 80 g | Patuvabad sn\u00e4kid<\/title>\n<meta name=\"description\" content=\"Ahjus k\u00fcpsetatud mahedamaitselised ja kr\u00f5bedad hernekauna sn\u00e4kid juustuga sobivad h\u00e4sti kr\u00f5psu asemel sn\u00e4kkimiseks. Vaata l\u00e4hemalt!\" \/>\n<meta name=\"robots\" content=\"index, follow, max-snippet:-1, max-image-preview:large, max-video-preview:-1\" \/>\n<link rel=\"canonical\" href=\"https:\/\/mysnack.ee\/fi\/tuote\/herneen-naposteltavat-juustolla\/\" \/>\n<meta property=\"og:locale\" content=\"fi_FI\" \/>\n<meta property=\"og:type\" content=\"article\" \/>\n<meta property=\"og:title\" content=\"Hernesn\u00e4kid juustuga 80 g | Patuvabad sn\u00e4kid\" \/>\n<meta property=\"og:description\" content=\"Ahjus k\u00fcpsetatud mahedamaitselised ja kr\u00f5bedad hernekauna sn\u00e4kid juustuga sobivad h\u00e4sti kr\u00f5psu asemel sn\u00e4kkimiseks. Vaata l\u00e4hemalt!\" \/>\n<meta property=\"og:url\" content=\"https:\/\/mysnack.ee\/fi\/tuote\/herneen-naposteltavat-juustolla\/\" \/>\n<meta property=\"og:site_name\" content=\"MySnack\" \/>\n<meta property=\"article:publisher\" content=\"https:\/\/www.facebook.com\/MySnack.ee\/\" \/>\n<meta property=\"article:modified_time\" content=\"2025-07-21T15:12:21+00:00\" \/>\n<meta property=\"og:image\" content=\"https:\/\/mysnack.ee\/wp-content\/uploads\/2021\/08\/Hernesnakid-juustuga.jpg\" \/>\n\t<meta property=\"og:image:width\" content=\"2050\" \/>\n\t<meta property=\"og:image:height\" content=\"2050\" \/>\n\t<meta property=\"og:image:type\" content=\"image\/jpeg\" \/>\n<meta name=\"twitter:card\" content=\"summary_large_image\" \/>\n<meta name=\"twitter:label1\" content=\"Arvioitu lukuaika\" \/>\n\t<meta name=\"twitter:data1\" content=\"1 minuutti\" \/>\n<script type=\"application\/ld+json\" class=\"yoast-schema-graph\">{\"@context\":\"https:\/\/schema.org\",\"@graph\":[{\"@type\":\"WebPage\",\"@id\":\"https:\/\/mysnack.ee\/toode\/hernesnakid-juustuga\/\",\"url\":\"https:\/\/mysnack.ee\/toode\/hernesnakid-juustuga\/\",\"name\":\"Hernesn\u00e4kid juustuga 80 g | Patuvabad sn\u00e4kid\",\"isPartOf\":{\"@id\":\"https:\/\/mysnack.shop\/#website\"},\"primaryImageOfPage\":{\"@id\":\"https:\/\/mysnack.ee\/toode\/hernesnakid-juustuga\/#primaryimage\"},\"image\":{\"@id\":\"https:\/\/mysnack.ee\/toode\/hernesnakid-juustuga\/#primaryimage\"},\"thumbnailUrl\":\"https:\/\/mysnack.ee\/wp-content\/uploads\/2021\/08\/Hernesnakid-juustuga.jpg\",\"datePublished\":\"2021-08-13T10:09:50+00:00\",\"dateModified\":\"2025-07-21T15:12:21+00:00\",\"description\":\"Ahjus k\u00fcpsetatud mahedamaitselised ja kr\u00f5bedad hernekauna sn\u00e4kid juustuga sobivad h\u00e4sti kr\u00f5psu asemel sn\u00e4kkimiseks. Vaata l\u00e4hemalt!\",\"breadcrumb\":{\"@id\":\"https:\/\/mysnack.ee\/toode\/hernesnakid-juustuga\/#breadcrumb\"},\"inLanguage\":\"fi\",\"potentialAction\":[{\"@type\":\"ReadAction\",\"target\":[\"https:\/\/mysnack.ee\/toode\/hernesnakid-juustuga\/\"]}]},{\"@type\":\"ImageObject\",\"inLanguage\":\"fi\",\"@id\":\"https:\/\/mysnack.ee\/toode\/hernesnakid-juustuga\/#primaryimage\",\"url\":\"https:\/\/mysnack.ee\/wp-content\/uploads\/2021\/08\/Hernesnakid-juustuga.jpg\",\"contentUrl\":\"https:\/\/mysnack.ee\/wp-content\/uploads\/2021\/08\/Hernesnakid-juustuga.jpg\",\"width\":2050,\"height\":2050,\"caption\":\"K\u00fcpsetatud valgurikkad hernesn\u00e4kid juustuga pakendis\"},{\"@type\":\"BreadcrumbList\",\"@id\":\"https:\/\/mysnack.ee\/toode\/hernesnakid-juustuga\/#breadcrumb\",\"itemListElement\":[{\"@type\":\"ListItem\",\"position\":1,\"name\":\"Esileht\",\"item\":\"https:\/\/mysnack.ee\/\"},{\"@type\":\"ListItem\",\"position\":2,\"name\":\"Pood\",\"item\":\"https:\/\/mysnack.ee\/pood\/\"},{\"@type\":\"ListItem\",\"position\":3,\"name\":\"Hernesn\u00e4kid juustuga 80 g\"}]},{\"@type\":\"WebSite\",\"@id\":\"https:\/\/mysnack.shop\/#website\",\"url\":\"https:\/\/mysnack.shop\/\",\"name\":\"MySnack\",\"description\":\"MySnack E-Pood\",\"publisher\":{\"@id\":\"https:\/\/mysnack.shop\/#organization\"},\"potentialAction\":[{\"@type\":\"SearchAction\",\"target\":{\"@type\":\"EntryPoint\",\"urlTemplate\":\"https:\/\/mysnack.shop\/?s={search_term_string}\"},\"query-input\":{\"@type\":\"PropertyValueSpecification\",\"valueRequired\":true,\"valueName\":\"search_term_string\"}}],\"inLanguage\":\"fi\"},{\"@type\":\"Organization\",\"@id\":\"https:\/\/mysnack.shop\/#organization\",\"name\":\"MySnack\",\"url\":\"https:\/\/mysnack.shop\/\",\"logo\":{\"@type\":\"ImageObject\",\"inLanguage\":\"fi\",\"@id\":\"https:\/\/mysnack.shop\/#\/schema\/logo\/image\/\",\"url\":\"https:\/\/mysnack.shop\/wp-content\/uploads\/2023\/09\/MySnack_logo.png\",\"contentUrl\":\"https:\/\/mysnack.shop\/wp-content\/uploads\/2023\/09\/MySnack_logo.png\",\"width\":400,\"height\":148,\"caption\":\"MySnack\"},\"image\":{\"@id\":\"https:\/\/mysnack.shop\/#\/schema\/logo\/image\/\"},\"sameAs\":[\"https:\/\/www.facebook.com\/MySnack.ee\/\",\"https:\/\/www.instagram.com\/mysnack_eesti\/\"]}]}<\/script>\n<!-- \/ Yoast SEO plugin. -->","yoast_head_json":{"title":"Herneenpaloja juustolla 80 g | Synnitt\u00f6m\u00e4t naposteltavat","description":"Uunissa paistetut, miedon makuiset ja rapeat herneenpalkov\u00e4lipalat juustolla ovat loistava v\u00e4lipala sipsien sijaan. Katso tarkemmin!","robots":{"index":"index","follow":"follow","max-snippet":"max-snippet:-1","max-image-preview":"max-image-preview:large","max-video-preview":"max-video-preview:-1"},"canonical":"https:\/\/mysnack.ee\/fi\/tuote\/herneen-naposteltavat-juustolla\/","og_locale":"fi_FI","og_type":"article","og_title":"Hernesn\u00e4kid juustuga 80 g | Patuvabad sn\u00e4kid","og_description":"Ahjus k\u00fcpsetatud mahedamaitselised ja kr\u00f5bedad hernekauna sn\u00e4kid juustuga sobivad h\u00e4sti kr\u00f5psu asemel sn\u00e4kkimiseks. Vaata l\u00e4hemalt!","og_url":"https:\/\/mysnack.ee\/fi\/tuote\/herneen-naposteltavat-juustolla\/","og_site_name":"MySnack","article_publisher":"https:\/\/www.facebook.com\/MySnack.ee\/","article_modified_time":"2025-07-21T15:12:21+00:00","og_image":[{"width":2050,"height":2050,"url":"https:\/\/mysnack.ee\/wp-content\/uploads\/2021\/08\/Hernesnakid-juustuga.jpg","type":"image\/jpeg"}],"twitter_card":"summary_large_image","twitter_misc":{"Arvioitu lukuaika":"1 minuutti"},"schema":{"@context":"https:\/\/schema.org","@graph":[{"@type":"WebPage","@id":"https:\/\/mysnack.ee\/toode\/hernesnakid-juustuga\/","url":"https:\/\/mysnack.ee\/toode\/hernesnakid-juustuga\/","name":"Herneenpaloja juustolla 80 g | Synnitt\u00f6m\u00e4t naposteltavat","isPartOf":{"@id":"https:\/\/mysnack.shop\/#website"},"primaryImageOfPage":{"@id":"https:\/\/mysnack.ee\/toode\/hernesnakid-juustuga\/#primaryimage"},"image":{"@id":"https:\/\/mysnack.ee\/toode\/hernesnakid-juustuga\/#primaryimage"},"thumbnailUrl":"https:\/\/mysnack.ee\/wp-content\/uploads\/2021\/08\/Hernesnakid-juustuga.jpg","datePublished":"2021-08-13T10:09:50+00:00","dateModified":"2025-07-21T15:12:21+00:00","description":"Uunissa paistetut, miedon makuiset ja rapeat herneenpalkov\u00e4lipalat juustolla ovat loistava v\u00e4lipala sipsien sijaan. Katso tarkemmin!","breadcrumb":{"@id":"https:\/\/mysnack.ee\/toode\/hernesnakid-juustuga\/#breadcrumb"},"inLanguage":"fi","potentialAction":[{"@type":"ReadAction","target":["https:\/\/mysnack.ee\/toode\/hernesnakid-juustuga\/"]}]},{"@type":"ImageObject","inLanguage":"fi","@id":"https:\/\/mysnack.ee\/toode\/hernesnakid-juustuga\/#primaryimage","url":"https:\/\/mysnack.ee\/wp-content\/uploads\/2021\/08\/Hernesnakid-juustuga.jpg","contentUrl":"https:\/\/mysnack.ee\/wp-content\/uploads\/2021\/08\/Hernesnakid-juustuga.jpg","width":2050,"height":2050,"caption":"K\u00fcpsetatud valgurikkad hernesn\u00e4kid juustuga pakendis"},{"@type":"BreadcrumbList","@id":"https:\/\/mysnack.ee\/toode\/hernesnakid-juustuga\/#breadcrumb","itemListElement":[{"@type":"ListItem","position":1,"name":"Esileht","item":"https:\/\/mysnack.ee\/"},{"@type":"ListItem","position":2,"name":"Pood","item":"https:\/\/mysnack.ee\/pood\/"},{"@type":"ListItem","position":3,"name":"Hernesn\u00e4kid juustuga 80 g"}]},{"@type":"WebSite","@id":"https:\/\/mysnack.shop\/#website","url":"https:\/\/mysnack.shop\/","name":"MySnack","description":"MySnack-verkkokauppa","publisher":{"@id":"https:\/\/mysnack.shop\/#organization"},"potentialAction":[{"@type":"SearchAction","target":{"@type":"EntryPoint","urlTemplate":"https:\/\/mysnack.shop\/?s={search_term_string}"},"query-input":{"@type":"PropertyValueSpecification","valueRequired":true,"valueName":"search_term_string"}}],"inLanguage":"fi"},{"@type":"Organization","@id":"https:\/\/mysnack.shop\/#organization","name":"MySnack","url":"https:\/\/mysnack.shop\/","logo":{"@type":"ImageObject","inLanguage":"fi","@id":"https:\/\/mysnack.shop\/#\/schema\/logo\/image\/","url":"https:\/\/mysnack.shop\/wp-content\/uploads\/2023\/09\/MySnack_logo.png","contentUrl":"https:\/\/mysnack.shop\/wp-content\/uploads\/2023\/09\/MySnack_logo.png","width":400,"height":148,"caption":"MySnack"},"image":{"@id":"https:\/\/mysnack.shop\/#\/schema\/logo\/image\/"},"sameAs":["https:\/\/www.facebook.com\/MySnack.ee\/","https:\/\/www.instagram.com\/mysnack_eesti\/"]}]}},"_links":{"self":[{"href":"https:\/\/mysnack.ee\/fi\/wp-json\/wp\/v2\/product\/10838","targetHints":{"allow":["GET"]}}],"collection":[{"href":"https:\/\/mysnack.ee\/fi\/wp-json\/wp\/v2\/product"}],"about":[{"href":"https:\/\/mysnack.ee\/fi\/wp-json\/wp\/v2\/types\/product"}],"wp:featuredmedia":[{"embeddable":true,"href":"https:\/\/mysnack.ee\/fi\/wp-json\/wp\/v2\/media\/24864"}],"wp:attachment":[{"href":"https:\/\/mysnack.ee\/fi\/wp-json\/wp\/v2\/media?parent=10838"}],"wp:term":[{"taxonomy":"product_brand","embeddable":true,"href":"https:\/\/mysnack.ee\/fi\/wp-json\/wp\/v2\/product_brand?post=10838"},{"taxonomy":"product_cat","embeddable":true,"href":"https:\/\/mysnack.ee\/fi\/wp-json\/wp\/v2\/product_cat?post=10838"},{"taxonomy":"product_tag","embeddable":true,"href":"https:\/\/mysnack.ee\/fi\/wp-json\/wp\/v2\/product_tag?post=10838"}],"curies":[{"name":"wp","href":"https:\/\/api.w.org\/{rel}","templated":true}]}}