{"id":23764,"date":"2024-07-23T12:46:05","date_gmt":"2024-07-23T09:46:05","guid":{"rendered":"https:\/\/mysnack.ee\/?post_type=product&#038;p=23764"},"modified":"2024-11-27T15:29:30","modified_gmt":"2024-11-27T13:29:30","slug":"ananas-erikoistarjous","status":"publish","type":"product","link":"https:\/\/mysnack.ee\/fi\/product\/ananassi-eripakkumine\/","title":{"rendered":"Ananas-erikoistarjous"},"content":{"rendered":"<p>Kuivatut ananaksemme sis\u00e4lt\u00e4v\u00e4t paljon kuitua, koska erityisen teknologian ansiosta emme leikkaa ydint\u00e4 pois, vaan kuivaamme sen alhaisessa l\u00e4mp\u00f6tilassa, jolloin se on mehukas ja miellytt\u00e4v\u00e4n pehme\u00e4 kuten koko hedelm\u00e4liha.<\/p>\n<p>Tiesitk\u00f6, ett\u00e4 suuri osa ananaksen kuidusta l\u00f6ytyy sen ytimest\u00e4? Se poistetaan ananaksista, joita kuumennetaan nopealla menetelm\u00e4ll\u00e4 ja korkeissa l\u00e4mp\u00f6tiloissa, jolloin heikompilaatuisista ananaksista saadaan massaa.<\/p>\n<p><strong>Ananas \u2013 <\/strong>Ainesosat: ananas 95%, ruokosokeri, happamuudens\u00e4\u00e4t\u00f6aine: sitruunahappo, antioksidantti: natriumdisulfiitti.<\/p>","protected":false},"excerpt":{"rendered":"<p>Voit saada ananaksen erikoistarjouksen <strong>Voit tilata noutamalla toimistoltamme osoitteessa Siduri 9, Tallinna. Voit ostaa my\u00f6s muita tuotteita paikan p\u00e4\u00e4ll\u00e4!<\/strong><\/p>\n<p>&nbsp;<\/p>\n<p>Kuivatut ananaksemme sis\u00e4lt\u00e4v\u00e4t paljon kuitua, koska erityisen teknologian ansiosta emme leikkaa ydint\u00e4 pois, vaan kuivaamme sen alhaisessa l\u00e4mp\u00f6tilassa, jolloin se on mehukas ja miellytt\u00e4v\u00e4n pehme\u00e4 kuten koko hedelm\u00e4liha.<\/p>\n<p>Tiesitk\u00f6, ett\u00e4 suuri osa ananaksen kuidusta l\u00f6ytyy sen ytimest\u00e4? Se poistetaan ananaksista, joita kuumennetaan nopealla menetelm\u00e4ll\u00e4 ja korkeissa l\u00e4mp\u00f6tiloissa, jolloin heikompilaatuisista ananaksista saadaan massaa.<\/p>\n<p>&nbsp;<\/p>\n<p>Ananaksella on monia hy\u00f6dyllisi\u00e4 terveysvaikutuksia, esimerkiksi se yhdistet\u00e4\u00e4n ruoansulatuksen tukemiseen, vastustuskyvyn vahvistamiseen ja sairauksien torjuntaan.<\/p>\n<ul>\n<li style=\"list-style-type: none;\">\n<ul>\n<li>Korkea C-vitamiinipitoisuus<\/li>\n<li>100 g tuotetta sis\u00e4lt\u00e4\u00e4 451,3 % C-vitamiinin p\u00e4ivitt\u00e4isest\u00e4 tarpeesta, 41,3 % kaliumin p\u00e4ivitt\u00e4isest\u00e4 tarpeesta ja 1,21 % kalsiumin p\u00e4ivitt\u00e4isest\u00e4 tarpeesta.<\/li>\n<li>Korkea kuitupitoisuus<\/li>\n<li>Lis\u00e4\u00e4mme v\u00e4himm\u00e4ism\u00e4\u00e4r\u00e4n ruokosokeria<\/li>\n<li>Luonnostaan makea, sis\u00e4lt\u00e4\u00e4 luonnostaan hedelm\u00e4sokeria<\/li>\n<li>Hedelm\u00e4mme saattavat luonnostaan tummua ajan my\u00f6t\u00e4 pakkauksessa. T\u00e4m\u00e4 johtuu eritt\u00e4in pienest\u00e4 sulfiittim\u00e4\u00e4r\u00e4st\u00e4, jota lis\u00e4\u00e4mme vain tarvittavan m\u00e4\u00e4r\u00e4n (0,01%) verrattuna normaalisti lis\u00e4tt\u00e4viin sulfiitteihin pit\u00e4\u00e4ksemme hedelm\u00e4t tuoreina ja est\u00e4\u00e4ksemme homeen muodostumisen.<\/li>\n<li>1000 grammasta kyps\u00e4\u00e4 ananasta valmistetaan 80 grammaa kuivattua tuotetta.<\/li>\n<li>Sopii vegaaneille<\/li>\n<\/ul>\n<\/li>\n<\/ul>\n<ul>\n<li style=\"list-style-type: none;\"><\/li>\n<\/ul>","protected":false},"featured_media":23756,"template":"","meta":{"inline_featured_image":false},"product_brand":[],"product_cat":[687],"product_tag":[],"class_list":{"0":"post-23764","1":"product","2":"type-product","3":"status-publish","4":"has-post-thumbnail","6":"product_cat-kinkekarbid","7":"product_shipping_class-varsked-marjad","9":"first","10":"instock","11":"sale","12":"taxable","13":"shipping-taxable","14":"purchasable","15":"product-type-simple"},"yoast_head":"<!-- This site is optimized with the Yoast SEO plugin v27.1.1 - https:\/\/yoast.com\/product\/yoast-seo-wordpress\/ -->\n<title>Ananassi eripakkumine - MySnack<\/title>\n<meta name=\"description\" content=\"Kasuta v\u00f5imalust ja soeta kvaliteetne pehme kuivatatud ananass eriti hea hinnaga.\" \/>\n<meta name=\"robots\" content=\"index, follow, max-snippet:-1, max-image-preview:large, max-video-preview:-1\" \/>\n<link rel=\"canonical\" href=\"https:\/\/mysnack.ee\/fi\/tuote\/ananas-erikoistarjous\/\" \/>\n<meta property=\"og:locale\" content=\"fi_FI\" \/>\n<meta property=\"og:type\" content=\"article\" \/>\n<meta property=\"og:title\" content=\"Ananassi eripakkumine - MySnack\" \/>\n<meta property=\"og:description\" content=\"Kasuta v\u00f5imalust ja soeta kvaliteetne pehme kuivatatud ananass eriti hea hinnaga.\" \/>\n<meta property=\"og:url\" content=\"https:\/\/mysnack.ee\/fi\/tuote\/ananas-erikoistarjous\/\" \/>\n<meta property=\"og:site_name\" content=\"MySnack\" \/>\n<meta property=\"article:publisher\" content=\"https:\/\/www.facebook.com\/MySnack.ee\/\" \/>\n<meta property=\"article:modified_time\" content=\"2024-11-27T13:29:30+00:00\" \/>\n<meta property=\"og:image\" content=\"https:\/\/mysnack.ee\/wp-content\/uploads\/2024\/07\/Use-your-benefits-ananass-post.png\" \/>\n\t<meta property=\"og:image:width\" content=\"940\" \/>\n\t<meta property=\"og:image:height\" content=\"788\" \/>\n\t<meta property=\"og:image:type\" content=\"image\/png\" \/>\n<meta name=\"twitter:card\" content=\"summary_large_image\" \/>\n<meta name=\"twitter:label1\" content=\"Arvioitu lukuaika\" \/>\n\t<meta name=\"twitter:data1\" content=\"1 minuutti\" \/>\n<script type=\"application\/ld+json\" class=\"yoast-schema-graph\">{\"@context\":\"https:\/\/schema.org\",\"@graph\":[{\"@type\":\"WebPage\",\"@id\":\"https:\/\/mysnack.ee\/toode\/ananassi-eripakkumine\/\",\"url\":\"https:\/\/mysnack.ee\/toode\/ananassi-eripakkumine\/\",\"name\":\"Ananassi eripakkumine - MySnack\",\"isPartOf\":{\"@id\":\"https:\/\/mysnack.shop\/#website\"},\"primaryImageOfPage\":{\"@id\":\"https:\/\/mysnack.ee\/toode\/ananassi-eripakkumine\/#primaryimage\"},\"image\":{\"@id\":\"https:\/\/mysnack.ee\/toode\/ananassi-eripakkumine\/#primaryimage\"},\"thumbnailUrl\":\"https:\/\/mysnack.ee\/wp-content\/uploads\/2024\/07\/Use-your-benefits-ananass-post.png\",\"datePublished\":\"2024-07-23T09:46:05+00:00\",\"dateModified\":\"2024-11-27T13:29:30+00:00\",\"description\":\"Kasuta v\u00f5imalust ja soeta kvaliteetne pehme kuivatatud ananass eriti hea hinnaga.\",\"breadcrumb\":{\"@id\":\"https:\/\/mysnack.ee\/toode\/ananassi-eripakkumine\/#breadcrumb\"},\"inLanguage\":\"fi\",\"potentialAction\":[{\"@type\":\"ReadAction\",\"target\":[\"https:\/\/mysnack.ee\/toode\/ananassi-eripakkumine\/\"]}]},{\"@type\":\"ImageObject\",\"inLanguage\":\"fi\",\"@id\":\"https:\/\/mysnack.ee\/toode\/ananassi-eripakkumine\/#primaryimage\",\"url\":\"https:\/\/mysnack.ee\/wp-content\/uploads\/2024\/07\/Use-your-benefits-ananass-post.png\",\"contentUrl\":\"https:\/\/mysnack.ee\/wp-content\/uploads\/2024\/07\/Use-your-benefits-ananass-post.png\",\"width\":940,\"height\":788},{\"@type\":\"BreadcrumbList\",\"@id\":\"https:\/\/mysnack.ee\/toode\/ananassi-eripakkumine\/#breadcrumb\",\"itemListElement\":[{\"@type\":\"ListItem\",\"position\":1,\"name\":\"Esileht\",\"item\":\"https:\/\/mysnack.ee\/\"},{\"@type\":\"ListItem\",\"position\":2,\"name\":\"Pood\",\"item\":\"https:\/\/mysnack.ee\/pood\/\"},{\"@type\":\"ListItem\",\"position\":3,\"name\":\"Ananassi eripakkumine\"}]},{\"@type\":\"WebSite\",\"@id\":\"https:\/\/mysnack.shop\/#website\",\"url\":\"https:\/\/mysnack.shop\/\",\"name\":\"MySnack\",\"description\":\"MySnack E-Pood\",\"publisher\":{\"@id\":\"https:\/\/mysnack.shop\/#organization\"},\"potentialAction\":[{\"@type\":\"SearchAction\",\"target\":{\"@type\":\"EntryPoint\",\"urlTemplate\":\"https:\/\/mysnack.shop\/?s={search_term_string}\"},\"query-input\":{\"@type\":\"PropertyValueSpecification\",\"valueRequired\":true,\"valueName\":\"search_term_string\"}}],\"inLanguage\":\"fi\"},{\"@type\":\"Organization\",\"@id\":\"https:\/\/mysnack.shop\/#organization\",\"name\":\"MySnack\",\"url\":\"https:\/\/mysnack.shop\/\",\"logo\":{\"@type\":\"ImageObject\",\"inLanguage\":\"fi\",\"@id\":\"https:\/\/mysnack.shop\/#\/schema\/logo\/image\/\",\"url\":\"https:\/\/mysnack.shop\/wp-content\/uploads\/2023\/09\/MySnack_logo.png\",\"contentUrl\":\"https:\/\/mysnack.shop\/wp-content\/uploads\/2023\/09\/MySnack_logo.png\",\"width\":400,\"height\":148,\"caption\":\"MySnack\"},\"image\":{\"@id\":\"https:\/\/mysnack.shop\/#\/schema\/logo\/image\/\"},\"sameAs\":[\"https:\/\/www.facebook.com\/MySnack.ee\/\",\"https:\/\/www.instagram.com\/mysnack_eesti\/\"]}]}<\/script>\n<!-- \/ Yoast SEO plugin. -->","yoast_head_json":{"title":"Ananas-erikoistarjous - MySnack","description":"Hy\u00f6dynn\u00e4 tilaisuus ja osta korkealaatuista pehme\u00e4\u00e4 kuivattua ananasta erityisen hyv\u00e4\u00e4n hintaan.","robots":{"index":"index","follow":"follow","max-snippet":"max-snippet:-1","max-image-preview":"max-image-preview:large","max-video-preview":"max-video-preview:-1"},"canonical":"https:\/\/mysnack.ee\/fi\/tuote\/ananas-erikoistarjous\/","og_locale":"fi_FI","og_type":"article","og_title":"Ananassi eripakkumine - MySnack","og_description":"Kasuta v\u00f5imalust ja soeta kvaliteetne pehme kuivatatud ananass eriti hea hinnaga.","og_url":"https:\/\/mysnack.ee\/fi\/tuote\/ananas-erikoistarjous\/","og_site_name":"MySnack","article_publisher":"https:\/\/www.facebook.com\/MySnack.ee\/","article_modified_time":"2024-11-27T13:29:30+00:00","og_image":[{"width":940,"height":788,"url":"https:\/\/mysnack.ee\/wp-content\/uploads\/2024\/07\/Use-your-benefits-ananass-post.png","type":"image\/png"}],"twitter_card":"summary_large_image","twitter_misc":{"Arvioitu lukuaika":"1 minuutti"},"schema":{"@context":"https:\/\/schema.org","@graph":[{"@type":"WebPage","@id":"https:\/\/mysnack.ee\/toode\/ananassi-eripakkumine\/","url":"https:\/\/mysnack.ee\/toode\/ananassi-eripakkumine\/","name":"Ananas-erikoistarjous - MySnack","isPartOf":{"@id":"https:\/\/mysnack.shop\/#website"},"primaryImageOfPage":{"@id":"https:\/\/mysnack.ee\/toode\/ananassi-eripakkumine\/#primaryimage"},"image":{"@id":"https:\/\/mysnack.ee\/toode\/ananassi-eripakkumine\/#primaryimage"},"thumbnailUrl":"https:\/\/mysnack.ee\/wp-content\/uploads\/2024\/07\/Use-your-benefits-ananass-post.png","datePublished":"2024-07-23T09:46:05+00:00","dateModified":"2024-11-27T13:29:30+00:00","description":"Hy\u00f6dynn\u00e4 tilaisuus ja osta korkealaatuista pehme\u00e4\u00e4 kuivattua ananasta erityisen hyv\u00e4\u00e4n hintaan.","breadcrumb":{"@id":"https:\/\/mysnack.ee\/toode\/ananassi-eripakkumine\/#breadcrumb"},"inLanguage":"fi","potentialAction":[{"@type":"ReadAction","target":["https:\/\/mysnack.ee\/toode\/ananassi-eripakkumine\/"]}]},{"@type":"ImageObject","inLanguage":"fi","@id":"https:\/\/mysnack.ee\/toode\/ananassi-eripakkumine\/#primaryimage","url":"https:\/\/mysnack.ee\/wp-content\/uploads\/2024\/07\/Use-your-benefits-ananass-post.png","contentUrl":"https:\/\/mysnack.ee\/wp-content\/uploads\/2024\/07\/Use-your-benefits-ananass-post.png","width":940,"height":788},{"@type":"BreadcrumbList","@id":"https:\/\/mysnack.ee\/toode\/ananassi-eripakkumine\/#breadcrumb","itemListElement":[{"@type":"ListItem","position":1,"name":"Esileht","item":"https:\/\/mysnack.ee\/"},{"@type":"ListItem","position":2,"name":"Pood","item":"https:\/\/mysnack.ee\/pood\/"},{"@type":"ListItem","position":3,"name":"Ananassi eripakkumine"}]},{"@type":"WebSite","@id":"https:\/\/mysnack.shop\/#website","url":"https:\/\/mysnack.shop\/","name":"MySnack","description":"MySnack-verkkokauppa","publisher":{"@id":"https:\/\/mysnack.shop\/#organization"},"potentialAction":[{"@type":"SearchAction","target":{"@type":"EntryPoint","urlTemplate":"https:\/\/mysnack.shop\/?s={search_term_string}"},"query-input":{"@type":"PropertyValueSpecification","valueRequired":true,"valueName":"search_term_string"}}],"inLanguage":"fi"},{"@type":"Organization","@id":"https:\/\/mysnack.shop\/#organization","name":"MySnack","url":"https:\/\/mysnack.shop\/","logo":{"@type":"ImageObject","inLanguage":"fi","@id":"https:\/\/mysnack.shop\/#\/schema\/logo\/image\/","url":"https:\/\/mysnack.shop\/wp-content\/uploads\/2023\/09\/MySnack_logo.png","contentUrl":"https:\/\/mysnack.shop\/wp-content\/uploads\/2023\/09\/MySnack_logo.png","width":400,"height":148,"caption":"MySnack"},"image":{"@id":"https:\/\/mysnack.shop\/#\/schema\/logo\/image\/"},"sameAs":["https:\/\/www.facebook.com\/MySnack.ee\/","https:\/\/www.instagram.com\/mysnack_eesti\/"]}]}},"_links":{"self":[{"href":"https:\/\/mysnack.ee\/fi\/wp-json\/wp\/v2\/product\/23764","targetHints":{"allow":["GET"]}}],"collection":[{"href":"https:\/\/mysnack.ee\/fi\/wp-json\/wp\/v2\/product"}],"about":[{"href":"https:\/\/mysnack.ee\/fi\/wp-json\/wp\/v2\/types\/product"}],"wp:featuredmedia":[{"embeddable":true,"href":"https:\/\/mysnack.ee\/fi\/wp-json\/wp\/v2\/media\/23756"}],"wp:attachment":[{"href":"https:\/\/mysnack.ee\/fi\/wp-json\/wp\/v2\/media?parent=23764"}],"wp:term":[{"taxonomy":"product_brand","embeddable":true,"href":"https:\/\/mysnack.ee\/fi\/wp-json\/wp\/v2\/product_brand?post=23764"},{"taxonomy":"product_cat","embeddable":true,"href":"https:\/\/mysnack.ee\/fi\/wp-json\/wp\/v2\/product_cat?post=23764"},{"taxonomy":"product_tag","embeddable":true,"href":"https:\/\/mysnack.ee\/fi\/wp-json\/wp\/v2\/product_tag?post=23764"}],"curies":[{"name":"wp","href":"https:\/\/api.w.org\/{rel}","templated":true}]}}