{"id":25179,"date":"2024-10-21T23:16:13","date_gmt":"2024-10-21T20:16:13","guid":{"rendered":"https:\/\/mysnack.ee\/?post_type=product&#038;p=25179"},"modified":"2025-09-25T11:31:25","modified_gmt":"2025-09-25T08:31:25","slug":"hedelmapatukat-tohvelissa-tai-lahjapakkauksessa","status":"publish","type":"product","link":"https:\/\/mysnack.ee\/fi\/product\/puuviljabatoonid-sussi-voi-kinkepaki-sisse\/","title":{"rendered":"Hedelm\u00e4patukat tohvelissa tai lahjapakkauksessa"},"content":{"rendered":"","protected":false},"excerpt":{"rendered":"<p>Loistava ja k\u00e4tev\u00e4 tapa t\u00e4ytt\u00e4\u00e4 lahjarasia haluamallasi tavalla, MySnack-hedelm\u00e4patukalla erityisen makeana ja mieleenpainuvana herkkuna.<\/p>\n<p>Patukkarasia (yhteens\u00e4 12) sis\u00e4lt\u00e4\u00e4 2 x pitahaya-, 2 x jackfruit-, 2 x mango-, 2 x guava-, 2 x passionhedelm\u00e4- ja 2 x papaija-patukkaa (\u00e0 30 g).<\/p>\n<p>Hedelm\u00e4patukat sis\u00e4lt\u00e4v\u00e4t vain kypsi\u00e4, makeita hedelmi\u00e4 ja luonnollisia vitamiineja. Kuivaamme hedelm\u00e4t erityisell\u00e4 tekniikalla, joka s\u00e4ilytt\u00e4\u00e4 kypsien hedelmien ravintoarvon maksimaalisesti. Hedelm\u00e4patukka on hyv\u00e4 laittaa laukkuun pirist\u00e4m\u00e4\u00e4n kehoa ja mielt\u00e4 ennen t\u00e4rkeit\u00e4 teht\u00e4vi\u00e4.<\/p>\n<p>Kaikki MySnack-hedelm\u00e4patukat valmistetaan omien reseptiemme mukaan. Patukoissa ei ole grammaakaan tiivistett\u00e4 tai turhia lis\u00e4aineita. Ne valmistetaan suoraan tiloillamme tai niiden l\u00e4hell\u00e4, joten meid\u00e4n ei tarvitse kuljettaa puolipoimittuja hedelmi\u00e4 ymp\u00e4ri maailmaa. N\u00e4in voimme tarjota sinulle hedelmien korkeimman ravintoarvon ja v\u00e4hent\u00e4\u00e4 haitallisia ymp\u00e4rist\u00f6vaikutuksia.<\/p>\n<ul>\n<li style=\"list-style-type: none;\">\n<ul>\n<li>Ilman lis\u00e4tty\u00e4 valkoista sokeria joissakin patukoissa on v\u00e4hint\u00e4\u00e4n 1,5 g ruokosokeria patukkaa kohden!<\/li>\n<li>Luonnostaan makea, sis\u00e4lt\u00e4\u00e4 luonnostaan hedelm\u00e4sokeria<\/li>\n<li>Gluteeniton<\/li>\n<li>Hedelm\u00e4mme saattavat luonnostaan tummua ajan my\u00f6t\u00e4 pakkauksessa. T\u00e4m\u00e4 johtuu eritt\u00e4in pienest\u00e4 sulfiittim\u00e4\u00e4r\u00e4st\u00e4, jota lis\u00e4\u00e4mme vain tarvittavan m\u00e4\u00e4r\u00e4n (0,01%) verrattuna normaalisti lis\u00e4tt\u00e4viin sulfiitteihin pit\u00e4\u00e4ksemme hedelm\u00e4patukan tuoreena ja est\u00e4\u00e4ksemme homeen muodostumisen.<\/li>\n<\/ul>\n<\/li>\n<\/ul>\n<p>Tuotteen voi tilata vain noutamalla sen toimistolta, sill\u00e4 pakkaamme ne k\u00e4sin huolella ja rakkaudella paikan p\u00e4\u00e4ll\u00e4!<br \/>\nOsoitteemme on Siduri 9, Tallinna. Ilmoita tulostasi soittamalla numeroon +372 5855 4410. Voit noutaa tilauksesi arkisin klo 10.00\u201316.00 tai muina aikoina sopimuksen mukaan.<\/p>","protected":false},"featured_media":25541,"template":"","meta":{"inline_featured_image":false},"product_brand":[],"product_cat":[687],"product_tag":[],"class_list":{"0":"post-25179","1":"product","2":"type-product","3":"status-publish","4":"has-post-thumbnail","6":"product_cat-kinkekarbid","7":"product_shipping_class-varsked-marjad","9":"first","10":"instock","11":"taxable","12":"shipping-taxable","13":"purchasable","14":"product-type-simple"},"yoast_head":"<!-- This site is optimized with the Yoast SEO plugin v27.1.1 - https:\/\/yoast.com\/product\/yoast-seo-wordpress\/ -->\n<title>Puuviljabatoonid sussi v\u00f5i kinkepaki sisse - MySnack<\/title>\n<meta name=\"description\" content=\"Kastit\u00e4is MySnack puuviljabatoone p\u00fchadeks! Tervislik magus amps kommi asemel sussi v\u00f5i kinkepaki sisse. Vali naturaalne, looduslik kingitus.\" \/>\n<meta name=\"robots\" content=\"index, follow, max-snippet:-1, max-image-preview:large, max-video-preview:-1\" \/>\n<link rel=\"canonical\" href=\"https:\/\/mysnack.ee\/fi\/tuote\/hedelmapatukat-tohvelissa-tai-lahjapakkauksessa\/\" \/>\n<meta property=\"og:locale\" content=\"fi_FI\" \/>\n<meta property=\"og:type\" content=\"article\" \/>\n<meta property=\"og:title\" content=\"Puuviljabatoonid sussi v\u00f5i kinkepaki sisse - MySnack\" \/>\n<meta property=\"og:description\" content=\"Kastit\u00e4is MySnack puuviljabatoone p\u00fchadeks! Tervislik magus amps kommi asemel sussi v\u00f5i kinkepaki sisse. Vali naturaalne, looduslik kingitus.\" \/>\n<meta property=\"og:url\" content=\"https:\/\/mysnack.ee\/fi\/tuote\/hedelmapatukat-tohvelissa-tai-lahjapakkauksessa\/\" \/>\n<meta property=\"og:site_name\" content=\"MySnack\" \/>\n<meta property=\"article:publisher\" content=\"https:\/\/www.facebook.com\/MySnack.ee\/\" \/>\n<meta property=\"article:modified_time\" content=\"2025-09-25T08:31:25+00:00\" \/>\n<meta property=\"og:image\" content=\"https:\/\/mysnack.ee\/wp-content\/uploads\/2024\/10\/Kodulehele-tootepildid-800x800.png\" \/>\n\t<meta property=\"og:image:width\" content=\"800\" \/>\n\t<meta property=\"og:image:height\" content=\"800\" \/>\n\t<meta property=\"og:image:type\" content=\"image\/png\" \/>\n<meta name=\"twitter:card\" content=\"summary_large_image\" \/>\n<meta name=\"twitter:label1\" content=\"Arvioitu lukuaika\" \/>\n\t<meta name=\"twitter:data1\" content=\"1 minuutti\" \/>\n<script type=\"application\/ld+json\" class=\"yoast-schema-graph\">{\"@context\":\"https:\/\/schema.org\",\"@graph\":[{\"@type\":\"WebPage\",\"@id\":\"https:\/\/mysnack.ee\/toode\/puuviljabatoonid-sussi-voi-kinkepaki-sisse\/\",\"url\":\"https:\/\/mysnack.ee\/toode\/puuviljabatoonid-sussi-voi-kinkepaki-sisse\/\",\"name\":\"Puuviljabatoonid sussi v\u00f5i kinkepaki sisse - MySnack\",\"isPartOf\":{\"@id\":\"https:\/\/mysnack.shop\/#website\"},\"primaryImageOfPage\":{\"@id\":\"https:\/\/mysnack.ee\/toode\/puuviljabatoonid-sussi-voi-kinkepaki-sisse\/#primaryimage\"},\"image\":{\"@id\":\"https:\/\/mysnack.ee\/toode\/puuviljabatoonid-sussi-voi-kinkepaki-sisse\/#primaryimage\"},\"thumbnailUrl\":\"https:\/\/mysnack.ee\/wp-content\/uploads\/2024\/10\/Kodulehele-tootepildid.png\",\"datePublished\":\"2024-10-21T20:16:13+00:00\",\"dateModified\":\"2025-09-25T08:31:25+00:00\",\"description\":\"Kastit\u00e4is MySnack puuviljabatoone p\u00fchadeks! Tervislik magus amps kommi asemel sussi v\u00f5i kinkepaki sisse. Vali naturaalne, looduslik kingitus.\",\"breadcrumb\":{\"@id\":\"https:\/\/mysnack.ee\/toode\/puuviljabatoonid-sussi-voi-kinkepaki-sisse\/#breadcrumb\"},\"inLanguage\":\"fi\",\"potentialAction\":[{\"@type\":\"ReadAction\",\"target\":[\"https:\/\/mysnack.ee\/toode\/puuviljabatoonid-sussi-voi-kinkepaki-sisse\/\"]}]},{\"@type\":\"ImageObject\",\"inLanguage\":\"fi\",\"@id\":\"https:\/\/mysnack.ee\/toode\/puuviljabatoonid-sussi-voi-kinkepaki-sisse\/#primaryimage\",\"url\":\"https:\/\/mysnack.ee\/wp-content\/uploads\/2024\/10\/Kodulehele-tootepildid.png\",\"contentUrl\":\"https:\/\/mysnack.ee\/wp-content\/uploads\/2024\/10\/Kodulehele-tootepildid.png\",\"width\":1080,\"height\":1080,\"caption\":\"Puuviljabatoonid sussi sisse v\u00f5i kinkepaki sisse\"},{\"@type\":\"BreadcrumbList\",\"@id\":\"https:\/\/mysnack.ee\/toode\/puuviljabatoonid-sussi-voi-kinkepaki-sisse\/#breadcrumb\",\"itemListElement\":[{\"@type\":\"ListItem\",\"position\":1,\"name\":\"Esileht\",\"item\":\"https:\/\/mysnack.ee\/\"},{\"@type\":\"ListItem\",\"position\":2,\"name\":\"Pood\",\"item\":\"https:\/\/mysnack.ee\/pood\/\"},{\"@type\":\"ListItem\",\"position\":3,\"name\":\"Puuviljabatoonid sussi v\u00f5i kinkepaki sisse\"}]},{\"@type\":\"WebSite\",\"@id\":\"https:\/\/mysnack.shop\/#website\",\"url\":\"https:\/\/mysnack.shop\/\",\"name\":\"MySnack\",\"description\":\"MySnack E-Pood\",\"publisher\":{\"@id\":\"https:\/\/mysnack.shop\/#organization\"},\"potentialAction\":[{\"@type\":\"SearchAction\",\"target\":{\"@type\":\"EntryPoint\",\"urlTemplate\":\"https:\/\/mysnack.shop\/?s={search_term_string}\"},\"query-input\":{\"@type\":\"PropertyValueSpecification\",\"valueRequired\":true,\"valueName\":\"search_term_string\"}}],\"inLanguage\":\"fi\"},{\"@type\":\"Organization\",\"@id\":\"https:\/\/mysnack.shop\/#organization\",\"name\":\"MySnack\",\"url\":\"https:\/\/mysnack.shop\/\",\"logo\":{\"@type\":\"ImageObject\",\"inLanguage\":\"fi\",\"@id\":\"https:\/\/mysnack.shop\/#\/schema\/logo\/image\/\",\"url\":\"https:\/\/mysnack.shop\/wp-content\/uploads\/2023\/09\/MySnack_logo.png\",\"contentUrl\":\"https:\/\/mysnack.shop\/wp-content\/uploads\/2023\/09\/MySnack_logo.png\",\"width\":400,\"height\":148,\"caption\":\"MySnack\"},\"image\":{\"@id\":\"https:\/\/mysnack.shop\/#\/schema\/logo\/image\/\"},\"sameAs\":[\"https:\/\/www.facebook.com\/MySnack.ee\/\",\"https:\/\/www.instagram.com\/mysnack_eesti\/\"]}]}<\/script>\n<!-- \/ Yoast SEO plugin. -->","yoast_head_json":{"title":"Hedelm\u00e4patukat tohvelissa tai lahjapakkauksessa - MySnack","description":"Laatikkollinen MySnack-hedelm\u00e4patukoita jouluksi! Terveellinen makea suupala tohveliin tai lahjarasiaan karkin sijaan. Valitse luonnollinen, luomulahja.","robots":{"index":"index","follow":"follow","max-snippet":"max-snippet:-1","max-image-preview":"max-image-preview:large","max-video-preview":"max-video-preview:-1"},"canonical":"https:\/\/mysnack.ee\/fi\/tuote\/hedelmapatukat-tohvelissa-tai-lahjapakkauksessa\/","og_locale":"fi_FI","og_type":"article","og_title":"Puuviljabatoonid sussi v\u00f5i kinkepaki sisse - MySnack","og_description":"Kastit\u00e4is MySnack puuviljabatoone p\u00fchadeks! Tervislik magus amps kommi asemel sussi v\u00f5i kinkepaki sisse. Vali naturaalne, looduslik kingitus.","og_url":"https:\/\/mysnack.ee\/fi\/tuote\/hedelmapatukat-tohvelissa-tai-lahjapakkauksessa\/","og_site_name":"MySnack","article_publisher":"https:\/\/www.facebook.com\/MySnack.ee\/","article_modified_time":"2025-09-25T08:31:25+00:00","og_image":[{"width":800,"height":800,"url":"https:\/\/mysnack.ee\/wp-content\/uploads\/2024\/10\/Kodulehele-tootepildid-800x800.png","type":"image\/png"}],"twitter_card":"summary_large_image","twitter_misc":{"Arvioitu lukuaika":"1 minuutti"},"schema":{"@context":"https:\/\/schema.org","@graph":[{"@type":"WebPage","@id":"https:\/\/mysnack.ee\/toode\/puuviljabatoonid-sussi-voi-kinkepaki-sisse\/","url":"https:\/\/mysnack.ee\/toode\/puuviljabatoonid-sussi-voi-kinkepaki-sisse\/","name":"Hedelm\u00e4patukat tohvelissa tai lahjapakkauksessa - MySnack","isPartOf":{"@id":"https:\/\/mysnack.shop\/#website"},"primaryImageOfPage":{"@id":"https:\/\/mysnack.ee\/toode\/puuviljabatoonid-sussi-voi-kinkepaki-sisse\/#primaryimage"},"image":{"@id":"https:\/\/mysnack.ee\/toode\/puuviljabatoonid-sussi-voi-kinkepaki-sisse\/#primaryimage"},"thumbnailUrl":"https:\/\/mysnack.ee\/wp-content\/uploads\/2024\/10\/Kodulehele-tootepildid.png","datePublished":"2024-10-21T20:16:13+00:00","dateModified":"2025-09-25T08:31:25+00:00","description":"Laatikkollinen MySnack-hedelm\u00e4patukoita jouluksi! Terveellinen makea suupala tohveliin tai lahjarasiaan karkin sijaan. Valitse luonnollinen, luomulahja.","breadcrumb":{"@id":"https:\/\/mysnack.ee\/toode\/puuviljabatoonid-sussi-voi-kinkepaki-sisse\/#breadcrumb"},"inLanguage":"fi","potentialAction":[{"@type":"ReadAction","target":["https:\/\/mysnack.ee\/toode\/puuviljabatoonid-sussi-voi-kinkepaki-sisse\/"]}]},{"@type":"ImageObject","inLanguage":"fi","@id":"https:\/\/mysnack.ee\/toode\/puuviljabatoonid-sussi-voi-kinkepaki-sisse\/#primaryimage","url":"https:\/\/mysnack.ee\/wp-content\/uploads\/2024\/10\/Kodulehele-tootepildid.png","contentUrl":"https:\/\/mysnack.ee\/wp-content\/uploads\/2024\/10\/Kodulehele-tootepildid.png","width":1080,"height":1080,"caption":"Puuviljabatoonid sussi sisse v\u00f5i kinkepaki sisse"},{"@type":"BreadcrumbList","@id":"https:\/\/mysnack.ee\/toode\/puuviljabatoonid-sussi-voi-kinkepaki-sisse\/#breadcrumb","itemListElement":[{"@type":"ListItem","position":1,"name":"Esileht","item":"https:\/\/mysnack.ee\/"},{"@type":"ListItem","position":2,"name":"Pood","item":"https:\/\/mysnack.ee\/pood\/"},{"@type":"ListItem","position":3,"name":"Puuviljabatoonid sussi v\u00f5i kinkepaki sisse"}]},{"@type":"WebSite","@id":"https:\/\/mysnack.shop\/#website","url":"https:\/\/mysnack.shop\/","name":"MySnack","description":"MySnack-verkkokauppa","publisher":{"@id":"https:\/\/mysnack.shop\/#organization"},"potentialAction":[{"@type":"SearchAction","target":{"@type":"EntryPoint","urlTemplate":"https:\/\/mysnack.shop\/?s={search_term_string}"},"query-input":{"@type":"PropertyValueSpecification","valueRequired":true,"valueName":"search_term_string"}}],"inLanguage":"fi"},{"@type":"Organization","@id":"https:\/\/mysnack.shop\/#organization","name":"MySnack","url":"https:\/\/mysnack.shop\/","logo":{"@type":"ImageObject","inLanguage":"fi","@id":"https:\/\/mysnack.shop\/#\/schema\/logo\/image\/","url":"https:\/\/mysnack.shop\/wp-content\/uploads\/2023\/09\/MySnack_logo.png","contentUrl":"https:\/\/mysnack.shop\/wp-content\/uploads\/2023\/09\/MySnack_logo.png","width":400,"height":148,"caption":"MySnack"},"image":{"@id":"https:\/\/mysnack.shop\/#\/schema\/logo\/image\/"},"sameAs":["https:\/\/www.facebook.com\/MySnack.ee\/","https:\/\/www.instagram.com\/mysnack_eesti\/"]}]}},"_links":{"self":[{"href":"https:\/\/mysnack.ee\/fi\/wp-json\/wp\/v2\/product\/25179","targetHints":{"allow":["GET"]}}],"collection":[{"href":"https:\/\/mysnack.ee\/fi\/wp-json\/wp\/v2\/product"}],"about":[{"href":"https:\/\/mysnack.ee\/fi\/wp-json\/wp\/v2\/types\/product"}],"wp:featuredmedia":[{"embeddable":true,"href":"https:\/\/mysnack.ee\/fi\/wp-json\/wp\/v2\/media\/25541"}],"wp:attachment":[{"href":"https:\/\/mysnack.ee\/fi\/wp-json\/wp\/v2\/media?parent=25179"}],"wp:term":[{"taxonomy":"product_brand","embeddable":true,"href":"https:\/\/mysnack.ee\/fi\/wp-json\/wp\/v2\/product_brand?post=25179"},{"taxonomy":"product_cat","embeddable":true,"href":"https:\/\/mysnack.ee\/fi\/wp-json\/wp\/v2\/product_cat?post=25179"},{"taxonomy":"product_tag","embeddable":true,"href":"https:\/\/mysnack.ee\/fi\/wp-json\/wp\/v2\/product_tag?post=25179"}],"curies":[{"name":"wp","href":"https:\/\/api.w.org\/{rel}","templated":true}]}}