{"id":25801,"date":"2024-11-26T15:57:08","date_gmt":"2024-11-26T13:57:08","guid":{"rendered":"https:\/\/mysnack.ee\/?post_type=product&#038;p=25801"},"modified":"2026-03-24T10:18:26","modified_gmt":"2026-03-24T08:18:26","slug":"lahjarasia-makea-lahja-luonnosta","status":"publish","type":"product","link":"https:\/\/mysnack.ee\/fi\/product\/kinkepakk-magus-kingitus-loodusest\/","title":{"rendered":"Makea lahja luonnolta"},"content":{"rendered":"","protected":false},"excerpt":{"rendered":"<p>Todella makea lahja luonnolta! Kaunis lahjarasia, joka sis\u00e4lt\u00e4\u00e4 valikoiman mehukkaita hedelm\u00e4patukoita (4 kappaletta per laatikko).<\/p>\n<ul>\n<li>97% mangohedelm\u00e4patukka 30g<\/li>\n<li>99% papaijahedelm\u00e4patukka 30g<\/li>\n<li>95% passionhedelm\u00e4patukka 30g<\/li>\n<li>95% guava-hedelm\u00e4patukka 30 g<\/li>\n<\/ul>\n<p>Hedelm\u00e4patukat sis\u00e4lt\u00e4v\u00e4t vain kypsi\u00e4, makeita hedelmi\u00e4 ja luonnollisia vitamiineja. Kuivaamme hedelm\u00e4t erityisell\u00e4 tekniikalla, joka s\u00e4ilytt\u00e4\u00e4 kypsien hedelmien ravintoarvon maksimaalisesti. Hedelm\u00e4patukka on hyv\u00e4 laittaa laukkuun pirist\u00e4m\u00e4\u00e4n kehoa ja mielt\u00e4 ennen t\u00e4rkeit\u00e4 teht\u00e4vi\u00e4.<\/p>\n<p>Kaikki MySnack-hedelm\u00e4patukat valmistetaan omien reseptiemme mukaan. Patukoissa ei ole grammaakaan tiivistett\u00e4 tai turhia lis\u00e4aineita. Ne valmistetaan suoraan tiloillamme tai niiden l\u00e4hell\u00e4, joten meid\u00e4n ei tarvitse kuljettaa puolipoimittuja hedelmi\u00e4 ymp\u00e4ri maailmaa. N\u00e4in voimme tarjota sinulle hedelmien korkeimman ravintoarvon ja v\u00e4hent\u00e4\u00e4 haitallisia ymp\u00e4rist\u00f6vaikutuksia.<\/p>\n<ul>\n<li style=\"list-style-type: none;\">\n<ul>\n<li>Luonnostaan makea, sis\u00e4lt\u00e4\u00e4 luonnostaan hedelm\u00e4sokeria<\/li>\n<li>Ilman lis\u00e4tty\u00e4 valkoista sokeria joissakin patukoissa on ainakin ruokosokeria lis\u00e4tty, mutta enint\u00e4\u00e4n 1,5 g patukkaa kohden!<\/li>\n<li>Gluteeniton<\/li>\n<li>Hedelm\u00e4mme saattavat luonnostaan tummua ajan my\u00f6t\u00e4 pakkauksessa. T\u00e4m\u00e4 johtuu eritt\u00e4in pienest\u00e4 sulfiittim\u00e4\u00e4r\u00e4st\u00e4, jota lis\u00e4\u00e4mme vain tarvittavan m\u00e4\u00e4r\u00e4n (0,01%) verrattuna normaalisti lis\u00e4tt\u00e4viin sulfiitteihin pit\u00e4\u00e4ksemme hedelm\u00e4patukan tuoreena ja est\u00e4\u00e4ksemme homeen muodostumisen.<\/li>\n<\/ul>\n<\/li>\n<\/ul>\n<div id=\"accel-snackbar\" style=\"left: 50%; top: 50px;\"><\/div>","protected":false},"featured_media":27639,"template":"","meta":{"inline_featured_image":false},"product_brand":[],"product_cat":[687,171,675],"product_tag":[],"class_list":{"0":"post-25801","1":"product","2":"type-product","3":"status-publish","4":"has-post-thumbnail","6":"product_cat-kinkekarbid","7":"product_cat-magusad-snakid","8":"product_cat-puuviljabatoonid","9":"pa_kogus-kast","10":"pa_kogus-tukk","11":"pa_sisaldab-mysnacki-farmist","12":"pa_sisaldab-vegan","14":"first","15":"outofstock","16":"taxable","17":"shipping-taxable","18":"purchasable","19":"product-type-variable","20":"has-default-attributes"},"yoast_head":"<!-- This site is optimized with the Yoast SEO plugin v27.1.1 - https:\/\/yoast.com\/product\/yoast-seo-wordpress\/ -->\n<title>Magus kingitus loodusest | Patuvabad sn\u00e4kid<\/title>\n<meta name=\"description\" content=\"T\u00f5eline naturaalne maius! Kaunis kinkepakk, milles peidus 4 eksootilisest viljast valminud puuviljabatooni. Poodi ostlema!\" \/>\n<meta name=\"robots\" content=\"index, follow, max-snippet:-1, max-image-preview:large, max-video-preview:-1\" \/>\n<link rel=\"canonical\" href=\"https:\/\/mysnack.ee\/fi\/tuote\/lahjarasia-makea-lahja-luonnosta\/\" \/>\n<meta property=\"og:locale\" content=\"fi_FI\" \/>\n<meta property=\"og:type\" content=\"article\" \/>\n<meta property=\"og:title\" content=\"Magus kingitus loodusest | Patuvabad sn\u00e4kid\" \/>\n<meta property=\"og:description\" content=\"T\u00f5eline naturaalne maius! Kaunis kinkepakk, milles peidus 4 eksootilisest viljast valminud puuviljabatooni. Poodi ostlema!\" \/>\n<meta property=\"og:url\" content=\"https:\/\/mysnack.ee\/fi\/tuote\/lahjarasia-makea-lahja-luonnosta\/\" \/>\n<meta property=\"og:site_name\" content=\"MySnack\" \/>\n<meta property=\"article:publisher\" content=\"https:\/\/www.facebook.com\/MySnack.ee\/\" \/>\n<meta property=\"article:modified_time\" content=\"2026-03-24T08:18:26+00:00\" \/>\n<meta property=\"og:image\" content=\"https:\/\/mysnack.ee\/wp-content\/uploads\/2024\/11\/Giftbox.png\" \/>\n\t<meta property=\"og:image:width\" content=\"1080\" \/>\n\t<meta property=\"og:image:height\" content=\"1080\" \/>\n\t<meta property=\"og:image:type\" content=\"image\/png\" \/>\n<meta name=\"twitter:card\" content=\"summary_large_image\" \/>\n<meta name=\"twitter:label1\" content=\"Arvioitu lukuaika\" \/>\n\t<meta name=\"twitter:data1\" content=\"1 minuutti\" \/>\n<script type=\"application\/ld+json\" class=\"yoast-schema-graph\">{\"@context\":\"https:\/\/schema.org\",\"@graph\":[{\"@type\":\"WebPage\",\"@id\":\"https:\/\/mysnack.ee\/toode\/kinkepakk-magus-kingitus-loodusest\/\",\"url\":\"https:\/\/mysnack.ee\/toode\/kinkepakk-magus-kingitus-loodusest\/\",\"name\":\"Magus kingitus loodusest | Patuvabad sn\u00e4kid\",\"isPartOf\":{\"@id\":\"https:\/\/mysnack.shop\/#website\"},\"primaryImageOfPage\":{\"@id\":\"https:\/\/mysnack.ee\/toode\/kinkepakk-magus-kingitus-loodusest\/#primaryimage\"},\"image\":{\"@id\":\"https:\/\/mysnack.ee\/toode\/kinkepakk-magus-kingitus-loodusest\/#primaryimage\"},\"thumbnailUrl\":\"https:\/\/mysnack.ee\/wp-content\/uploads\/2024\/11\/Giftbox.png\",\"datePublished\":\"2024-11-26T13:57:08+00:00\",\"dateModified\":\"2026-03-24T08:18:26+00:00\",\"description\":\"T\u00f5eline naturaalne maius! Kaunis kinkepakk, milles peidus 4 eksootilisest viljast valminud puuviljabatooni. Poodi ostlema!\",\"breadcrumb\":{\"@id\":\"https:\/\/mysnack.ee\/toode\/kinkepakk-magus-kingitus-loodusest\/#breadcrumb\"},\"inLanguage\":\"fi\",\"potentialAction\":[{\"@type\":\"ReadAction\",\"target\":[\"https:\/\/mysnack.ee\/toode\/kinkepakk-magus-kingitus-loodusest\/\"]}]},{\"@type\":\"ImageObject\",\"inLanguage\":\"fi\",\"@id\":\"https:\/\/mysnack.ee\/toode\/kinkepakk-magus-kingitus-loodusest\/#primaryimage\",\"url\":\"https:\/\/mysnack.ee\/wp-content\/uploads\/2024\/11\/Giftbox.png\",\"contentUrl\":\"https:\/\/mysnack.ee\/wp-content\/uploads\/2024\/11\/Giftbox.png\",\"width\":1080,\"height\":1080,\"caption\":\"Kinkepakk Magus kingitus loodusest puuviljabatoonidega\"},{\"@type\":\"BreadcrumbList\",\"@id\":\"https:\/\/mysnack.ee\/toode\/kinkepakk-magus-kingitus-loodusest\/#breadcrumb\",\"itemListElement\":[{\"@type\":\"ListItem\",\"position\":1,\"name\":\"Esileht\",\"item\":\"https:\/\/mysnack.ee\/\"},{\"@type\":\"ListItem\",\"position\":2,\"name\":\"Pood\",\"item\":\"https:\/\/mysnack.ee\/pood\/\"},{\"@type\":\"ListItem\",\"position\":3,\"name\":\"Magus kingitus loodusest\"}]},{\"@type\":\"WebSite\",\"@id\":\"https:\/\/mysnack.shop\/#website\",\"url\":\"https:\/\/mysnack.shop\/\",\"name\":\"MySnack\",\"description\":\"MySnack E-Pood\",\"publisher\":{\"@id\":\"https:\/\/mysnack.shop\/#organization\"},\"potentialAction\":[{\"@type\":\"SearchAction\",\"target\":{\"@type\":\"EntryPoint\",\"urlTemplate\":\"https:\/\/mysnack.shop\/?s={search_term_string}\"},\"query-input\":{\"@type\":\"PropertyValueSpecification\",\"valueRequired\":true,\"valueName\":\"search_term_string\"}}],\"inLanguage\":\"fi\"},{\"@type\":\"Organization\",\"@id\":\"https:\/\/mysnack.shop\/#organization\",\"name\":\"MySnack\",\"url\":\"https:\/\/mysnack.shop\/\",\"logo\":{\"@type\":\"ImageObject\",\"inLanguage\":\"fi\",\"@id\":\"https:\/\/mysnack.shop\/#\/schema\/logo\/image\/\",\"url\":\"https:\/\/mysnack.shop\/wp-content\/uploads\/2023\/09\/MySnack_logo.png\",\"contentUrl\":\"https:\/\/mysnack.shop\/wp-content\/uploads\/2023\/09\/MySnack_logo.png\",\"width\":400,\"height\":148,\"caption\":\"MySnack\"},\"image\":{\"@id\":\"https:\/\/mysnack.shop\/#\/schema\/logo\/image\/\"},\"sameAs\":[\"https:\/\/www.facebook.com\/MySnack.ee\/\",\"https:\/\/www.instagram.com\/mysnack_eesti\/\"]}]}<\/script>\n<!-- \/ Yoast SEO plugin. -->","yoast_head_json":{"title":"Makea lahja luonnosta | Synnitt\u00f6m\u00e4t v\u00e4lipalat","description":"Todellinen luonnon herkku! Kaunis lahjarasia, joka sis\u00e4lt\u00e4\u00e4 nelj\u00e4 eksoottisista hedelmist\u00e4 valmistettua hedelm\u00e4patukkaa. Tule ostoksille!","robots":{"index":"index","follow":"follow","max-snippet":"max-snippet:-1","max-image-preview":"max-image-preview:large","max-video-preview":"max-video-preview:-1"},"canonical":"https:\/\/mysnack.ee\/fi\/tuote\/lahjarasia-makea-lahja-luonnosta\/","og_locale":"fi_FI","og_type":"article","og_title":"Magus kingitus loodusest | Patuvabad sn\u00e4kid","og_description":"T\u00f5eline naturaalne maius! Kaunis kinkepakk, milles peidus 4 eksootilisest viljast valminud puuviljabatooni. Poodi ostlema!","og_url":"https:\/\/mysnack.ee\/fi\/tuote\/lahjarasia-makea-lahja-luonnosta\/","og_site_name":"MySnack","article_publisher":"https:\/\/www.facebook.com\/MySnack.ee\/","article_modified_time":"2026-03-24T08:18:26+00:00","og_image":[{"width":1080,"height":1080,"url":"https:\/\/mysnack.ee\/wp-content\/uploads\/2024\/11\/Giftbox.png","type":"image\/png"}],"twitter_card":"summary_large_image","twitter_misc":{"Arvioitu lukuaika":"1 minuutti"},"schema":{"@context":"https:\/\/schema.org","@graph":[{"@type":"WebPage","@id":"https:\/\/mysnack.ee\/toode\/kinkepakk-magus-kingitus-loodusest\/","url":"https:\/\/mysnack.ee\/toode\/kinkepakk-magus-kingitus-loodusest\/","name":"Makea lahja luonnosta | Synnitt\u00f6m\u00e4t v\u00e4lipalat","isPartOf":{"@id":"https:\/\/mysnack.shop\/#website"},"primaryImageOfPage":{"@id":"https:\/\/mysnack.ee\/toode\/kinkepakk-magus-kingitus-loodusest\/#primaryimage"},"image":{"@id":"https:\/\/mysnack.ee\/toode\/kinkepakk-magus-kingitus-loodusest\/#primaryimage"},"thumbnailUrl":"https:\/\/mysnack.ee\/wp-content\/uploads\/2024\/11\/Giftbox.png","datePublished":"2024-11-26T13:57:08+00:00","dateModified":"2026-03-24T08:18:26+00:00","description":"Todellinen luonnon herkku! Kaunis lahjarasia, joka sis\u00e4lt\u00e4\u00e4 nelj\u00e4 eksoottisista hedelmist\u00e4 valmistettua hedelm\u00e4patukkaa. Tule ostoksille!","breadcrumb":{"@id":"https:\/\/mysnack.ee\/toode\/kinkepakk-magus-kingitus-loodusest\/#breadcrumb"},"inLanguage":"fi","potentialAction":[{"@type":"ReadAction","target":["https:\/\/mysnack.ee\/toode\/kinkepakk-magus-kingitus-loodusest\/"]}]},{"@type":"ImageObject","inLanguage":"fi","@id":"https:\/\/mysnack.ee\/toode\/kinkepakk-magus-kingitus-loodusest\/#primaryimage","url":"https:\/\/mysnack.ee\/wp-content\/uploads\/2024\/11\/Giftbox.png","contentUrl":"https:\/\/mysnack.ee\/wp-content\/uploads\/2024\/11\/Giftbox.png","width":1080,"height":1080,"caption":"Kinkepakk Magus kingitus loodusest puuviljabatoonidega"},{"@type":"BreadcrumbList","@id":"https:\/\/mysnack.ee\/toode\/kinkepakk-magus-kingitus-loodusest\/#breadcrumb","itemListElement":[{"@type":"ListItem","position":1,"name":"Esileht","item":"https:\/\/mysnack.ee\/"},{"@type":"ListItem","position":2,"name":"Pood","item":"https:\/\/mysnack.ee\/pood\/"},{"@type":"ListItem","position":3,"name":"Magus kingitus loodusest"}]},{"@type":"WebSite","@id":"https:\/\/mysnack.shop\/#website","url":"https:\/\/mysnack.shop\/","name":"MySnack","description":"MySnack-verkkokauppa","publisher":{"@id":"https:\/\/mysnack.shop\/#organization"},"potentialAction":[{"@type":"SearchAction","target":{"@type":"EntryPoint","urlTemplate":"https:\/\/mysnack.shop\/?s={search_term_string}"},"query-input":{"@type":"PropertyValueSpecification","valueRequired":true,"valueName":"search_term_string"}}],"inLanguage":"fi"},{"@type":"Organization","@id":"https:\/\/mysnack.shop\/#organization","name":"MySnack","url":"https:\/\/mysnack.shop\/","logo":{"@type":"ImageObject","inLanguage":"fi","@id":"https:\/\/mysnack.shop\/#\/schema\/logo\/image\/","url":"https:\/\/mysnack.shop\/wp-content\/uploads\/2023\/09\/MySnack_logo.png","contentUrl":"https:\/\/mysnack.shop\/wp-content\/uploads\/2023\/09\/MySnack_logo.png","width":400,"height":148,"caption":"MySnack"},"image":{"@id":"https:\/\/mysnack.shop\/#\/schema\/logo\/image\/"},"sameAs":["https:\/\/www.facebook.com\/MySnack.ee\/","https:\/\/www.instagram.com\/mysnack_eesti\/"]}]}},"_links":{"self":[{"href":"https:\/\/mysnack.ee\/fi\/wp-json\/wp\/v2\/product\/25801","targetHints":{"allow":["GET"]}}],"collection":[{"href":"https:\/\/mysnack.ee\/fi\/wp-json\/wp\/v2\/product"}],"about":[{"href":"https:\/\/mysnack.ee\/fi\/wp-json\/wp\/v2\/types\/product"}],"wp:featuredmedia":[{"embeddable":true,"href":"https:\/\/mysnack.ee\/fi\/wp-json\/wp\/v2\/media\/27639"}],"wp:attachment":[{"href":"https:\/\/mysnack.ee\/fi\/wp-json\/wp\/v2\/media?parent=25801"}],"wp:term":[{"taxonomy":"product_brand","embeddable":true,"href":"https:\/\/mysnack.ee\/fi\/wp-json\/wp\/v2\/product_brand?post=25801"},{"taxonomy":"product_cat","embeddable":true,"href":"https:\/\/mysnack.ee\/fi\/wp-json\/wp\/v2\/product_cat?post=25801"},{"taxonomy":"product_tag","embeddable":true,"href":"https:\/\/mysnack.ee\/fi\/wp-json\/wp\/v2\/product_tag?post=25801"}],"curies":[{"name":"wp","href":"https:\/\/api.w.org\/{rel}","templated":true}]}}