{"id":5638,"date":"2018-11-20T13:12:51","date_gmt":"2018-11-20T11:12:51","guid":{"rendered":"https:\/\/mysnack.ee\/?post_type=product&#038;p=4675"},"modified":"2025-07-28T12:30:50","modified_gmt":"2025-07-28T09:30:50","slug":"merileva-tom-yum","status":"publish","type":"product","link":"https:\/\/mysnack.ee\/fi\/product\/merevetikas-tom-yum\/","title":{"rendered":"Merilev\u00e4 Tom Yum 15 g"},"content":{"rendered":"<p><strong>M\u00e4\u00e4r\u00e4:<\/strong> 15 g<\/p>\n<p><strong>100 g tuotetta sis\u00e4lt\u00e4\u00e4 keskim\u00e4\u00e4rin:<\/strong><\/p>\n<table>\n<tbody>\n<tr>\n<td>Energiasis\u00e4lt\u00f6<\/td>\n<td>708 kcal \/ 2964 kJ<\/td>\n<\/tr>\n<tr>\n<td>Rasvat<\/td>\n<td>65,1 g<\/td>\n<\/tr>\n<tr>\n<td>\u00a0 \u00a0 josta tyydyttyneit\u00e4 rasvahappoja<\/td>\n<td>27,9 g<\/td>\n<\/tr>\n<tr>\n<td>Hiilihydraatit<\/td>\n<td>16,6 g<\/td>\n<\/tr>\n<tr>\n<td>\u00a0 \u00a0 josta sokereita<\/td>\n<td>1,6 g<\/td>\n<\/tr>\n<tr>\n<td>Proteiinit<\/td>\n<td>13,9 g<\/td>\n<\/tr>\n<tr>\n<td>Suolaa<\/td>\n<td>1,45 grammaa<\/td>\n<\/tr>\n<\/tbody>\n<\/table>\n<div id=\"accel-snackbar\" style=\"left: 50%; top: 50px;\"><\/div>","protected":false},"excerpt":{"rendered":"<ul>\n<li>Mukavan rapeita naposteltavia.<\/li>\n<li>Ne maistuvat hyv\u00e4lt\u00e4, antavat energiaa ja mausteita.<\/li>\n<li>Merilev\u00e4 tunnetaan ravinteiden runsaudesta, erityisesti jodipitoisuudestaan.<\/li>\n<\/ul>\n<p><strong>Ainesosat:<\/strong> Merilev\u00e4 (85%), palmu\u00f6ljy, sokeri, suola, mausteet (chili, sitruunaruoho, salottisipuli, galangaljuuri, kaffirlimetin lehti), KATKARAPUjauhe, maltodekstriini, hiivauutejauhe, happamuudens\u00e4\u00e4t\u00f6aine (E296), limettimehujauhe, arominvahvenne (E635), paakkuuntumisenestoaine (E554), tomyum-aromi, happamuudens\u00e4\u00e4t\u00f6aine (E330), paprika\u00f6ljy, chiliuute.<\/p>\n<div id=\"accel-snackbar\" style=\"left: 50%; top: 50px;\"><\/div>","protected":false},"featured_media":22555,"template":"","meta":{"inline_featured_image":false},"product_brand":[],"product_cat":[172,315],"product_tag":[],"class_list":{"0":"post-5638","1":"product","2":"type-product","3":"status-publish","4":"has-post-thumbnail","6":"product_cat-soolased-snakid","7":"product_cat-vetikakropsud","8":"pa_kogus-kast","9":"pa_kogus-tukk","10":"pa_sisaldab-gluteenivaba","11":"pa_sisaldab-laktoosivaba","12":"pa_sisaldab-vegan","14":"first","15":"instock","16":"taxable","17":"shipping-taxable","18":"purchasable","19":"product-type-variable","20":"has-default-attributes"},"yoast_head":"<!-- This site is optimized with the Yoast SEO plugin v27.1.1 - https:\/\/yoast.com\/product\/yoast-seo-wordpress\/ -->\n<title>Merevetika kr\u00f5psud Tom Yumiga | Patuvabad sn\u00e4kid<\/title>\n<meta name=\"description\" content=\"Merevetika kr\u00f5psud Tom Yumiga on tervislikud, maitsevad h\u00e4sti, annavad energiat ja sisaldavad rohkelt toitaineid. Vaata l\u00e4hemalt!\" \/>\n<meta name=\"robots\" content=\"index, follow, max-snippet:-1, max-image-preview:large, max-video-preview:-1\" \/>\n<link rel=\"canonical\" href=\"https:\/\/mysnack.ee\/fi\/tuote\/merileva-tom-yum\/\" \/>\n<meta property=\"og:locale\" content=\"fi_FI\" \/>\n<meta property=\"og:type\" content=\"article\" \/>\n<meta property=\"og:title\" content=\"Merevetikas Tom Yum 15 g - Tervislikud ja Maitsvad Sn\u00e4kid\" \/>\n<meta property=\"og:description\" content=\"M\u00f5nusalt kr\u00f5bedad vetikakr\u00f5psud, mis maitsevad h\u00e4sti ja sisaldavad rohkelt toitaineid.\" \/>\n<meta property=\"og:url\" content=\"https:\/\/mysnack.ee\/fi\/tuote\/merileva-tom-yum\/\" \/>\n<meta property=\"og:site_name\" content=\"MySnack\" \/>\n<meta property=\"article:publisher\" content=\"https:\/\/www.facebook.com\/MySnack.ee\/\" \/>\n<meta property=\"article:modified_time\" content=\"2025-07-28T09:30:50+00:00\" \/>\n<meta property=\"og:image\" content=\"https:\/\/mysnack.ee\/wp-content\/uploads\/2020\/12\/toode_merevetikas_tom_yum-scaled.jpg\" \/>\n\t<meta property=\"og:image:width\" content=\"2560\" \/>\n\t<meta property=\"og:image:height\" content=\"1225\" \/>\n\t<meta property=\"og:image:type\" content=\"image\/jpeg\" \/>\n<meta name=\"twitter:card\" content=\"summary_large_image\" \/>\n<meta name=\"twitter:title\" content=\"Merevetikas Tom Yum 15 g - Tervislikud ja Maitsvad Sn\u00e4kid\" \/>\n<meta name=\"twitter:description\" content=\"M\u00f5nusalt kr\u00f5bedad vetikakr\u00f5psud, mis maitsevad h\u00e4sti ja sisaldavad rohkelt toitaineid.\" \/>\n<meta name=\"twitter:image\" content=\"https:\/\/mysnack.ee\/wp-content\/uploads\/2020\/12\/toode_merevetikas_tom_yum-scaled.jpg\" \/>\n<meta name=\"twitter:label1\" content=\"Arvioitu lukuaika\" \/>\n\t<meta name=\"twitter:data1\" content=\"1 minuutti\" \/>\n<script type=\"application\/ld+json\" class=\"yoast-schema-graph\">{\"@context\":\"https:\/\/schema.org\",\"@graph\":[{\"@type\":\"WebPage\",\"@id\":\"https:\/\/mysnack.ee\/toode\/merevetikas-tom-yum\/\",\"url\":\"https:\/\/mysnack.ee\/toode\/merevetikas-tom-yum\/\",\"name\":\"Merevetika kr\u00f5psud Tom Yumiga | Patuvabad sn\u00e4kid\",\"isPartOf\":{\"@id\":\"https:\/\/mysnack.shop\/#website\"},\"primaryImageOfPage\":{\"@id\":\"https:\/\/mysnack.ee\/toode\/merevetikas-tom-yum\/#primaryimage\"},\"image\":{\"@id\":\"https:\/\/mysnack.ee\/toode\/merevetikas-tom-yum\/#primaryimage\"},\"thumbnailUrl\":\"https:\/\/mysnack.ee\/wp-content\/uploads\/2018\/11\/Merevetika-kropsud-Tom-Yumiga.png\",\"datePublished\":\"2018-11-20T11:12:51+00:00\",\"dateModified\":\"2025-07-28T09:30:50+00:00\",\"description\":\"Merevetika kr\u00f5psud Tom Yumiga on tervislikud, maitsevad h\u00e4sti, annavad energiat ja sisaldavad rohkelt toitaineid. Vaata l\u00e4hemalt!\",\"breadcrumb\":{\"@id\":\"https:\/\/mysnack.ee\/toode\/merevetikas-tom-yum\/#breadcrumb\"},\"inLanguage\":\"fi\",\"potentialAction\":[{\"@type\":\"ReadAction\",\"target\":[\"https:\/\/mysnack.ee\/toode\/merevetikas-tom-yum\/\"]}]},{\"@type\":\"ImageObject\",\"inLanguage\":\"fi\",\"@id\":\"https:\/\/mysnack.ee\/toode\/merevetikas-tom-yum\/#primaryimage\",\"url\":\"https:\/\/mysnack.ee\/wp-content\/uploads\/2018\/11\/Merevetika-kropsud-Tom-Yumiga.png\",\"contentUrl\":\"https:\/\/mysnack.ee\/wp-content\/uploads\/2018\/11\/Merevetika-kropsud-Tom-Yumiga.png\",\"width\":1080,\"height\":1080,\"caption\":\"Merevetika kr\u00f5psud Tom Yumiga\"},{\"@type\":\"BreadcrumbList\",\"@id\":\"https:\/\/mysnack.ee\/toode\/merevetikas-tom-yum\/#breadcrumb\",\"itemListElement\":[{\"@type\":\"ListItem\",\"position\":1,\"name\":\"Esileht\",\"item\":\"https:\/\/mysnack.ee\/\"},{\"@type\":\"ListItem\",\"position\":2,\"name\":\"Pood\",\"item\":\"https:\/\/mysnack.ee\/pood\/\"},{\"@type\":\"ListItem\",\"position\":3,\"name\":\"Merevetikas Tom Yum 15 g\"}]},{\"@type\":\"WebSite\",\"@id\":\"https:\/\/mysnack.shop\/#website\",\"url\":\"https:\/\/mysnack.shop\/\",\"name\":\"MySnack\",\"description\":\"MySnack E-Pood\",\"publisher\":{\"@id\":\"https:\/\/mysnack.shop\/#organization\"},\"potentialAction\":[{\"@type\":\"SearchAction\",\"target\":{\"@type\":\"EntryPoint\",\"urlTemplate\":\"https:\/\/mysnack.shop\/?s={search_term_string}\"},\"query-input\":{\"@type\":\"PropertyValueSpecification\",\"valueRequired\":true,\"valueName\":\"search_term_string\"}}],\"inLanguage\":\"fi\"},{\"@type\":\"Organization\",\"@id\":\"https:\/\/mysnack.shop\/#organization\",\"name\":\"MySnack\",\"url\":\"https:\/\/mysnack.shop\/\",\"logo\":{\"@type\":\"ImageObject\",\"inLanguage\":\"fi\",\"@id\":\"https:\/\/mysnack.shop\/#\/schema\/logo\/image\/\",\"url\":\"https:\/\/mysnack.shop\/wp-content\/uploads\/2023\/09\/MySnack_logo.png\",\"contentUrl\":\"https:\/\/mysnack.shop\/wp-content\/uploads\/2023\/09\/MySnack_logo.png\",\"width\":400,\"height\":148,\"caption\":\"MySnack\"},\"image\":{\"@id\":\"https:\/\/mysnack.shop\/#\/schema\/logo\/image\/\"},\"sameAs\":[\"https:\/\/www.facebook.com\/MySnack.ee\/\",\"https:\/\/www.instagram.com\/mysnack_eesti\/\"]}]}<\/script>\n<!-- \/ Yoast SEO plugin. -->","yoast_head_json":{"title":"Merilev\u00e4lastuja Tom Yumilla | Synnitt\u00f6m\u00e4t v\u00e4lipalat","description":"Merilev\u00e4lastut Tom Yumilla ovat terveellisi\u00e4, maistuvat hyv\u00e4lt\u00e4, antavat energiaa ja ovat ravinteikasta. Katso tarkemmin!","robots":{"index":"index","follow":"follow","max-snippet":"max-snippet:-1","max-image-preview":"max-image-preview:large","max-video-preview":"max-video-preview:-1"},"canonical":"https:\/\/mysnack.ee\/fi\/tuote\/merileva-tom-yum\/","og_locale":"fi_FI","og_type":"article","og_title":"Merevetikas Tom Yum 15 g - Tervislikud ja Maitsvad Sn\u00e4kid","og_description":"M\u00f5nusalt kr\u00f5bedad vetikakr\u00f5psud, mis maitsevad h\u00e4sti ja sisaldavad rohkelt toitaineid.","og_url":"https:\/\/mysnack.ee\/fi\/tuote\/merileva-tom-yum\/","og_site_name":"MySnack","article_publisher":"https:\/\/www.facebook.com\/MySnack.ee\/","article_modified_time":"2025-07-28T09:30:50+00:00","og_image":[{"width":2560,"height":1225,"url":"https:\/\/mysnack.ee\/wp-content\/uploads\/2020\/12\/toode_merevetikas_tom_yum-scaled.jpg","type":"image\/jpeg"}],"twitter_card":"summary_large_image","twitter_title":"Merevetikas Tom Yum 15 g - Tervislikud ja Maitsvad Sn\u00e4kid","twitter_description":"M\u00f5nusalt kr\u00f5bedad vetikakr\u00f5psud, mis maitsevad h\u00e4sti ja sisaldavad rohkelt toitaineid.","twitter_image":"https:\/\/mysnack.ee\/wp-content\/uploads\/2020\/12\/toode_merevetikas_tom_yum-scaled.jpg","twitter_misc":{"Arvioitu lukuaika":"1 minuutti"},"schema":{"@context":"https:\/\/schema.org","@graph":[{"@type":"WebPage","@id":"https:\/\/mysnack.ee\/toode\/merevetikas-tom-yum\/","url":"https:\/\/mysnack.ee\/toode\/merevetikas-tom-yum\/","name":"Merilev\u00e4lastuja Tom Yumilla | Synnitt\u00f6m\u00e4t v\u00e4lipalat","isPartOf":{"@id":"https:\/\/mysnack.shop\/#website"},"primaryImageOfPage":{"@id":"https:\/\/mysnack.ee\/toode\/merevetikas-tom-yum\/#primaryimage"},"image":{"@id":"https:\/\/mysnack.ee\/toode\/merevetikas-tom-yum\/#primaryimage"},"thumbnailUrl":"https:\/\/mysnack.ee\/wp-content\/uploads\/2018\/11\/Merevetika-kropsud-Tom-Yumiga.png","datePublished":"2018-11-20T11:12:51+00:00","dateModified":"2025-07-28T09:30:50+00:00","description":"Merilev\u00e4lastut Tom Yumilla ovat terveellisi\u00e4, maistuvat hyv\u00e4lt\u00e4, antavat energiaa ja ovat ravinteikasta. Katso tarkemmin!","breadcrumb":{"@id":"https:\/\/mysnack.ee\/toode\/merevetikas-tom-yum\/#breadcrumb"},"inLanguage":"fi","potentialAction":[{"@type":"ReadAction","target":["https:\/\/mysnack.ee\/toode\/merevetikas-tom-yum\/"]}]},{"@type":"ImageObject","inLanguage":"fi","@id":"https:\/\/mysnack.ee\/toode\/merevetikas-tom-yum\/#primaryimage","url":"https:\/\/mysnack.ee\/wp-content\/uploads\/2018\/11\/Merevetika-kropsud-Tom-Yumiga.png","contentUrl":"https:\/\/mysnack.ee\/wp-content\/uploads\/2018\/11\/Merevetika-kropsud-Tom-Yumiga.png","width":1080,"height":1080,"caption":"Merevetika kr\u00f5psud Tom Yumiga"},{"@type":"BreadcrumbList","@id":"https:\/\/mysnack.ee\/toode\/merevetikas-tom-yum\/#breadcrumb","itemListElement":[{"@type":"ListItem","position":1,"name":"Esileht","item":"https:\/\/mysnack.ee\/"},{"@type":"ListItem","position":2,"name":"Pood","item":"https:\/\/mysnack.ee\/pood\/"},{"@type":"ListItem","position":3,"name":"Merevetikas Tom Yum 15 g"}]},{"@type":"WebSite","@id":"https:\/\/mysnack.shop\/#website","url":"https:\/\/mysnack.shop\/","name":"MySnack","description":"MySnack-verkkokauppa","publisher":{"@id":"https:\/\/mysnack.shop\/#organization"},"potentialAction":[{"@type":"SearchAction","target":{"@type":"EntryPoint","urlTemplate":"https:\/\/mysnack.shop\/?s={search_term_string}"},"query-input":{"@type":"PropertyValueSpecification","valueRequired":true,"valueName":"search_term_string"}}],"inLanguage":"fi"},{"@type":"Organization","@id":"https:\/\/mysnack.shop\/#organization","name":"MySnack","url":"https:\/\/mysnack.shop\/","logo":{"@type":"ImageObject","inLanguage":"fi","@id":"https:\/\/mysnack.shop\/#\/schema\/logo\/image\/","url":"https:\/\/mysnack.shop\/wp-content\/uploads\/2023\/09\/MySnack_logo.png","contentUrl":"https:\/\/mysnack.shop\/wp-content\/uploads\/2023\/09\/MySnack_logo.png","width":400,"height":148,"caption":"MySnack"},"image":{"@id":"https:\/\/mysnack.shop\/#\/schema\/logo\/image\/"},"sameAs":["https:\/\/www.facebook.com\/MySnack.ee\/","https:\/\/www.instagram.com\/mysnack_eesti\/"]}]}},"_links":{"self":[{"href":"https:\/\/mysnack.ee\/fi\/wp-json\/wp\/v2\/product\/5638","targetHints":{"allow":["GET"]}}],"collection":[{"href":"https:\/\/mysnack.ee\/fi\/wp-json\/wp\/v2\/product"}],"about":[{"href":"https:\/\/mysnack.ee\/fi\/wp-json\/wp\/v2\/types\/product"}],"wp:featuredmedia":[{"embeddable":true,"href":"https:\/\/mysnack.ee\/fi\/wp-json\/wp\/v2\/media\/22555"}],"wp:attachment":[{"href":"https:\/\/mysnack.ee\/fi\/wp-json\/wp\/v2\/media?parent=5638"}],"wp:term":[{"taxonomy":"product_brand","embeddable":true,"href":"https:\/\/mysnack.ee\/fi\/wp-json\/wp\/v2\/product_brand?post=5638"},{"taxonomy":"product_cat","embeddable":true,"href":"https:\/\/mysnack.ee\/fi\/wp-json\/wp\/v2\/product_cat?post=5638"},{"taxonomy":"product_tag","embeddable":true,"href":"https:\/\/mysnack.ee\/fi\/wp-json\/wp\/v2\/product_tag?post=5638"}],"curies":[{"name":"wp","href":"https:\/\/api.w.org\/{rel}","templated":true}]}}