{"id":1028,"date":"2018-08-24T01:25:57","date_gmt":"2018-08-24T01:25:57","guid":{"rendered":"http:\/\/demo.roadthemes.com\/greenfarm\/?page_id=19"},"modified":"2024-03-21T13:37:26","modified_gmt":"2024-03-21T11:37:26","slug":"%e3%82%88%e3%81%8f%e3%81%82%e3%82%8b%e8%b3%aa%e5%95%8f","status":"publish","type":"page","link":"https:\/\/mysnack.ee\/ja\/korduma-kippuvad-kusimused\/","title":{"rendered":"\u3088\u304f\u3042\u308b\u8cea\u554f"},"content":{"rendered":"<div class=\"wpb-content-wrapper\"><div class=\"vc_row wpb_row vc_row-fluid contact-row\"><div class=\"wpb_column vc_column_container vc_col-sm-12\"><div class=\"vc_column-inner\"><div class=\"wpb_wrapper\">\n\t<div class=\"wpb_text_column wpb_content_element\" >\n\t\t<div class=\"wpb_wrapper\">\n\t\t\t<h2>\u3088\u304f\u3042\u308b\u8cea\u554f<\/h2>\n\n\t\t<\/div>\n\t<\/div>\n<div class=\"vc_tta-container\" data-vc-action=\"collapseAll\"><div class=\"vc_general vc_tta vc_tta-accordion vc_tta-color-white vc_tta-style-classic vc_tta-shape-rounded vc_tta-spacing-15 vc_tta-gap-15 vc_tta-controls-align-default vc_tta-o-all-clickable\"><div class=\"vc_tta-panels-container\"><div class=\"vc_tta-panels\"><div class=\"vc_tta-panel vc_active\" id=\"kui-kiiresti-jouab-pakk-kohale\" data-vc-content=\".vc_tta-panel-body\"><div class=\"vc_tta-panel-heading\"><h4 class=\"vc_tta-panel-title vc_tta-controls-icon-position-right\"><a href=\"#kui-kiiresti-jouab-pakk-kohale\" data-vc-accordion data-vc-container=\".vc_tta-container\"><span class=\"vc_tta-title-text\">\u8377\u7269\u306f\u3069\u306e\u304f\u3089\u3044\u65e9\u304f\u5c4a\u304d\u307e\u3059\u304b\uff1f<\/span><i class=\"vc_tta-controls-icon vc_tta-controls-icon-plus\"><\/i><\/a><\/h4><\/div><div class=\"vc_tta-panel-body\">\n\t<div class=\"wpb_text_column wpb_content_element\" >\n\t\t<div class=\"wpb_wrapper\">\n\t\t\t<p>\u6b63\u534812\u6642\u307e\u3067\u306e\u3054\u6ce8\u6587\u306f\u5f53\u65e5\u767a\u9001\u3044\u305f\u3057\u307e\u3059\u3002\u571f\u65e5\u795d\u65e5\u306e\u3054\u6ce8\u6587\u306f\u7fcc\u55b6\u696d\u65e5\u306b\u767a\u9001\u3044\u305f\u3057\u307e\u3059\u3002.<\/p>\n\n\t\t<\/div>\n\t<\/div>\n<\/div><\/div><div class=\"vc_tta-panel\" id=\"kust-paki-katte-saab\" data-vc-content=\".vc_tta-panel-body\"><div class=\"vc_tta-panel-heading\"><h4 class=\"vc_tta-panel-title vc_tta-controls-icon-position-right\"><a href=\"#kust-paki-katte-saab\" data-vc-accordion data-vc-container=\".vc_tta-container\"><span class=\"vc_tta-title-text\">\u8377\u7269\u306f\u3069\u3053\u3067\u53d7\u3051\u53d6\u308c\u307e\u3059\u304b\uff1f<\/span><i class=\"vc_tta-controls-icon vc_tta-controls-icon-plus\"><\/i><\/a><\/h4><\/div><div class=\"vc_tta-panel-body\">\n\t<div class=\"wpb_text_column wpb_content_element\" >\n\t\t<div class=\"wpb_wrapper\">\n\t\t\t<p>Omniva\u3001Itella SmartPOST\u3001DPD \u30d1\u30fc\u30bb\u30eb \u30de\u30b7\u30f3\u3002.<\/p>\n\n\t\t<\/div>\n\t<\/div>\n<\/div><\/div><div class=\"vc_tta-panel\" id=\"1667941140527-1264a5de-b29c\" data-vc-content=\".vc_tta-panel-body\"><div class=\"vc_tta-panel-heading\"><h4 class=\"vc_tta-panel-title vc_tta-controls-icon-position-right\"><a href=\"#1667941140527-1264a5de-b29c\" data-vc-accordion data-vc-container=\".vc_tta-container\"><span class=\"vc_tta-title-text\">\u9001\u6599\u306f\u3044\u304f\u3089\u3067\u3059\u304b\uff1f<\/span><i class=\"vc_tta-controls-icon vc_tta-controls-icon-plus\"><\/i><\/a><\/h4><\/div><div class=\"vc_tta-panel-body\">\n\t<div class=\"wpb_raw_code wpb_raw_html wpb_content_element\" >\n\t\t<div class=\"wpb_wrapper\">\n\t\t\t\u3054\u6ce8\u6587\u91d1\u984d\u304c50\u30e6\u30fc\u30ed\u3092\u8d85\u3048\u308b\u5834\u5408\u3001\u8377\u7269\u3092\u5b85\u914d\u4fbf\u81ea\u52d5\u914d\u9054\u6a5f\u307e\u3067\u9001\u308b\u9001\u6599\u306f\u5f53\u793e\u304c\u8ca0\u62c5\u3044\u305f\u3057\u307e\u3059\u300250\u30e6\u30fc\u30ed\u672a\u6e80\u306e\u3054\u6ce8\u6587\u306e\u5834\u5408\u3001\u8377\u72691\u500b\u306b\u3064\u304d\u5b85\u914d\u4fbf\u81ea\u52d5\u914d\u9054\u6a5f\u307e\u3067\u9001\u308b\u9001\u6599\u306f3.00\u30e6\u30fc\u30ed\u3067\u3059\u3002.\n\t\t<\/div>\n\t<\/div>\n<\/div><\/div><div class=\"vc_tta-panel\" id=\"kas-neid-tooteid-saab-osta-ka-hulgi\" data-vc-content=\".vc_tta-panel-body\"><div class=\"vc_tta-panel-heading\"><h4 class=\"vc_tta-panel-title vc_tta-controls-icon-position-right\"><a href=\"#kas-neid-tooteid-saab-osta-ka-hulgi\" data-vc-accordion data-vc-container=\".vc_tta-container\"><span class=\"vc_tta-title-text\">\u3053\u308c\u3089\u306e\u5546\u54c1\u306f\u307e\u3068\u3081\u8cb7\u3044\u3067\u304d\u307e\u3059\u304b\uff1f<\/span><i class=\"vc_tta-controls-icon vc_tta-controls-icon-plus\"><\/i><\/a><\/h4><\/div><div class=\"vc_tta-panel-body\">\n\t<div class=\"wpb_text_column wpb_content_element\" >\n\t\t<div class=\"wpb_wrapper\">\n\t\t\t<p>\u306f\u3044\u3001\u305d\u306e\u5834\u5408\u306f\u30ab\u30b9\u30bf\u30de\u30fc\u30b5\u30dd\u30fc\u30c8\u307e\u3067\u3054\u9023\u7d61\u304f\u3060\u3055\u3044\u3002.<\/p>\n\n\t\t<\/div>\n\t<\/div>\n<\/div><\/div><div class=\"vc_tta-panel\" id=\"kas-need-suupisted-on-ohutud\" data-vc-content=\".vc_tta-panel-body\"><div class=\"vc_tta-panel-heading\"><h4 class=\"vc_tta-panel-title vc_tta-controls-icon-position-right\"><a href=\"#kas-need-suupisted-on-ohutud\" data-vc-accordion data-vc-container=\".vc_tta-container\"><span class=\"vc_tta-title-text\">\u3053\u306e\u304a\u3084\u3064\u306f\u5b89\u5168\u3067\u3059\u304b\uff1f\u5b50\u4f9b\u306b\u4e0e\u3048\u3066\u3082\u5927\u4e08\u592b\u3067\u3059\u304b\uff1f<\/span><i class=\"vc_tta-controls-icon vc_tta-controls-icon-plus\"><\/i><\/a><\/h4><\/div><div class=\"vc_tta-panel-body\">\n\t<div class=\"wpb_text_column wpb_content_element\" >\n\t\t<div class=\"wpb_wrapper\">\n\t\t\t<p>\u4e00\u822c\u7684\u306a\u30ad\u30e3\u30f3\u30c7\u30a3\u30fc\u3084\u304a\u83d3\u5b50\u306b\u306f\u4eba\u5de5\u7518\u5473\u6599\u304c\u542b\u307e\u308c\u3066\u3044\u307e\u3059\u304c\u3001\u5f53\u5e97\u306e\u30b9\u30a4\u30fc\u30c4\u306f\u5929\u7136\u7518\u5473\u6599\u306e\u307f\u3092\u4f7f\u7528\u3057\u3066\u3044\u307e\u3059\u3002\u5b89\u5168\u3067\u5065\u5eb7\u7684\u3067\u3059\uff01\u304a\u5b50\u69d8\u306b\u3082\u5927\u4eba\u6c17\u3067\u3059\u3002.<\/p>\n\n\t\t<\/div>\n\t<\/div>\n<\/div><\/div><\/div><\/div><\/div><\/div><\/div><\/div><\/div><\/div>\n<\/div>","protected":false},"excerpt":{"rendered":"KKK Kui kiiresti j\u00f5uab pakk kohale? Enne kella 12 tehtud tellimused postitakse samal p\u00e4eval. N\u00e4dalavahetusel ja p\u00fchade ajal tehtud tellimused","protected":false},"author":1,"featured_media":0,"parent":0,"menu_order":0,"comment_status":"closed","ping_status":"closed","template":"","meta":{"inline_featured_image":false,"footnotes":""},"class_list":["post-1028","page","type-page","status-publish","hentry"],"yoast_head":"<!-- This site is optimized with the Yoast SEO plugin v27.1.1 - https:\/\/yoast.com\/product\/yoast-seo-wordpress\/ -->\n<title>Korduma kippuvad k\u00fcsimused - MySnack<\/title>\n<meta name=\"robots\" content=\"index, follow, max-snippet:-1, max-image-preview:large, max-video-preview:-1\" \/>\n<link rel=\"canonical\" href=\"https:\/\/mysnack.ee\/ja\/\u3088\u304f\u3042\u308b\u8cea\u554f\/\" \/>\n<meta property=\"og:locale\" content=\"ja_JP\" \/>\n<meta property=\"og:type\" content=\"article\" \/>\n<meta property=\"og:title\" content=\"Korduma kippuvad k\u00fcsimused - MySnack\" \/>\n<meta property=\"og:url\" content=\"https:\/\/mysnack.ee\/ja\/\u3088\u304f\u3042\u308b\u8cea\u554f\/\" \/>\n<meta property=\"og:site_name\" content=\"MySnack\" \/>\n<meta property=\"article:publisher\" content=\"https:\/\/www.facebook.com\/MySnack.ee\/\" \/>\n<meta property=\"article:modified_time\" content=\"2024-03-21T11:37:26+00:00\" \/>\n<meta property=\"og:image\" content=\"https:\/\/mysnack.ee\/wp-content\/uploads\/2024\/11\/Facebook-cover-pic-.png\" \/>\n\t<meta property=\"og:image:width\" content=\"1640\" \/>\n\t<meta property=\"og:image:height\" content=\"624\" \/>\n\t<meta property=\"og:image:type\" content=\"image\/png\" \/>\n<meta name=\"twitter:card\" content=\"summary_large_image\" \/>\n<meta name=\"twitter:label1\" content=\"\u63a8\u5b9a\u8aad\u307f\u53d6\u308a\u6642\u9593\" \/>\n\t<meta name=\"twitter:data1\" content=\"1\u5206\" \/>\n<script type=\"application\/ld+json\" class=\"yoast-schema-graph\">{\"@context\":\"https:\/\/schema.org\",\"@graph\":[{\"@type\":\"WebPage\",\"@id\":\"https:\/\/mysnack.ee\/korduma-kippuvad-kusimused\/\",\"url\":\"https:\/\/mysnack.ee\/korduma-kippuvad-kusimused\/\",\"name\":\"Korduma kippuvad k\u00fcsimused - MySnack\",\"isPartOf\":{\"@id\":\"https:\/\/mysnack.shop\/#website\"},\"datePublished\":\"2018-08-24T01:25:57+00:00\",\"dateModified\":\"2024-03-21T11:37:26+00:00\",\"breadcrumb\":{\"@id\":\"https:\/\/mysnack.ee\/korduma-kippuvad-kusimused\/#breadcrumb\"},\"inLanguage\":\"ja\",\"potentialAction\":[{\"@type\":\"ReadAction\",\"target\":[\"https:\/\/mysnack.ee\/korduma-kippuvad-kusimused\/\"]}]},{\"@type\":\"BreadcrumbList\",\"@id\":\"https:\/\/mysnack.ee\/korduma-kippuvad-kusimused\/#breadcrumb\",\"itemListElement\":[{\"@type\":\"ListItem\",\"position\":1,\"name\":\"Esileht\",\"item\":\"https:\/\/mysnack.ee\/\"},{\"@type\":\"ListItem\",\"position\":2,\"name\":\"Korduma kippuvad k\u00fcsimused\"}]},{\"@type\":\"WebSite\",\"@id\":\"https:\/\/mysnack.shop\/#website\",\"url\":\"https:\/\/mysnack.shop\/\",\"name\":\"MySnack\",\"description\":\"MySnack E-Pood\",\"publisher\":{\"@id\":\"https:\/\/mysnack.shop\/#organization\"},\"potentialAction\":[{\"@type\":\"SearchAction\",\"target\":{\"@type\":\"EntryPoint\",\"urlTemplate\":\"https:\/\/mysnack.shop\/?s={search_term_string}\"},\"query-input\":{\"@type\":\"PropertyValueSpecification\",\"valueRequired\":true,\"valueName\":\"search_term_string\"}}],\"inLanguage\":\"ja\"},{\"@type\":\"Organization\",\"@id\":\"https:\/\/mysnack.shop\/#organization\",\"name\":\"MySnack\",\"url\":\"https:\/\/mysnack.shop\/\",\"logo\":{\"@type\":\"ImageObject\",\"inLanguage\":\"ja\",\"@id\":\"https:\/\/mysnack.shop\/#\/schema\/logo\/image\/\",\"url\":\"https:\/\/mysnack.shop\/wp-content\/uploads\/2023\/09\/MySnack_logo.png\",\"contentUrl\":\"https:\/\/mysnack.shop\/wp-content\/uploads\/2023\/09\/MySnack_logo.png\",\"width\":400,\"height\":148,\"caption\":\"MySnack\"},\"image\":{\"@id\":\"https:\/\/mysnack.shop\/#\/schema\/logo\/image\/\"},\"sameAs\":[\"https:\/\/www.facebook.com\/MySnack.ee\/\",\"https:\/\/www.instagram.com\/mysnack_eesti\/\"]}]}<\/script>\n<!-- \/ Yoast SEO plugin. -->","yoast_head_json":{"title":"\u3088\u304f\u3042\u308b\u8cea\u554f - MySnack","robots":{"index":"index","follow":"follow","max-snippet":"max-snippet:-1","max-image-preview":"max-image-preview:large","max-video-preview":"max-video-preview:-1"},"canonical":"https:\/\/mysnack.ee\/ja\/\u3088\u304f\u3042\u308b\u8cea\u554f\/","og_locale":"ja_JP","og_type":"article","og_title":"Korduma kippuvad k\u00fcsimused - MySnack","og_url":"https:\/\/mysnack.ee\/ja\/\u3088\u304f\u3042\u308b\u8cea\u554f\/","og_site_name":"MySnack","article_publisher":"https:\/\/www.facebook.com\/MySnack.ee\/","article_modified_time":"2024-03-21T11:37:26+00:00","og_image":[{"width":1640,"height":624,"url":"https:\/\/mysnack.ee\/wp-content\/uploads\/2024\/11\/Facebook-cover-pic-.png","type":"image\/png"}],"twitter_card":"summary_large_image","twitter_misc":{"\u63a8\u5b9a\u8aad\u307f\u53d6\u308a\u6642\u9593":"1\u5206"},"schema":{"@context":"https:\/\/schema.org","@graph":[{"@type":"WebPage","@id":"https:\/\/mysnack.ee\/korduma-kippuvad-kusimused\/","url":"https:\/\/mysnack.ee\/korduma-kippuvad-kusimused\/","name":"\u3088\u304f\u3042\u308b\u8cea\u554f - MySnack","isPartOf":{"@id":"https:\/\/mysnack.shop\/#website"},"datePublished":"2018-08-24T01:25:57+00:00","dateModified":"2024-03-21T11:37:26+00:00","breadcrumb":{"@id":"https:\/\/mysnack.ee\/korduma-kippuvad-kusimused\/#breadcrumb"},"inLanguage":"ja","potentialAction":[{"@type":"ReadAction","target":["https:\/\/mysnack.ee\/korduma-kippuvad-kusimused\/"]}]},{"@type":"BreadcrumbList","@id":"https:\/\/mysnack.ee\/korduma-kippuvad-kusimused\/#breadcrumb","itemListElement":[{"@type":"ListItem","position":1,"name":"Esileht","item":"https:\/\/mysnack.ee\/"},{"@type":"ListItem","position":2,"name":"Korduma kippuvad k\u00fcsimused"}]},{"@type":"WebSite","@id":"https:\/\/mysnack.shop\/#website","url":"https:\/\/mysnack.shop\/","name":"\u30de\u30a4\u30b9\u30ca\u30c3\u30af","description":"MySnack E\u30b7\u30e7\u30c3\u30d7","publisher":{"@id":"https:\/\/mysnack.shop\/#organization"},"potentialAction":[{"@type":"SearchAction","target":{"@type":"EntryPoint","urlTemplate":"https:\/\/mysnack.shop\/?s={search_term_string}"},"query-input":{"@type":"PropertyValueSpecification","valueRequired":true,"valueName":"search_term_string"}}],"inLanguage":"ja"},{"@type":"Organization","@id":"https:\/\/mysnack.shop\/#organization","name":"\u30de\u30a4\u30b9\u30ca\u30c3\u30af","url":"https:\/\/mysnack.shop\/","logo":{"@type":"ImageObject","inLanguage":"ja","@id":"https:\/\/mysnack.shop\/#\/schema\/logo\/image\/","url":"https:\/\/mysnack.shop\/wp-content\/uploads\/2023\/09\/MySnack_logo.png","contentUrl":"https:\/\/mysnack.shop\/wp-content\/uploads\/2023\/09\/MySnack_logo.png","width":400,"height":148,"caption":"MySnack"},"image":{"@id":"https:\/\/mysnack.shop\/#\/schema\/logo\/image\/"},"sameAs":["https:\/\/www.facebook.com\/MySnack.ee\/","https:\/\/www.instagram.com\/mysnack_eesti\/"]}]}},"_links":{"self":[{"href":"https:\/\/mysnack.ee\/ja\/wp-json\/wp\/v2\/pages\/1028","targetHints":{"allow":["GET"]}}],"collection":[{"href":"https:\/\/mysnack.ee\/ja\/wp-json\/wp\/v2\/pages"}],"about":[{"href":"https:\/\/mysnack.ee\/ja\/wp-json\/wp\/v2\/types\/page"}],"author":[{"embeddable":true,"href":"https:\/\/mysnack.ee\/ja\/wp-json\/wp\/v2\/users\/1"}],"replies":[{"embeddable":true,"href":"https:\/\/mysnack.ee\/ja\/wp-json\/wp\/v2\/comments?post=1028"}],"version-history":[{"count":1,"href":"https:\/\/mysnack.ee\/ja\/wp-json\/wp\/v2\/pages\/1028\/revisions"}],"predecessor-version":[{"id":21889,"href":"https:\/\/mysnack.ee\/ja\/wp-json\/wp\/v2\/pages\/1028\/revisions\/21889"}],"wp:attachment":[{"href":"https:\/\/mysnack.ee\/ja\/wp-json\/wp\/v2\/media?parent=1028"}],"curies":[{"name":"wp","href":"https:\/\/api.w.org\/{rel}","templated":true}]}}