{"id":10442,"date":"2021-07-18T16:19:17","date_gmt":"2021-07-18T13:19:17","guid":{"rendered":"https:\/\/mysnack.ee\/?post_type=product&#038;p=10442"},"modified":"2026-01-13T19:40:38","modified_gmt":"2026-01-13T17:40:38","slug":"%e3%82%bd%e3%83%95%e3%83%88%e3%83%89%e3%83%a9%e3%82%a4%e3%82%b8%e3%83%a3%e3%82%b1%e3%83%83%e3%83%88","status":"publish","type":"product","link":"https:\/\/mysnack.ee\/ja\/product\/pehme-kuivatatud-jaka\/","title":{"rendered":"\u30bd\u30d5\u30c8\u30c9\u30e9\u30a4\u30b8\u30e3\u30c3\u30af\u30d5\u30eb\u30fc\u30c4\uff08\u30b8\u30e3\u30c3\u30af\u30d5\u30eb\u30fc\u30c4\uff0980g"},"content":{"rendered":"<p><strong>\u91cf\uff1a<\/strong> 80\u30b0\u30e9\u30e0<\/p>\n<p><strong>\u88fd\u54c1100g\u3042\u305f\u308a\u5e73\u5747\uff1a<\/strong><\/p>\n<table>\n<tbody>\n<tr>\n<td>\u30a8\u30cd\u30eb\u30ae\u30fc\u542b\u6709\u91cf<\/td>\n<td>326 kcal \/ 1365 kJ<\/td>\n<\/tr>\n<tr>\n<td>\u8102\u80aa<\/td>\n<td>1.14\u30b0\u30e9\u30e0<\/td>\n<\/tr>\n<tr>\n<td>\u00a0 \u00a0 \u305d\u306e\u3046\u3061\u98fd\u548c\u8102\u80aa\u9178<\/td>\n<td>0\u30b0\u30e9\u30e0<\/td>\n<\/tr>\n<tr>\n<td>\u70ad\u6c34\u5316\u7269<\/td>\n<td>76.3\u30b0\u30e9\u30e0<\/td>\n<\/tr>\n<tr>\n<td>\u00a0 \u00a0 \u305d\u306e\u3046\u3061\u7cd6\u985e<\/td>\n<td>72.5\u30b0\u30e9\u30e0<\/td>\n<\/tr>\n<tr>\n<td>\u30d5\u30a1\u30a4\u30d0<\/td>\n<td>4.9\u30b0\u30e9\u30e0<\/td>\n<\/tr>\n<tr>\n<td>\u30bf\u30f3\u30d1\u30af\u8cea<\/td>\n<td>2.62\u30b0\u30e9\u30e0<\/td>\n<\/tr>\n<tr>\n<td>\u5869<\/td>\n<td>0.17\u30b0\u30e9\u30e0<\/td>\n<\/tr>\n<\/tbody>\n<\/table>\n<div id=\"accel-snackbar\" style=\"left: 50%; top: 50px;\"><\/div>","protected":false},"excerpt":{"rendered":"<p>\u771f\u7a7a\u4e7e\u71e5\u88fd\u6cd5\u3067\u4f5c\u3089\u308c\u305f\u30bd\u30d5\u30c8\u30b8\u30e3\u30b1\u30c3\u30c8\u306f\u3001\u7518\u307f\u3001\u98df\u611f\u3001\u6804\u990a\u7d20\u3092\u305d\u306e\u307e\u307e\u306b\u3057\u3066\u3044\u307e\u3059\u3002.<\/p>\n<p><span style=\"font-weight: 400;\">\u30a2\u30b8\u30a2\u5e02\u5834\u3067\u77e5\u3089\u308c\u308b\u3088\u3046\u306b\u306a\u3063\u305f\u3053\u306e\u679c\u7269\u306f\u3001\u4f4e\u30ab\u30ed\u30ea\u30fc\u306a\u306e\u3067\u30c0\u30a4\u30a8\u30c3\u30c8\u4e2d\u306e\u4eba\u306b\u3082\u6700\u9069\u3067\u3001\u4eba\u6c17\u3092\u96c6\u3081\u3066\u3044\u307e\u3059\u3002<\/span>\u30e6\u30c3\u30ab\u306f\u7518\u3044\u5473\u306b\u3082\u304b\u304b\u308f\u3089\u305a\u3001\u795e\u7d4c\u7cfb\u3092\u30b5\u30dd\u30fc\u30c8\u3057\u3001\u4e0d\u7720\u75c7\u306e\u6cbb\u7642\u85ac\u3068\u3057\u3066\u3082\u52b9\u679c\u304c\u3042\u308a\u307e\u3059\u3002.<\/p>\n<ul>\n<li>\u9244\u5206\u542b\u6709\u91cf\u304c\u9ad8\u3044\uff08\u4e7e\u71e5\u54c1100g\u306b\u306f\u30011\u65e5\u306b\u5fc5\u8981\u306a\u9244\u5206\u306e63%\u3068\u30ab\u30ea\u30a6\u30e0\u306e1\u65e5\u306b\u5fc5\u8981\u306a13.2%\u304c\u542b\u307e\u308c\u3066\u3044\u307e\u3059\uff09<\/li>\n<li>\u9ad8\u7e4a\u7dad\u542b\u6709\u91cf<\/li>\n<li>\u5929\u7136\u306e\u7518\u5473\u6599\u3001\u5929\u7136\u306e\u679c\u7cd6\u3092\u542b\u3080<\/li>\n<li>\u30b0\u30eb\u30c6\u30f3\u30d5\u30ea\u30fc<\/li>\n<li>\u5f53\u793e\u306e\u679c\u7269\u306f\u3001\u5305\u88c5\u4e2d\u306b\u6642\u9593\u306e\u7d4c\u904e\u3068\u3068\u3082\u306b\u81ea\u7136\u306b\u8272\u304c\u6fc3\u304f\u306a\u308b\u3053\u3068\u304c\u3042\u308a\u307e\u3059\u3002\u3053\u308c\u306f\u3001\u679c\u7269\u306e\u9bae\u5ea6\u3092\u4fdd\u3061\u3001\u30ab\u30d3\u306e\u767a\u751f\u3092\u9632\u3050\u305f\u3081\u306b\u3001\u901a\u5e38\u6dfb\u52a0\u3055\u308c\u308b\u4e9c\u786b\u9178\u5869\u306e\u91cf\u306b\u6bd4\u3079\u3066\u5fc5\u8981\u6700\u5c0f\u9650\uff080.01%\uff09\u306e\u4e9c\u786b\u9178\u5869\u306e\u307f\u3092\u4f7f\u7528\u3057\u3066\u3044\u308b\u305f\u3081\u3067\u3059\u3002<\/li>\n<li>\u4e7e\u71e5\u88fd\u54c1100g\u3092\u4f5c\u308b\u306b\u306f\u3001\u65b0\u9bae\u3067\u719f\u3057\u305f\u30b8\u30e3\u30c3\u30af\u30d5\u30eb\u30fc\u30c4840g\u304c\u5fc5\u8981\u3067\u3059\u3002<\/li>\n<li>\u30d3\u30fc\u30ac\u30f3\u306b\u9069\u3057\u3066\u3044\u307e\u3059<\/li>\n<\/ul>\n<ul>\n<li style=\"list-style-type: none;\"><\/li>\n<\/ul>\n<p><strong>\u6750\u6599\uff1a<\/strong> \u30b8\u30e3\u30ab99.8%\u3001\u30b5\u30c8\u30a6\u30ad\u30d3\u7cd6\u3001\u9178\u5473\u6599\uff1a\u30af\u30a8\u30f3\u9178\u3001\u4fdd\u5b58\u6599\uff1a\u4e8c\u4e9c\u786b\u9178\u30ca\u30c8\u30ea\u30a6\u30e0\u3002.<\/p>\n<p>\u6dbc\u3057\u304f\u4e7e\u71e5\u3057\u305f\u5834\u6240\u306b\u4fdd\u7ba1\u3057\u3066\u304f\u3060\u3055\u3044\u3002.<\/p>\n<div id=\"accel-snackbar\" style=\"left: 50%; top: 50px;\"><\/div>","protected":false},"featured_media":27045,"template":"","meta":{"inline_featured_image":false},"product_brand":[],"product_cat":[428,171],"product_tag":[],"class_list":{"0":"post-10442","1":"product","2":"type-product","3":"status-publish","4":"has-post-thumbnail","6":"product_cat-pehmed-kuivatatud-puuviljad","7":"product_cat-magusad-snakid","8":"pa_kogus-kast","9":"pa_kogus-tukk","10":"pa_sisaldab-gluteenivaba","11":"pa_sisaldab-laktoosivaba","12":"pa_sisaldab-mysnacki-farmist","13":"pa_sisaldab-vegan","15":"first","16":"instock","17":"taxable","18":"shipping-taxable","19":"purchasable","20":"product-type-variable","21":"has-default-attributes"},"yoast_head":"<!-- This site is optimized with the Yoast SEO plugin v27.1.1 - https:\/\/yoast.com\/product\/yoast-seo-wordpress\/ -->\n<title>Pehme kuivatatud jaka ehk jackfruit | Patuvabad sn\u00e4kid<\/title>\n<meta name=\"description\" content=\"Eksootilised jaka vilja palad on magusad, meenutavad maitselt nii \u00f5una kui banaani. Sobivad ka veganitele. Vaata l\u00e4hemalt!\" \/>\n<meta name=\"robots\" content=\"index, follow, max-snippet:-1, max-image-preview:large, max-video-preview:-1\" \/>\n<link rel=\"canonical\" href=\"https:\/\/mysnack.ee\/ja\/product\/\u30bd\u30d5\u30c8\u30c9\u30e9\u30a4\u30b8\u30e3\u30b1\u30c3\u30c8\/\" \/>\n<meta property=\"og:locale\" content=\"ja_JP\" \/>\n<meta property=\"og:type\" content=\"article\" \/>\n<meta property=\"og:title\" content=\"Pehme kuivatatud jaka ehk jackfruit | Patuvabad sn\u00e4kid\" \/>\n<meta property=\"og:description\" content=\"Eksootilised jaka vilja palad on magusad, meenutavad maitselt nii \u00f5una kui banaani. Sobivad ka veganitele. Vaata l\u00e4hemalt!\" \/>\n<meta property=\"og:url\" content=\"https:\/\/mysnack.ee\/ja\/product\/\u30bd\u30d5\u30c8\u30c9\u30e9\u30a4\u30b8\u30e3\u30b1\u30c3\u30c8\/\" \/>\n<meta property=\"og:site_name\" content=\"MySnack\" \/>\n<meta property=\"article:publisher\" content=\"https:\/\/www.facebook.com\/MySnack.ee\/\" \/>\n<meta property=\"article:modified_time\" content=\"2026-01-13T17:40:38+00:00\" \/>\n<meta property=\"og:image\" content=\"https:\/\/mysnack.ee\/wp-content\/uploads\/2023\/11\/Mocuk-up_Jackfruit_front_v2-copy.png\" \/>\n\t<meta property=\"og:image:width\" content=\"1432\" \/>\n\t<meta property=\"og:image:height\" content=\"1432\" \/>\n\t<meta property=\"og:image:type\" content=\"image\/png\" \/>\n<meta name=\"twitter:card\" content=\"summary_large_image\" \/>\n<meta name=\"twitter:label1\" content=\"\u63a8\u5b9a\u8aad\u307f\u53d6\u308a\u6642\u9593\" \/>\n\t<meta name=\"twitter:data1\" content=\"1\u5206\" \/>\n<script type=\"application\/ld+json\" class=\"yoast-schema-graph\">{\"@context\":\"https:\/\/schema.org\",\"@graph\":[{\"@type\":\"WebPage\",\"@id\":\"https:\/\/mysnack.ee\/toode\/pehme-kuivatatud-jaka\/\",\"url\":\"https:\/\/mysnack.ee\/toode\/pehme-kuivatatud-jaka\/\",\"name\":\"Pehme kuivatatud jaka ehk jackfruit | Patuvabad sn\u00e4kid\",\"isPartOf\":{\"@id\":\"https:\/\/mysnack.shop\/#website\"},\"primaryImageOfPage\":{\"@id\":\"https:\/\/mysnack.ee\/toode\/pehme-kuivatatud-jaka\/#primaryimage\"},\"image\":{\"@id\":\"https:\/\/mysnack.ee\/toode\/pehme-kuivatatud-jaka\/#primaryimage\"},\"thumbnailUrl\":\"https:\/\/mysnack.ee\/wp-content\/uploads\/2023\/11\/Mocuk-up_Jackfruit_front_v2-copy.png\",\"datePublished\":\"2021-07-18T13:19:17+00:00\",\"dateModified\":\"2026-01-13T17:40:38+00:00\",\"description\":\"Eksootilised jaka vilja palad on magusad, meenutavad maitselt nii \u00f5una kui banaani. Sobivad ka veganitele. Vaata l\u00e4hemalt!\",\"breadcrumb\":{\"@id\":\"https:\/\/mysnack.ee\/toode\/pehme-kuivatatud-jaka\/#breadcrumb\"},\"inLanguage\":\"ja\",\"potentialAction\":[{\"@type\":\"ReadAction\",\"target\":[\"https:\/\/mysnack.ee\/toode\/pehme-kuivatatud-jaka\/\"]}]},{\"@type\":\"ImageObject\",\"inLanguage\":\"ja\",\"@id\":\"https:\/\/mysnack.ee\/toode\/pehme-kuivatatud-jaka\/#primaryimage\",\"url\":\"https:\/\/mysnack.ee\/wp-content\/uploads\/2023\/11\/Mocuk-up_Jackfruit_front_v2-copy.png\",\"contentUrl\":\"https:\/\/mysnack.ee\/wp-content\/uploads\/2023\/11\/Mocuk-up_Jackfruit_front_v2-copy.png\",\"width\":1432,\"height\":1432,\"caption\":\"JackFruit snack pack front\"},{\"@type\":\"BreadcrumbList\",\"@id\":\"https:\/\/mysnack.ee\/toode\/pehme-kuivatatud-jaka\/#breadcrumb\",\"itemListElement\":[{\"@type\":\"ListItem\",\"position\":1,\"name\":\"Esileht\",\"item\":\"https:\/\/mysnack.ee\/\"},{\"@type\":\"ListItem\",\"position\":2,\"name\":\"Pood\",\"item\":\"https:\/\/mysnack.ee\/pood\/\"},{\"@type\":\"ListItem\",\"position\":3,\"name\":\"Pehme kuivatatud jaka (jackfruit) 80g\"}]},{\"@type\":\"WebSite\",\"@id\":\"https:\/\/mysnack.shop\/#website\",\"url\":\"https:\/\/mysnack.shop\/\",\"name\":\"MySnack\",\"description\":\"MySnack E-Pood\",\"publisher\":{\"@id\":\"https:\/\/mysnack.shop\/#organization\"},\"potentialAction\":[{\"@type\":\"SearchAction\",\"target\":{\"@type\":\"EntryPoint\",\"urlTemplate\":\"https:\/\/mysnack.shop\/?s={search_term_string}\"},\"query-input\":{\"@type\":\"PropertyValueSpecification\",\"valueRequired\":true,\"valueName\":\"search_term_string\"}}],\"inLanguage\":\"ja\"},{\"@type\":\"Organization\",\"@id\":\"https:\/\/mysnack.shop\/#organization\",\"name\":\"MySnack\",\"url\":\"https:\/\/mysnack.shop\/\",\"logo\":{\"@type\":\"ImageObject\",\"inLanguage\":\"ja\",\"@id\":\"https:\/\/mysnack.shop\/#\/schema\/logo\/image\/\",\"url\":\"https:\/\/mysnack.shop\/wp-content\/uploads\/2023\/09\/MySnack_logo.png\",\"contentUrl\":\"https:\/\/mysnack.shop\/wp-content\/uploads\/2023\/09\/MySnack_logo.png\",\"width\":400,\"height\":148,\"caption\":\"MySnack\"},\"image\":{\"@id\":\"https:\/\/mysnack.shop\/#\/schema\/logo\/image\/\"},\"sameAs\":[\"https:\/\/www.facebook.com\/MySnack.ee\/\",\"https:\/\/www.instagram.com\/mysnack_eesti\/\"]}]}<\/script>\n<!-- \/ Yoast SEO plugin. -->","yoast_head_json":{"title":"\u67d4\u3089\u304b\u3044\u30c9\u30e9\u30a4\u30b8\u30e3\u30c3\u30af\u30d5\u30eb\u30fc\u30c4\uff5c\u7f6a\u60aa\u611f\u306e\u306a\u3044\u30b9\u30ca\u30c3\u30af","description":"\u30a8\u30ad\u30be\u30c1\u30c3\u30af\u306a\u30b8\u30e3\u30c3\u30af\u30d5\u30eb\u30fc\u30c4\u306f\u7518\u304f\u3001\u30ea\u30f3\u30b4\u3068\u30d0\u30ca\u30ca\u3092\u601d\u308f\u305b\u308b\u5473\u308f\u3044\u3067\u3059\u3002\u30d3\u30fc\u30ac\u30f3\u306e\u65b9\u306b\u3082\u304a\u53ec\u3057\u4e0a\u304c\u308a\u3044\u305f\u3060\u3051\u307e\u3059\u3002\u305c\u3072\u3054\u89a7\u304f\u3060\u3055\u3044\uff01","robots":{"index":"index","follow":"follow","max-snippet":"max-snippet:-1","max-image-preview":"max-image-preview:large","max-video-preview":"max-video-preview:-1"},"canonical":"https:\/\/mysnack.ee\/ja\/product\/\u30bd\u30d5\u30c8\u30c9\u30e9\u30a4\u30b8\u30e3\u30b1\u30c3\u30c8\/","og_locale":"ja_JP","og_type":"article","og_title":"Pehme kuivatatud jaka ehk jackfruit | Patuvabad sn\u00e4kid","og_description":"Eksootilised jaka vilja palad on magusad, meenutavad maitselt nii \u00f5una kui banaani. Sobivad ka veganitele. Vaata l\u00e4hemalt!","og_url":"https:\/\/mysnack.ee\/ja\/product\/\u30bd\u30d5\u30c8\u30c9\u30e9\u30a4\u30b8\u30e3\u30b1\u30c3\u30c8\/","og_site_name":"MySnack","article_publisher":"https:\/\/www.facebook.com\/MySnack.ee\/","article_modified_time":"2026-01-13T17:40:38+00:00","og_image":[{"width":1432,"height":1432,"url":"https:\/\/mysnack.ee\/wp-content\/uploads\/2023\/11\/Mocuk-up_Jackfruit_front_v2-copy.png","type":"image\/png"}],"twitter_card":"summary_large_image","twitter_misc":{"\u63a8\u5b9a\u8aad\u307f\u53d6\u308a\u6642\u9593":"1\u5206"},"schema":{"@context":"https:\/\/schema.org","@graph":[{"@type":"WebPage","@id":"https:\/\/mysnack.ee\/toode\/pehme-kuivatatud-jaka\/","url":"https:\/\/mysnack.ee\/toode\/pehme-kuivatatud-jaka\/","name":"\u67d4\u3089\u304b\u3044\u30c9\u30e9\u30a4\u30b8\u30e3\u30c3\u30af\u30d5\u30eb\u30fc\u30c4\uff5c\u7f6a\u60aa\u611f\u306e\u306a\u3044\u30b9\u30ca\u30c3\u30af","isPartOf":{"@id":"https:\/\/mysnack.shop\/#website"},"primaryImageOfPage":{"@id":"https:\/\/mysnack.ee\/toode\/pehme-kuivatatud-jaka\/#primaryimage"},"image":{"@id":"https:\/\/mysnack.ee\/toode\/pehme-kuivatatud-jaka\/#primaryimage"},"thumbnailUrl":"https:\/\/mysnack.ee\/wp-content\/uploads\/2023\/11\/Mocuk-up_Jackfruit_front_v2-copy.png","datePublished":"2021-07-18T13:19:17+00:00","dateModified":"2026-01-13T17:40:38+00:00","description":"\u30a8\u30ad\u30be\u30c1\u30c3\u30af\u306a\u30b8\u30e3\u30c3\u30af\u30d5\u30eb\u30fc\u30c4\u306f\u7518\u304f\u3001\u30ea\u30f3\u30b4\u3068\u30d0\u30ca\u30ca\u3092\u601d\u308f\u305b\u308b\u5473\u308f\u3044\u3067\u3059\u3002\u30d3\u30fc\u30ac\u30f3\u306e\u65b9\u306b\u3082\u304a\u53ec\u3057\u4e0a\u304c\u308a\u3044\u305f\u3060\u3051\u307e\u3059\u3002\u305c\u3072\u3054\u89a7\u304f\u3060\u3055\u3044\uff01","breadcrumb":{"@id":"https:\/\/mysnack.ee\/toode\/pehme-kuivatatud-jaka\/#breadcrumb"},"inLanguage":"ja","potentialAction":[{"@type":"ReadAction","target":["https:\/\/mysnack.ee\/toode\/pehme-kuivatatud-jaka\/"]}]},{"@type":"ImageObject","inLanguage":"ja","@id":"https:\/\/mysnack.ee\/toode\/pehme-kuivatatud-jaka\/#primaryimage","url":"https:\/\/mysnack.ee\/wp-content\/uploads\/2023\/11\/Mocuk-up_Jackfruit_front_v2-copy.png","contentUrl":"https:\/\/mysnack.ee\/wp-content\/uploads\/2023\/11\/Mocuk-up_Jackfruit_front_v2-copy.png","width":1432,"height":1432,"caption":"JackFruit snack pack front"},{"@type":"BreadcrumbList","@id":"https:\/\/mysnack.ee\/toode\/pehme-kuivatatud-jaka\/#breadcrumb","itemListElement":[{"@type":"ListItem","position":1,"name":"Esileht","item":"https:\/\/mysnack.ee\/"},{"@type":"ListItem","position":2,"name":"Pood","item":"https:\/\/mysnack.ee\/pood\/"},{"@type":"ListItem","position":3,"name":"Pehme kuivatatud jaka (jackfruit) 80g"}]},{"@type":"WebSite","@id":"https:\/\/mysnack.shop\/#website","url":"https:\/\/mysnack.shop\/","name":"\u30de\u30a4\u30b9\u30ca\u30c3\u30af","description":"MySnack E\u30b7\u30e7\u30c3\u30d7","publisher":{"@id":"https:\/\/mysnack.shop\/#organization"},"potentialAction":[{"@type":"SearchAction","target":{"@type":"EntryPoint","urlTemplate":"https:\/\/mysnack.shop\/?s={search_term_string}"},"query-input":{"@type":"PropertyValueSpecification","valueRequired":true,"valueName":"search_term_string"}}],"inLanguage":"ja"},{"@type":"Organization","@id":"https:\/\/mysnack.shop\/#organization","name":"\u30de\u30a4\u30b9\u30ca\u30c3\u30af","url":"https:\/\/mysnack.shop\/","logo":{"@type":"ImageObject","inLanguage":"ja","@id":"https:\/\/mysnack.shop\/#\/schema\/logo\/image\/","url":"https:\/\/mysnack.shop\/wp-content\/uploads\/2023\/09\/MySnack_logo.png","contentUrl":"https:\/\/mysnack.shop\/wp-content\/uploads\/2023\/09\/MySnack_logo.png","width":400,"height":148,"caption":"MySnack"},"image":{"@id":"https:\/\/mysnack.shop\/#\/schema\/logo\/image\/"},"sameAs":["https:\/\/www.facebook.com\/MySnack.ee\/","https:\/\/www.instagram.com\/mysnack_eesti\/"]}]}},"_links":{"self":[{"href":"https:\/\/mysnack.ee\/ja\/wp-json\/wp\/v2\/product\/10442","targetHints":{"allow":["GET"]}}],"collection":[{"href":"https:\/\/mysnack.ee\/ja\/wp-json\/wp\/v2\/product"}],"about":[{"href":"https:\/\/mysnack.ee\/ja\/wp-json\/wp\/v2\/types\/product"}],"wp:featuredmedia":[{"embeddable":true,"href":"https:\/\/mysnack.ee\/ja\/wp-json\/wp\/v2\/media\/27045"}],"wp:attachment":[{"href":"https:\/\/mysnack.ee\/ja\/wp-json\/wp\/v2\/media?parent=10442"}],"wp:term":[{"taxonomy":"product_brand","embeddable":true,"href":"https:\/\/mysnack.ee\/ja\/wp-json\/wp\/v2\/product_brand?post=10442"},{"taxonomy":"product_cat","embeddable":true,"href":"https:\/\/mysnack.ee\/ja\/wp-json\/wp\/v2\/product_cat?post=10442"},{"taxonomy":"product_tag","embeddable":true,"href":"https:\/\/mysnack.ee\/ja\/wp-json\/wp\/v2\/product_tag?post=10442"}],"curies":[{"name":"wp","href":"https:\/\/api.w.org\/{rel}","templated":true}]}}