{"id":10834,"date":"2021-08-13T13:06:08","date_gmt":"2021-08-13T10:06:08","guid":{"rendered":"https:\/\/mysnack.ee\/?post_type=product&#038;p=10834"},"modified":"2025-07-21T18:18:47","modified_gmt":"2025-07-21T15:18:47","slug":"%e6%b5%b7%e5%a1%a9%e3%82%92%e6%b7%bb%e3%81%88%e3%81%9f%e3%82%aa%e3%83%bc%e3%82%ac%e3%83%8b%e3%83%83%e3%82%af%e3%82%a8%e3%83%b3%e3%83%89%e3%82%a6%e8%b1%86%e3%81%ae%e3%83%8a%e3%82%b2%e3%83%83%e3%83%88","status":"publish","type":"product","link":"https:\/\/mysnack.ee\/ja\/product\/mahe-hernesnakid-meresoolaga\/","title":{"rendered":"\u30aa\u30fc\u30ac\u30cb\u30c3\u30af\u30a8\u30f3\u30c9\u30a6\u8c46\u30b9\u30ca\u30c3\u30af\uff08\u6d77\u5869\u5165\u308a\uff0980g"},"content":{"rendered":"<p><strong>\u91cf\uff1a<\/strong> 80\u30b0\u30e9\u30e0<\/p>\n<p><strong>\u88fd\u54c1100g\u3042\u305f\u308a\u5e73\u5747\uff1a<\/strong><\/p>\n<table>\n<tbody>\n<tr>\n<td>\u30a8\u30cd\u30eb\u30ae\u30fc\u542b\u6709\u91cf<\/td>\n<td>341kcal \/ 1441kJ<\/td>\n<\/tr>\n<tr>\n<td>\u8102\u80aa<\/td>\n<td>4.5\u30b0\u30e9\u30e0<\/td>\n<\/tr>\n<tr>\n<td>\u00a0 \u00a0 \u305d\u306e\u3046\u3061\u98fd\u548c\u8102\u80aa\u9178<\/td>\n<td>0.4g<\/td>\n<\/tr>\n<tr>\n<td>\u70ad\u6c34\u5316\u7269<\/td>\n<td>49.2g<\/td>\n<\/tr>\n<tr>\n<td>\u00a0 \u00a0 \u305d\u306e\u3046\u3061\u7cd6\u985e<\/td>\n<td>2.7g<\/td>\n<\/tr>\n<tr>\n<td>\u30d5\u30a1\u30a4\u30d0<\/td>\n<td>8.9g<\/td>\n<\/tr>\n<tr>\n<td>\u30bf\u30f3\u30d1\u30af\u8cea<\/td>\n<td>21.9g<\/td>\n<\/tr>\n<tr>\n<td>\u5869<\/td>\n<td>1.48\u30b0\u30e9\u30e0<\/td>\n<\/tr>\n<\/tbody>\n<\/table>\n<div id=\"accel-snackbar\" style=\"left: 50%;top: 50px\"><\/div>","protected":false},"excerpt":{"rendered":"<p>\u30a8\u30f3\u30c9\u30a6\u8c46\u306f\u4f53\u306b\u6700\u3082\u5438\u53ce\u3055\u308c\u3084\u3059\u3044\u690d\u7269\u6027\u30bf\u30f3\u30d1\u30af\u8cea\u3060\u3068\u3044\u3046\u3053\u3068\u3092\u3054\u5b58\u77e5\u3067\u3059\u304b\uff1f\u9ad8\u30bf\u30f3\u30d1\u30af\u8cea\u306b\u52a0\u3048\u3001\u30a8\u30f3\u30c9\u30a6\u8c46\u30b9\u30ca\u30c3\u30af\u306f\u98df\u7269\u7e4a\u7dad\u3068\u6297\u9178\u5316\u7269\u8cea\u304c\u8c4a\u5bcc\u3067\u3001\u6d88\u5316\u3092\u52a9\u3051\u3001\u4f53\u5185\u306e\u30d5\u30ea\u30fc\u30e9\u30b8\u30ab\u30eb\u3068\u6226\u3046\u306e\u306b\u5f79\u7acb\u3061\u307e\u3059\u3002.<\/p>\n<p>\u6d77\u5869\u98a8\u5473\u306e\u30aa\u30fc\u30ac\u30cb\u30c3\u30af\u30a8\u30f3\u30c9\u30a6\u8c46\u30b9\u30ca\u30c3\u30af\u306f\u3001\u9ad8\u30bf\u30f3\u30d1\u30af\u8cea\u3067\u3042\u308b\u3060\u3051\u3067\u306a\u304f\u3001\u4f4e\u30ab\u30ed\u30ea\u30fc\u3067\u3001\u30aa\u30fc\u30d6\u30f3\u3067\u713c\u304d\u4e0a\u3052\u3066\u3044\u307e\u3059\u3002.<\/p>\n<ul>\n<li style=\"list-style-type: none\">\n<ul>\n<li>100g\u3042\u305f\u308a21.9g\u3068\u9ad8\u30bf\u30f3\u30d1\u30af\u8cea<\/li>\n<li>50% \u4f4e\u8102\u80aa*<\/li>\n<li>\u7802\u7cd6\u7121\u6dfb\u52a0<\/li>\n<li>\u63da\u3052\u308b\u306e\u3067\u306f\u306a\u304f\u713c\u304f<\/li>\n<li>\u30b0\u30eb\u30c6\u30f3\u30d5\u30ea\u30fc\u3001\u30d3\u30fc\u30ac\u30f3\u5bfe\u5fdc<\/li>\n<\/ul>\n<\/li>\n<\/ul>\n<p>\u3053\u306e\u5546\u54c1\u306fFitlap.ee\u306e\u30c0\u30a4\u30a8\u30c3\u30c8\u30d7\u30e9\u30f3\u306b\u3082\u9069\u3057\u3066\u3044\u307e\u3059\uff01<\/p>\n<p>\u539f\u6750\u6599\uff1a\u30a8\u30f3\u30c9\u30a6\u8c46\u7c89*95.5%\u3001\u3072\u307e\u308f\u308a\u6cb9*\uff08\u9ad8\u30aa\u30ec\u30a4\u30f3\u9178\uff093%\u3001\u6d77\u58691.48%\u3002*\u7ba1\u7406\u3055\u308c\u305f\u6709\u6a5f\u683d\u57f9\u7531\u6765\u3002\u9ad8\u30bf\u30f3\u30d1\u30af\u8cea\u3001\u30b0\u30eb\u30c6\u30f3\u30d5\u30ea\u30fc\u3001\u30d3\u30fc\u30ac\u30f3\u5bfe\u5fdc\u3001\u8102\u80aa\u520650%\u30ab\u30c3\u30c8**\u3001\u7802\u7cd6\u4e0d\u4f7f\u7528\u3002\u6dbc\u3057\u304f\u4e7e\u71e5\u3057\u305f\u5834\u6240\u306b\u4fdd\u7ba1\u3057\u3066\u304f\u3060\u3055\u3044\u3002\u8cde\u5473\u671f\u9650\uff1a\u30d1\u30c3\u30b1\u30fc\u30b8\u3092\u3054\u89a7\u304f\u3060\u3055\u3044\u3002\u30a2\u30ec\u30eb\u30ae\u30fc\u7269\u8cea\uff1a\u4e73\u3001\u5927\u8c46\u3092\u542b\u3080\u53ef\u80fd\u6027\u304c\u3042\u308a\u307e\u3059\u3002<\/p>\n<p>\u5929\u7136\u306e\u7cd6\u5206\u3092\u542b\u307f\u307e\u3059\u3002.<\/p>\n<p>\u6dbc\u3057\u304f\u4e7e\u71e5\u3057\u305f\u5834\u6240\u306b\u4fdd\u7ba1\u3057\u3066\u304f\u3060\u3055\u3044\u3002.<\/p>\n<p>*\u4e00\u822c\u7684\u306a\u30dd\u30c6\u30c8\u30c1\u30c3\u30d7\u30b9\u3068\u6bd4\u8f03\u3057\u3066<\/p>\n<p><a href=\"https:\/\/mysnack.ee\/wp-content\/uploads\/2021\/08\/Fitlap.ee-soovitab.png\"><img loading=\"lazy\" decoding=\"async\" class=\"alignnone wp-image-24887\" src=\"https:\/\/mysnack.ee\/wp-content\/uploads\/2021\/08\/Fitlap.ee-soovitab-300x300.png\" alt=\"\" width=\"125\" height=\"125\" srcset=\"https:\/\/mysnack.ee\/wp-content\/uploads\/2021\/08\/Fitlap.ee-soovitab-300x300.png 300w, https:\/\/mysnack.ee\/wp-content\/uploads\/2021\/08\/Fitlap.ee-soovitab-150x150.png 150w, https:\/\/mysnack.ee\/wp-content\/uploads\/2021\/08\/Fitlap.ee-soovitab-430x430.png 430w, https:\/\/mysnack.ee\/wp-content\/uploads\/2021\/08\/Fitlap.ee-soovitab-700x700.png 700w, https:\/\/mysnack.ee\/wp-content\/uploads\/2021\/08\/Fitlap.ee-soovitab.png 750w\" sizes=\"auto, (max-width: 125px) 100vw, 125px\" \/><\/a><\/p>\n<div id=\"accel-snackbar\" style=\"left: 50%;top: 50px\"><\/div>","protected":false},"featured_media":24817,"template":"","meta":{"inline_featured_image":false},"product_brand":[],"product_cat":[418,172],"product_tag":[],"class_list":{"0":"post-10834","1":"product","2":"type-product","3":"status-publish","4":"has-post-thumbnail","6":"product_cat-hernekropsud","7":"product_cat-soolased-snakid","8":"pa_kogus-kast","9":"pa_kogus-tukk","10":"pa_sisaldab-gluteenivaba","11":"pa_sisaldab-laktoosivaba","12":"pa_sisaldab-mysnacki-farmist","13":"pa_sisaldab-vegan","15":"first","16":"instock","17":"taxable","18":"shipping-taxable","19":"purchasable","20":"product-type-variable","21":"has-default-attributes"},"yoast_head":"<!-- This site is optimized with the Yoast SEO plugin v27.1.1 - https:\/\/yoast.com\/product\/yoast-seo-wordpress\/ -->\n<title>Mahe hernesn\u00e4kid meresoolaga | Patuvabad sn\u00e4kid<\/title>\n<meta name=\"description\" content=\"Ahjus k\u00fcpsetatud mahedamaitselised ja kr\u00f5bedad hernekauna sn\u00e4kid sobivad h\u00e4sti kr\u00f5psu asemel sn\u00e4kkimiseks. Vaata l\u00e4hemalt!\" \/>\n<meta name=\"robots\" content=\"index, follow, max-snippet:-1, max-image-preview:large, max-video-preview:-1\" \/>\n<link rel=\"canonical\" href=\"https:\/\/mysnack.ee\/ja\/product\/\u6d77\u5869\u3092\u6dfb\u3048\u305f\u30aa\u30fc\u30ac\u30cb\u30c3\u30af\u30a8\u30f3\u30c9\u30a6\u8c46\u306e\u30ca\u30b2\u30c3\u30c8\/\" \/>\n<meta property=\"og:locale\" content=\"ja_JP\" \/>\n<meta property=\"og:type\" content=\"article\" \/>\n<meta property=\"og:title\" content=\"Mahe hernesn\u00e4kid meresoolaga | Patuvabad sn\u00e4kid\" \/>\n<meta property=\"og:description\" content=\"Ahjus k\u00fcpsetatud mahedamaitselised ja kr\u00f5bedad hernekauna sn\u00e4kid sobivad h\u00e4sti kr\u00f5psu asemel sn\u00e4kkimiseks. Vaata l\u00e4hemalt!\" \/>\n<meta property=\"og:url\" content=\"https:\/\/mysnack.ee\/ja\/product\/\u6d77\u5869\u3092\u6dfb\u3048\u305f\u30aa\u30fc\u30ac\u30cb\u30c3\u30af\u30a8\u30f3\u30c9\u30a6\u8c46\u306e\u30ca\u30b2\u30c3\u30c8\/\" \/>\n<meta property=\"og:site_name\" content=\"MySnack\" \/>\n<meta property=\"article:publisher\" content=\"https:\/\/www.facebook.com\/MySnack.ee\/\" \/>\n<meta property=\"article:modified_time\" content=\"2025-07-21T15:18:47+00:00\" \/>\n<meta property=\"og:image\" content=\"https:\/\/mysnack.ee\/wp-content\/uploads\/2021\/08\/Hernesnakk-maheda-meresoolaga-1.png\" \/>\n\t<meta property=\"og:image:width\" content=\"1080\" \/>\n\t<meta property=\"og:image:height\" content=\"1080\" \/>\n\t<meta property=\"og:image:type\" content=\"image\/png\" \/>\n<meta name=\"twitter:card\" content=\"summary_large_image\" \/>\n<meta name=\"twitter:label1\" content=\"\u63a8\u5b9a\u8aad\u307f\u53d6\u308a\u6642\u9593\" \/>\n\t<meta name=\"twitter:data1\" content=\"1\u5206\" \/>\n<script type=\"application\/ld+json\" class=\"yoast-schema-graph\">{\"@context\":\"https:\/\/schema.org\",\"@graph\":[{\"@type\":\"WebPage\",\"@id\":\"https:\/\/mysnack.ee\/toode\/mahe-hernesnakid-meresoolaga\/\",\"url\":\"https:\/\/mysnack.ee\/toode\/mahe-hernesnakid-meresoolaga\/\",\"name\":\"Mahe hernesn\u00e4kid meresoolaga | Patuvabad sn\u00e4kid\",\"isPartOf\":{\"@id\":\"https:\/\/mysnack.shop\/#website\"},\"primaryImageOfPage\":{\"@id\":\"https:\/\/mysnack.ee\/toode\/mahe-hernesnakid-meresoolaga\/#primaryimage\"},\"image\":{\"@id\":\"https:\/\/mysnack.ee\/toode\/mahe-hernesnakid-meresoolaga\/#primaryimage\"},\"thumbnailUrl\":\"https:\/\/mysnack.ee\/wp-content\/uploads\/2021\/08\/Hernesnakk-maheda-meresoolaga-1.png\",\"datePublished\":\"2021-08-13T10:06:08+00:00\",\"dateModified\":\"2025-07-21T15:18:47+00:00\",\"description\":\"Ahjus k\u00fcpsetatud mahedamaitselised ja kr\u00f5bedad hernekauna sn\u00e4kid sobivad h\u00e4sti kr\u00f5psu asemel sn\u00e4kkimiseks. Vaata l\u00e4hemalt!\",\"breadcrumb\":{\"@id\":\"https:\/\/mysnack.ee\/toode\/mahe-hernesnakid-meresoolaga\/#breadcrumb\"},\"inLanguage\":\"ja\",\"potentialAction\":[{\"@type\":\"ReadAction\",\"target\":[\"https:\/\/mysnack.ee\/toode\/mahe-hernesnakid-meresoolaga\/\"]}]},{\"@type\":\"ImageObject\",\"inLanguage\":\"ja\",\"@id\":\"https:\/\/mysnack.ee\/toode\/mahe-hernesnakid-meresoolaga\/#primaryimage\",\"url\":\"https:\/\/mysnack.ee\/wp-content\/uploads\/2021\/08\/Hernesnakk-maheda-meresoolaga-1.png\",\"contentUrl\":\"https:\/\/mysnack.ee\/wp-content\/uploads\/2021\/08\/Hernesnakk-maheda-meresoolaga-1.png\",\"width\":1080,\"height\":1080,\"caption\":\"Hernesn\u00e4kk maheda meresoolaga\"},{\"@type\":\"BreadcrumbList\",\"@id\":\"https:\/\/mysnack.ee\/toode\/mahe-hernesnakid-meresoolaga\/#breadcrumb\",\"itemListElement\":[{\"@type\":\"ListItem\",\"position\":1,\"name\":\"Esileht\",\"item\":\"https:\/\/mysnack.ee\/\"},{\"@type\":\"ListItem\",\"position\":2,\"name\":\"Pood\",\"item\":\"https:\/\/mysnack.ee\/pood\/\"},{\"@type\":\"ListItem\",\"position\":3,\"name\":\"Mahe hernesn\u00e4kid meresoolaga 80 g\"}]},{\"@type\":\"WebSite\",\"@id\":\"https:\/\/mysnack.shop\/#website\",\"url\":\"https:\/\/mysnack.shop\/\",\"name\":\"MySnack\",\"description\":\"MySnack E-Pood\",\"publisher\":{\"@id\":\"https:\/\/mysnack.shop\/#organization\"},\"potentialAction\":[{\"@type\":\"SearchAction\",\"target\":{\"@type\":\"EntryPoint\",\"urlTemplate\":\"https:\/\/mysnack.shop\/?s={search_term_string}\"},\"query-input\":{\"@type\":\"PropertyValueSpecification\",\"valueRequired\":true,\"valueName\":\"search_term_string\"}}],\"inLanguage\":\"ja\"},{\"@type\":\"Organization\",\"@id\":\"https:\/\/mysnack.shop\/#organization\",\"name\":\"MySnack\",\"url\":\"https:\/\/mysnack.shop\/\",\"logo\":{\"@type\":\"ImageObject\",\"inLanguage\":\"ja\",\"@id\":\"https:\/\/mysnack.shop\/#\/schema\/logo\/image\/\",\"url\":\"https:\/\/mysnack.shop\/wp-content\/uploads\/2023\/09\/MySnack_logo.png\",\"contentUrl\":\"https:\/\/mysnack.shop\/wp-content\/uploads\/2023\/09\/MySnack_logo.png\",\"width\":400,\"height\":148,\"caption\":\"MySnack\"},\"image\":{\"@id\":\"https:\/\/mysnack.shop\/#\/schema\/logo\/image\/\"},\"sameAs\":[\"https:\/\/www.facebook.com\/MySnack.ee\/\",\"https:\/\/www.instagram.com\/mysnack_eesti\/\"]}]}<\/script>\n<!-- \/ Yoast SEO plugin. -->","yoast_head_json":{"title":"\u30aa\u30fc\u30ac\u30cb\u30c3\u30af\u30a8\u30f3\u30c9\u30a6\u8c46\u30b9\u30ca\u30c3\u30af\uff08\u6d77\u5869\u98a8\u5473\uff09\uff5c\u7f6a\u60aa\u611f\u306a\u3057\u30b9\u30ca\u30c3\u30af","description":"\u30aa\u30fc\u30d6\u30f3\u3067\u713c\u304d\u4e0a\u3052\u305f\u3001\u30de\u30a4\u30eb\u30c9\u306a\u5473\u308f\u3044\u306e\u30b5\u30af\u30b5\u30af\u3068\u3057\u305f\u30a8\u30f3\u30c9\u30a6\u8c46\u306e\u30b9\u30ca\u30c3\u30af\u306f\u3001\u30dd\u30c6\u30c8\u30c1\u30c3\u30d7\u30b9\u306e\u7d20\u6674\u3089\u3057\u3044\u4ee3\u66ff\u54c1\u3067\u3059\u3002\u8a73\u3057\u304f\u898b\u3066\u307f\u307e\u3057\u3087\u3046\uff01","robots":{"index":"index","follow":"follow","max-snippet":"max-snippet:-1","max-image-preview":"max-image-preview:large","max-video-preview":"max-video-preview:-1"},"canonical":"https:\/\/mysnack.ee\/ja\/product\/\u6d77\u5869\u3092\u6dfb\u3048\u305f\u30aa\u30fc\u30ac\u30cb\u30c3\u30af\u30a8\u30f3\u30c9\u30a6\u8c46\u306e\u30ca\u30b2\u30c3\u30c8\/","og_locale":"ja_JP","og_type":"article","og_title":"Mahe hernesn\u00e4kid meresoolaga | Patuvabad sn\u00e4kid","og_description":"Ahjus k\u00fcpsetatud mahedamaitselised ja kr\u00f5bedad hernekauna sn\u00e4kid sobivad h\u00e4sti kr\u00f5psu asemel sn\u00e4kkimiseks. Vaata l\u00e4hemalt!","og_url":"https:\/\/mysnack.ee\/ja\/product\/\u6d77\u5869\u3092\u6dfb\u3048\u305f\u30aa\u30fc\u30ac\u30cb\u30c3\u30af\u30a8\u30f3\u30c9\u30a6\u8c46\u306e\u30ca\u30b2\u30c3\u30c8\/","og_site_name":"MySnack","article_publisher":"https:\/\/www.facebook.com\/MySnack.ee\/","article_modified_time":"2025-07-21T15:18:47+00:00","og_image":[{"width":1080,"height":1080,"url":"https:\/\/mysnack.ee\/wp-content\/uploads\/2021\/08\/Hernesnakk-maheda-meresoolaga-1.png","type":"image\/png"}],"twitter_card":"summary_large_image","twitter_misc":{"\u63a8\u5b9a\u8aad\u307f\u53d6\u308a\u6642\u9593":"1\u5206"},"schema":{"@context":"https:\/\/schema.org","@graph":[{"@type":"WebPage","@id":"https:\/\/mysnack.ee\/toode\/mahe-hernesnakid-meresoolaga\/","url":"https:\/\/mysnack.ee\/toode\/mahe-hernesnakid-meresoolaga\/","name":"\u30aa\u30fc\u30ac\u30cb\u30c3\u30af\u30a8\u30f3\u30c9\u30a6\u8c46\u30b9\u30ca\u30c3\u30af\uff08\u6d77\u5869\u98a8\u5473\uff09\uff5c\u7f6a\u60aa\u611f\u306a\u3057\u30b9\u30ca\u30c3\u30af","isPartOf":{"@id":"https:\/\/mysnack.shop\/#website"},"primaryImageOfPage":{"@id":"https:\/\/mysnack.ee\/toode\/mahe-hernesnakid-meresoolaga\/#primaryimage"},"image":{"@id":"https:\/\/mysnack.ee\/toode\/mahe-hernesnakid-meresoolaga\/#primaryimage"},"thumbnailUrl":"https:\/\/mysnack.ee\/wp-content\/uploads\/2021\/08\/Hernesnakk-maheda-meresoolaga-1.png","datePublished":"2021-08-13T10:06:08+00:00","dateModified":"2025-07-21T15:18:47+00:00","description":"\u30aa\u30fc\u30d6\u30f3\u3067\u713c\u304d\u4e0a\u3052\u305f\u3001\u30de\u30a4\u30eb\u30c9\u306a\u5473\u308f\u3044\u306e\u30b5\u30af\u30b5\u30af\u3068\u3057\u305f\u30a8\u30f3\u30c9\u30a6\u8c46\u306e\u30b9\u30ca\u30c3\u30af\u306f\u3001\u30dd\u30c6\u30c8\u30c1\u30c3\u30d7\u30b9\u306e\u7d20\u6674\u3089\u3057\u3044\u4ee3\u66ff\u54c1\u3067\u3059\u3002\u8a73\u3057\u304f\u898b\u3066\u307f\u307e\u3057\u3087\u3046\uff01","breadcrumb":{"@id":"https:\/\/mysnack.ee\/toode\/mahe-hernesnakid-meresoolaga\/#breadcrumb"},"inLanguage":"ja","potentialAction":[{"@type":"ReadAction","target":["https:\/\/mysnack.ee\/toode\/mahe-hernesnakid-meresoolaga\/"]}]},{"@type":"ImageObject","inLanguage":"ja","@id":"https:\/\/mysnack.ee\/toode\/mahe-hernesnakid-meresoolaga\/#primaryimage","url":"https:\/\/mysnack.ee\/wp-content\/uploads\/2021\/08\/Hernesnakk-maheda-meresoolaga-1.png","contentUrl":"https:\/\/mysnack.ee\/wp-content\/uploads\/2021\/08\/Hernesnakk-maheda-meresoolaga-1.png","width":1080,"height":1080,"caption":"Hernesn\u00e4kk maheda meresoolaga"},{"@type":"BreadcrumbList","@id":"https:\/\/mysnack.ee\/toode\/mahe-hernesnakid-meresoolaga\/#breadcrumb","itemListElement":[{"@type":"ListItem","position":1,"name":"Esileht","item":"https:\/\/mysnack.ee\/"},{"@type":"ListItem","position":2,"name":"Pood","item":"https:\/\/mysnack.ee\/pood\/"},{"@type":"ListItem","position":3,"name":"Mahe hernesn\u00e4kid meresoolaga 80 g"}]},{"@type":"WebSite","@id":"https:\/\/mysnack.shop\/#website","url":"https:\/\/mysnack.shop\/","name":"\u30de\u30a4\u30b9\u30ca\u30c3\u30af","description":"MySnack E\u30b7\u30e7\u30c3\u30d7","publisher":{"@id":"https:\/\/mysnack.shop\/#organization"},"potentialAction":[{"@type":"SearchAction","target":{"@type":"EntryPoint","urlTemplate":"https:\/\/mysnack.shop\/?s={search_term_string}"},"query-input":{"@type":"PropertyValueSpecification","valueRequired":true,"valueName":"search_term_string"}}],"inLanguage":"ja"},{"@type":"Organization","@id":"https:\/\/mysnack.shop\/#organization","name":"\u30de\u30a4\u30b9\u30ca\u30c3\u30af","url":"https:\/\/mysnack.shop\/","logo":{"@type":"ImageObject","inLanguage":"ja","@id":"https:\/\/mysnack.shop\/#\/schema\/logo\/image\/","url":"https:\/\/mysnack.shop\/wp-content\/uploads\/2023\/09\/MySnack_logo.png","contentUrl":"https:\/\/mysnack.shop\/wp-content\/uploads\/2023\/09\/MySnack_logo.png","width":400,"height":148,"caption":"MySnack"},"image":{"@id":"https:\/\/mysnack.shop\/#\/schema\/logo\/image\/"},"sameAs":["https:\/\/www.facebook.com\/MySnack.ee\/","https:\/\/www.instagram.com\/mysnack_eesti\/"]}]}},"_links":{"self":[{"href":"https:\/\/mysnack.ee\/ja\/wp-json\/wp\/v2\/product\/10834","targetHints":{"allow":["GET"]}}],"collection":[{"href":"https:\/\/mysnack.ee\/ja\/wp-json\/wp\/v2\/product"}],"about":[{"href":"https:\/\/mysnack.ee\/ja\/wp-json\/wp\/v2\/types\/product"}],"wp:featuredmedia":[{"embeddable":true,"href":"https:\/\/mysnack.ee\/ja\/wp-json\/wp\/v2\/media\/24817"}],"wp:attachment":[{"href":"https:\/\/mysnack.ee\/ja\/wp-json\/wp\/v2\/media?parent=10834"}],"wp:term":[{"taxonomy":"product_brand","embeddable":true,"href":"https:\/\/mysnack.ee\/ja\/wp-json\/wp\/v2\/product_brand?post=10834"},{"taxonomy":"product_cat","embeddable":true,"href":"https:\/\/mysnack.ee\/ja\/wp-json\/wp\/v2\/product_cat?post=10834"},{"taxonomy":"product_tag","embeddable":true,"href":"https:\/\/mysnack.ee\/ja\/wp-json\/wp\/v2\/product_tag?post=10834"}],"curies":[{"name":"wp","href":"https:\/\/api.w.org\/{rel}","templated":true}]}}