{"id":11699,"date":"2021-11-12T22:17:21","date_gmt":"2021-11-12T20:17:21","guid":{"rendered":"https:\/\/mysnack.ee\/?post_type=product&#038;p=11699"},"modified":"2024-06-26T11:49:42","modified_gmt":"2024-06-26T08:49:42","slug":"%e3%83%88%e3%83%aa%e3%83%a5%e3%83%95%e3%81%a8%e9%bb%92%e8%83%a1%e6%a4%92%e3%82%92%e6%b7%bb%e3%81%88%e3%81%9f%e6%b5%b7%e8%97%bb%e3%81%ae%e5%a4%a9%e3%81%b7%e3%82%89","status":"publish","type":"product","link":"https:\/\/mysnack.ee\/ja\/product\/merevetikas-tempura-truhvli-ja-musta-pipraga\/","title":{"rendered":"\u30c8\u30ea\u30e5\u30d5\u3068\u9ed2\u80e1\u6912\u306e\u6d77\u85fb\u5929\u3077\u3089 40g"},"content":{"rendered":"<p><strong>\u91cf\uff1a<\/strong> 40g<\/p>\n<p><strong>\u88fd\u54c1100g\u3042\u305f\u308a\u5e73\u5747\uff1a<\/strong><\/p>\n<table>\n<tbody>\n<tr>\n<td>\u30a8\u30cd\u30eb\u30ae\u30fc\u542b\u6709\u91cf<\/td>\n<td>608 kcal \/ 2544 kJ<\/td>\n<\/tr>\n<tr>\n<td>\u8102\u80aa<\/td>\n<td>45.5g<\/td>\n<\/tr>\n<tr>\n<td>\u00a0 \u00a0 \u305d\u306e\u3046\u3061\u98fd\u548c\u8102\u80aa\u9178<\/td>\n<td>10.6g<\/td>\n<\/tr>\n<tr>\n<td>\u70ad\u6c34\u5316\u7269<\/td>\n<td>42.2g<\/td>\n<\/tr>\n<tr>\n<td>\u00a0 \u00a0 \u305d\u306e\u3046\u3061\u7cd6\u985e<\/td>\n<td>4.3g<\/td>\n<\/tr>\n<tr>\n<td>\u30d5\u30a1\u30a4\u30d0<\/td>\n<td>3.2g<\/td>\n<\/tr>\n<tr>\n<td>\u30bf\u30f3\u30d1\u30af\u8cea<\/td>\n<td>7.4g<\/td>\n<\/tr>\n<tr>\n<td>\u5869<\/td>\n<td>0.85g<\/td>\n<\/tr>\n<\/tbody>\n<\/table>\n<div id=\"accel-snackbar\" style=\"left: 50%; top: 50px;\"><\/div>","protected":false},"excerpt":{"rendered":"<ul>\n<li>\u7a0b\u3088\u304f\u30b5\u30af\u30b5\u30af\u3068\u3057\u305f\u30b9\u30ca\u30c3\u30af\u3002.<\/li>\n<li>\u5473\u3082\u826f\u304f\u3066\u30a8\u30cd\u30eb\u30ae\u30fc\u3082\u3082\u3089\u3048\u307e\u3059\u3002.<\/li>\n<li>\u6d77\u85fb\u306f\u6804\u990a\u7d20\u3001\u7279\u306b\u30e8\u30a6\u7d20\u542b\u6709\u91cf\u304c\u8c4a\u5bcc\u306a\u3053\u3068\u3067\u77e5\u3089\u308c\u3066\u3044\u307e\u3059\u3002.<\/li>\n<\/ul>\n<p><strong>\u6750\u6599\uff1a<\/strong> \u5929\u3077\u3089\u7c8957%\uff08\u5c0f\u9ea6\u7c89\u3001\u52a0\u5de5\u30bf\u30d4\u30aa\u30ab\u6fb1\u7c89\u3001\u5869\u3001\u7802\u7cd6\uff09\u3001\u30d1\u30fc\u30e0\u6cb9\u3001\u6d77\u85fb15%\u3001\u30c8\u30ea\u30e5\u30d5\u30fb\u9ed2\u30b3\u30b7\u30e7\u30a6\u98a8\u5473\u30df\u30c3\u30af\u30b9\uff08\u7802\u7cd6\u3001\u9175\u6bcd\u30a8\u30ad\u30b9\u3001\u5869\u3001\u30c7\u30ad\u30b9\u30c8\u30ed\u30fc\u30b9\u3001\u30b9\u30d1\u30a4\u30b9\uff08\u9ed2\u30b3\u30b7\u30e7\u30a6\u3001\u30d9\u30a4\u30ea\u30fc\u30d5\uff09\u3001\u30b0\u30eb\u30b3\u30fc\u30b9\u30d1\u30a6\u30c0\u30fc\u3001\u30ac\u30fc\u30ea\u30c3\u30af\u30d1\u30a6\u30c0\u30fc\u3001\u9999\u6599\u3001\u30aa\u30cb\u30aa\u30f3\u30d1\u30a6\u30c0\u30fc\u3001\u56fa\u7d50\u9632\u6b62\u5264\uff08E551\uff09\u3001\u30de\u30c3\u30b7\u30e5\u30eb\u30fc\u30e0\u30a8\u30ad\u30b9\u30d1\u30a6\u30c0\u30fc\u3001\u9ed2\u30b3\u30b7\u30e7\u30a6\u62bd\u51fa\u7269\u3001\u9178\u5473\u6599\uff08E296\uff09\u3002.<\/p>\n<div id=\"accel-snackbar\" style=\"left: 50%; top: 50px;\"><\/div>","protected":false},"featured_media":22522,"template":"","meta":{"inline_featured_image":false},"product_brand":[],"product_cat":[172,315],"product_tag":[],"class_list":{"0":"post-11699","1":"product","2":"type-product","3":"status-publish","4":"has-post-thumbnail","6":"product_cat-soolased-snakid","7":"product_cat-vetikakropsud","8":"pa_kogus-kast","9":"pa_kogus-tukk","10":"pa_sisaldab-laktoosivaba","11":"pa_sisaldab-vegan","13":"first","14":"instock","15":"taxable","16":"shipping-taxable","17":"purchasable","18":"product-type-variable","19":"has-default-attributes"},"yoast_head":"<!-- This site is optimized with the Yoast SEO plugin v27.1.1 - https:\/\/yoast.com\/product\/yoast-seo-wordpress\/ -->\n<title>Merevetikas tempura tr\u00fchvli ja musta pipraga 40 g | Patuvabad sn\u00e4kid<\/title>\n<meta name=\"description\" content=\"Tempura merevetika kr\u00f5psud tr\u00fchvli ja musta pipraga on tervislikud, maitsevad h\u00e4sti, annavad energiat ja sisaldavad rohkelt toitaineid. Vaata l\u00e4hemalt!\" \/>\n<meta name=\"robots\" content=\"index, follow, max-snippet:-1, max-image-preview:large, max-video-preview:-1\" \/>\n<link rel=\"canonical\" href=\"https:\/\/mysnack.ee\/ja\/product\/\u30c8\u30ea\u30e5\u30d5\u3068\u9ed2\u80e1\u6912\u3092\u6dfb\u3048\u305f\u6d77\u85fb\u306e\u5929\u3077\u3089\/\" \/>\n<meta property=\"og:locale\" content=\"ja_JP\" \/>\n<meta property=\"og:type\" content=\"article\" \/>\n<meta property=\"og:title\" content=\"Merevetikas tempura tr\u00fchvli ja musta pipraga 40 g | Patuvabad sn\u00e4kid\" \/>\n<meta property=\"og:description\" content=\"Tempura merevetika kr\u00f5psud tr\u00fchvli ja musta pipraga on tervislikud, maitsevad h\u00e4sti, annavad energiat ja sisaldavad rohkelt toitaineid. Vaata l\u00e4hemalt!\" \/>\n<meta property=\"og:url\" content=\"https:\/\/mysnack.ee\/ja\/product\/\u30c8\u30ea\u30e5\u30d5\u3068\u9ed2\u80e1\u6912\u3092\u6dfb\u3048\u305f\u6d77\u85fb\u306e\u5929\u3077\u3089\/\" \/>\n<meta property=\"og:site_name\" content=\"MySnack\" \/>\n<meta property=\"article:publisher\" content=\"https:\/\/www.facebook.com\/MySnack.ee\/\" \/>\n<meta property=\"article:modified_time\" content=\"2024-06-26T08:49:42+00:00\" \/>\n<meta property=\"og:image\" content=\"https:\/\/mysnack.ee\/wp-content\/uploads\/2021\/11\/Tempura-merevetika-kropsud-truhvli-ja-musta-pipraga.png\" \/>\n\t<meta property=\"og:image:width\" content=\"1080\" \/>\n\t<meta property=\"og:image:height\" content=\"1080\" \/>\n\t<meta property=\"og:image:type\" content=\"image\/png\" \/>\n<meta name=\"twitter:card\" content=\"summary_large_image\" \/>\n<meta name=\"twitter:label1\" content=\"\u63a8\u5b9a\u8aad\u307f\u53d6\u308a\u6642\u9593\" \/>\n\t<meta name=\"twitter:data1\" content=\"1\u5206\" \/>\n<script type=\"application\/ld+json\" class=\"yoast-schema-graph\">{\"@context\":\"https:\/\/schema.org\",\"@graph\":[{\"@type\":\"WebPage\",\"@id\":\"https:\/\/mysnack.ee\/toode\/merevetikas-tempura-truhvli-ja-musta-pipraga\/\",\"url\":\"https:\/\/mysnack.ee\/toode\/merevetikas-tempura-truhvli-ja-musta-pipraga\/\",\"name\":\"Merevetikas tempura tr\u00fchvli ja musta pipraga 40 g | Patuvabad sn\u00e4kid\",\"isPartOf\":{\"@id\":\"https:\/\/mysnack.shop\/#website\"},\"primaryImageOfPage\":{\"@id\":\"https:\/\/mysnack.ee\/toode\/merevetikas-tempura-truhvli-ja-musta-pipraga\/#primaryimage\"},\"image\":{\"@id\":\"https:\/\/mysnack.ee\/toode\/merevetikas-tempura-truhvli-ja-musta-pipraga\/#primaryimage\"},\"thumbnailUrl\":\"https:\/\/mysnack.ee\/wp-content\/uploads\/2021\/11\/Tempura-merevetika-kropsud-truhvli-ja-musta-pipraga.png\",\"datePublished\":\"2021-11-12T20:17:21+00:00\",\"dateModified\":\"2024-06-26T08:49:42+00:00\",\"description\":\"Tempura merevetika kr\u00f5psud tr\u00fchvli ja musta pipraga on tervislikud, maitsevad h\u00e4sti, annavad energiat ja sisaldavad rohkelt toitaineid. Vaata l\u00e4hemalt!\",\"breadcrumb\":{\"@id\":\"https:\/\/mysnack.ee\/toode\/merevetikas-tempura-truhvli-ja-musta-pipraga\/#breadcrumb\"},\"inLanguage\":\"ja\",\"potentialAction\":[{\"@type\":\"ReadAction\",\"target\":[\"https:\/\/mysnack.ee\/toode\/merevetikas-tempura-truhvli-ja-musta-pipraga\/\"]}]},{\"@type\":\"ImageObject\",\"inLanguage\":\"ja\",\"@id\":\"https:\/\/mysnack.ee\/toode\/merevetikas-tempura-truhvli-ja-musta-pipraga\/#primaryimage\",\"url\":\"https:\/\/mysnack.ee\/wp-content\/uploads\/2021\/11\/Tempura-merevetika-kropsud-truhvli-ja-musta-pipraga.png\",\"contentUrl\":\"https:\/\/mysnack.ee\/wp-content\/uploads\/2021\/11\/Tempura-merevetika-kropsud-truhvli-ja-musta-pipraga.png\",\"width\":1080,\"height\":1080,\"caption\":\"Tempura merevetika kr\u00f5psud tr\u00fchvli ja musta pipraga\"},{\"@type\":\"BreadcrumbList\",\"@id\":\"https:\/\/mysnack.ee\/toode\/merevetikas-tempura-truhvli-ja-musta-pipraga\/#breadcrumb\",\"itemListElement\":[{\"@type\":\"ListItem\",\"position\":1,\"name\":\"Esileht\",\"item\":\"https:\/\/mysnack.ee\/\"},{\"@type\":\"ListItem\",\"position\":2,\"name\":\"Pood\",\"item\":\"https:\/\/mysnack.ee\/pood\/\"},{\"@type\":\"ListItem\",\"position\":3,\"name\":\"Merevetikas tempura tr\u00fchvli ja musta pipraga 40 g\"}]},{\"@type\":\"WebSite\",\"@id\":\"https:\/\/mysnack.shop\/#website\",\"url\":\"https:\/\/mysnack.shop\/\",\"name\":\"MySnack\",\"description\":\"MySnack E-Pood\",\"publisher\":{\"@id\":\"https:\/\/mysnack.shop\/#organization\"},\"potentialAction\":[{\"@type\":\"SearchAction\",\"target\":{\"@type\":\"EntryPoint\",\"urlTemplate\":\"https:\/\/mysnack.shop\/?s={search_term_string}\"},\"query-input\":{\"@type\":\"PropertyValueSpecification\",\"valueRequired\":true,\"valueName\":\"search_term_string\"}}],\"inLanguage\":\"ja\"},{\"@type\":\"Organization\",\"@id\":\"https:\/\/mysnack.shop\/#organization\",\"name\":\"MySnack\",\"url\":\"https:\/\/mysnack.shop\/\",\"logo\":{\"@type\":\"ImageObject\",\"inLanguage\":\"ja\",\"@id\":\"https:\/\/mysnack.shop\/#\/schema\/logo\/image\/\",\"url\":\"https:\/\/mysnack.shop\/wp-content\/uploads\/2023\/09\/MySnack_logo.png\",\"contentUrl\":\"https:\/\/mysnack.shop\/wp-content\/uploads\/2023\/09\/MySnack_logo.png\",\"width\":400,\"height\":148,\"caption\":\"MySnack\"},\"image\":{\"@id\":\"https:\/\/mysnack.shop\/#\/schema\/logo\/image\/\"},\"sameAs\":[\"https:\/\/www.facebook.com\/MySnack.ee\/\",\"https:\/\/www.instagram.com\/mysnack_eesti\/\"]}]}<\/script>\n<!-- \/ Yoast SEO plugin. -->","yoast_head_json":{"title":"\u30c8\u30ea\u30e5\u30d5\u3068\u9ed2\u80e1\u6912\u98a8\u5473\u306e\u6d77\u82d4\u5929\u3077\u3089 40g | \u7f6a\u60aa\u611f\u306e\u306a\u3044\u30b9\u30ca\u30c3\u30af","description":"\u30c8\u30ea\u30e5\u30d5\u3068\u9ed2\u80e1\u6912\u3092\u6dfb\u3048\u305f\u5929\u3077\u3089\u6d77\u82d4\u30c1\u30c3\u30d7\u30b9\u306f\u3001\u5065\u5eb7\u7684\u3067\u7f8e\u5473\u3057\u304f\u3001\u30a8\u30cd\u30eb\u30ae\u30fc\u88dc\u7d66\u306b\u3082\u306a\u308a\u3001\u6804\u990a\u3082\u8c4a\u5bcc\u3067\u3059\u3002\u305c\u3072\u8a73\u3057\u304f\u3054\u89a7\u304f\u3060\u3055\u3044\uff01","robots":{"index":"index","follow":"follow","max-snippet":"max-snippet:-1","max-image-preview":"max-image-preview:large","max-video-preview":"max-video-preview:-1"},"canonical":"https:\/\/mysnack.ee\/ja\/product\/\u30c8\u30ea\u30e5\u30d5\u3068\u9ed2\u80e1\u6912\u3092\u6dfb\u3048\u305f\u6d77\u85fb\u306e\u5929\u3077\u3089\/","og_locale":"ja_JP","og_type":"article","og_title":"Merevetikas tempura tr\u00fchvli ja musta pipraga 40 g | Patuvabad sn\u00e4kid","og_description":"Tempura merevetika kr\u00f5psud tr\u00fchvli ja musta pipraga on tervislikud, maitsevad h\u00e4sti, annavad energiat ja sisaldavad rohkelt toitaineid. Vaata l\u00e4hemalt!","og_url":"https:\/\/mysnack.ee\/ja\/product\/\u30c8\u30ea\u30e5\u30d5\u3068\u9ed2\u80e1\u6912\u3092\u6dfb\u3048\u305f\u6d77\u85fb\u306e\u5929\u3077\u3089\/","og_site_name":"MySnack","article_publisher":"https:\/\/www.facebook.com\/MySnack.ee\/","article_modified_time":"2024-06-26T08:49:42+00:00","og_image":[{"width":1080,"height":1080,"url":"https:\/\/mysnack.ee\/wp-content\/uploads\/2021\/11\/Tempura-merevetika-kropsud-truhvli-ja-musta-pipraga.png","type":"image\/png"}],"twitter_card":"summary_large_image","twitter_misc":{"\u63a8\u5b9a\u8aad\u307f\u53d6\u308a\u6642\u9593":"1\u5206"},"schema":{"@context":"https:\/\/schema.org","@graph":[{"@type":"WebPage","@id":"https:\/\/mysnack.ee\/toode\/merevetikas-tempura-truhvli-ja-musta-pipraga\/","url":"https:\/\/mysnack.ee\/toode\/merevetikas-tempura-truhvli-ja-musta-pipraga\/","name":"\u30c8\u30ea\u30e5\u30d5\u3068\u9ed2\u80e1\u6912\u98a8\u5473\u306e\u6d77\u82d4\u5929\u3077\u3089 40g | \u7f6a\u60aa\u611f\u306e\u306a\u3044\u30b9\u30ca\u30c3\u30af","isPartOf":{"@id":"https:\/\/mysnack.shop\/#website"},"primaryImageOfPage":{"@id":"https:\/\/mysnack.ee\/toode\/merevetikas-tempura-truhvli-ja-musta-pipraga\/#primaryimage"},"image":{"@id":"https:\/\/mysnack.ee\/toode\/merevetikas-tempura-truhvli-ja-musta-pipraga\/#primaryimage"},"thumbnailUrl":"https:\/\/mysnack.ee\/wp-content\/uploads\/2021\/11\/Tempura-merevetika-kropsud-truhvli-ja-musta-pipraga.png","datePublished":"2021-11-12T20:17:21+00:00","dateModified":"2024-06-26T08:49:42+00:00","description":"\u30c8\u30ea\u30e5\u30d5\u3068\u9ed2\u80e1\u6912\u3092\u6dfb\u3048\u305f\u5929\u3077\u3089\u6d77\u82d4\u30c1\u30c3\u30d7\u30b9\u306f\u3001\u5065\u5eb7\u7684\u3067\u7f8e\u5473\u3057\u304f\u3001\u30a8\u30cd\u30eb\u30ae\u30fc\u88dc\u7d66\u306b\u3082\u306a\u308a\u3001\u6804\u990a\u3082\u8c4a\u5bcc\u3067\u3059\u3002\u305c\u3072\u8a73\u3057\u304f\u3054\u89a7\u304f\u3060\u3055\u3044\uff01","breadcrumb":{"@id":"https:\/\/mysnack.ee\/toode\/merevetikas-tempura-truhvli-ja-musta-pipraga\/#breadcrumb"},"inLanguage":"ja","potentialAction":[{"@type":"ReadAction","target":["https:\/\/mysnack.ee\/toode\/merevetikas-tempura-truhvli-ja-musta-pipraga\/"]}]},{"@type":"ImageObject","inLanguage":"ja","@id":"https:\/\/mysnack.ee\/toode\/merevetikas-tempura-truhvli-ja-musta-pipraga\/#primaryimage","url":"https:\/\/mysnack.ee\/wp-content\/uploads\/2021\/11\/Tempura-merevetika-kropsud-truhvli-ja-musta-pipraga.png","contentUrl":"https:\/\/mysnack.ee\/wp-content\/uploads\/2021\/11\/Tempura-merevetika-kropsud-truhvli-ja-musta-pipraga.png","width":1080,"height":1080,"caption":"Tempura merevetika kr\u00f5psud tr\u00fchvli ja musta pipraga"},{"@type":"BreadcrumbList","@id":"https:\/\/mysnack.ee\/toode\/merevetikas-tempura-truhvli-ja-musta-pipraga\/#breadcrumb","itemListElement":[{"@type":"ListItem","position":1,"name":"Esileht","item":"https:\/\/mysnack.ee\/"},{"@type":"ListItem","position":2,"name":"Pood","item":"https:\/\/mysnack.ee\/pood\/"},{"@type":"ListItem","position":3,"name":"Merevetikas tempura tr\u00fchvli ja musta pipraga 40 g"}]},{"@type":"WebSite","@id":"https:\/\/mysnack.shop\/#website","url":"https:\/\/mysnack.shop\/","name":"\u30de\u30a4\u30b9\u30ca\u30c3\u30af","description":"MySnack E\u30b7\u30e7\u30c3\u30d7","publisher":{"@id":"https:\/\/mysnack.shop\/#organization"},"potentialAction":[{"@type":"SearchAction","target":{"@type":"EntryPoint","urlTemplate":"https:\/\/mysnack.shop\/?s={search_term_string}"},"query-input":{"@type":"PropertyValueSpecification","valueRequired":true,"valueName":"search_term_string"}}],"inLanguage":"ja"},{"@type":"Organization","@id":"https:\/\/mysnack.shop\/#organization","name":"\u30de\u30a4\u30b9\u30ca\u30c3\u30af","url":"https:\/\/mysnack.shop\/","logo":{"@type":"ImageObject","inLanguage":"ja","@id":"https:\/\/mysnack.shop\/#\/schema\/logo\/image\/","url":"https:\/\/mysnack.shop\/wp-content\/uploads\/2023\/09\/MySnack_logo.png","contentUrl":"https:\/\/mysnack.shop\/wp-content\/uploads\/2023\/09\/MySnack_logo.png","width":400,"height":148,"caption":"MySnack"},"image":{"@id":"https:\/\/mysnack.shop\/#\/schema\/logo\/image\/"},"sameAs":["https:\/\/www.facebook.com\/MySnack.ee\/","https:\/\/www.instagram.com\/mysnack_eesti\/"]}]}},"_links":{"self":[{"href":"https:\/\/mysnack.ee\/ja\/wp-json\/wp\/v2\/product\/11699","targetHints":{"allow":["GET"]}}],"collection":[{"href":"https:\/\/mysnack.ee\/ja\/wp-json\/wp\/v2\/product"}],"about":[{"href":"https:\/\/mysnack.ee\/ja\/wp-json\/wp\/v2\/types\/product"}],"wp:featuredmedia":[{"embeddable":true,"href":"https:\/\/mysnack.ee\/ja\/wp-json\/wp\/v2\/media\/22522"}],"wp:attachment":[{"href":"https:\/\/mysnack.ee\/ja\/wp-json\/wp\/v2\/media?parent=11699"}],"wp:term":[{"taxonomy":"product_brand","embeddable":true,"href":"https:\/\/mysnack.ee\/ja\/wp-json\/wp\/v2\/product_brand?post=11699"},{"taxonomy":"product_cat","embeddable":true,"href":"https:\/\/mysnack.ee\/ja\/wp-json\/wp\/v2\/product_cat?post=11699"},{"taxonomy":"product_tag","embeddable":true,"href":"https:\/\/mysnack.ee\/ja\/wp-json\/wp\/v2\/product_tag?post=11699"}],"curies":[{"name":"wp","href":"https:\/\/api.w.org\/{rel}","templated":true}]}}