{"id":23115,"date":"2024-06-10T16:08:30","date_gmt":"2024-06-10T13:08:30","guid":{"rendered":"https:\/\/mysnack.ee\/?post_type=product&#038;p=23115"},"modified":"2025-12-14T00:36:17","modified_gmt":"2025-12-13T22:36:17","slug":"%e3%83%9e%e3%83%b3%e3%82%b4%e3%83%bc%e3%83%95%e3%83%ab%e3%83%bc%e3%83%84%e3%83%90%e3%83%bc","status":"publish","type":"product","link":"https:\/\/mysnack.ee\/ja\/product\/mango-puuviljabatoon\/","title":{"rendered":"97% \u30de\u30f3\u30b4\u30fc\u30d5\u30eb\u30fc\u30c4\u30d0\u30fc 30g"},"content":{"rendered":"<p><strong>\u91cf\uff1a<\/strong> 30\u30b0\u30e9\u30e0<\/p>\n<p><strong>\u88fd\u54c1100g\u3042\u305f\u308a\u5e73\u5747\uff1a<\/strong><\/p>\n<table style=\"height: 206px;\" width=\"346\">\n<tbody>\n<tr>\n<td>\u30a8\u30cd\u30eb\u30ae\u30fc\u542b\u6709\u91cf<\/td>\n<td>338 kcal \/ 1415 kJ<\/td>\n<\/tr>\n<tr>\n<td>\u8102\u80aa<\/td>\n<td>1.3\u30b0\u30e9\u30e0<\/td>\n<\/tr>\n<tr>\n<td>\u00a0 \u00a0 \u305d\u306e\u3046\u3061\u98fd\u548c\u8102\u80aa\u9178<\/td>\n<td>0\u30b0\u30e9\u30e0<\/td>\n<\/tr>\n<tr>\n<td>\u70ad\u6c34\u5316\u7269<\/td>\n<td>79.4\u30b0\u30e9\u30e0<\/td>\n<\/tr>\n<tr>\n<td>\u00a0 \u00a0 \u305d\u306e\u3046\u3061\u7cd6\u985e<\/td>\n<td>71.8\u30b0\u30e9\u30e0<\/td>\n<\/tr>\n<tr>\n<td>\u30d5\u30a1\u30a4\u30d0<\/td>\n<td>6.55\u30b0\u30e9\u30e0<\/td>\n<\/tr>\n<tr>\n<td>\u30bf\u30f3\u30d1\u30af\u8cea<\/td>\n<td>2.68\u30b0\u30e9\u30e0<\/td>\n<\/tr>\n<tr>\n<td>\u5869<\/td>\n<td>0.11\u30b0\u30e9\u30e0<\/td>\n<\/tr>\n<\/tbody>\n<\/table>\n<div id=\"accel-snackbar\" style=\"left: 50%; top: 50px;\"><\/div>","protected":false},"excerpt":{"rendered":"<p>\u30de\u30f3\u30b4\u30fc\u30d5\u30eb\u30fc\u30c4\u30d0\u30fc\u306f\u3001\u5b8c\u719f\u3057\u305f\u7518\u3044\u30d5\u30eb\u30fc\u30c4\u3068\u5929\u7136\u30d3\u30bf\u30df\u30f3\u306e\u307f\u3092\u4f7f\u7528\u3057\u3066\u3044\u307e\u3059\u3002\u8a66\u9a13\u3084\u4f1a\u8b70\u306e\u524d\u306b\u3001\u3061\u3087\u3063\u3068\u3057\u305f\u30a8\u30cd\u30eb\u30ae\u30fc\u88dc\u7d66\u306b\u30d5\u30eb\u30fc\u30c4\u30d0\u30fc\u3092\u30d0\u30c3\u30b0\u306b\u5165\u308c\u3066\u6301\u3061\u6b69\u304f\u306e\u306b\u6700\u9069\u3067\u3059\u3002\u30de\u30f3\u30b4\u30fc<span style=\"font-weight: 400;\"> \u4f8b\u3048\u3070\u3001\u96c6\u4e2d\u529b\u3068\u8a18\u61b6\u529b\u3092\u30b5\u30dd\u30fc\u30c8\u3059\u308b\u91cd\u8981\u306a\u7269\u8cea\u3067\u3042\u308b\u30b0\u30eb\u30bf\u30df\u30f3\u9178\u304c\u8c4a\u5bcc\u306b\u542b\u307e\u308c\u3066\u3044\u307e\u3059\u3002\u3055\u3089\u306b\u3001\u3053\u306e\u30d0\u30fc\u306f\u30d3\u30bf\u30df\u30f3C\u306e\u512a\u308c\u305f\u4f9b\u7d66\u6e90\u3067\u3082\u3042\u308a\u307e\u3059\u3002.<\/span><\/p>\n<p>MySnack\u306e\u30d5\u30eb\u30fc\u30c4\u30d0\u30fc\u306f\u3059\u3079\u3066\u72ec\u81ea\u306e\u30ec\u30b7\u30d4\u306b\u57fa\u3065\u3044\u3066\u4f5c\u3089\u308c\u3066\u3044\u307e\u3059\u3002\u6fc3\u7e2e\u7269\u3084\u7121\u99c4\u306a\u6dfb\u52a0\u7269\u306f\u4e00\u5207\u4f7f\u7528\u3057\u3066\u3044\u307e\u305b\u3093\u3002\u53ce\u7a6b\u9014\u4e2d\u306e\u30d5\u30eb\u30fc\u30c4\u3092\u4e16\u754c\u4e2d\u306b\u8f38\u9001\u3059\u308b\u5fc5\u8981\u304c\u306a\u3044\u3088\u3046\u306b\u3001\u81ea\u793e\u8fb2\u5712\u5185\u307e\u305f\u306f\u305d\u306e\u8fd1\u304f\u3067\u76f4\u63a5\u88fd\u9020\u3057\u3066\u3044\u307e\u3059\u3002\u3053\u308c\u306b\u3088\u308a\u3001\u30d5\u30eb\u30fc\u30c4\u306e\u6700\u9ad8\u306e\u6804\u990a\u4fa1\u3092\u304a\u5c4a\u3051\u3059\u308b\u3068\u3068\u3082\u306b\u3001\u74b0\u5883\u3078\u306e\u60aa\u5f71\u97ff\u3092\u8efd\u6e1b\u3057\u3066\u3044\u307e\u3059\u3002.<\/p>\n<ul>\n<li style=\"list-style-type: none;\">\n<ul>\n<li>\u30de\u30f3\u30b4\u30fc\u306f\u30d3\u30bf\u30df\u30f3 C \u306e\u512a\u308c\u305f\u4f9b\u7d66\u6e90\u3067\u3059 (1 \u672c\u306b\u306f 1 \u65e5\u306e\u30d3\u30bf\u30df\u30f3 C \u5fc5\u8981\u91cf\u306e 51% \u304c\u542b\u307e\u308c\u3066\u3044\u307e\u3059)<\/li>\n<li>\u9ad8\u7e4a\u7dad\u542b\u6709\u91cf<\/li>\n<li>\u30b0\u30eb\u30c6\u30f3\u30d5\u30ea\u30fc<\/li>\n<li>\u30d0\u30fc\u306e\u98df\u611f\u3092\u4fdd\u3061\u3001\u30d5\u30eb\u30fc\u30c4\u306e\u4fdd\u5b58\u671f\u9593\u3092\u5ef6\u3070\u3059\u305f\u3081\u306b\u3001\u30b5\u30c8\u30a6\u30ad\u30d3\u7cd6\u3092\u6700\u5c0f\u9650\u306e\u91cf\uff08\u30d0\u30fc1\u672c\u3042\u305f\u308a\u308f\u305a\u304b0.9g\uff09\u52a0\u3048\u3066\u3044\u307e\u3059\u3002<\/li>\n<li>\u5929\u7136\u306e\u7518\u5473\u6599\u3001\u5929\u7136\u306e\u679c\u7cd6\u3092\u542b\u3080<\/li>\n<li>\u5f53\u793e\u306e\u30d5\u30eb\u30fc\u30c4\u306f\u3001\u5305\u88c5\u3055\u308c\u3066\u3044\u308b\u9593\u306b\u81ea\u7136\u306b\u8272\u304c\u6fc3\u304f\u306a\u308b\u3053\u3068\u304c\u3042\u308a\u307e\u3059\u3002\u3053\u308c\u306f\u3001\u30d5\u30eb\u30fc\u30c4\u30d0\u30fc\u306e\u9bae\u5ea6\u3092\u4fdd\u3061\u3001\u30ab\u30d3\u306e\u767a\u751f\u3092\u9632\u3050\u305f\u3081\u306b\u3001\u901a\u5e38\u6dfb\u52a0\u3055\u308c\u308b\u4e9c\u786b\u9178\u5869\u306e\u91cf\u306b\u6bd4\u3079\u3066\u5fc5\u8981\u6700\u5c0f\u9650\uff080.01%\uff09\u306e\u4e9c\u786b\u9178\u5869\u306e\u307f\u3092\u4f7f\u7528\u3057\u3066\u3044\u308b\u305f\u3081\u3067\u3059\u3002<\/li>\n<li>1\u672c\u306e\u30d0\u30fc\u3092\u4f5c\u308b\u306e\u306b375g\u306e\u719f\u3057\u305f\u30de\u30f3\u30b4\u30fc\u304c\u4f7f\u308f\u308c\u307e\u3059<\/li>\n<li>\u30d3\u30fc\u30ac\u30f3\u306b\u9069\u3057\u3066\u3044\u307e\u3059<\/li>\n<\/ul>\n<\/li>\n<\/ul>\n<p><strong>\u6750\u6599\uff1a<\/strong> \u30de\u30f3\u30b4\u30fc97%\u3001\u30b5\u30c8\u30a6\u30ad\u30d3\u7cd6\u3001\u9178\u5473\u6599\uff1a\u30af\u30a8\u30f3\u9178\u3001\u9178\u5316\u9632\u6b62\u5264\uff1a\u4e8c\u4e9c\u786b\u9178\u30ca\u30c8\u30ea\u30a6\u30e0\u3002.<\/p>\n<p>\u6dbc\u3057\u304f\u4e7e\u71e5\u3057\u305f\u5834\u6240\u306b\u4fdd\u7ba1\u3057\u3066\u304f\u3060\u3055\u3044\u3002.<\/p>\n<div id=\"accel-snackbar\" style=\"left: 50%; top: 50px;\"><\/div>","protected":false},"featured_media":22657,"template":"","meta":{"inline_featured_image":false},"product_brand":[],"product_cat":[675],"product_tag":[],"class_list":{"0":"post-23115","1":"product","2":"type-product","3":"status-publish","4":"has-post-thumbnail","6":"product_cat-puuviljabatoonid","7":"pa_kogus-kast","8":"pa_kogus-tukk","9":"pa_sisaldab-mysnacki-farmist","10":"pa_sisaldab-vegan","12":"first","13":"instock","14":"taxable","15":"shipping-taxable","16":"purchasable","17":"product-type-variable","18":"has-default-attributes"},"yoast_head":"<!-- This site is optimized with the Yoast SEO plugin v27.1.1 - https:\/\/yoast.com\/product\/yoast-seo-wordpress\/ -->\n<title>97% mango puuviljabatoon 30g | Patuvabad sn\u00e4kid<\/title>\n<meta name=\"description\" content=\"97% mango puuviljabatoon on valmistatud k\u00f5ige mahlakamatest, p\u00e4ikesek\u00fcpsetest mangodest ning neis on rohkelt C-vitamiini. Vaata l\u00e4hemalt!\" \/>\n<meta name=\"robots\" content=\"index, follow, max-snippet:-1, max-image-preview:large, max-video-preview:-1\" \/>\n<link rel=\"canonical\" href=\"https:\/\/mysnack.ee\/ja\/product\/\u30de\u30f3\u30b4\u30fc\u30d5\u30eb\u30fc\u30c4\u30d0\u30fc\/\" \/>\n<meta property=\"og:locale\" content=\"ja_JP\" \/>\n<meta property=\"og:type\" content=\"article\" \/>\n<meta property=\"og:title\" content=\"97% mango puuviljabatoon 30g | Patuvabad sn\u00e4kid\" \/>\n<meta property=\"og:description\" content=\"97% mango puuviljabatoon on valmistatud k\u00f5ige mahlakamatest, p\u00e4ikesek\u00fcpsetest mangodest ning neis on rohkelt C-vitamiini. Vaata l\u00e4hemalt!\" \/>\n<meta property=\"og:url\" content=\"https:\/\/mysnack.ee\/ja\/product\/\u30de\u30f3\u30b4\u30fc\u30d5\u30eb\u30fc\u30c4\u30d0\u30fc\/\" \/>\n<meta property=\"og:site_name\" content=\"MySnack\" \/>\n<meta property=\"article:publisher\" content=\"https:\/\/www.facebook.com\/MySnack.ee\/\" \/>\n<meta property=\"article:modified_time\" content=\"2025-12-13T22:36:17+00:00\" \/>\n<meta property=\"og:image\" content=\"https:\/\/mysnack.ee\/wp-content\/uploads\/2024\/05\/Mangobatoon.png\" \/>\n\t<meta property=\"og:image:width\" content=\"1080\" \/>\n\t<meta property=\"og:image:height\" content=\"1080\" \/>\n\t<meta property=\"og:image:type\" content=\"image\/png\" \/>\n<meta name=\"twitter:card\" content=\"summary_large_image\" \/>\n<meta name=\"twitter:label1\" content=\"\u63a8\u5b9a\u8aad\u307f\u53d6\u308a\u6642\u9593\" \/>\n\t<meta name=\"twitter:data1\" content=\"1\u5206\" \/>\n<script type=\"application\/ld+json\" class=\"yoast-schema-graph\">{\"@context\":\"https:\/\/schema.org\",\"@graph\":[{\"@type\":\"WebPage\",\"@id\":\"https:\/\/mysnack.ee\/toode\/mango-puuviljabatoon\/\",\"url\":\"https:\/\/mysnack.ee\/toode\/mango-puuviljabatoon\/\",\"name\":\"97% mango puuviljabatoon 30g | Patuvabad sn\u00e4kid\",\"isPartOf\":{\"@id\":\"https:\/\/mysnack.shop\/#website\"},\"primaryImageOfPage\":{\"@id\":\"https:\/\/mysnack.ee\/toode\/mango-puuviljabatoon\/#primaryimage\"},\"image\":{\"@id\":\"https:\/\/mysnack.ee\/toode\/mango-puuviljabatoon\/#primaryimage\"},\"thumbnailUrl\":\"https:\/\/mysnack.ee\/wp-content\/uploads\/2024\/05\/Mangobatoon.png\",\"datePublished\":\"2024-06-10T13:08:30+00:00\",\"dateModified\":\"2025-12-13T22:36:17+00:00\",\"description\":\"97% mango puuviljabatoon on valmistatud k\u00f5ige mahlakamatest, p\u00e4ikesek\u00fcpsetest mangodest ning neis on rohkelt C-vitamiini. Vaata l\u00e4hemalt!\",\"breadcrumb\":{\"@id\":\"https:\/\/mysnack.ee\/toode\/mango-puuviljabatoon\/#breadcrumb\"},\"inLanguage\":\"ja\",\"potentialAction\":[{\"@type\":\"ReadAction\",\"target\":[\"https:\/\/mysnack.ee\/toode\/mango-puuviljabatoon\/\"]}]},{\"@type\":\"ImageObject\",\"inLanguage\":\"ja\",\"@id\":\"https:\/\/mysnack.ee\/toode\/mango-puuviljabatoon\/#primaryimage\",\"url\":\"https:\/\/mysnack.ee\/wp-content\/uploads\/2024\/05\/Mangobatoon.png\",\"contentUrl\":\"https:\/\/mysnack.ee\/wp-content\/uploads\/2024\/05\/Mangobatoon.png\",\"width\":1080,\"height\":1080,\"caption\":\"Mango puuviljabatoon\"},{\"@type\":\"BreadcrumbList\",\"@id\":\"https:\/\/mysnack.ee\/toode\/mango-puuviljabatoon\/#breadcrumb\",\"itemListElement\":[{\"@type\":\"ListItem\",\"position\":1,\"name\":\"Esileht\",\"item\":\"https:\/\/mysnack.ee\/\"},{\"@type\":\"ListItem\",\"position\":2,\"name\":\"Pood\",\"item\":\"https:\/\/mysnack.ee\/pood\/\"},{\"@type\":\"ListItem\",\"position\":3,\"name\":\"97% mango puuviljabatoon 30g\"}]},{\"@type\":\"WebSite\",\"@id\":\"https:\/\/mysnack.shop\/#website\",\"url\":\"https:\/\/mysnack.shop\/\",\"name\":\"MySnack\",\"description\":\"MySnack E-Pood\",\"publisher\":{\"@id\":\"https:\/\/mysnack.shop\/#organization\"},\"potentialAction\":[{\"@type\":\"SearchAction\",\"target\":{\"@type\":\"EntryPoint\",\"urlTemplate\":\"https:\/\/mysnack.shop\/?s={search_term_string}\"},\"query-input\":{\"@type\":\"PropertyValueSpecification\",\"valueRequired\":true,\"valueName\":\"search_term_string\"}}],\"inLanguage\":\"ja\"},{\"@type\":\"Organization\",\"@id\":\"https:\/\/mysnack.shop\/#organization\",\"name\":\"MySnack\",\"url\":\"https:\/\/mysnack.shop\/\",\"logo\":{\"@type\":\"ImageObject\",\"inLanguage\":\"ja\",\"@id\":\"https:\/\/mysnack.shop\/#\/schema\/logo\/image\/\",\"url\":\"https:\/\/mysnack.shop\/wp-content\/uploads\/2023\/09\/MySnack_logo.png\",\"contentUrl\":\"https:\/\/mysnack.shop\/wp-content\/uploads\/2023\/09\/MySnack_logo.png\",\"width\":400,\"height\":148,\"caption\":\"MySnack\"},\"image\":{\"@id\":\"https:\/\/mysnack.shop\/#\/schema\/logo\/image\/\"},\"sameAs\":[\"https:\/\/www.facebook.com\/MySnack.ee\/\",\"https:\/\/www.instagram.com\/mysnack_eesti\/\"]}]}<\/script>\n<!-- \/ Yoast SEO plugin. -->","yoast_head_json":{"title":"97% \u30de\u30f3\u30b4\u30fc\u30d5\u30eb\u30fc\u30c4\u30d0\u30fc 30g | \u7f6a\u60aa\u611f\u306e\u306a\u3044\u30b9\u30ca\u30c3\u30af","description":"97%\u30de\u30f3\u30b4\u30fc\u30d5\u30eb\u30fc\u30c4\u30d0\u30fc\u306f\u3001\u592a\u967d\u306e\u5149\u3092\u305f\u3063\u3077\u308a\u6d74\u3073\u3066\u719f\u3057\u305f\u30b8\u30e5\u30fc\u30b7\u30fc\u306a\u30de\u30f3\u30b4\u30fc\u3092\u4f7f\u7528\u3057\u3066\u304a\u308a\u3001\u30d3\u30bf\u30df\u30f3C\u304c\u8c4a\u5bcc\u3067\u3059\u3002\u8a73\u3057\u304f\u306f\u3053\u3061\u3089\u3092\u3054\u89a7\u304f\u3060\u3055\u3044\uff01","robots":{"index":"index","follow":"follow","max-snippet":"max-snippet:-1","max-image-preview":"max-image-preview:large","max-video-preview":"max-video-preview:-1"},"canonical":"https:\/\/mysnack.ee\/ja\/product\/\u30de\u30f3\u30b4\u30fc\u30d5\u30eb\u30fc\u30c4\u30d0\u30fc\/","og_locale":"ja_JP","og_type":"article","og_title":"97% mango puuviljabatoon 30g | Patuvabad sn\u00e4kid","og_description":"97% mango puuviljabatoon on valmistatud k\u00f5ige mahlakamatest, p\u00e4ikesek\u00fcpsetest mangodest ning neis on rohkelt C-vitamiini. Vaata l\u00e4hemalt!","og_url":"https:\/\/mysnack.ee\/ja\/product\/\u30de\u30f3\u30b4\u30fc\u30d5\u30eb\u30fc\u30c4\u30d0\u30fc\/","og_site_name":"MySnack","article_publisher":"https:\/\/www.facebook.com\/MySnack.ee\/","article_modified_time":"2025-12-13T22:36:17+00:00","og_image":[{"width":1080,"height":1080,"url":"https:\/\/mysnack.ee\/wp-content\/uploads\/2024\/05\/Mangobatoon.png","type":"image\/png"}],"twitter_card":"summary_large_image","twitter_misc":{"\u63a8\u5b9a\u8aad\u307f\u53d6\u308a\u6642\u9593":"1\u5206"},"schema":{"@context":"https:\/\/schema.org","@graph":[{"@type":"WebPage","@id":"https:\/\/mysnack.ee\/toode\/mango-puuviljabatoon\/","url":"https:\/\/mysnack.ee\/toode\/mango-puuviljabatoon\/","name":"97% \u30de\u30f3\u30b4\u30fc\u30d5\u30eb\u30fc\u30c4\u30d0\u30fc 30g | \u7f6a\u60aa\u611f\u306e\u306a\u3044\u30b9\u30ca\u30c3\u30af","isPartOf":{"@id":"https:\/\/mysnack.shop\/#website"},"primaryImageOfPage":{"@id":"https:\/\/mysnack.ee\/toode\/mango-puuviljabatoon\/#primaryimage"},"image":{"@id":"https:\/\/mysnack.ee\/toode\/mango-puuviljabatoon\/#primaryimage"},"thumbnailUrl":"https:\/\/mysnack.ee\/wp-content\/uploads\/2024\/05\/Mangobatoon.png","datePublished":"2024-06-10T13:08:30+00:00","dateModified":"2025-12-13T22:36:17+00:00","description":"97%\u30de\u30f3\u30b4\u30fc\u30d5\u30eb\u30fc\u30c4\u30d0\u30fc\u306f\u3001\u592a\u967d\u306e\u5149\u3092\u305f\u3063\u3077\u308a\u6d74\u3073\u3066\u719f\u3057\u305f\u30b8\u30e5\u30fc\u30b7\u30fc\u306a\u30de\u30f3\u30b4\u30fc\u3092\u4f7f\u7528\u3057\u3066\u304a\u308a\u3001\u30d3\u30bf\u30df\u30f3C\u304c\u8c4a\u5bcc\u3067\u3059\u3002\u8a73\u3057\u304f\u306f\u3053\u3061\u3089\u3092\u3054\u89a7\u304f\u3060\u3055\u3044\uff01","breadcrumb":{"@id":"https:\/\/mysnack.ee\/toode\/mango-puuviljabatoon\/#breadcrumb"},"inLanguage":"ja","potentialAction":[{"@type":"ReadAction","target":["https:\/\/mysnack.ee\/toode\/mango-puuviljabatoon\/"]}]},{"@type":"ImageObject","inLanguage":"ja","@id":"https:\/\/mysnack.ee\/toode\/mango-puuviljabatoon\/#primaryimage","url":"https:\/\/mysnack.ee\/wp-content\/uploads\/2024\/05\/Mangobatoon.png","contentUrl":"https:\/\/mysnack.ee\/wp-content\/uploads\/2024\/05\/Mangobatoon.png","width":1080,"height":1080,"caption":"Mango puuviljabatoon"},{"@type":"BreadcrumbList","@id":"https:\/\/mysnack.ee\/toode\/mango-puuviljabatoon\/#breadcrumb","itemListElement":[{"@type":"ListItem","position":1,"name":"Esileht","item":"https:\/\/mysnack.ee\/"},{"@type":"ListItem","position":2,"name":"Pood","item":"https:\/\/mysnack.ee\/pood\/"},{"@type":"ListItem","position":3,"name":"97% mango puuviljabatoon 30g"}]},{"@type":"WebSite","@id":"https:\/\/mysnack.shop\/#website","url":"https:\/\/mysnack.shop\/","name":"\u30de\u30a4\u30b9\u30ca\u30c3\u30af","description":"MySnack E\u30b7\u30e7\u30c3\u30d7","publisher":{"@id":"https:\/\/mysnack.shop\/#organization"},"potentialAction":[{"@type":"SearchAction","target":{"@type":"EntryPoint","urlTemplate":"https:\/\/mysnack.shop\/?s={search_term_string}"},"query-input":{"@type":"PropertyValueSpecification","valueRequired":true,"valueName":"search_term_string"}}],"inLanguage":"ja"},{"@type":"Organization","@id":"https:\/\/mysnack.shop\/#organization","name":"\u30de\u30a4\u30b9\u30ca\u30c3\u30af","url":"https:\/\/mysnack.shop\/","logo":{"@type":"ImageObject","inLanguage":"ja","@id":"https:\/\/mysnack.shop\/#\/schema\/logo\/image\/","url":"https:\/\/mysnack.shop\/wp-content\/uploads\/2023\/09\/MySnack_logo.png","contentUrl":"https:\/\/mysnack.shop\/wp-content\/uploads\/2023\/09\/MySnack_logo.png","width":400,"height":148,"caption":"MySnack"},"image":{"@id":"https:\/\/mysnack.shop\/#\/schema\/logo\/image\/"},"sameAs":["https:\/\/www.facebook.com\/MySnack.ee\/","https:\/\/www.instagram.com\/mysnack_eesti\/"]}]}},"_links":{"self":[{"href":"https:\/\/mysnack.ee\/ja\/wp-json\/wp\/v2\/product\/23115","targetHints":{"allow":["GET"]}}],"collection":[{"href":"https:\/\/mysnack.ee\/ja\/wp-json\/wp\/v2\/product"}],"about":[{"href":"https:\/\/mysnack.ee\/ja\/wp-json\/wp\/v2\/types\/product"}],"wp:featuredmedia":[{"embeddable":true,"href":"https:\/\/mysnack.ee\/ja\/wp-json\/wp\/v2\/media\/22657"}],"wp:attachment":[{"href":"https:\/\/mysnack.ee\/ja\/wp-json\/wp\/v2\/media?parent=23115"}],"wp:term":[{"taxonomy":"product_brand","embeddable":true,"href":"https:\/\/mysnack.ee\/ja\/wp-json\/wp\/v2\/product_brand?post=23115"},{"taxonomy":"product_cat","embeddable":true,"href":"https:\/\/mysnack.ee\/ja\/wp-json\/wp\/v2\/product_cat?post=23115"},{"taxonomy":"product_tag","embeddable":true,"href":"https:\/\/mysnack.ee\/ja\/wp-json\/wp\/v2\/product_tag?post=23115"}],"curies":[{"name":"wp","href":"https:\/\/api.w.org\/{rel}","templated":true}]}}