{"id":24103,"date":"2024-08-14T18:37:46","date_gmt":"2024-08-14T15:37:46","guid":{"rendered":"https:\/\/mysnack.ee\/?post_type=product&#038;p=24103"},"modified":"2025-06-30T11:57:30","modified_gmt":"2025-06-30T08:57:30","slug":"%e6%9f%94%e3%82%89%e3%81%8b%e3%81%84%e4%b9%be%e7%87%a5%e3%83%89%e3%83%a9%e3%82%b4%e3%83%b3%e3%83%95%e3%83%ab%e3%83%bc%e3%83%84-60g","status":"publish","type":"product","link":"https:\/\/mysnack.ee\/ja\/product\/pehme-kuivatatud-draakonivili-60g\/","title":{"rendered":"\u30bd\u30d5\u30c8\u30c9\u30e9\u30a4\u30c9\u30e9\u30b4\u30f3\u30d5\u30eb\u30fc\u30c4 60g"},"content":{"rendered":"<p><strong>\u91cf\uff1a<\/strong> 80\u30b0\u30e9\u30e0<\/p>\n<p><strong>\u88fd\u54c1100g\u3042\u305f\u308a\u5e73\u5747\uff1a<\/strong><\/p>\n<table>\n<tbody>\n<tr>\n<td>\u30a8\u30cd\u30eb\u30ae\u30fc\u542b\u6709\u91cf<\/td>\n<td>1468 kJ \/ 351 kcal<\/td>\n<\/tr>\n<tr>\n<td>\u8102\u80aa<\/td>\n<td>4.6\u30b0\u30e9\u30e0<\/td>\n<\/tr>\n<tr>\n<td>\u00a0 \u00a0 \u305d\u306e\u3046\u3061\u98fd\u548c\u8102\u80aa\u9178<\/td>\n<td>0\u30b0\u30e9\u30e0<\/td>\n<\/tr>\n<tr>\n<td>\u00a0 \u00a0 \u305d\u306e\u3046\u3061\u591a\u4fa1\u4e0d\u98fd\u548c\u8102\u80aa\u9178<\/td>\n<td>3.08\u30b0\u30e9\u30e0<\/td>\n<\/tr>\n<tr>\n<td>\u00a0 \u00a0 \u00a0 \u00a0 \u30aa\u30e1\u30ac6<\/td>\n<td>3.08\u30b0\u30e9\u30e0<\/td>\n<\/tr>\n<tr>\n<td>\u00a0 \u00a0 \u00a0 \u00a0 \u30aa\u30e1\u30ac9<\/td>\n<td>1.54\u30b0\u30e9\u30e0<\/td>\n<\/tr>\n<tr>\n<td>\u70ad\u6c34\u5316\u7269<\/td>\n<td>67.7\u30b0\u30e9\u30e0<\/td>\n<\/tr>\n<tr>\n<td>\u00a0 \u00a0 \u305d\u306e\u3046\u3061\u7cd6\u985e<\/td>\n<td>59.52\u30b0\u30e9\u30e0<\/td>\n<\/tr>\n<tr>\n<td>\u30d5\u30a1\u30a4\u30d0<\/td>\n<td>7.54\u30b0\u30e9\u30e0<\/td>\n<\/tr>\n<tr>\n<td>\u30bf\u30f3\u30d1\u30af\u8cea<\/td>\n<td>9.69\u30b0\u30e9\u30e0<\/td>\n<\/tr>\n<tr>\n<td>\u5869<\/td>\n<td>0\u30b0\u30e9\u30e0<\/td>\n<\/tr>\n<\/tbody>\n<\/table>\n<div id=\"accel-snackbar\" style=\"left: 50%; top: 50px;\"><\/div>","protected":false},"excerpt":{"rendered":"<p><span data-sheets-value=\"{&quot;1&quot;:2,&quot;2&quot;:&quot;Troopiline draakonivili toob killukese p\u00e4ikest ka sombustesse p\u00e4evadesse. Pehmetes kuivatatud draakonivilja viiludes on s\u00e4ilinud k\u00f5ik maitseomadused ja vitamiinid, sh vitamiin E ja kaltsium. Pehmuse loomiseks ja parima maitse tagamiseks on vaid lisatud killuke roosuhkrut. P\u00f5nev ja tervislik maius nii lastele kui t\u00e4iskasvanutele!nn- Looduslikult magusa ja v\u00e4rvikireva draakonivilja viiludn- S\u00f6\u00f6 kohe v\u00f5i kasuta kaunistusenan- Kiudainete allikasn- Sobib veganitele&quot;}\" data-sheets-userformat=\"{&quot;2&quot;:769,&quot;3&quot;:{&quot;1&quot;:0},&quot;11&quot;:4,&quot;12&quot;:0}\">\u30c8\u30ed\u30d4\u30ab\u30eb\u306a\u30c9\u30e9\u30b4\u30f3\u30d5\u30eb\u30fc\u30c4\u306f\u3001\u3069\u3093\u306a\u306b\u6182\u9b31\u306a\u65e5\u306b\u3082\u307b\u3093\u306e\u308a\u3068\u3057\u305f\u967d\u6c17\u3055\u3092\u904b\u3093\u3067\u304f\u308c\u307e\u3059\u3002\u67d4\u3089\u304b\u304f\u30c9\u30e9\u30a4\u306b\u306a\u3063\u305f\u30c9\u30e9\u30b4\u30f3\u30d5\u30eb\u30fc\u30c4\u306e\u30b9\u30e9\u30a4\u30b9\u306f\u3001\u7802\u7cd6\u3092\u4e00\u5207\u52a0\u3048\u305a\u3001\u30d5\u30eb\u30fc\u30c4\u672c\u6765\u306e\u98a8\u5473\u3068\u30d3\u30bf\u30df\u30f3E\u3084\u30ab\u30eb\u30b7\u30a6\u30e0\u306a\u3069\u306e\u30d3\u30bf\u30df\u30f3\u3092\u4f59\u3059\u3053\u3068\u306a\u304f\u542b\u3093\u3067\u3044\u307e\u3059\u3002\u304a\u5b50\u69d8\u304b\u3089\u5927\u4eba\u307e\u3067\u3001\u697d\u3057\u304f\u5065\u5eb7\u7684\u306a\u3054\u8912\u7f8e\u3067\u3059\uff01<br \/>\n<\/span><\/p>\n<ul>\n<li style=\"list-style-type: none;\">\n<ul>\n<li>\u9ad8\u7e4a\u7dad\u542b\u6709\u91cf<\/li>\n<li>\u30d3\u30bf\u30df\u30f3E\u3068\u30ab\u30eb\u30b7\u30a6\u30e0\u304c\u8c4a\u5bcc\uff08\u30c9\u30e9\u30a4\u30d5\u30eb\u30fc\u30c4100g\u306b\u306f\u30011\u65e5\u306b\u5fc5\u8981\u306a\u30d3\u30bf\u30df\u30f3E\u306e0.46%\u3068\u30011\u65e5\u306b\u5fc5\u8981\u306a\u30ab\u30eb\u30b7\u30a6\u30e0\u306e0.26%\u304c\u542b\u307e\u308c\u3066\u3044\u307e\u3059\uff09<\/li>\n<li>\u7802\u7cd6\u7121\u6dfb\u52a0<\/li>\n<li>\u4e9c\u786b\u9178\u5869\u30d5\u30ea\u30fc<\/li>\n<li><span data-sheets-value=\"{&quot;1&quot;:2,&quot;2&quot;:&quot;Troopiline draakonivili toob killukese p\u00e4ikest ka sombustesse p\u00e4evadesse. Pehmetes kuivatatud draakonivilja viiludes on s\u00e4ilinud k\u00f5ik maitseomadused ja vitamiinid, sh vitamiin E ja kaltsium. Pehmuse loomiseks ja parima maitse tagamiseks on vaid lisatud killuke roosuhkrut. P\u00f5nev ja tervislik maius nii lastele kui t\u00e4iskasvanutele!nn- Looduslikult magusa ja v\u00e4rvikireva draakonivilja viiludn- S\u00f6\u00f6 kohe v\u00f5i kasuta kaunistusenan- Kiudainete allikasn- Sobib veganitele&quot;}\" data-sheets-userformat=\"{&quot;2&quot;:769,&quot;3&quot;:{&quot;1&quot;:0},&quot;11&quot;:4,&quot;12&quot;:0}\">\u3059\u3050\u306b\u98df\u3079\u305f\u308a\u3001\u30da\u30b9\u30c8\u30ea\u30fc\u3084\u30b1\u30fc\u30ad\u306e\u98fe\u308a\u3068\u3057\u3066\u4f7f\u7528\u3057\u305f\u308a\u3067\u304d\u307e\u3059<\/span><span data-sheets-value=\"{&quot;1&quot;:2,&quot;2&quot;:&quot;Troopiline draakonivili toob killukese p\u00e4ikest ka sombustesse p\u00e4evadesse. Pehmetes kuivatatud draakonivilja viiludes on s\u00e4ilinud k\u00f5ik maitseomadused ja vitamiinid, sh vitamiin E ja kaltsium. Pehmuse loomiseks ja parima maitse tagamiseks on vaid lisatud killuke roosuhkrut. P\u00f5nev ja tervislik maius nii lastele kui t\u00e4iskasvanutele!nn- Looduslikult magusa ja v\u00e4rvikireva draakonivilja viiludn- S\u00f6\u00f6 kohe v\u00f5i kasuta kaunistusenan- Kiudainete allikasn- Sobib veganitele&quot;}\" data-sheets-userformat=\"{&quot;2&quot;:769,&quot;3&quot;:{&quot;1&quot;:0},&quot;11&quot;:4,&quot;12&quot;:0}\"><br \/>\n<\/span><\/li>\n<li>960g\u306e\u719f\u3057\u305f\u30c9\u30e9\u30b4\u30f3\u30d5\u30eb\u30fc\u30c4\u304b\u308980g\u306e\u4e7e\u71e5\u88fd\u54c1\u304c\u4f5c\u3089\u308c\u307e\u3059<\/li>\n<li><span data-sheets-value=\"{&quot;1&quot;:2,&quot;2&quot;:&quot;Troopiline draakonivili toob killukese p\u00e4ikest ka sombustesse p\u00e4evadesse. Pehmetes kuivatatud draakonivilja viiludes on s\u00e4ilinud k\u00f5ik maitseomadused ja vitamiinid, sh vitamiin E ja kaltsium. Pehmuse loomiseks ja parima maitse tagamiseks on vaid lisatud killuke roosuhkrut. P\u00f5nev ja tervislik maius nii lastele kui t\u00e4iskasvanutele!nn- Looduslikult magusa ja v\u00e4rvikireva draakonivilja viiludn- S\u00f6\u00f6 kohe v\u00f5i kasuta kaunistusenan- Kiudainete allikasn- Sobib veganitele&quot;}\" data-sheets-userformat=\"{&quot;2&quot;:769,&quot;3&quot;:{&quot;1&quot;:0},&quot;11&quot;:4,&quot;12&quot;:0}\"> \u30d3\u30fc\u30ac\u30f3\u306b\u9069\u3057\u3066\u3044\u307e\u3059<\/span><\/li>\n<\/ul>\n<\/li>\n<\/ul>\n<p><strong>\u6750\u6599\uff1a<\/strong> \u8d64\u3044\u30c9\u30e9\u30b4\u30f3\u30d5\u30eb\u30fc\u30c4\uff08100%\uff09\u3002.<\/p>\n<p>\u6dbc\u3057\u304f\u4e7e\u71e5\u3057\u305f\u5834\u6240\u306b\u4fdd\u7ba1\u3057\u3066\u304f\u3060\u3055\u3044\u3002.<\/p>\n<div id=\"accel-snackbar\" style=\"left: 50%; top: 50px;\"><\/div>","protected":false},"featured_media":24991,"template":"","meta":{"inline_featured_image":false},"product_brand":[],"product_cat":[428,171],"product_tag":[],"class_list":{"0":"post-24103","1":"product","2":"type-product","3":"status-publish","4":"has-post-thumbnail","6":"product_cat-pehmed-kuivatatud-puuviljad","7":"product_cat-magusad-snakid","8":"pa_kogus-kast","9":"pa_kogus-tukk","10":"pa_sisaldab-gluteenivaba","11":"pa_sisaldab-laktoosivaba","12":"pa_sisaldab-mysnacki-farmist","13":"pa_sisaldab-vegan","15":"first","16":"instock","17":"taxable","18":"shipping-taxable","19":"purchasable","20":"product-type-variable","21":"has-default-attributes"},"yoast_head":"<!-- This site is optimized with the Yoast SEO plugin v27.1.1 - https:\/\/yoast.com\/product\/yoast-seo-wordpress\/ -->\n<title>Pehme kuivatatud draakonivili 60g | Patuvabad sn\u00e4kid<\/title>\n<meta name=\"description\" content=\"Maitserikas, mahlane, vitamiinirohke, aromaatne ja troopiline kuivatatud pehme draakonivili. Sobib ka veganitele. Vaata l\u00e4hemalt!\" \/>\n<meta name=\"robots\" content=\"index, follow, max-snippet:-1, max-image-preview:large, max-video-preview:-1\" \/>\n<link rel=\"canonical\" href=\"https:\/\/mysnack.ee\/ja\/product\/\u67d4\u3089\u304b\u3044\u4e7e\u71e5\u30c9\u30e9\u30b4\u30f3\u30d5\u30eb\u30fc\u30c4-60g\/\" \/>\n<meta property=\"og:locale\" content=\"ja_JP\" \/>\n<meta property=\"og:type\" content=\"article\" \/>\n<meta property=\"og:title\" content=\"Pehme kuivatatud draakonivili 60g | Patuvabad sn\u00e4kid\" \/>\n<meta property=\"og:description\" content=\"Maitserikas, mahlane, vitamiinirohke, aromaatne ja troopiline kuivatatud pehme draakonivili. Sobib ka veganitele. Vaata l\u00e4hemalt!\" \/>\n<meta property=\"og:url\" content=\"https:\/\/mysnack.ee\/ja\/product\/\u67d4\u3089\u304b\u3044\u4e7e\u71e5\u30c9\u30e9\u30b4\u30f3\u30d5\u30eb\u30fc\u30c4-60g\/\" \/>\n<meta property=\"og:site_name\" content=\"MySnack\" \/>\n<meta property=\"article:publisher\" content=\"https:\/\/www.facebook.com\/MySnack.ee\/\" \/>\n<meta property=\"article:modified_time\" content=\"2025-06-30T08:57:30+00:00\" \/>\n<meta property=\"og:image\" content=\"https:\/\/mysnack.ee\/wp-content\/uploads\/2024\/08\/DragonFruit.png\" \/>\n\t<meta property=\"og:image:width\" content=\"1432\" \/>\n\t<meta property=\"og:image:height\" content=\"1432\" \/>\n\t<meta property=\"og:image:type\" content=\"image\/png\" \/>\n<meta name=\"twitter:card\" content=\"summary_large_image\" \/>\n<meta name=\"twitter:label1\" content=\"\u63a8\u5b9a\u8aad\u307f\u53d6\u308a\u6642\u9593\" \/>\n\t<meta name=\"twitter:data1\" content=\"1\u5206\" \/>\n<script type=\"application\/ld+json\" class=\"yoast-schema-graph\">{\"@context\":\"https:\/\/schema.org\",\"@graph\":[{\"@type\":\"WebPage\",\"@id\":\"https:\/\/mysnack.ee\/toode\/pehme-kuivatatud-draakonivili-60g\/\",\"url\":\"https:\/\/mysnack.ee\/toode\/pehme-kuivatatud-draakonivili-60g\/\",\"name\":\"Pehme kuivatatud draakonivili 60g | Patuvabad sn\u00e4kid\",\"isPartOf\":{\"@id\":\"https:\/\/mysnack.shop\/#website\"},\"primaryImageOfPage\":{\"@id\":\"https:\/\/mysnack.ee\/toode\/pehme-kuivatatud-draakonivili-60g\/#primaryimage\"},\"image\":{\"@id\":\"https:\/\/mysnack.ee\/toode\/pehme-kuivatatud-draakonivili-60g\/#primaryimage\"},\"thumbnailUrl\":\"https:\/\/mysnack.ee\/wp-content\/uploads\/2024\/08\/DragonFruit.png\",\"datePublished\":\"2024-08-14T15:37:46+00:00\",\"dateModified\":\"2025-06-30T08:57:30+00:00\",\"description\":\"Maitserikas, mahlane, vitamiinirohke, aromaatne ja troopiline kuivatatud pehme draakonivili. Sobib ka veganitele. Vaata l\u00e4hemalt!\",\"breadcrumb\":{\"@id\":\"https:\/\/mysnack.ee\/toode\/pehme-kuivatatud-draakonivili-60g\/#breadcrumb\"},\"inLanguage\":\"ja\",\"potentialAction\":[{\"@type\":\"ReadAction\",\"target\":[\"https:\/\/mysnack.ee\/toode\/pehme-kuivatatud-draakonivili-60g\/\"]}]},{\"@type\":\"ImageObject\",\"inLanguage\":\"ja\",\"@id\":\"https:\/\/mysnack.ee\/toode\/pehme-kuivatatud-draakonivili-60g\/#primaryimage\",\"url\":\"https:\/\/mysnack.ee\/wp-content\/uploads\/2024\/08\/DragonFruit.png\",\"contentUrl\":\"https:\/\/mysnack.ee\/wp-content\/uploads\/2024\/08\/DragonFruit.png\",\"width\":1432,\"height\":1432},{\"@type\":\"BreadcrumbList\",\"@id\":\"https:\/\/mysnack.ee\/toode\/pehme-kuivatatud-draakonivili-60g\/#breadcrumb\",\"itemListElement\":[{\"@type\":\"ListItem\",\"position\":1,\"name\":\"Esileht\",\"item\":\"https:\/\/mysnack.ee\/\"},{\"@type\":\"ListItem\",\"position\":2,\"name\":\"Pood\",\"item\":\"https:\/\/mysnack.ee\/pood\/\"},{\"@type\":\"ListItem\",\"position\":3,\"name\":\"Pehme kuivatatud draakonivili 60g\"}]},{\"@type\":\"WebSite\",\"@id\":\"https:\/\/mysnack.shop\/#website\",\"url\":\"https:\/\/mysnack.shop\/\",\"name\":\"MySnack\",\"description\":\"MySnack E-Pood\",\"publisher\":{\"@id\":\"https:\/\/mysnack.shop\/#organization\"},\"potentialAction\":[{\"@type\":\"SearchAction\",\"target\":{\"@type\":\"EntryPoint\",\"urlTemplate\":\"https:\/\/mysnack.shop\/?s={search_term_string}\"},\"query-input\":{\"@type\":\"PropertyValueSpecification\",\"valueRequired\":true,\"valueName\":\"search_term_string\"}}],\"inLanguage\":\"ja\"},{\"@type\":\"Organization\",\"@id\":\"https:\/\/mysnack.shop\/#organization\",\"name\":\"MySnack\",\"url\":\"https:\/\/mysnack.shop\/\",\"logo\":{\"@type\":\"ImageObject\",\"inLanguage\":\"ja\",\"@id\":\"https:\/\/mysnack.shop\/#\/schema\/logo\/image\/\",\"url\":\"https:\/\/mysnack.shop\/wp-content\/uploads\/2023\/09\/MySnack_logo.png\",\"contentUrl\":\"https:\/\/mysnack.shop\/wp-content\/uploads\/2023\/09\/MySnack_logo.png\",\"width\":400,\"height\":148,\"caption\":\"MySnack\"},\"image\":{\"@id\":\"https:\/\/mysnack.shop\/#\/schema\/logo\/image\/\"},\"sameAs\":[\"https:\/\/www.facebook.com\/MySnack.ee\/\",\"https:\/\/www.instagram.com\/mysnack_eesti\/\"]}]}<\/script>\n<!-- \/ Yoast SEO plugin. -->","yoast_head_json":{"title":"\u30bd\u30d5\u30c8\u30c9\u30e9\u30a4\u30c9\u30e9\u30b4\u30f3\u30d5\u30eb\u30fc\u30c4 60g | \u7f6a\u60aa\u611f\u306e\u306a\u3044\u304a\u3084\u3064","description":"\u7f8e\u5473\u3057\u304f\u3066\u30b8\u30e5\u30fc\u30b7\u30fc\u3001\u30d3\u30bf\u30df\u30f3\u8c4a\u5bcc\u3067\u9999\u308a\u8c4a\u304b\u306a\u3001\u30c8\u30ed\u30d4\u30ab\u30eb\u306a\u30c9\u30e9\u30a4\u30c9\u30e9\u30b4\u30f3\u30d5\u30eb\u30fc\u30c4\u3002\u30d3\u30fc\u30ac\u30f3\u306e\u65b9\u306b\u3082\u304a\u53ec\u3057\u4e0a\u304c\u308a\u3044\u305f\u3060\u3051\u307e\u3059\u3002\u305c\u3072\u3054\u89a7\u304f\u3060\u3055\u3044\uff01","robots":{"index":"index","follow":"follow","max-snippet":"max-snippet:-1","max-image-preview":"max-image-preview:large","max-video-preview":"max-video-preview:-1"},"canonical":"https:\/\/mysnack.ee\/ja\/product\/\u67d4\u3089\u304b\u3044\u4e7e\u71e5\u30c9\u30e9\u30b4\u30f3\u30d5\u30eb\u30fc\u30c4-60g\/","og_locale":"ja_JP","og_type":"article","og_title":"Pehme kuivatatud draakonivili 60g | Patuvabad sn\u00e4kid","og_description":"Maitserikas, mahlane, vitamiinirohke, aromaatne ja troopiline kuivatatud pehme draakonivili. Sobib ka veganitele. Vaata l\u00e4hemalt!","og_url":"https:\/\/mysnack.ee\/ja\/product\/\u67d4\u3089\u304b\u3044\u4e7e\u71e5\u30c9\u30e9\u30b4\u30f3\u30d5\u30eb\u30fc\u30c4-60g\/","og_site_name":"MySnack","article_publisher":"https:\/\/www.facebook.com\/MySnack.ee\/","article_modified_time":"2025-06-30T08:57:30+00:00","og_image":[{"width":1432,"height":1432,"url":"https:\/\/mysnack.ee\/wp-content\/uploads\/2024\/08\/DragonFruit.png","type":"image\/png"}],"twitter_card":"summary_large_image","twitter_misc":{"\u63a8\u5b9a\u8aad\u307f\u53d6\u308a\u6642\u9593":"1\u5206"},"schema":{"@context":"https:\/\/schema.org","@graph":[{"@type":"WebPage","@id":"https:\/\/mysnack.ee\/toode\/pehme-kuivatatud-draakonivili-60g\/","url":"https:\/\/mysnack.ee\/toode\/pehme-kuivatatud-draakonivili-60g\/","name":"\u30bd\u30d5\u30c8\u30c9\u30e9\u30a4\u30c9\u30e9\u30b4\u30f3\u30d5\u30eb\u30fc\u30c4 60g | \u7f6a\u60aa\u611f\u306e\u306a\u3044\u304a\u3084\u3064","isPartOf":{"@id":"https:\/\/mysnack.shop\/#website"},"primaryImageOfPage":{"@id":"https:\/\/mysnack.ee\/toode\/pehme-kuivatatud-draakonivili-60g\/#primaryimage"},"image":{"@id":"https:\/\/mysnack.ee\/toode\/pehme-kuivatatud-draakonivili-60g\/#primaryimage"},"thumbnailUrl":"https:\/\/mysnack.ee\/wp-content\/uploads\/2024\/08\/DragonFruit.png","datePublished":"2024-08-14T15:37:46+00:00","dateModified":"2025-06-30T08:57:30+00:00","description":"\u7f8e\u5473\u3057\u304f\u3066\u30b8\u30e5\u30fc\u30b7\u30fc\u3001\u30d3\u30bf\u30df\u30f3\u8c4a\u5bcc\u3067\u9999\u308a\u8c4a\u304b\u306a\u3001\u30c8\u30ed\u30d4\u30ab\u30eb\u306a\u30c9\u30e9\u30a4\u30c9\u30e9\u30b4\u30f3\u30d5\u30eb\u30fc\u30c4\u3002\u30d3\u30fc\u30ac\u30f3\u306e\u65b9\u306b\u3082\u304a\u53ec\u3057\u4e0a\u304c\u308a\u3044\u305f\u3060\u3051\u307e\u3059\u3002\u305c\u3072\u3054\u89a7\u304f\u3060\u3055\u3044\uff01","breadcrumb":{"@id":"https:\/\/mysnack.ee\/toode\/pehme-kuivatatud-draakonivili-60g\/#breadcrumb"},"inLanguage":"ja","potentialAction":[{"@type":"ReadAction","target":["https:\/\/mysnack.ee\/toode\/pehme-kuivatatud-draakonivili-60g\/"]}]},{"@type":"ImageObject","inLanguage":"ja","@id":"https:\/\/mysnack.ee\/toode\/pehme-kuivatatud-draakonivili-60g\/#primaryimage","url":"https:\/\/mysnack.ee\/wp-content\/uploads\/2024\/08\/DragonFruit.png","contentUrl":"https:\/\/mysnack.ee\/wp-content\/uploads\/2024\/08\/DragonFruit.png","width":1432,"height":1432},{"@type":"BreadcrumbList","@id":"https:\/\/mysnack.ee\/toode\/pehme-kuivatatud-draakonivili-60g\/#breadcrumb","itemListElement":[{"@type":"ListItem","position":1,"name":"Esileht","item":"https:\/\/mysnack.ee\/"},{"@type":"ListItem","position":2,"name":"Pood","item":"https:\/\/mysnack.ee\/pood\/"},{"@type":"ListItem","position":3,"name":"Pehme kuivatatud draakonivili 60g"}]},{"@type":"WebSite","@id":"https:\/\/mysnack.shop\/#website","url":"https:\/\/mysnack.shop\/","name":"\u30de\u30a4\u30b9\u30ca\u30c3\u30af","description":"MySnack E\u30b7\u30e7\u30c3\u30d7","publisher":{"@id":"https:\/\/mysnack.shop\/#organization"},"potentialAction":[{"@type":"SearchAction","target":{"@type":"EntryPoint","urlTemplate":"https:\/\/mysnack.shop\/?s={search_term_string}"},"query-input":{"@type":"PropertyValueSpecification","valueRequired":true,"valueName":"search_term_string"}}],"inLanguage":"ja"},{"@type":"Organization","@id":"https:\/\/mysnack.shop\/#organization","name":"\u30de\u30a4\u30b9\u30ca\u30c3\u30af","url":"https:\/\/mysnack.shop\/","logo":{"@type":"ImageObject","inLanguage":"ja","@id":"https:\/\/mysnack.shop\/#\/schema\/logo\/image\/","url":"https:\/\/mysnack.shop\/wp-content\/uploads\/2023\/09\/MySnack_logo.png","contentUrl":"https:\/\/mysnack.shop\/wp-content\/uploads\/2023\/09\/MySnack_logo.png","width":400,"height":148,"caption":"MySnack"},"image":{"@id":"https:\/\/mysnack.shop\/#\/schema\/logo\/image\/"},"sameAs":["https:\/\/www.facebook.com\/MySnack.ee\/","https:\/\/www.instagram.com\/mysnack_eesti\/"]}]}},"_links":{"self":[{"href":"https:\/\/mysnack.ee\/ja\/wp-json\/wp\/v2\/product\/24103","targetHints":{"allow":["GET"]}}],"collection":[{"href":"https:\/\/mysnack.ee\/ja\/wp-json\/wp\/v2\/product"}],"about":[{"href":"https:\/\/mysnack.ee\/ja\/wp-json\/wp\/v2\/types\/product"}],"wp:featuredmedia":[{"embeddable":true,"href":"https:\/\/mysnack.ee\/ja\/wp-json\/wp\/v2\/media\/24991"}],"wp:attachment":[{"href":"https:\/\/mysnack.ee\/ja\/wp-json\/wp\/v2\/media?parent=24103"}],"wp:term":[{"taxonomy":"product_brand","embeddable":true,"href":"https:\/\/mysnack.ee\/ja\/wp-json\/wp\/v2\/product_brand?post=24103"},{"taxonomy":"product_cat","embeddable":true,"href":"https:\/\/mysnack.ee\/ja\/wp-json\/wp\/v2\/product_cat?post=24103"},{"taxonomy":"product_tag","embeddable":true,"href":"https:\/\/mysnack.ee\/ja\/wp-json\/wp\/v2\/product_tag?post=24103"}],"curies":[{"name":"wp","href":"https:\/\/api.w.org\/{rel}","templated":true}]}}