{"id":25140,"date":"2024-10-21T15:24:27","date_gmt":"2024-10-21T12:24:27","guid":{"rendered":"https:\/\/mysnack.ee\/?post_type=product&#038;p=25140"},"modified":"2024-11-27T14:46:48","modified_gmt":"2024-11-27T12:46:48","slug":"%e3%83%9e%e3%82%a4%e3%82%b9%e3%83%8a%e3%83%83%e3%82%af-%e3%82%ae%e3%83%95%e3%83%88%e3%83%9c%e3%83%83%e3%82%af%e3%82%b9-%e3%82%b9%e3%82%a4%e3%83%bc%e3%83%88%e3%82%a8%e3%82%ad%e3%82%be%e3%83%81%e3%82%ab","status":"publish","type":"product","link":"https:\/\/mysnack.ee\/ja\/product\/mysnack-kinkekarp-magus-eksootika\/","title":{"rendered":"MySnack\u30ae\u30d5\u30c8\u30dc\u30c3\u30af\u30b9\u300c\u30b9\u30a4\u30fc\u30c8\u30a8\u30ad\u30be\u30c1\u30ab\u300d\u201c"},"content":{"rendered":"","protected":false},"excerpt":{"rendered":"<p>\u719f\u3057\u305f\u30d5\u30eb\u30fc\u30c4\u3001\u30ab\u30ea\u30ab\u30ea\u306e\u30ab\u30b7\u30e5\u30fc\u30ca\u30c3\u30c4\u3001\u305d\u3057\u3066\u30ab\u30ea\u30ab\u30ea\u306e\u30aa\u30fc\u30ac\u30cb\u30c3\u30af\u30b9\u30ca\u30c3\u30af\u306f\u3001\u30b7\u30f3\u30d7\u30eb\u3067\u7f8e\u5473\u3057\u304f\u3001\u3057\u304b\u3082\u5b9f\u7528\u7684\u306a\u8d08\u308a\u7269\u3067\u3059\u3002.<\/p>\n<p>MySnack\u30ae\u30d5\u30c8\u30dc\u30c3\u30af\u30b9\u300cSWEET EXOTIC\u300d\u306b\u306f\u3001\u4ee5\u4e0b\u306e\u3082\u306e\u304c\u542b\u307e\u308c\u3066\u3044\u307e\u3059\u3002<\/p>\n<ul>\n<li>\u30bd\u30d5\u30c8\u30c9\u30e9\u30a4\u30d1\u30a4\u30ca\u30c3\u30d7\u30eb 80g<\/li>\n<li>\u30bd\u30d5\u30c8\u30c9\u30e9\u30a4\u30de\u30f3\u30b4\u30fc 80g<\/li>\n<li>\u30d5\u30eb\u30fc\u30c4\u30d0\u30fc \u30d1\u30d1\u30a4\u30e4 30g<\/li>\n<li>\u30d5\u30eb\u30fc\u30c4\u30d0\u30fc\u30e4\u30ab 30g<\/li>\n<li>\u30d5\u30eb\u30fc\u30c4\u30d0\u30fc\u30d1\u30c3\u30b7\u30e7\u30f3 30g<\/li>\n<li>\u30ed\u30fc\u30b9\u30c8\u30ab\u30b7\u30e5\u30fc\u30ca\u30c3\u30c4 135g\uff08\u30b7\u30ca\u30e2\u30f3\u3001\u30ef\u30b5\u30d3\u3001\u30c1\u30ea\u30ac\u30fc\u30ea\u30c3\u30af\u304b\u3089\u304a\u9078\u3073\u3044\u305f\u3060\u3051\u307e\u3059\uff09<\/li>\n<\/ul>\n<p>\u3053\u306e\u5546\u54c1\u306f\u3001\u30aa\u30d5\u30a3\u30b9\u3067\u4e00\u3064\u4e00\u3064\u4e01\u5be7\u306b\u624b\u4f5c\u696d\u3067\u68b1\u5305\u3057\u3066\u3044\u308b\u305f\u3081\u3001\u30aa\u30d5\u30a3\u30b9\u3067\u76f4\u63a5\u304a\u53d7\u3051\u53d6\u308a\u3044\u305f\u3060\u304f\u5834\u5408\u306e\u307f\u3054\u6ce8\u6587\u3044\u305f\u3060\u3051\u307e\u3059\u3002<\/p>\n<p>\u4f4f\u6240\u306f\u30bf\u30ea\u30f3\u5e02\u30b7\u30c9\u30a5\u30ea\u901a\u308a9\u756a\u5730\u3067\u3059\u3002\u3054\u6765\u8a2a\u306e\u969b\u306f\u3001\u4e8b\u524d\u306b+372 5855 4410\u307e\u3067\u304a\u96fb\u8a71\u304f\u3060\u3055\u3044\u3002\u5e73\u65e5\u306e10:00\uff5e16:00\u306e\u9593\u3001\u307e\u305f\u306f\u3054\u76f8\u8ac7\u306e\u4e0a\u3001\u305d\u306e\u4ed6\u306e\u6642\u9593\u5e2f\u306b\u3054\u6765\u8a2a\u3044\u305f\u3060\u3051\u307e\u3059\u3002.<\/p>\n<p>50\u500b\u4ee5\u4e0a\u3054\u6ce8\u6587\u306e\u5834\u5408\u306f\u3001\u5378\u58f2\u4fa1\u683c\u3092\u3054\u63d0\u793a\u3044\u305f\u3057\u307e\u3059\u3002\u304a\u6c17\u8efd\u306b\u304a\u554f\u3044\u5408\u308f\u305b\u304f\u3060\u3055\u3044\u3002 <a href=\"mailto:sales@premiumbrands.ee\">sales@premiumbrands.ee<\/a><\/p>","protected":false},"featured_media":25532,"template":"","meta":{"inline_featured_image":false},"product_brand":[],"product_cat":[687],"product_tag":[],"class_list":{"0":"post-25140","1":"product","2":"type-product","3":"status-publish","4":"has-post-thumbnail","6":"product_cat-kinkekarbid","7":"product_shipping_class-varsked-marjad","9":"first","10":"instock","11":"taxable","12":"shipping-taxable","13":"purchasable","14":"product-type-simple"},"yoast_head":"<!-- This site is optimized with the Yoast SEO plugin v27.1.1 - https:\/\/yoast.com\/product\/yoast-seo-wordpress\/ -->\n<title>MySnack kinkekarp &quot;Magus eksootika&quot; - MySnack<\/title>\n<meta name=\"description\" content=\"K\u00fcpsest viljast maiustused, kr\u00f5bedad india p\u00e4hklid ja kr\u00f5mpsuvad orgaanilised sn\u00e4kid, on lihtne, maitsev ja kasulik kingitus. Vaata l\u00e4hemalt!\" \/>\n<meta name=\"robots\" content=\"index, follow, max-snippet:-1, max-image-preview:large, max-video-preview:-1\" \/>\n<link rel=\"canonical\" href=\"https:\/\/mysnack.ee\/ja\/product\/\u30de\u30a4\u30b9\u30ca\u30c3\u30af-\u30ae\u30d5\u30c8\u30dc\u30c3\u30af\u30b9-\u30b9\u30a4\u30fc\u30c8\u30a8\u30ad\u30be\u30c1\u30ab\/\" \/>\n<meta property=\"og:locale\" content=\"ja_JP\" \/>\n<meta property=\"og:type\" content=\"article\" \/>\n<meta property=\"og:title\" content=\"MySnack kinkekarp &quot;Magus eksootika&quot; - MySnack\" \/>\n<meta property=\"og:description\" content=\"K\u00fcpsest viljast maiustused, kr\u00f5bedad india p\u00e4hklid ja kr\u00f5mpsuvad orgaanilised sn\u00e4kid, on lihtne, maitsev ja kasulik kingitus. Vaata l\u00e4hemalt!\" \/>\n<meta property=\"og:url\" content=\"https:\/\/mysnack.ee\/ja\/product\/\u30de\u30a4\u30b9\u30ca\u30c3\u30af-\u30ae\u30d5\u30c8\u30dc\u30c3\u30af\u30b9-\u30b9\u30a4\u30fc\u30c8\u30a8\u30ad\u30be\u30c1\u30ab\/\" \/>\n<meta property=\"og:site_name\" content=\"MySnack\" \/>\n<meta property=\"article:publisher\" content=\"https:\/\/www.facebook.com\/MySnack.ee\/\" \/>\n<meta property=\"article:modified_time\" content=\"2024-11-27T12:46:48+00:00\" \/>\n<meta property=\"og:image\" content=\"https:\/\/mysnack.ee\/wp-content\/uploads\/2024\/10\/5-800x800.png\" \/>\n\t<meta property=\"og:image:width\" content=\"800\" \/>\n\t<meta property=\"og:image:height\" content=\"800\" \/>\n\t<meta property=\"og:image:type\" content=\"image\/png\" \/>\n<meta name=\"twitter:card\" content=\"summary_large_image\" \/>\n<meta name=\"twitter:label1\" content=\"\u63a8\u5b9a\u8aad\u307f\u53d6\u308a\u6642\u9593\" \/>\n\t<meta name=\"twitter:data1\" content=\"1\u5206\" \/>\n<script type=\"application\/ld+json\" class=\"yoast-schema-graph\">{\"@context\":\"https:\/\/schema.org\",\"@graph\":[{\"@type\":\"WebPage\",\"@id\":\"https:\/\/mysnack.ee\/toode\/mysnack-kinkekarp-magus-eksootika\/\",\"url\":\"https:\/\/mysnack.ee\/toode\/mysnack-kinkekarp-magus-eksootika\/\",\"name\":\"MySnack kinkekarp \\\"Magus eksootika\\\" - MySnack\",\"isPartOf\":{\"@id\":\"https:\/\/mysnack.shop\/#website\"},\"primaryImageOfPage\":{\"@id\":\"https:\/\/mysnack.ee\/toode\/mysnack-kinkekarp-magus-eksootika\/#primaryimage\"},\"image\":{\"@id\":\"https:\/\/mysnack.ee\/toode\/mysnack-kinkekarp-magus-eksootika\/#primaryimage\"},\"thumbnailUrl\":\"https:\/\/mysnack.ee\/wp-content\/uploads\/2024\/10\/5.png\",\"datePublished\":\"2024-10-21T12:24:27+00:00\",\"dateModified\":\"2024-11-27T12:46:48+00:00\",\"description\":\"K\u00fcpsest viljast maiustused, kr\u00f5bedad india p\u00e4hklid ja kr\u00f5mpsuvad orgaanilised sn\u00e4kid, on lihtne, maitsev ja kasulik kingitus. Vaata l\u00e4hemalt!\",\"breadcrumb\":{\"@id\":\"https:\/\/mysnack.ee\/toode\/mysnack-kinkekarp-magus-eksootika\/#breadcrumb\"},\"inLanguage\":\"ja\",\"potentialAction\":[{\"@type\":\"ReadAction\",\"target\":[\"https:\/\/mysnack.ee\/toode\/mysnack-kinkekarp-magus-eksootika\/\"]}]},{\"@type\":\"ImageObject\",\"inLanguage\":\"ja\",\"@id\":\"https:\/\/mysnack.ee\/toode\/mysnack-kinkekarp-magus-eksootika\/#primaryimage\",\"url\":\"https:\/\/mysnack.ee\/wp-content\/uploads\/2024\/10\/5.png\",\"contentUrl\":\"https:\/\/mysnack.ee\/wp-content\/uploads\/2024\/10\/5.png\",\"width\":1080,\"height\":1080,\"caption\":\"MySnack suur kinkekarp puuviljabatoonid, india p\u00e4hklid, pehme kuivatatud ananass ja mando\"},{\"@type\":\"BreadcrumbList\",\"@id\":\"https:\/\/mysnack.ee\/toode\/mysnack-kinkekarp-magus-eksootika\/#breadcrumb\",\"itemListElement\":[{\"@type\":\"ListItem\",\"position\":1,\"name\":\"Esileht\",\"item\":\"https:\/\/mysnack.ee\/\"},{\"@type\":\"ListItem\",\"position\":2,\"name\":\"Pood\",\"item\":\"https:\/\/mysnack.ee\/pood\/\"},{\"@type\":\"ListItem\",\"position\":3,\"name\":\"MySnack kinkekarp &#8220;Magus eksootika&#8221;\"}]},{\"@type\":\"WebSite\",\"@id\":\"https:\/\/mysnack.shop\/#website\",\"url\":\"https:\/\/mysnack.shop\/\",\"name\":\"MySnack\",\"description\":\"MySnack E-Pood\",\"publisher\":{\"@id\":\"https:\/\/mysnack.shop\/#organization\"},\"potentialAction\":[{\"@type\":\"SearchAction\",\"target\":{\"@type\":\"EntryPoint\",\"urlTemplate\":\"https:\/\/mysnack.shop\/?s={search_term_string}\"},\"query-input\":{\"@type\":\"PropertyValueSpecification\",\"valueRequired\":true,\"valueName\":\"search_term_string\"}}],\"inLanguage\":\"ja\"},{\"@type\":\"Organization\",\"@id\":\"https:\/\/mysnack.shop\/#organization\",\"name\":\"MySnack\",\"url\":\"https:\/\/mysnack.shop\/\",\"logo\":{\"@type\":\"ImageObject\",\"inLanguage\":\"ja\",\"@id\":\"https:\/\/mysnack.shop\/#\/schema\/logo\/image\/\",\"url\":\"https:\/\/mysnack.shop\/wp-content\/uploads\/2023\/09\/MySnack_logo.png\",\"contentUrl\":\"https:\/\/mysnack.shop\/wp-content\/uploads\/2023\/09\/MySnack_logo.png\",\"width\":400,\"height\":148,\"caption\":\"MySnack\"},\"image\":{\"@id\":\"https:\/\/mysnack.shop\/#\/schema\/logo\/image\/\"},\"sameAs\":[\"https:\/\/www.facebook.com\/MySnack.ee\/\",\"https:\/\/www.instagram.com\/mysnack_eesti\/\"]}]}<\/script>\n<!-- \/ Yoast SEO plugin. -->","yoast_head_json":{"title":"MySnack\u30ae\u30d5\u30c8\u30dc\u30c3\u30af\u30b9\u300c\u30b9\u30a4\u30fc\u30c8\u30a8\u30ad\u30be\u30c1\u30ab\u300d - MySnack","description":"\u719f\u3057\u305f\u30d5\u30eb\u30fc\u30c4\u306e\u304a\u83d3\u5b50\u3001\u30ab\u30ea\u30ab\u30ea\u306e\u30ab\u30b7\u30e5\u30fc\u30ca\u30c3\u30c4\u3001\u305d\u3057\u3066\u30aa\u30fc\u30ac\u30cb\u30c3\u30af\u30b9\u30ca\u30c3\u30af\u306f\u3001\u624b\u8efd\u306b\u7f8e\u5473\u3057\u304f\u3001\u305d\u3057\u3066\u4fbf\u5229\u306a\u30ae\u30d5\u30c8\u3067\u3059\u3002\u305c\u3072\u3054\u89a7\u304f\u3060\u3055\u3044\uff01","robots":{"index":"index","follow":"follow","max-snippet":"max-snippet:-1","max-image-preview":"max-image-preview:large","max-video-preview":"max-video-preview:-1"},"canonical":"https:\/\/mysnack.ee\/ja\/product\/\u30de\u30a4\u30b9\u30ca\u30c3\u30af-\u30ae\u30d5\u30c8\u30dc\u30c3\u30af\u30b9-\u30b9\u30a4\u30fc\u30c8\u30a8\u30ad\u30be\u30c1\u30ab\/","og_locale":"ja_JP","og_type":"article","og_title":"MySnack kinkekarp \"Magus eksootika\" - MySnack","og_description":"K\u00fcpsest viljast maiustused, kr\u00f5bedad india p\u00e4hklid ja kr\u00f5mpsuvad orgaanilised sn\u00e4kid, on lihtne, maitsev ja kasulik kingitus. Vaata l\u00e4hemalt!","og_url":"https:\/\/mysnack.ee\/ja\/product\/\u30de\u30a4\u30b9\u30ca\u30c3\u30af-\u30ae\u30d5\u30c8\u30dc\u30c3\u30af\u30b9-\u30b9\u30a4\u30fc\u30c8\u30a8\u30ad\u30be\u30c1\u30ab\/","og_site_name":"MySnack","article_publisher":"https:\/\/www.facebook.com\/MySnack.ee\/","article_modified_time":"2024-11-27T12:46:48+00:00","og_image":[{"width":800,"height":800,"url":"https:\/\/mysnack.ee\/wp-content\/uploads\/2024\/10\/5-800x800.png","type":"image\/png"}],"twitter_card":"summary_large_image","twitter_misc":{"\u63a8\u5b9a\u8aad\u307f\u53d6\u308a\u6642\u9593":"1\u5206"},"schema":{"@context":"https:\/\/schema.org","@graph":[{"@type":"WebPage","@id":"https:\/\/mysnack.ee\/toode\/mysnack-kinkekarp-magus-eksootika\/","url":"https:\/\/mysnack.ee\/toode\/mysnack-kinkekarp-magus-eksootika\/","name":"MySnack\u30ae\u30d5\u30c8\u30dc\u30c3\u30af\u30b9\u300c\u30b9\u30a4\u30fc\u30c8\u30a8\u30ad\u30be\u30c1\u30ab\u300d - MySnack","isPartOf":{"@id":"https:\/\/mysnack.shop\/#website"},"primaryImageOfPage":{"@id":"https:\/\/mysnack.ee\/toode\/mysnack-kinkekarp-magus-eksootika\/#primaryimage"},"image":{"@id":"https:\/\/mysnack.ee\/toode\/mysnack-kinkekarp-magus-eksootika\/#primaryimage"},"thumbnailUrl":"https:\/\/mysnack.ee\/wp-content\/uploads\/2024\/10\/5.png","datePublished":"2024-10-21T12:24:27+00:00","dateModified":"2024-11-27T12:46:48+00:00","description":"\u719f\u3057\u305f\u30d5\u30eb\u30fc\u30c4\u306e\u304a\u83d3\u5b50\u3001\u30ab\u30ea\u30ab\u30ea\u306e\u30ab\u30b7\u30e5\u30fc\u30ca\u30c3\u30c4\u3001\u305d\u3057\u3066\u30aa\u30fc\u30ac\u30cb\u30c3\u30af\u30b9\u30ca\u30c3\u30af\u306f\u3001\u624b\u8efd\u306b\u7f8e\u5473\u3057\u304f\u3001\u305d\u3057\u3066\u4fbf\u5229\u306a\u30ae\u30d5\u30c8\u3067\u3059\u3002\u305c\u3072\u3054\u89a7\u304f\u3060\u3055\u3044\uff01","breadcrumb":{"@id":"https:\/\/mysnack.ee\/toode\/mysnack-kinkekarp-magus-eksootika\/#breadcrumb"},"inLanguage":"ja","potentialAction":[{"@type":"ReadAction","target":["https:\/\/mysnack.ee\/toode\/mysnack-kinkekarp-magus-eksootika\/"]}]},{"@type":"ImageObject","inLanguage":"ja","@id":"https:\/\/mysnack.ee\/toode\/mysnack-kinkekarp-magus-eksootika\/#primaryimage","url":"https:\/\/mysnack.ee\/wp-content\/uploads\/2024\/10\/5.png","contentUrl":"https:\/\/mysnack.ee\/wp-content\/uploads\/2024\/10\/5.png","width":1080,"height":1080,"caption":"MySnack suur kinkekarp puuviljabatoonid, india p\u00e4hklid, pehme kuivatatud ananass ja mando"},{"@type":"BreadcrumbList","@id":"https:\/\/mysnack.ee\/toode\/mysnack-kinkekarp-magus-eksootika\/#breadcrumb","itemListElement":[{"@type":"ListItem","position":1,"name":"Esileht","item":"https:\/\/mysnack.ee\/"},{"@type":"ListItem","position":2,"name":"Pood","item":"https:\/\/mysnack.ee\/pood\/"},{"@type":"ListItem","position":3,"name":"MySnack kinkekarp &#8220;Magus eksootika&#8221;"}]},{"@type":"WebSite","@id":"https:\/\/mysnack.shop\/#website","url":"https:\/\/mysnack.shop\/","name":"\u30de\u30a4\u30b9\u30ca\u30c3\u30af","description":"MySnack E\u30b7\u30e7\u30c3\u30d7","publisher":{"@id":"https:\/\/mysnack.shop\/#organization"},"potentialAction":[{"@type":"SearchAction","target":{"@type":"EntryPoint","urlTemplate":"https:\/\/mysnack.shop\/?s={search_term_string}"},"query-input":{"@type":"PropertyValueSpecification","valueRequired":true,"valueName":"search_term_string"}}],"inLanguage":"ja"},{"@type":"Organization","@id":"https:\/\/mysnack.shop\/#organization","name":"\u30de\u30a4\u30b9\u30ca\u30c3\u30af","url":"https:\/\/mysnack.shop\/","logo":{"@type":"ImageObject","inLanguage":"ja","@id":"https:\/\/mysnack.shop\/#\/schema\/logo\/image\/","url":"https:\/\/mysnack.shop\/wp-content\/uploads\/2023\/09\/MySnack_logo.png","contentUrl":"https:\/\/mysnack.shop\/wp-content\/uploads\/2023\/09\/MySnack_logo.png","width":400,"height":148,"caption":"MySnack"},"image":{"@id":"https:\/\/mysnack.shop\/#\/schema\/logo\/image\/"},"sameAs":["https:\/\/www.facebook.com\/MySnack.ee\/","https:\/\/www.instagram.com\/mysnack_eesti\/"]}]}},"_links":{"self":[{"href":"https:\/\/mysnack.ee\/ja\/wp-json\/wp\/v2\/product\/25140","targetHints":{"allow":["GET"]}}],"collection":[{"href":"https:\/\/mysnack.ee\/ja\/wp-json\/wp\/v2\/product"}],"about":[{"href":"https:\/\/mysnack.ee\/ja\/wp-json\/wp\/v2\/types\/product"}],"wp:featuredmedia":[{"embeddable":true,"href":"https:\/\/mysnack.ee\/ja\/wp-json\/wp\/v2\/media\/25532"}],"wp:attachment":[{"href":"https:\/\/mysnack.ee\/ja\/wp-json\/wp\/v2\/media?parent=25140"}],"wp:term":[{"taxonomy":"product_brand","embeddable":true,"href":"https:\/\/mysnack.ee\/ja\/wp-json\/wp\/v2\/product_brand?post=25140"},{"taxonomy":"product_cat","embeddable":true,"href":"https:\/\/mysnack.ee\/ja\/wp-json\/wp\/v2\/product_cat?post=25140"},{"taxonomy":"product_tag","embeddable":true,"href":"https:\/\/mysnack.ee\/ja\/wp-json\/wp\/v2\/product_tag?post=25140"}],"curies":[{"name":"wp","href":"https:\/\/api.w.org\/{rel}","templated":true}]}}