{"id":25179,"date":"2024-10-21T23:16:13","date_gmt":"2024-10-21T20:16:13","guid":{"rendered":"https:\/\/mysnack.ee\/?post_type=product&#038;p=25179"},"modified":"2025-09-25T11:31:25","modified_gmt":"2025-09-25T08:31:25","slug":"%e3%82%b9%e3%83%aa%e3%83%83%e3%83%91%e3%81%be%e3%81%9f%e3%81%af%e3%82%ae%e3%83%95%e3%83%88%e3%83%9c%e3%83%83%e3%82%af%e3%82%b9%e3%81%ab%e5%85%a5%e3%81%a3%e3%81%9f%e3%83%95%e3%83%ab%e3%83%bc%e3%83%84","status":"publish","type":"product","link":"https:\/\/mysnack.ee\/ja\/product\/puuviljabatoonid-sussi-voi-kinkepaki-sisse\/","title":{"rendered":"\u30b9\u30ea\u30c3\u30d1\u307e\u305f\u306f\u30ae\u30d5\u30c8\u30dc\u30c3\u30af\u30b9\u306b\u5165\u3063\u305f\u30d5\u30eb\u30fc\u30c4\u30d0\u30fc"},"content":{"rendered":"","protected":false},"excerpt":{"rendered":"<p>\u30ae\u30d5\u30c8\u30dc\u30c3\u30af\u30b9\u306b\u597d\u304d\u306a\u3082\u306e\u3092\u8a70\u3081\u308b\u306e\u306b\u6700\u9069\u306a\u3001\u4fbf\u5229\u3067\u7d20\u6674\u3089\u3057\u3044\u65b9\u6cd5\u3067\u3059\u3002\u7279\u306b\u3001MySnack\u306e\u30d5\u30eb\u30fc\u30c4\u30d0\u30fc\u306f\u3001\u7518\u304f\u3066\u601d\u3044\u51fa\u306b\u6b8b\u308b\u7279\u5225\u306a\u8d08\u308a\u7269\u306b\u306a\u308a\u307e\u3059\u3002.<\/p>\n<p>1\u7bb1\uff08\u5408\u8a0812\u500b\uff09\u306b\u306f\u3001\u30c9\u30e9\u30b4\u30f3\u30d5\u30eb\u30fc\u30c4\u5473\u3001\u30b8\u30e3\u30c3\u30af\u30d5\u30eb\u30fc\u30c4\u5473\u3001\u30de\u30f3\u30b4\u30fc\u5473\u3001\u30b0\u30a2\u30d0\u5473\u3001\u30d1\u30c3\u30b7\u30e7\u30f3\u30d5\u30eb\u30fc\u30c4\u5473\u3001\u30d1\u30d1\u30a4\u30e4\u5473\u306e30g\u30d0\u30fc\u304c\u305d\u308c\u305e\u308c2\u500b\u305a\u3064\u5165\u3063\u3066\u3044\u307e\u3059\u3002.<\/p>\n<p>\u30d5\u30eb\u30fc\u30c4\u30d0\u30fc\u306b\u306f\u3001\u719f\u3057\u305f\u7518\u3044\u679c\u7269\u3068\u5929\u7136\u30d3\u30bf\u30df\u30f3\u306e\u307f\u3092\u4f7f\u7528\u3057\u3066\u3044\u307e\u3059\u3002\u7279\u5225\u306a\u6280\u8853\u3092\u7528\u3044\u3066\u679c\u7269\u3092\u4e7e\u71e5\u3055\u305b\u308b\u3053\u3068\u3067\u3001\u719f\u3057\u305f\u679c\u7269\u306e\u6804\u990a\u4fa1\u3092\u6700\u5927\u9650\u306b\u4fdd\u3063\u3066\u3044\u307e\u3059\u3002\u30d5\u30eb\u30fc\u30c4\u30d0\u30fc\u306f\u3001\u5927\u5207\u306a\u4ed5\u4e8b\u306e\u524d\u306b\u4f53\u3068\u5fc3\u3092\u30ea\u30d5\u30ec\u30c3\u30b7\u30e5\u3057\u305f\u3044\u6642\u306b\u3001\u30d0\u30c3\u30b0\u306b\u5165\u308c\u3066\u6301\u3061\u6b69\u304f\u306e\u306b\u6700\u9069\u3067\u3059\u3002.<\/p>\n<p>MySnack\u306e\u30d5\u30eb\u30fc\u30c4\u30d0\u30fc\u306f\u3059\u3079\u3066\u72ec\u81ea\u306e\u30ec\u30b7\u30d4\u306b\u57fa\u3065\u3044\u3066\u4f5c\u3089\u308c\u3066\u3044\u307e\u3059\u3002\u6fc3\u7e2e\u7269\u3084\u7121\u99c4\u306a\u6dfb\u52a0\u7269\u306f\u4e00\u5207\u4f7f\u7528\u3057\u3066\u3044\u307e\u305b\u3093\u3002\u53ce\u7a6b\u9014\u4e2d\u306e\u30d5\u30eb\u30fc\u30c4\u3092\u4e16\u754c\u4e2d\u306b\u8f38\u9001\u3059\u308b\u5fc5\u8981\u304c\u306a\u3044\u3088\u3046\u306b\u3001\u81ea\u793e\u8fb2\u5712\u5185\u307e\u305f\u306f\u305d\u306e\u8fd1\u304f\u3067\u76f4\u63a5\u88fd\u9020\u3057\u3066\u3044\u307e\u3059\u3002\u3053\u308c\u306b\u3088\u308a\u3001\u30d5\u30eb\u30fc\u30c4\u306e\u6700\u9ad8\u306e\u6804\u990a\u4fa1\u3092\u304a\u5c4a\u3051\u3059\u308b\u3068\u3068\u3082\u306b\u3001\u74b0\u5883\u3078\u306e\u60aa\u5f71\u97ff\u3092\u8efd\u6e1b\u3057\u3066\u3044\u307e\u3059\u3002.<\/p>\n<ul>\n<li style=\"list-style-type: none;\">\n<ul>\n<li>\u767d\u7802\u7cd6\u3092\u52a0\u3048\u305a\u306b\u30011\u672c\u3042\u305f\u308a\u5c11\u306a\u304f\u3068\u30821.5g\u306e\u30b5\u30c8\u30a6\u30ad\u30d3\u7cd6\u3092\u52a0\u3048\u305f\u30d0\u30fc\u3082\u3042\u308a\u307e\u3059\u3002<\/li>\n<li>\u5929\u7136\u306e\u7518\u5473\u6599\u3001\u5929\u7136\u306e\u679c\u7cd6\u3092\u542b\u3080<\/li>\n<li>\u30b0\u30eb\u30c6\u30f3\u30d5\u30ea\u30fc<\/li>\n<li>\u5f53\u793e\u306e\u30d5\u30eb\u30fc\u30c4\u306f\u3001\u5305\u88c5\u3055\u308c\u3066\u3044\u308b\u9593\u306b\u81ea\u7136\u306b\u8272\u304c\u6fc3\u304f\u306a\u308b\u3053\u3068\u304c\u3042\u308a\u307e\u3059\u3002\u3053\u308c\u306f\u3001\u30d5\u30eb\u30fc\u30c4\u30d0\u30fc\u306e\u9bae\u5ea6\u3092\u4fdd\u3061\u3001\u30ab\u30d3\u306e\u767a\u751f\u3092\u9632\u3050\u305f\u3081\u306b\u3001\u901a\u5e38\u6dfb\u52a0\u3055\u308c\u308b\u4e9c\u786b\u9178\u5869\u306e\u91cf\u306b\u6bd4\u3079\u3066\u5fc5\u8981\u6700\u5c0f\u9650\uff080.01%\uff09\u306e\u4e9c\u786b\u9178\u5869\u306e\u307f\u3092\u4f7f\u7528\u3057\u3066\u3044\u308b\u305f\u3081\u3067\u3059\u3002<\/li>\n<\/ul>\n<\/li>\n<\/ul>\n<p>\u3053\u306e\u5546\u54c1\u306f\u3001\u30aa\u30d5\u30a3\u30b9\u3067\u4e00\u3064\u4e00\u3064\u4e01\u5be7\u306b\u624b\u4f5c\u696d\u3067\u68b1\u5305\u3057\u3066\u3044\u308b\u305f\u3081\u3001\u30aa\u30d5\u30a3\u30b9\u3067\u76f4\u63a5\u304a\u53d7\u3051\u53d6\u308a\u3044\u305f\u3060\u304f\u5834\u5408\u306e\u307f\u3054\u6ce8\u6587\u3044\u305f\u3060\u3051\u307e\u3059\u3002<br \/>\n\u5f53\u5e97\u306e\u4f4f\u6240\u306f\u30bf\u30ea\u30f3\u5e02\u30b7\u30c9\u30a5\u30ea\u901a\u308a9\u756a\u5730\u3067\u3059\u3002\u3054\u6765\u5e97\u306e\u969b\u306f\u3001+372 5855 4410\u307e\u3067\u304a\u96fb\u8a71\u306b\u3066\u3054\u9023\u7d61\u304f\u3060\u3055\u3044\u3002\u3054\u6ce8\u6587\u54c1\u306e\u304a\u53d7\u3051\u53d6\u308a\u306f\u3001\u5e73\u65e5\u306e10:00\uff5e16:00\u306e\u9593\u3001\u307e\u305f\u306f\u3054\u76f8\u8ac7\u306e\u4e0a\u3001\u305d\u306e\u4ed6\u306e\u6642\u9593\u5e2f\u306b\u3082\u5bfe\u5fdc\u3044\u305f\u3057\u307e\u3059\u3002.<\/p>","protected":false},"featured_media":25541,"template":"","meta":{"inline_featured_image":false},"product_brand":[],"product_cat":[687],"product_tag":[],"class_list":{"0":"post-25179","1":"product","2":"type-product","3":"status-publish","4":"has-post-thumbnail","6":"product_cat-kinkekarbid","7":"product_shipping_class-varsked-marjad","9":"first","10":"instock","11":"taxable","12":"shipping-taxable","13":"purchasable","14":"product-type-simple"},"yoast_head":"<!-- This site is optimized with the Yoast SEO plugin v27.1.1 - https:\/\/yoast.com\/product\/yoast-seo-wordpress\/ -->\n<title>Puuviljabatoonid sussi v\u00f5i kinkepaki sisse - MySnack<\/title>\n<meta name=\"description\" content=\"Kastit\u00e4is MySnack puuviljabatoone p\u00fchadeks! Tervislik magus amps kommi asemel sussi v\u00f5i kinkepaki sisse. Vali naturaalne, looduslik kingitus.\" \/>\n<meta name=\"robots\" content=\"index, follow, max-snippet:-1, max-image-preview:large, max-video-preview:-1\" \/>\n<link rel=\"canonical\" href=\"https:\/\/mysnack.ee\/ja\/product\/\u30b9\u30ea\u30c3\u30d1\u307e\u305f\u306f\u30ae\u30d5\u30c8\u30dc\u30c3\u30af\u30b9\u306b\u5165\u3063\u305f\u30d5\u30eb\u30fc\u30c4\/\" \/>\n<meta property=\"og:locale\" content=\"ja_JP\" \/>\n<meta property=\"og:type\" content=\"article\" \/>\n<meta property=\"og:title\" content=\"Puuviljabatoonid sussi v\u00f5i kinkepaki sisse - MySnack\" \/>\n<meta property=\"og:description\" content=\"Kastit\u00e4is MySnack puuviljabatoone p\u00fchadeks! Tervislik magus amps kommi asemel sussi v\u00f5i kinkepaki sisse. Vali naturaalne, looduslik kingitus.\" \/>\n<meta property=\"og:url\" content=\"https:\/\/mysnack.ee\/ja\/product\/\u30b9\u30ea\u30c3\u30d1\u307e\u305f\u306f\u30ae\u30d5\u30c8\u30dc\u30c3\u30af\u30b9\u306b\u5165\u3063\u305f\u30d5\u30eb\u30fc\u30c4\/\" \/>\n<meta property=\"og:site_name\" content=\"MySnack\" \/>\n<meta property=\"article:publisher\" content=\"https:\/\/www.facebook.com\/MySnack.ee\/\" \/>\n<meta property=\"article:modified_time\" content=\"2025-09-25T08:31:25+00:00\" \/>\n<meta property=\"og:image\" content=\"https:\/\/mysnack.ee\/wp-content\/uploads\/2024\/10\/Kodulehele-tootepildid-800x800.png\" \/>\n\t<meta property=\"og:image:width\" content=\"800\" \/>\n\t<meta property=\"og:image:height\" content=\"800\" \/>\n\t<meta property=\"og:image:type\" content=\"image\/png\" \/>\n<meta name=\"twitter:card\" content=\"summary_large_image\" \/>\n<meta name=\"twitter:label1\" content=\"\u63a8\u5b9a\u8aad\u307f\u53d6\u308a\u6642\u9593\" \/>\n\t<meta name=\"twitter:data1\" content=\"1\u5206\" \/>\n<script type=\"application\/ld+json\" class=\"yoast-schema-graph\">{\"@context\":\"https:\/\/schema.org\",\"@graph\":[{\"@type\":\"WebPage\",\"@id\":\"https:\/\/mysnack.ee\/toode\/puuviljabatoonid-sussi-voi-kinkepaki-sisse\/\",\"url\":\"https:\/\/mysnack.ee\/toode\/puuviljabatoonid-sussi-voi-kinkepaki-sisse\/\",\"name\":\"Puuviljabatoonid sussi v\u00f5i kinkepaki sisse - MySnack\",\"isPartOf\":{\"@id\":\"https:\/\/mysnack.shop\/#website\"},\"primaryImageOfPage\":{\"@id\":\"https:\/\/mysnack.ee\/toode\/puuviljabatoonid-sussi-voi-kinkepaki-sisse\/#primaryimage\"},\"image\":{\"@id\":\"https:\/\/mysnack.ee\/toode\/puuviljabatoonid-sussi-voi-kinkepaki-sisse\/#primaryimage\"},\"thumbnailUrl\":\"https:\/\/mysnack.ee\/wp-content\/uploads\/2024\/10\/Kodulehele-tootepildid.png\",\"datePublished\":\"2024-10-21T20:16:13+00:00\",\"dateModified\":\"2025-09-25T08:31:25+00:00\",\"description\":\"Kastit\u00e4is MySnack puuviljabatoone p\u00fchadeks! Tervislik magus amps kommi asemel sussi v\u00f5i kinkepaki sisse. Vali naturaalne, looduslik kingitus.\",\"breadcrumb\":{\"@id\":\"https:\/\/mysnack.ee\/toode\/puuviljabatoonid-sussi-voi-kinkepaki-sisse\/#breadcrumb\"},\"inLanguage\":\"ja\",\"potentialAction\":[{\"@type\":\"ReadAction\",\"target\":[\"https:\/\/mysnack.ee\/toode\/puuviljabatoonid-sussi-voi-kinkepaki-sisse\/\"]}]},{\"@type\":\"ImageObject\",\"inLanguage\":\"ja\",\"@id\":\"https:\/\/mysnack.ee\/toode\/puuviljabatoonid-sussi-voi-kinkepaki-sisse\/#primaryimage\",\"url\":\"https:\/\/mysnack.ee\/wp-content\/uploads\/2024\/10\/Kodulehele-tootepildid.png\",\"contentUrl\":\"https:\/\/mysnack.ee\/wp-content\/uploads\/2024\/10\/Kodulehele-tootepildid.png\",\"width\":1080,\"height\":1080,\"caption\":\"Puuviljabatoonid sussi sisse v\u00f5i kinkepaki sisse\"},{\"@type\":\"BreadcrumbList\",\"@id\":\"https:\/\/mysnack.ee\/toode\/puuviljabatoonid-sussi-voi-kinkepaki-sisse\/#breadcrumb\",\"itemListElement\":[{\"@type\":\"ListItem\",\"position\":1,\"name\":\"Esileht\",\"item\":\"https:\/\/mysnack.ee\/\"},{\"@type\":\"ListItem\",\"position\":2,\"name\":\"Pood\",\"item\":\"https:\/\/mysnack.ee\/pood\/\"},{\"@type\":\"ListItem\",\"position\":3,\"name\":\"Puuviljabatoonid sussi v\u00f5i kinkepaki sisse\"}]},{\"@type\":\"WebSite\",\"@id\":\"https:\/\/mysnack.shop\/#website\",\"url\":\"https:\/\/mysnack.shop\/\",\"name\":\"MySnack\",\"description\":\"MySnack E-Pood\",\"publisher\":{\"@id\":\"https:\/\/mysnack.shop\/#organization\"},\"potentialAction\":[{\"@type\":\"SearchAction\",\"target\":{\"@type\":\"EntryPoint\",\"urlTemplate\":\"https:\/\/mysnack.shop\/?s={search_term_string}\"},\"query-input\":{\"@type\":\"PropertyValueSpecification\",\"valueRequired\":true,\"valueName\":\"search_term_string\"}}],\"inLanguage\":\"ja\"},{\"@type\":\"Organization\",\"@id\":\"https:\/\/mysnack.shop\/#organization\",\"name\":\"MySnack\",\"url\":\"https:\/\/mysnack.shop\/\",\"logo\":{\"@type\":\"ImageObject\",\"inLanguage\":\"ja\",\"@id\":\"https:\/\/mysnack.shop\/#\/schema\/logo\/image\/\",\"url\":\"https:\/\/mysnack.shop\/wp-content\/uploads\/2023\/09\/MySnack_logo.png\",\"contentUrl\":\"https:\/\/mysnack.shop\/wp-content\/uploads\/2023\/09\/MySnack_logo.png\",\"width\":400,\"height\":148,\"caption\":\"MySnack\"},\"image\":{\"@id\":\"https:\/\/mysnack.shop\/#\/schema\/logo\/image\/\"},\"sameAs\":[\"https:\/\/www.facebook.com\/MySnack.ee\/\",\"https:\/\/www.instagram.com\/mysnack_eesti\/\"]}]}<\/script>\n<!-- \/ Yoast SEO plugin. -->","yoast_head_json":{"title":"\u30b9\u30ea\u30c3\u30d1\u578b\u307e\u305f\u306f\u30ae\u30d5\u30c8\u30dc\u30c3\u30af\u30b9\u5165\u308a\u306e\u30d5\u30eb\u30fc\u30c4\u30d0\u30fc - MySnack","description":"\u30db\u30ea\u30c7\u30fc\u30b7\u30fc\u30ba\u30f3\u306b\u3074\u3063\u305f\u308a\u306e\u3001MySnack\u306e\u30d5\u30eb\u30fc\u30c4\u30d0\u30fc\u304c\u8a70\u307e\u3063\u305f\u30dc\u30c3\u30af\u30b9\uff01\u30ad\u30e3\u30f3\u30c7\u30a3\u30fc\u306e\u4ee3\u308f\u308a\u306b\u3001\u30b9\u30ea\u30c3\u30d1\u3084\u30ae\u30d5\u30c8\u30dc\u30c3\u30af\u30b9\u306b\u5165\u308c\u308b\u306e\u306b\u6700\u9069\u306a\u3001\u30d8\u30eb\u30b7\u30fc\u306a\u30b9\u30a4\u30fc\u30c4\u3067\u3059\u3002\u81ea\u7136\u3067\u30aa\u30fc\u30ac\u30cb\u30c3\u30af\u306a\u30ae\u30d5\u30c8\u3092\u9078\u3093\u3067\u307f\u307e\u305b\u3093\u304b\u3002.","robots":{"index":"index","follow":"follow","max-snippet":"max-snippet:-1","max-image-preview":"max-image-preview:large","max-video-preview":"max-video-preview:-1"},"canonical":"https:\/\/mysnack.ee\/ja\/product\/\u30b9\u30ea\u30c3\u30d1\u307e\u305f\u306f\u30ae\u30d5\u30c8\u30dc\u30c3\u30af\u30b9\u306b\u5165\u3063\u305f\u30d5\u30eb\u30fc\u30c4\/","og_locale":"ja_JP","og_type":"article","og_title":"Puuviljabatoonid sussi v\u00f5i kinkepaki sisse - MySnack","og_description":"Kastit\u00e4is MySnack puuviljabatoone p\u00fchadeks! Tervislik magus amps kommi asemel sussi v\u00f5i kinkepaki sisse. Vali naturaalne, looduslik kingitus.","og_url":"https:\/\/mysnack.ee\/ja\/product\/\u30b9\u30ea\u30c3\u30d1\u307e\u305f\u306f\u30ae\u30d5\u30c8\u30dc\u30c3\u30af\u30b9\u306b\u5165\u3063\u305f\u30d5\u30eb\u30fc\u30c4\/","og_site_name":"MySnack","article_publisher":"https:\/\/www.facebook.com\/MySnack.ee\/","article_modified_time":"2025-09-25T08:31:25+00:00","og_image":[{"width":800,"height":800,"url":"https:\/\/mysnack.ee\/wp-content\/uploads\/2024\/10\/Kodulehele-tootepildid-800x800.png","type":"image\/png"}],"twitter_card":"summary_large_image","twitter_misc":{"\u63a8\u5b9a\u8aad\u307f\u53d6\u308a\u6642\u9593":"1\u5206"},"schema":{"@context":"https:\/\/schema.org","@graph":[{"@type":"WebPage","@id":"https:\/\/mysnack.ee\/toode\/puuviljabatoonid-sussi-voi-kinkepaki-sisse\/","url":"https:\/\/mysnack.ee\/toode\/puuviljabatoonid-sussi-voi-kinkepaki-sisse\/","name":"\u30b9\u30ea\u30c3\u30d1\u578b\u307e\u305f\u306f\u30ae\u30d5\u30c8\u30dc\u30c3\u30af\u30b9\u5165\u308a\u306e\u30d5\u30eb\u30fc\u30c4\u30d0\u30fc - MySnack","isPartOf":{"@id":"https:\/\/mysnack.shop\/#website"},"primaryImageOfPage":{"@id":"https:\/\/mysnack.ee\/toode\/puuviljabatoonid-sussi-voi-kinkepaki-sisse\/#primaryimage"},"image":{"@id":"https:\/\/mysnack.ee\/toode\/puuviljabatoonid-sussi-voi-kinkepaki-sisse\/#primaryimage"},"thumbnailUrl":"https:\/\/mysnack.ee\/wp-content\/uploads\/2024\/10\/Kodulehele-tootepildid.png","datePublished":"2024-10-21T20:16:13+00:00","dateModified":"2025-09-25T08:31:25+00:00","description":"\u30db\u30ea\u30c7\u30fc\u30b7\u30fc\u30ba\u30f3\u306b\u3074\u3063\u305f\u308a\u306e\u3001MySnack\u306e\u30d5\u30eb\u30fc\u30c4\u30d0\u30fc\u304c\u8a70\u307e\u3063\u305f\u30dc\u30c3\u30af\u30b9\uff01\u30ad\u30e3\u30f3\u30c7\u30a3\u30fc\u306e\u4ee3\u308f\u308a\u306b\u3001\u30b9\u30ea\u30c3\u30d1\u3084\u30ae\u30d5\u30c8\u30dc\u30c3\u30af\u30b9\u306b\u5165\u308c\u308b\u306e\u306b\u6700\u9069\u306a\u3001\u30d8\u30eb\u30b7\u30fc\u306a\u30b9\u30a4\u30fc\u30c4\u3067\u3059\u3002\u81ea\u7136\u3067\u30aa\u30fc\u30ac\u30cb\u30c3\u30af\u306a\u30ae\u30d5\u30c8\u3092\u9078\u3093\u3067\u307f\u307e\u305b\u3093\u304b\u3002.","breadcrumb":{"@id":"https:\/\/mysnack.ee\/toode\/puuviljabatoonid-sussi-voi-kinkepaki-sisse\/#breadcrumb"},"inLanguage":"ja","potentialAction":[{"@type":"ReadAction","target":["https:\/\/mysnack.ee\/toode\/puuviljabatoonid-sussi-voi-kinkepaki-sisse\/"]}]},{"@type":"ImageObject","inLanguage":"ja","@id":"https:\/\/mysnack.ee\/toode\/puuviljabatoonid-sussi-voi-kinkepaki-sisse\/#primaryimage","url":"https:\/\/mysnack.ee\/wp-content\/uploads\/2024\/10\/Kodulehele-tootepildid.png","contentUrl":"https:\/\/mysnack.ee\/wp-content\/uploads\/2024\/10\/Kodulehele-tootepildid.png","width":1080,"height":1080,"caption":"Puuviljabatoonid sussi sisse v\u00f5i kinkepaki sisse"},{"@type":"BreadcrumbList","@id":"https:\/\/mysnack.ee\/toode\/puuviljabatoonid-sussi-voi-kinkepaki-sisse\/#breadcrumb","itemListElement":[{"@type":"ListItem","position":1,"name":"Esileht","item":"https:\/\/mysnack.ee\/"},{"@type":"ListItem","position":2,"name":"Pood","item":"https:\/\/mysnack.ee\/pood\/"},{"@type":"ListItem","position":3,"name":"Puuviljabatoonid sussi v\u00f5i kinkepaki sisse"}]},{"@type":"WebSite","@id":"https:\/\/mysnack.shop\/#website","url":"https:\/\/mysnack.shop\/","name":"\u30de\u30a4\u30b9\u30ca\u30c3\u30af","description":"MySnack E\u30b7\u30e7\u30c3\u30d7","publisher":{"@id":"https:\/\/mysnack.shop\/#organization"},"potentialAction":[{"@type":"SearchAction","target":{"@type":"EntryPoint","urlTemplate":"https:\/\/mysnack.shop\/?s={search_term_string}"},"query-input":{"@type":"PropertyValueSpecification","valueRequired":true,"valueName":"search_term_string"}}],"inLanguage":"ja"},{"@type":"Organization","@id":"https:\/\/mysnack.shop\/#organization","name":"\u30de\u30a4\u30b9\u30ca\u30c3\u30af","url":"https:\/\/mysnack.shop\/","logo":{"@type":"ImageObject","inLanguage":"ja","@id":"https:\/\/mysnack.shop\/#\/schema\/logo\/image\/","url":"https:\/\/mysnack.shop\/wp-content\/uploads\/2023\/09\/MySnack_logo.png","contentUrl":"https:\/\/mysnack.shop\/wp-content\/uploads\/2023\/09\/MySnack_logo.png","width":400,"height":148,"caption":"MySnack"},"image":{"@id":"https:\/\/mysnack.shop\/#\/schema\/logo\/image\/"},"sameAs":["https:\/\/www.facebook.com\/MySnack.ee\/","https:\/\/www.instagram.com\/mysnack_eesti\/"]}]}},"_links":{"self":[{"href":"https:\/\/mysnack.ee\/ja\/wp-json\/wp\/v2\/product\/25179","targetHints":{"allow":["GET"]}}],"collection":[{"href":"https:\/\/mysnack.ee\/ja\/wp-json\/wp\/v2\/product"}],"about":[{"href":"https:\/\/mysnack.ee\/ja\/wp-json\/wp\/v2\/types\/product"}],"wp:featuredmedia":[{"embeddable":true,"href":"https:\/\/mysnack.ee\/ja\/wp-json\/wp\/v2\/media\/25541"}],"wp:attachment":[{"href":"https:\/\/mysnack.ee\/ja\/wp-json\/wp\/v2\/media?parent=25179"}],"wp:term":[{"taxonomy":"product_brand","embeddable":true,"href":"https:\/\/mysnack.ee\/ja\/wp-json\/wp\/v2\/product_brand?post=25179"},{"taxonomy":"product_cat","embeddable":true,"href":"https:\/\/mysnack.ee\/ja\/wp-json\/wp\/v2\/product_cat?post=25179"},{"taxonomy":"product_tag","embeddable":true,"href":"https:\/\/mysnack.ee\/ja\/wp-json\/wp\/v2\/product_tag?post=25179"}],"curies":[{"name":"wp","href":"https:\/\/api.w.org\/{rel}","templated":true}]}}